{"id":823,"date":"2025-08-25T08:40:08","date_gmt":"2025-08-25T00:40:08","guid":{"rendered":"https:\/\/mostebglass.com\/?post_type=product&#038;p=823"},"modified":"2026-03-06T17:54:45","modified_gmt":"2026-03-06T09:54:45","slug":"flacons-diffuseurs-de-parfum-en-verre-transparent-avec-rainures","status":"publish","type":"product","link":"https:\/\/mostebglass.com\/fr\/bulk-clear-fragrance-glass-diffuser-bottles-with-grooves\/","title":{"rendered":"Flacons diffuseurs en verre transparent rainur\u00e9s, 110 ml et 130 ml, en vrac"},"content":{"rendered":"<p>D\u00e9couvrez nos prochains flacons diffuseurs en verre transparent, bient\u00f4t best-sellers\u00a0: d&#039;\u00e9l\u00e9gants flacons cylindriques en verre transparent, orn\u00e9s d&#039;une d\u00e9licate texture rainur\u00e9e verticale. Leur col \u00e9troit et leur ouverture filet\u00e9e assurent une fixation optimale des bouchons et des embouts pour diffuseurs \u00e0 b\u00e2tonnets. Que vous cherchiez des fournitures pour une nouvelle gamme ou que vous souhaitiez compl\u00e9ter votre collection de diffuseurs, ces flacons sont \u00e0 la fois pratiques et esth\u00e9tiques.<\/p>\n<h2>Caract\u00e9ristiques du produit<\/h2>\n<ul>\n<li><strong>Clart\u00e9 et brillance exceptionnelles :<\/strong> Nos flacons diffuseurs en verre transparent vous offrent une vue imprenable sur votre parfum gr\u00e2ce \u00e0 une transparence cristalline et une finition ultra-brillante.<\/li>\n<li><strong>Prise en main textur\u00e9e et allure \u00e9l\u00e9gante\u00a0:<\/strong> The vertical grooves of the bottle serve a purpose, and that is tactile appeal and helps the consumer hold the scent diffuser with sticks.w<\/li>\n<li><strong>Forme simple :<\/strong> Forme cylindrique avec un col \u00e9troit, lignes \u00e9pur\u00e9es et douces, convenant \u00e0 une vari\u00e9t\u00e9 de styles d&#039;int\u00e9rieur, et s&#039;int\u00e9grant parfaitement \u00e0 tous les int\u00e9rieurs.<\/li>\n<\/ul>\n<h2>Un v\u00e9ritable succ\u00e8s, de v\u00e9ritables r\u00e9sultats<\/h2>\n<p>Une marque a lanc\u00e9 une nouvelle gamme de diffuseurs lavande et vanille en format 130 ml. Elle a opt\u00e9 pour un flacon en verre laqu\u00e9 noir mat, surmont\u00e9 d&#039;un bouchon en aluminium dor\u00e9 bross\u00e9 et d&#039;un support en rotin naturel. Un \u00e9l\u00e9gant logo s\u00e9rigraphi\u00e9 orne le devant du flacon. En trois mois seulement, cette gamme de diffuseurs a \u00e9t\u00e9 en rupture de stock dans deux grandes cha\u00eenes de boutiques. La raison\u00a0? L&#039;aspect haut de gamme et raffin\u00e9 des flacons. Les d\u00e9taillants affirment que les clients les choisissent en premier, s\u00e9duits par la texture et la transparence du verre.<\/p>\n<h2>Comment personnaliser ces flacons diffuseurs en verre<\/h2>\n<p>Nous vous proposons de personnaliser ce diffuseur. Voici comment proc\u00e9der\u00a0:<\/p>\n<ul>\n<li>Harmonie des couleurs\u00a0: Choisissez un diffuseur classique ou optez pour une palette de couleurs audacieuse. Nous proposons des couleurs personnalis\u00e9es (fum\u00e9e, sauge, ambre, d\u00e9grad\u00e9, etc.) et des finitions mates ou satin\u00e9es.<\/li>\n<li>Choix du bouchon\u00a0: parmi les bouchons en r\u00e9sine imitation bois, en aluminium, en bambou ou en rotin v\u00e9ritable. Envie d\u2019une touche de luxe\u00a0? Un bouchon magn\u00e9tique peut \u00eatre ajout\u00e9.<\/li>\n<li>Tailles flexibles\u00a0: Les tailles standard sont de 110\u00a0ml et 130\u00a0ml, mais nous proposons des tailles ajustables pour les commandes en gros.<\/li>\n<li>Apposez votre logo par s\u00e9rigraphie ou gaufrage sur verre diffuseur personnalis\u00e9.<\/li>\n<li>Emballage : Nous proposons des options d&#039;emballage \u00e9cologiques pour l&#039;aromath\u00e9rapie, notamment des cartons recycl\u00e9s et des emballages biod\u00e9gradables, id\u00e9aux pour les marques durables.<\/li>\n<\/ul>\n<p>Ce ne sont pas de simples flacons d&#039;aromath\u00e9rapie\u00a0; ce sont de v\u00e9ritables outils de d\u00e9veloppement de marque. En achetant nos flacons diffuseurs de parfum en gros, vous b\u00e9n\u00e9ficiez de bien plus que de simples flacons en verre\u00a0: vous vous associez \u00e0 un partenaire de design.<\/p>","protected":false},"excerpt":{"rendered":"<p>Flacons diffuseurs en verre et flacons diffuseurs de parfum en gros. Vente directe d&#039;usine, designs personnalisables, approvisionnement en gros avec \u00e9chantillons gratuits pour les marques de parfums.<\/p>","protected":false},"featured_media":4652,"template":"","meta":{"site-sidebar-layout":"default","site-content-layout":"","ast-site-content-layout":"default","site-content-style":"default","site-sidebar-style":"default","ast-global-header-display":"","ast-banner-title-visibility":"","ast-main-header-display":"","ast-hfb-above-header-display":"","ast-hfb-below-header-display":"","ast-hfb-mobile-header-display":"","site-post-title":"","ast-breadcrumbs-content":"","ast-featured-img":"","footer-sml-layout":"","theme-transparent-header-meta":"default","adv-header-id-meta":"","stick-header-meta":"","header-above-stick-meta":"","header-main-stick-meta":"","header-below-stick-meta":"","astra-migrate-meta-layouts":"set","ast-page-background-enabled":"default","ast-page-background-meta":{"desktop":{"background-color":"var(--ast-global-color-5)","background-image":"","background-repeat":"repeat","background-position":"center center","background-size":"auto","background-attachment":"scroll","background-type":"","background-media":"","overlay-type":"","overlay-color":"","overlay-opacity":"","overlay-gradient":""},"tablet":{"background-color":"","background-image":"","background-repeat":"repeat","background-position":"center center","background-size":"auto","background-attachment":"scroll","background-type":"","background-media":"","overlay-type":"","overlay-color":"","overlay-opacity":"","overlay-gradient":""},"mobile":{"background-color":"","background-image":"","background-repeat":"repeat","background-position":"center center","background-size":"auto","background-attachment":"scroll","background-type":"","background-media":"","overlay-type":"","overlay-color":"","overlay-opacity":"","overlay-gradient":""}},"ast-content-background-meta":{"desktop":{"background-color":"var(--ast-global-color-4)","background-image":"","background-repeat":"repeat","background-position":"center center","background-size":"auto","background-attachment":"scroll","background-type":"","background-media":"","overlay-type":"","overlay-color":"","overlay-opacity":"","overlay-gradient":""},"tablet":{"background-color":"var(--ast-global-color-4)","background-image":"","background-repeat":"repeat","background-position":"center center","background-size":"auto","background-attachment":"scroll","background-type":"","background-media":"","overlay-type":"","overlay-color":"","overlay-opacity":"","overlay-gradient":""},"mobile":{"background-color":"var(--ast-global-color-4)","background-image":"","background-repeat":"repeat","background-position":"center center","background-size":"auto","background-attachment":"scroll","background-type":"","background-media":"","overlay-type":"","overlay-color":"","overlay-opacity":"","overlay-gradient":""}}},"product_brand":[],"product_cat":[54],"product_tag":[],"class_list":{"0":"post-823","1":"product","2":"type-product","3":"status-publish","4":"has-post-thumbnail","6":"product_cat-reed-diffuser-bottles","7":"desktop-align-left","8":"tablet-align-left","9":"mobile-align-left","11":"first","12":"instock","13":"shipping-taxable","14":"product-type-simple"},"jetpack_sharing_enabled":true,"_links":{"self":[{"href":"https:\/\/mostebglass.com\/fr\/wp-json\/wp\/v2\/product\/823","targetHints":{"allow":["GET"]}}],"collection":[{"href":"https:\/\/mostebglass.com\/fr\/wp-json\/wp\/v2\/product"}],"about":[{"href":"https:\/\/mostebglass.com\/fr\/wp-json\/wp\/v2\/types\/product"}],"wp:featuredmedia":[{"embeddable":true,"href":"https:\/\/mostebglass.com\/fr\/wp-json\/wp\/v2\/media\/4652"}],"wp:attachment":[{"href":"https:\/\/mostebglass.com\/fr\/wp-json\/wp\/v2\/media?parent=823"}],"wp:term":[{"taxonomy":"product_brand","embeddable":true,"href":"https:\/\/mostebglass.com\/fr\/wp-json\/wp\/v2\/product_brand?post=823"},{"taxonomy":"product_cat","embeddable":true,"href":"https:\/\/mostebglass.com\/fr\/wp-json\/wp\/v2\/product_cat?post=823"},{"taxonomy":"product_tag","embeddable":true,"href":"https:\/\/mostebglass.com\/fr\/wp-json\/wp\/v2\/product_tag?post=823"}],"curies":[{"name":"wp","href":"https:\/\/api.w.org\/{rel}","templated":true}]}}