{"id":870,"date":"2025-08-25T16:09:31","date_gmt":"2025-08-25T08:09:31","guid":{"rendered":"https:\/\/mostebglass.com\/?post_type=product&#038;p=870"},"modified":"2026-03-16T13:32:51","modified_gmt":"2026-03-16T05:32:51","slug":"square-aromatherapy-glass-bottles-with-flat-shape-bulk","status":"publish","type":"product","link":"https:\/\/mostebglass.com\/fr\/square-aromatherapy-glass-bottles-with-flat-shape-bulk\/","title":{"rendered":"Flacons carr\u00e9s en verre de 100 ml pour aromath\u00e9rapie, de forme plate, en gros"},"content":{"rendered":"<p><span aria-haspopup=\"dialog\" aria-expanded=\"false\" aria-controls=\"radix-_r_1m_\" data-state=\"closed\" data-slot=\"popover-trigger\">Le flacon diffuseur \u00e0 roseaux carr\u00e9 poss\u00e8de un design plat minimaliste, \u00e9pur\u00e9 et angulaire, ce qui lui conf\u00e8re une allure moderne dans n&#039;importe quelle pi\u00e8ce.<\/span> <span aria-haspopup=\"dialog\" aria-expanded=\"false\" aria-controls=\"radix-_r_1n_\" data-state=\"closed\" data-slot=\"popover-trigger\">On peut apercevoir le liquide parfum\u00e9 \u00e0 travers le verre transparent, et les b\u00e2tonnets de roseau noirs cr\u00e9ent un joli contraste.<\/span> <span aria-haspopup=\"dialog\" aria-expanded=\"false\" aria-controls=\"radix-_r_1o_\" data-state=\"closed\" data-slot=\"popover-trigger\">Utilisez ce flacon diffuseur \u00e9l\u00e9gant pour d\u00e9corer votre maison et, bien s\u00fbr, parfumer agr\u00e9ablement la pi\u00e8ce\u00a0; c\u2019est une solution id\u00e9ale pour l\u2019aromath\u00e9rapie ou la diffusion de parfums d\u2019int\u00e9rieur.<\/span><\/p>\n<h2>Caract\u00e9ristiques du produit<\/h2>\n<ul>\n<li><strong>Design carr\u00e9 moderne :<\/strong> Sa forme plate conf\u00e8re une touche de modernit\u00e9 et d&#039;\u00e9l\u00e9gance \u00e0 votre marque.<\/li>\n<li><strong>Verre durable :<\/strong> Le verre \u00e9pais et tr\u00e8s transparent est r\u00e9sistant aux chocs et offre une stabilit\u00e9 accrue sur l&#039;\u00e9tag\u00e8re.<\/li>\n<li><strong>Fond plat et stable :<\/strong> La bouteille ne se renverse pas et reste bien \u00e0 plat, ce qui permet une utilisation polyvalente.<\/li>\n<\/ul>\n<h2>Une v\u00e9ritable r\u00e9ussite<\/h2>\n<p>L&#039;un de nos clients grossistes australiens lan\u00e7ait une nouvelle gamme de parfums d&#039;int\u00e9rieur naturels. Il lui fallait des flacons diffuseurs \u00e0 b\u00e2tonnets \u00e0 la fois \u00e9l\u00e9gants et r\u00e9sistants. Nous lui avons fourni ces flacons carr\u00e9s de 100 ml, d&#039;une douce teinte ambr\u00e9e, con\u00e7us sur mesure pour s&#039;harmoniser avec son image de marque naturelle. Chaque flacon \u00e9tait accompagn\u00e9 d&#039;un bouchon en bois noir et de b\u00e2tonnets de rotin naturel. R\u00e9sultat\u00a0? Les d\u00e9taillants ont ador\u00e9 l&#039;esth\u00e9tique, les clients ont vant\u00e9 l&#039;\u00e9tanch\u00e9it\u00e9 et les commandes de r\u00e9approvisionnement sont arriv\u00e9es plus vite que pr\u00e9vu.<\/p>\n<h2>Vous souhaitez personnaliser le v\u00f4tre ?<\/h2>\n<ul>\n<li><span aria-haspopup=\"dialog\" aria-expanded=\"false\" aria-controls=\"radix-_r_1p_\" data-state=\"closed\" data-slot=\"popover-trigger\"><strong>Possibilit\u00e9 de personnalisation des couvercles\u00a0:<\/strong> Il devrait \u00e9galement proposer un choix de finitions pour le capuchon, notamment or mat, argent bross\u00e9 ou noir, afin d&#039;offrir une meilleure \u00e9l\u00e9gance et une harmonie g\u00e9n\u00e9rale avec l&#039;apparence du diffuseur.<\/span><\/li>\n<li><span aria-haspopup=\"dialog\" aria-expanded=\"false\" aria-controls=\"radix-_r_1q_\" data-state=\"closed\" data-slot=\"popover-trigger\"><strong>\u00c9tiquetage personnalis\u00e9\u00a0:<\/strong> Multipliez les opportunit\u00e9s de personnalisation\u00a0: offrez la possibilit\u00e9 d\u2019ajouter des \u00e9tiquettes personnalis\u00e9es ou de les faire graver sur la bouteille avec un logo, un message ou tout autre motif particulier, pour une touche personnelle.<\/span><\/li>\n<li><span aria-haspopup=\"dialog\" aria-expanded=\"false\" aria-controls=\"radix-_r_1r_\" data-state=\"closed\" data-slot=\"popover-trigger\"><strong>Variantes de baguettes de roseau :<\/strong> Pour donner aux clients la possibilit\u00e9 de d\u00e9terminer l&#039;intensit\u00e9 de la diffusion du parfum, proposez des mat\u00e9riaux alternatifs pour les tiges, par exemple du bois naturel, du rotin ou des tiges noires, et proposez \u00e9galement diff\u00e9rentes longueurs.<\/span><\/li>\n<\/ul>","protected":false},"excerpt":{"rendered":"<p>Flacons diffuseurs carr\u00e9s et flacons en verre pour aromath\u00e9rapie en gros. Qualit\u00e9 sup\u00e9rieure, personnalisables, livraison en grande quantit\u00e9 avec \u00e9chantillons gratuits pour les marques de parfums.<\/p>","protected":false},"featured_media":4781,"template":"","meta":{"site-sidebar-layout":"default","site-content-layout":"","ast-site-content-layout":"default","site-content-style":"default","site-sidebar-style":"default","ast-global-header-display":"","ast-banner-title-visibility":"","ast-main-header-display":"","ast-hfb-above-header-display":"","ast-hfb-below-header-display":"","ast-hfb-mobile-header-display":"","site-post-title":"","ast-breadcrumbs-content":"","ast-featured-img":"","footer-sml-layout":"","theme-transparent-header-meta":"default","adv-header-id-meta":"","stick-header-meta":"","header-above-stick-meta":"","header-main-stick-meta":"","header-below-stick-meta":"","astra-migrate-meta-layouts":"set","ast-page-background-enabled":"default","ast-page-background-meta":{"desktop":{"background-color":"var(--ast-global-color-5)","background-image":"","background-repeat":"repeat","background-position":"center center","background-size":"auto","background-attachment":"scroll","background-type":"","background-media":"","overlay-type":"","overlay-color":"","overlay-opacity":"","overlay-gradient":""},"tablet":{"background-color":"","background-image":"","background-repeat":"repeat","background-position":"center center","background-size":"auto","background-attachment":"scroll","background-type":"","background-media":"","overlay-type":"","overlay-color":"","overlay-opacity":"","overlay-gradient":""},"mobile":{"background-color":"","background-image":"","background-repeat":"repeat","background-position":"center center","background-size":"auto","background-attachment":"scroll","background-type":"","background-media":"","overlay-type":"","overlay-color":"","overlay-opacity":"","overlay-gradient":""}},"ast-content-background-meta":{"desktop":{"background-color":"var(--ast-global-color-4)","background-image":"","background-repeat":"repeat","background-position":"center center","background-size":"auto","background-attachment":"scroll","background-type":"","background-media":"","overlay-type":"","overlay-color":"","overlay-opacity":"","overlay-gradient":""},"tablet":{"background-color":"var(--ast-global-color-4)","background-image":"","background-repeat":"repeat","background-position":"center center","background-size":"auto","background-attachment":"scroll","background-type":"","background-media":"","overlay-type":"","overlay-color":"","overlay-opacity":"","overlay-gradient":""},"mobile":{"background-color":"var(--ast-global-color-4)","background-image":"","background-repeat":"repeat","background-position":"center center","background-size":"auto","background-attachment":"scroll","background-type":"","background-media":"","overlay-type":"","overlay-color":"","overlay-opacity":"","overlay-gradient":""}}},"product_brand":[],"product_cat":[54],"product_tag":[],"class_list":{"0":"post-870","1":"product","2":"type-product","3":"status-publish","4":"has-post-thumbnail","6":"product_cat-reed-diffuser-bottles","7":"desktop-align-left","8":"tablet-align-left","9":"mobile-align-left","11":"first","12":"instock","13":"shipping-taxable","14":"product-type-simple"},"jetpack_sharing_enabled":true,"_links":{"self":[{"href":"https:\/\/mostebglass.com\/fr\/wp-json\/wp\/v2\/product\/870","targetHints":{"allow":["GET"]}}],"collection":[{"href":"https:\/\/mostebglass.com\/fr\/wp-json\/wp\/v2\/product"}],"about":[{"href":"https:\/\/mostebglass.com\/fr\/wp-json\/wp\/v2\/types\/product"}],"wp:featuredmedia":[{"embeddable":true,"href":"https:\/\/mostebglass.com\/fr\/wp-json\/wp\/v2\/media\/4781"}],"wp:attachment":[{"href":"https:\/\/mostebglass.com\/fr\/wp-json\/wp\/v2\/media?parent=870"}],"wp:term":[{"taxonomy":"product_brand","embeddable":true,"href":"https:\/\/mostebglass.com\/fr\/wp-json\/wp\/v2\/product_brand?post=870"},{"taxonomy":"product_cat","embeddable":true,"href":"https:\/\/mostebglass.com\/fr\/wp-json\/wp\/v2\/product_cat?post=870"},{"taxonomy":"product_tag","embeddable":true,"href":"https:\/\/mostebglass.com\/fr\/wp-json\/wp\/v2\/product_tag?post=870"}],"curies":[{"name":"wp","href":"https:\/\/api.w.org\/{rel}","templated":true}]}}