{"id":988,"date":"2025-08-27T11:53:06","date_gmt":"2025-08-27T03:53:06","guid":{"rendered":"https:\/\/mostebglass.com\/?post_type=product&#038;p=988"},"modified":"2026-02-28T18:49:16","modified_gmt":"2026-02-28T10:49:16","slug":"multi-size-clear-glass-candle-jars-containers-wholesale","status":"publish","type":"product","link":"https:\/\/mostebglass.com\/fr\/multi-size-clear-glass-candle-jars-containers-wholesale\/","title":{"rendered":"Pots et contenants \u00e0 bougies en verre transparent de diff\u00e9rentes tailles (320-950 ml) - Vente en gros"},"content":{"rendered":"<p>Cette collection se compose de pots \u00e0 bougies en verre transparent polyvalents, caract\u00e9ris\u00e9s par un bord arrondi et \u00e9pur\u00e9, une base \u00e9paisse et une forme cylindrique au style raffin\u00e9 et contemporain. Fabriqu\u00e9s en verre sodocalcique transparent, ces pots offrent une clart\u00e9 et une \u00e9paisseur de paroi uniformes, garantissant \u00e0 la fois un aspect esth\u00e9tique et une grande durabilit\u00e9.<\/p>\n<p>Cette collection propose six contenances diff\u00e9rentes (320 ml, 410 ml, 430 ml, 550 ml, 690 ml et 950 ml), offrant ainsi aux marques la possibilit\u00e9 de cr\u00e9er des gammes de produits coordonn\u00e9es pour diverses applications. Les mod\u00e8les s\u00e9lectionn\u00e9s peuvent \u00eatre utilis\u00e9s avec des couvercles en bambou naturel ou en m\u00e9tal, cr\u00e9ant un contraste de mat\u00e9riaux chaleureux et optimisant l&#039;\u00e9tanch\u00e9it\u00e9.<\/p>\n<h2>Sp\u00e9cifications cl\u00e9s<\/h2>\n<p>&nbsp;<\/p>\n<table style=\"border-collapse: collapse; width: 100%; margin-left: auto; margin-right: auto;\" border=\"0\" width=\"100%\" cellspacing=\"0\" cellpadding=\"0\">\n<tbody>\n<tr style=\"height: 13.50pt;\">\n<td style=\"height: 13.50pt; width: 54.00pt;\" width=\"72\" height=\"18\">Capacit\u00e9<\/td>\n<td style=\"width: 54.00pt;\" width=\"72\">320 ml<\/td>\n<td style=\"width: 54.00pt;\" width=\"72\">410ml<\/td>\n<td style=\"width: 54.00pt;\" width=\"72\">430 ml<\/td>\n<td style=\"width: 54.00pt;\" width=\"72\">550 ml<\/td>\n<td style=\"width: 54.00pt;\" width=\"72\">690 ml<\/td>\n<td style=\"width: 54.00pt;\" width=\"72\">950 ml<\/td>\n<\/tr>\n<tr style=\"height: 13.50pt;\">\n<td style=\"height: 13.50pt;\" height=\"18\">Dimensions<\/td>\n<td>80 x 75 x 100 mm<\/td>\n<td>88 x 83 x 100 mm<\/td>\n<td>90 x 85 x 102 mm<\/td>\n<td>100 x 94 x 101 mm<\/td>\n<td>100 x 92 x 125 mm<\/td>\n<td>120*113*120 mm<\/td>\n<\/tr>\n<tr style=\"height: 13.50pt;\">\n<td style=\"height: 13.50pt;\" height=\"18\">Material<\/td>\n<td class=\"et2\" style=\"text-align: center;\" colspan=\"6\">Verre sodocalcique sans plomb, hautement transparent<\/td>\n<\/tr>\n<tr style=\"height: 13.50pt;\">\n<td style=\"height: 13.50pt;\" height=\"18\">Options de couleur<\/td>\n<td class=\"et2\" style=\"text-align: center;\" colspan=\"6\">Transparent, votre couleur personnalis\u00e9e<\/td>\n<\/tr>\n<tr style=\"height: 13.50pt;\">\n<td style=\"height: 13.50pt;\" height=\"18\">Shape<\/td>\n<td class=\"et2\" style=\"text-align: center;\" colspan=\"6\">Corps cylindrique \u00e0 c\u00f4t\u00e9s droits avec une base stable, \u00e9pais et lourd.<\/td>\n<\/tr>\n<tr style=\"height: 13.50pt;\">\n<td style=\"height: 13.50pt;\" height=\"18\">Compatibilit\u00e9 du couvercle<\/td>\n<td class=\"et2\" style=\"text-align: center;\" colspan=\"6\">Couvercles en bambou et couvercles en m\u00e9tal avec coussinets en silicone<\/td>\n<\/tr>\n<tr style=\"height: 13.50pt;\">\n<td style=\"height: 13.50pt;\" height=\"18\">Options de personnalisation<\/td>\n<td class=\"et2\" style=\"text-align: center;\" colspan=\"6\">Couleur, taille, capacit\u00e9, finition de surface, logo, bo\u00eete d&#039;emballage<\/td>\n<\/tr>\n<\/tbody>\n<\/table>\n<h2>Applications<\/h2>\n<p>Ces pots \u00e0 bougies en verre transparent ont diverses applications sur diff\u00e9rents march\u00e9s\u00a0:<\/p>\n<ul>\n<li><strong>Pots \u00e0 bougies<\/strong>Ces bougies conviennent aux bougies parfum\u00e9es, aux bougies de soja et aux bougies en pot. Le fond dense optimise la combustion et assure une s\u00e9curit\u00e9 accrue.<\/li>\n<li><strong>verres \u00e0 boire<\/strong>: Le choix de la capacit\u00e9 (par exemple, verres de 320 ml \u00e0 430 ml) peut \u00eatre utilis\u00e9 comme verres \u00e0 whisky ou comme verres \u00e0 eau gr\u00e2ce \u00e0 sa proportionnalit\u00e9 et \u00e0 son support solide.<\/li>\n<li><strong>bocaux de conservation<\/strong>Ces bocaux sont parfaits pour conserver les grains de caf\u00e9, les \u00e9pices, le sucre, le th\u00e9, les sels de bain ou les petits articles m\u00e9nagers, et il est pr\u00e9f\u00e9rable de les utiliser avec un couvercle.<\/li>\n<li><strong>Vases<\/strong>: Des vases plus grands (690 ml - 950 ml) sont possibles, comme les vases en verre minimalistes avec des compositions de fleurs fra\u00eeches ou s\u00e9ch\u00e9es.<\/li>\n<li><strong>Accueil\/cadeaux<\/strong>Cela convient aux h\u00f4tels, restaurants, coffrets cadeaux et emballages marketing.<\/li>\n<\/ul>\n<h2>Recommandations en mati\u00e8re de personnalisation B2B.<\/h2>\n<p>Cette gamme pr\u00e9sente un fort potentiel de personnalisation pour r\u00e9pondre aux besoins des propri\u00e9taires de marques, des grossistes et des acheteurs de marques propres\u00a0:<\/p>\n<ul>\n<li><strong>D\u00e9coration sur les logos<\/strong>Impression s\u00e9rigraphique, transfert thermique, logo d\u00e9poli, gravure laser.<\/li>\n<li><strong>Finition de surface :<\/strong> Verre d\u00e9poli, rev\u00eatement par pulv\u00e9risation, galvanoplastie, couleur d\u00e9grad\u00e9e.<\/li>\n<li><strong>Couvercles vari\u00e9s\u00a0:<\/strong> Couvercles en bois, en bambou, en m\u00e9tal ou peints sur mesure.<\/li>\n<li><strong>Ajustement de la taille\u00a0:<\/strong> Moulage sur mesure de capacit\u00e9 ou de diam\u00e8tre exclusif.<\/li>\n<li><strong>Options d&#039;emballage\u00a0:<\/strong> Inserts de marque, grands cartons d&#039;exportation, coffrets cadeaux personnalis\u00e9s.<\/li>\n<li><strong>Pr\u00eats \u00e0 fournir des bougies :<\/strong> Du remplissage pr\u00e9-cir\u00e9 aux fabrications de bougies cl\u00e9s en main.<\/li>\n<\/ul>\n<p>L&#039;aspect uniforme des emballages multi-capacit\u00e9s permet aux marques de cr\u00e9er des gammes de produits compl\u00e8tes et d&#039;optimiser l&#039;efficacit\u00e9 de la production et du conditionnement.<\/p>","protected":false},"excerpt":{"rendered":"<p>Contenants en verre de diff\u00e9rentes contenances (320 ml \u00e0 950 ml) pour pots \u00e0 bougies, verres \u00e0 boissons et vases. Personnalisables pour les marques priv\u00e9es et la vente en gros.<\/p>","protected":false},"featured_media":4529,"template":"","meta":{"site-sidebar-layout":"default","site-content-layout":"","ast-site-content-layout":"default","site-content-style":"default","site-sidebar-style":"default","ast-global-header-display":"","ast-banner-title-visibility":"","ast-main-header-display":"","ast-hfb-above-header-display":"","ast-hfb-below-header-display":"","ast-hfb-mobile-header-display":"","site-post-title":"","ast-breadcrumbs-content":"","ast-featured-img":"","footer-sml-layout":"","theme-transparent-header-meta":"default","adv-header-id-meta":"","stick-header-meta":"","header-above-stick-meta":"","header-main-stick-meta":"","header-below-stick-meta":"","astra-migrate-meta-layouts":"set","ast-page-background-enabled":"default","ast-page-background-meta":{"desktop":{"background-color":"var(--ast-global-color-5)","background-image":"","background-repeat":"repeat","background-position":"center center","background-size":"auto","background-attachment":"scroll","background-type":"","background-media":"","overlay-type":"","overlay-color":"","overlay-opacity":"","overlay-gradient":""},"tablet":{"background-color":"","background-image":"","background-repeat":"repeat","background-position":"center center","background-size":"auto","background-attachment":"scroll","background-type":"","background-media":"","overlay-type":"","overlay-color":"","overlay-opacity":"","overlay-gradient":""},"mobile":{"background-color":"","background-image":"","background-repeat":"repeat","background-position":"center center","background-size":"auto","background-attachment":"scroll","background-type":"","background-media":"","overlay-type":"","overlay-color":"","overlay-opacity":"","overlay-gradient":""}},"ast-content-background-meta":{"desktop":{"background-color":"var(--ast-global-color-4)","background-image":"","background-repeat":"repeat","background-position":"center center","background-size":"auto","background-attachment":"scroll","background-type":"","background-media":"","overlay-type":"","overlay-color":"","overlay-opacity":"","overlay-gradient":""},"tablet":{"background-color":"var(--ast-global-color-4)","background-image":"","background-repeat":"repeat","background-position":"center center","background-size":"auto","background-attachment":"scroll","background-type":"","background-media":"","overlay-type":"","overlay-color":"","overlay-opacity":"","overlay-gradient":""},"mobile":{"background-color":"var(--ast-global-color-4)","background-image":"","background-repeat":"repeat","background-position":"center center","background-size":"auto","background-attachment":"scroll","background-type":"","background-media":"","overlay-type":"","overlay-color":"","overlay-opacity":"","overlay-gradient":""}}},"product_brand":[],"product_cat":[28,21],"product_tag":[],"class_list":{"0":"post-988","1":"product","2":"type-product","3":"status-publish","4":"has-post-thumbnail","6":"product_cat-glass-candle-jars","7":"product_cat-product","8":"desktop-align-left","9":"tablet-align-left","10":"mobile-align-left","12":"first","13":"instock","14":"shipping-taxable","15":"product-type-simple"},"jetpack_sharing_enabled":true,"_links":{"self":[{"href":"https:\/\/mostebglass.com\/fr\/wp-json\/wp\/v2\/product\/988","targetHints":{"allow":["GET"]}}],"collection":[{"href":"https:\/\/mostebglass.com\/fr\/wp-json\/wp\/v2\/product"}],"about":[{"href":"https:\/\/mostebglass.com\/fr\/wp-json\/wp\/v2\/types\/product"}],"wp:featuredmedia":[{"embeddable":true,"href":"https:\/\/mostebglass.com\/fr\/wp-json\/wp\/v2\/media\/4529"}],"wp:attachment":[{"href":"https:\/\/mostebglass.com\/fr\/wp-json\/wp\/v2\/media?parent=988"}],"wp:term":[{"taxonomy":"product_brand","embeddable":true,"href":"https:\/\/mostebglass.com\/fr\/wp-json\/wp\/v2\/product_brand?post=988"},{"taxonomy":"product_cat","embeddable":true,"href":"https:\/\/mostebglass.com\/fr\/wp-json\/wp\/v2\/product_cat?post=988"},{"taxonomy":"product_tag","embeddable":true,"href":"https:\/\/mostebglass.com\/fr\/wp-json\/wp\/v2\/product_tag?post=988"}],"curies":[{"name":"wp","href":"https:\/\/api.w.org\/{rel}","templated":true}]}}