{"id":1004,"date":"2025-08-27T13:47:46","date_gmt":"2025-08-27T05:47:46","guid":{"rendered":"https:\/\/mostebglass.com\/?post_type=product&#038;p=1004"},"modified":"2026-03-16T11:22:15","modified_gmt":"2026-03-16T03:22:15","slug":"omlesztett-nyolcszog-alaku-ujratoltheto-diffuzor-palackok","status":"publish","type":"product","link":"https:\/\/mostebglass.com\/hu\/bulk-refillable-diffuser-bottles-with-octagon-shape\/","title":{"rendered":"100 ml-es, 200 ml-es, nyolcsz\u00f6glet\u0171, \u00fajrat\u00f6lthet\u0151 diff\u00fazor palackok"},"content":{"rendered":"<p>Szeretn\u00e9d, ha az aromater\u00e1pi\u00e1s palackod modern m\u0171alkot\u00e1sk\u00e9nt n\u00e9zne ki? Ez az \u00fajrat\u00f6lthet\u0151 diff\u00fazor palack geometrikus diz\u00e1jnnal rendelkezik. Nyolc s\u00edk fel\u00fclet tal\u00e1lkozik \u00e9les sz\u00e9leken. A palack massz\u00edv form\u00e1ja, egyenes vonalai \u00e9s letisztult megjelen\u00e9se letisztult, egyszer\u0171 megjelen\u00e9st k\u00f6lcs\u00f6n\u00f6z.<\/p>\n<h2>Term\u00e9kjellemz\u0151k<\/h2>\n<ul>\n<li><strong>Nyolcsz\u00f6g\u0171:<\/strong> A nyolcsz\u00f6glet\u0171 forma minden sz\u00f6gb\u0151l befogja a f\u00e9nyt, \u00edgy az aromater\u00e1pi\u00e1s palack t\u00f6k\u00e9letesen beleolvad a h\u00e1tt\u00e9rbe.<\/li>\n<li><strong>Lapos fal:<\/strong> Nem kell agg\u00f3dnia az \u00fcveg \u00edveinek igaz\u00edt\u00e1sa miatt. A c\u00edmke sim\u00e1n tapad \u00e9s nem cs\u00faszik le az ujjbegyeir\u0151l. Praktikus \u00e9s sz\u00e9p.<\/li>\n<li><strong>Sima vonalak:<\/strong> A palack letisztult vonalai er\u0151s h\u00e1romdimenzi\u00f3s hat\u00e1st keltenek, \u00e9s kifinomults\u00e1got k\u00f6lcs\u00f6n\u00f6znek a ki\u00e1ll\u00edt\u00e1snak.<\/li>\n<\/ul>\n<h2>Hogyan alak\u00edtj\u00e1k a m\u00e1rk\u00e1k a geometriai alakzatokat h\u0171s\u00e9gg\u00e9?<\/h2>\n<p>Az egyik m\u00e1rka azt szerette volna, ha a v\u00e1s\u00e1rl\u00f3k \u00fajrahasznos\u00edtj\u00e1k az aromater\u00e1pi\u00e1s flakonjaikat, ahelyett, hogy kidobn\u00e1k \u0151ket. Ezt az \u00fajrat\u00f6lthet\u0151 diff\u00fazor flakont v\u00e1lasztott\u00e1k, amelynek m\u00e9ly smaragdz\u00f6ld \u00e1rnyalat\u00fa \u00fcvege \u00e9s matt fekete f\u00e9m csavaros dug\u00f3ja van. A nyolcoldal\u00fa kialak\u00edt\u00e1s egyszer\u0171v\u00e9 \u00e9s ki\u00f6ml\u00e9smentess\u00e9 teszi az ut\u00e1nt\u00f6lt\u00e9st. Ezut\u00e1n elind\u00edtottak egy ut\u00e1nt\u00f6lt\u0151 programot. A v\u00e1s\u00e1rl\u00f3k kedvezm\u00e9nyes \u00e1ron visszak\u00fcldt\u00e9k az \u00fcres flakonjaikat, \u00e9s a legt\u00f6bben \u00edgy is tettek. Azt mondj\u00e1k, hogy a flakon \u201et\u00fal j\u00f3 \u00e9rz\u00e9s ahhoz, hogy kidobjuk\u201d.<\/p>\n<h2>Hogyan szabhatod testre ezt az \u00fajrat\u00f6lthet\u0151 diff\u00fazor palackot?<\/h2>\n<p>Kezd ezzel az \u00fajrat\u00f6lthet\u0151 aromater\u00e1pi\u00e1s palackkal. Majd tedd egyediv\u00e9 egy \u00fcvegpalackban.<\/p>\n<ul>\n<li>Sz\u00ednezd ki az \u00fcveget \u2013 pr\u00f3b\u00e1ld ki a feket\u00e9t, a borosty\u00e1nt vagy a halv\u00e1ny k\u00e9ket. A sz\u00edn m\u00e9lys\u00e9get \u00e9s m\u00e1rkajelz\u00e9st ad.<\/li>\n<li>\u00c9l\u00e9less\u00e9g be\u00e1ll\u00edt\u00e1sa \u2013 Az \u00e9les \u00e9lek modern megjelen\u00e9st k\u00f6lcs\u00f6n\u00f6znek. Az enyh\u00e9n lekerek\u00edtett \u00e9lek biztons\u00e1gosabbak.<\/li>\n<li>Egyik oldal sim\u00edt\u00e1sa \u2013 \u201eC\u00edmkepanel\u201d l\u00e9trehoz\u00e1sa l\u00e9zergrav\u00edroz\u00e1shoz vagy k\u00f6zvetlen nyomtat\u00e1shoz.<\/li>\n<li>K\u00fapos \u2013 Alul sz\u00e9les, fel\u00fcl keskeny. Vizu\u00e1lis \u00e9rdekess\u00e9get k\u00f6lcs\u00f6n\u00f6z a stabilit\u00e1s fel\u00e1ldoz\u00e1sa n\u00e9lk\u00fcl.<\/li>\n<\/ul>\n<p>Ezek a nagy kiszerel\u00e9s\u0171 diff\u00fazor palackok t\u00f6bbet jelentenek, mint puszt\u00e1n illatanyagok; hossz\u00fa t\u00e1v\u00fa partnerek a m\u00e1rk\u00e1ddal.<\/p>","protected":false},"excerpt":{"rendered":"<p>Fedezze fel a nagy kiszerel\u00e9s\u0171 illatos\u00edt\u00f3 flakonokat \u00e9s az \u00fajrat\u00f6lthet\u0151 illatos\u00edt\u00f3 flakonokat. Minimalista nyolcsz\u00f6glet\u0171 diz\u00e1jn, gyors sz\u00e1ll\u00edt\u00e1s, t\u00f6k\u00e9letes B2B illatm\u00e1rk\u00e1k \u00e9s nagy t\u00e9telben t\u00f6rt\u00e9n\u0151 megrendel\u00e9sek sz\u00e1m\u00e1ra.<\/p>","protected":false},"featured_media":4777,"template":"","meta":{"site-sidebar-layout":"default","site-content-layout":"","ast-site-content-layout":"default","site-content-style":"default","site-sidebar-style":"default","ast-global-header-display":"","ast-banner-title-visibility":"","ast-main-header-display":"","ast-hfb-above-header-display":"","ast-hfb-below-header-display":"","ast-hfb-mobile-header-display":"","site-post-title":"","ast-breadcrumbs-content":"","ast-featured-img":"","footer-sml-layout":"","theme-transparent-header-meta":"default","adv-header-id-meta":"","stick-header-meta":"","header-above-stick-meta":"","header-main-stick-meta":"","header-below-stick-meta":"","astra-migrate-meta-layouts":"set","ast-page-background-enabled":"default","ast-page-background-meta":{"desktop":{"background-color":"var(--ast-global-color-5)","background-image":"","background-repeat":"repeat","background-position":"center center","background-size":"auto","background-attachment":"scroll","background-type":"","background-media":"","overlay-type":"","overlay-color":"","overlay-opacity":"","overlay-gradient":""},"tablet":{"background-color":"","background-image":"","background-repeat":"repeat","background-position":"center center","background-size":"auto","background-attachment":"scroll","background-type":"","background-media":"","overlay-type":"","overlay-color":"","overlay-opacity":"","overlay-gradient":""},"mobile":{"background-color":"","background-image":"","background-repeat":"repeat","background-position":"center center","background-size":"auto","background-attachment":"scroll","background-type":"","background-media":"","overlay-type":"","overlay-color":"","overlay-opacity":"","overlay-gradient":""}},"ast-content-background-meta":{"desktop":{"background-color":"var(--ast-global-color-4)","background-image":"","background-repeat":"repeat","background-position":"center center","background-size":"auto","background-attachment":"scroll","background-type":"","background-media":"","overlay-type":"","overlay-color":"","overlay-opacity":"","overlay-gradient":""},"tablet":{"background-color":"var(--ast-global-color-4)","background-image":"","background-repeat":"repeat","background-position":"center center","background-size":"auto","background-attachment":"scroll","background-type":"","background-media":"","overlay-type":"","overlay-color":"","overlay-opacity":"","overlay-gradient":""},"mobile":{"background-color":"var(--ast-global-color-4)","background-image":"","background-repeat":"repeat","background-position":"center center","background-size":"auto","background-attachment":"scroll","background-type":"","background-media":"","overlay-type":"","overlay-color":"","overlay-opacity":"","overlay-gradient":""}}},"product_brand":[],"product_cat":[54],"product_tag":[],"class_list":{"0":"post-1004","1":"product","2":"type-product","3":"status-publish","4":"has-post-thumbnail","6":"product_cat-reed-diffuser-bottles","7":"desktop-align-left","8":"tablet-align-left","9":"mobile-align-left","11":"first","12":"instock","13":"shipping-taxable","14":"product-type-simple"},"jetpack_sharing_enabled":true,"_links":{"self":[{"href":"https:\/\/mostebglass.com\/hu\/wp-json\/wp\/v2\/product\/1004","targetHints":{"allow":["GET"]}}],"collection":[{"href":"https:\/\/mostebglass.com\/hu\/wp-json\/wp\/v2\/product"}],"about":[{"href":"https:\/\/mostebglass.com\/hu\/wp-json\/wp\/v2\/types\/product"}],"wp:featuredmedia":[{"embeddable":true,"href":"https:\/\/mostebglass.com\/hu\/wp-json\/wp\/v2\/media\/4777"}],"wp:attachment":[{"href":"https:\/\/mostebglass.com\/hu\/wp-json\/wp\/v2\/media?parent=1004"}],"wp:term":[{"taxonomy":"product_brand","embeddable":true,"href":"https:\/\/mostebglass.com\/hu\/wp-json\/wp\/v2\/product_brand?post=1004"},{"taxonomy":"product_cat","embeddable":true,"href":"https:\/\/mostebglass.com\/hu\/wp-json\/wp\/v2\/product_cat?post=1004"},{"taxonomy":"product_tag","embeddable":true,"href":"https:\/\/mostebglass.com\/hu\/wp-json\/wp\/v2\/product_tag?post=1004"}],"curies":[{"name":"wp","href":"https:\/\/api.w.org\/{rel}","templated":true}]}}