{"id":1032,"date":"2025-08-28T11:26:08","date_gmt":"2025-08-28T03:26:08","guid":{"rendered":"https:\/\/mostebglass.com\/?post_type=product&#038;p=1032"},"modified":"2026-03-20T17:00:21","modified_gmt":"2026-03-20T09:00:21","slug":"round-candle-holder-85ml-jars-and-lids-for-candles","status":"publish","type":"product","link":"https:\/\/mostebglass.com\/hu\/round-candle-holder-85ml-jars-and-lids-for-candles\/","title":{"rendered":"Kerek gyertyatart\u00f3 \u2013 85 ml-es t\u00e9gelyek \u00e9s fed\u0151k gyerty\u00e1khoz"},"content":{"rendered":"<p>85 ml-es gyertyatart\u00f3ink \u00e9s fedeleink minimalista, sz\u00e9les sz\u00e1j\u00fa \u00fcvegek, amelyeket sokoldal\u00fa gyertyat\u00e1rol\u00f3k\u00e9nt tervezt\u00fcnk. Neh\u00e9z sz\u00f3da\u00fcvegb\u0151l k\u00e9sz\u00fcltek, \u00e1tl\u00e1tsz\u00f3 \u00e9s tiszta fel\u00fclettel, amely illik a luxus \u00e9s a modern m\u00e1rkaarculathoz. Ez a kis gyertyatart\u00f3 teljes \u0171rtartalma 85 ml, \u00e9s illatos gyerty\u00e1kkal, aj\u00e1nd\u00e9kk\u00e9szletekkel \u00e9s kiskereskedelmi forgalomba k\u00e9sz \u00fcvegcsomagol\u00e1sokkal is haszn\u00e1lhat\u00f3. F\u00e9m vagy bambusz fedelekkel (szilikon t\u00f6m\u00edt\u00e9ssel) kompatibilis, teljes megold\u00e1st k\u00edn\u00e1l gyertyatart\u00f3k \u00e9s fedelek beszerz\u00e9s\u00e9re, sz\u00e9les k\u00f6rben haszn\u00e1lj\u00e1k a nagykereskedelmi gyertyatart\u00f3kat \u00e9s fedeles gyertyatart\u00f3kat beszerz\u0151 m\u00e1rk\u00e1k \u00e9s forgalmaz\u00f3k.<\/p>\n<h2>F\u0151bb specifik\u00e1ci\u00f3k<\/h2>\n<table style=\"border-collapse: collapse; width: 80%; margin-left: auto; margin-right: auto;\" border=\"0\" width=\"593\" cellspacing=\"0\" cellpadding=\"0\">\n<tbody>\n<tr style=\"height: 13.50pt;\">\n<td style=\"height: 13.50pt; width: 119.25pt;\" width=\"159\" height=\"18\">Alak<\/td>\n<td style=\"width: 325.50pt;\" width=\"434\">Kerek, sz\u00e9les sz\u00e1j<\/td>\n<\/tr>\n<tr style=\"height: 13.50pt;\">\n<td style=\"height: 13.50pt;\" height=\"18\">Kapacit\u00e1s<\/td>\n<td>85 ml<\/td>\n<\/tr>\n<tr style=\"height: 13.50pt;\">\n<td style=\"height: 13.50pt;\" height=\"18\">M\u00e9retek<\/td>\n<td>Fels\u0151 \u00d8 65 mm \/ Als\u00f3 \u00d8 58 mm \/ Magass\u00e1g 60 mm<\/td>\n<\/tr>\n<tr style=\"height: 13.50pt;\">\n<td style=\"height: 13.50pt;\" height=\"18\">S\u00faly<\/td>\n<td>200 gramm<\/td>\n<\/tr>\n<tr style=\"height: 13.50pt;\">\n<td style=\"height: 13.50pt;\" height=\"18\">Anyag<\/td>\n<td>Vastag sz\u00f3da\u00fcveg (\u00fajrahasznos\u00edtott anyagokkal kompatibilis)<\/td>\n<\/tr>\n<tr style=\"height: 13.50pt;\">\n<td style=\"height: 13.50pt;\" height=\"18\">Fed\u00e9l opci\u00f3k<\/td>\n<td>F\u00e9m \/ bambusz fed\u00e9l szilikon gy\u0171r\u0171vel (egyedi)<\/td>\n<\/tr>\n<tr style=\"height: 13.50pt;\">\n<td style=\"height: 13.50pt;\" height=\"18\">Sz\u00edn<\/td>\n<td>\u00c1tl\u00e1tsz\u00f3 (egyedi sz\u00ednek el\u00e9rhet\u0151k)<\/td>\n<\/tr>\n<tr style=\"height: 13.50pt;\">\n<td style=\"height: 13.50pt;\" height=\"18\">Gy\u00e1rt\u00e1si folyamat<\/td>\n<td>G\u00e9pi pr\u00e9sel\u00e9s<\/td>\n<\/tr>\n<tr style=\"height: 13.50pt;\">\n<td style=\"height: 13.50pt;\" height=\"18\">Csomagol\u00e1s<\/td>\n<td>90 db\/karton<\/td>\n<\/tr>\n<tr style=\"height: 13.50pt;\">\n<td style=\"height: 13.50pt;\" height=\"18\">St\u00edlus<\/td>\n<td>Minimalista, modern gyertyatart\u00f3<\/td>\n<\/tr>\n<tr style=\"height: 13.50pt;\">\n<td style=\"height: 13.50pt;\" height=\"18\">Egy\u00e9ni be\u00e1ll\u00edt\u00e1sok<\/td>\n<td>Log\u00f3, fel\u00fcletkezel\u00e9s, sz\u00edn, m\u00e9ret, forma, kapacit\u00e1s<\/td>\n<\/tr>\n<\/tbody>\n<\/table>\n<h2>F\u0151bb jellemz\u0151k<\/h2>\n<ol>\n<li><strong>Sz\u00e9les sz\u00e1j a jobb illatos\u00edt\u00e1s\u00e9rt<\/strong>A sz\u00e9les ny\u00edl\u00e1s jobban sz\u00e9tsz\u00f3rja az illatot, \u00e9s t\u00f6k\u00e9letes gyertyatart\u00f3v\u00e1 teszi a legjobb aromater\u00e1pi\u00e1s term\u00e9kek sz\u00e1m\u00e1ra.<\/li>\n<li><strong>Massz\u00edv, h\u0151kezelt \u00fcveg<\/strong>Az \u00fcveg szerkezete vastag\u00edtott, ami nagy h\u0151sokk-\u00e1ll\u00f3s\u00e1got \u00e9s minden t\u00edpus\u00fa viasz biztons\u00e1g\u00e1t garant\u00e1lja.<\/li>\n<li><strong>\u00dajrafelhaszn\u00e1lhat\u00f3 \u00e9s k\u00f6rnyezetbar\u00e1t kialak\u00edt\u00e1s<\/strong>Ez egy \u00fajrahasznos\u00edt\u00e1sra k\u00e9sz tart\u00e1ly, amely robusztus \u00e9s \u00fajrafelhaszn\u00e1lhat\u00f3, \u00f6sszhangban a fenntarthat\u00f3 \u00fcvegcsomagol\u00e1s trendjeivel.<\/li>\n<\/ol>\n<h2>Sikeres esettanulm\u00e1ny<\/h2>\n<p>Egy franciaorsz\u00e1gi butik gyertyam\u00e1rka tulajdonosai k\u00f6z\u00fcl az egyik 20 000 darabot v\u00e1s\u00e1rolt ebb\u0151l az \u00fcveggyerty\u00e1b\u00f3l szezon\u00e1lis aj\u00e1nd\u00e9kt\u00e1rgy-kollekci\u00f3j\u00e1nak r\u00e9szek\u00e9nt. Mivel luxuscikkeket forgalmaz\u00f3 kiskeresked\u0151r\u0151l van sz\u00f3, saj\u00e1t csomagol\u00e1sra volt sz\u00fcks\u00e9g\u00fck, p\u00e9ld\u00e1ul matt bevonatra, aranyozott log\u00f3ra \u00e9s bambusztet\u0151re. Ez a minimalista st\u00edlus\u00fa, \u00e1tl\u00e1tsz\u00f3 ed\u00e9ny lehet\u0151v\u00e9 tette a v\u00e1s\u00e1rl\u00f3k sz\u00e1m\u00e1ra, hogy vizu\u00e1lisan is l\u00e1thass\u00e1k a viasz sz\u00edn\u00e9t, ami fokozta a polcok vonzerej\u00e9t. A term\u00e9kcsal\u00e1d h\u00e1rom h\u00f3napon bel\u00fcl el\u00e9rhetetlenn\u00e9 v\u00e1lt, mivel az online \u00e9s kiskereskedelmi \u00fczletekben t\u00f6rt\u00e9nt elad\u00e1sok 35%-kal n\u00f6velt\u00e9k a gyertyacsal\u00e1d bev\u00e9tel\u00e9t. Az \u00fcgyf\u00e9l m\u00e1r t\u00f6bbsz\u00f6r is leadott nagykereskedelmi rendel\u00e9seket, \u00e9s \u00e1tt\u00e9rt a hossz\u00fa t\u00e1v\u00fa egy\u00fcttm\u0171k\u00f6d\u00e9sre, nagykereskedelmi \u00e9s nagykereskedelmi \u00e9rt\u00e9kes\u00edt\u00e9sre.<\/p>\n<h2>Szem\u00e9lyre szab\u00e1si aj\u00e1nl\u00e1sok B2B v\u00e1s\u00e1rl\u00f3knak<\/h2>\n<ol>\n<li><strong>M\u00e1rkak\u00f6zpont\u00fa testreszab\u00e1s<\/strong>A standard gyertya\u00fcvegek szitanyom\u00e1sa, dombornyom\u00e1sa vagy c\u00edmk\u00e9z\u00e9se az egyedi luxus gyertya\u00fcvegek l\u00e9trehoz\u00e1s\u00e1hoz.<\/li>\n<li><strong>Fed\u00e9l \u00e9s csomagol\u00e1s<\/strong>Bambusz vagy f\u00e9m fed\u00e9l p\u00e1ros\u00edt\u00e1sa: P\u00e1ros\u00edtson egyedi k\u00fcls\u0151 dobozokat bambusz vagy f\u00e9m fed\u00e9llel, hogy teljes gyertyatart\u00f3kat k\u00e9sz\u00edtsen fed\u00e9llel elad\u00e1sra vagy aj\u00e1nd\u00e9kba.<\/li>\n<li><strong>Sz\u00edn\/Kiviteli lehet\u0151s\u00e9gek<\/strong>Szabja testre a matt, sz\u00ednes vagy permetezett fel\u00fcletet, hogy az illeszkedjen az \u00e9vszakhoz vagy a gyertyatart\u00f3 m\u00e1rkajelz\u00e9s\u00e9hez.<\/li>\n<\/ol>\n<p>A term\u00e9k a legjobb v\u00e1laszt\u00e1s a piacon azon m\u00e1rk\u00e1k, forgalmaz\u00f3k \u00e9s gy\u00e1rt\u00f3partnerek sz\u00e1m\u00e1ra, akik tart\u00f3s \u00e9s sz\u00e9p megjelen\u00e9s\u0171 term\u00e9keket szeretn\u00e9nek rugalmas, egyedi csomagol\u00e1si lehet\u0151s\u00e9gekkel.<\/p>","protected":false},"excerpt":{"rendered":"<p>Pr\u00e9mium min\u0151s\u00e9g\u0171 kerek gyertyatart\u00f3 t\u00e9gelyekkel \u00e9s fed\u00e9llel gyerty\u00e1khoz. Tart\u00f3s, minimalista \u00fcvegcsomagol\u00e1s, ide\u00e1lis nagykereskedelmi \u00e9s t\u00f6meges gyertyatart\u00f3khoz.<\/p>","protected":false},"featured_media":4859,"template":"","meta":{"site-sidebar-layout":"default","site-content-layout":"","ast-site-content-layout":"default","site-content-style":"default","site-sidebar-style":"default","ast-global-header-display":"","ast-banner-title-visibility":"","ast-main-header-display":"","ast-hfb-above-header-display":"","ast-hfb-below-header-display":"","ast-hfb-mobile-header-display":"","site-post-title":"","ast-breadcrumbs-content":"","ast-featured-img":"","footer-sml-layout":"","theme-transparent-header-meta":"default","adv-header-id-meta":"","stick-header-meta":"","header-above-stick-meta":"","header-main-stick-meta":"","header-below-stick-meta":"","astra-migrate-meta-layouts":"set","ast-page-background-enabled":"default","ast-page-background-meta":{"desktop":{"background-color":"var(--ast-global-color-5)","background-image":"","background-repeat":"repeat","background-position":"center center","background-size":"auto","background-attachment":"scroll","background-type":"","background-media":"","overlay-type":"","overlay-color":"","overlay-opacity":"","overlay-gradient":""},"tablet":{"background-color":"","background-image":"","background-repeat":"repeat","background-position":"center center","background-size":"auto","background-attachment":"scroll","background-type":"","background-media":"","overlay-type":"","overlay-color":"","overlay-opacity":"","overlay-gradient":""},"mobile":{"background-color":"","background-image":"","background-repeat":"repeat","background-position":"center center","background-size":"auto","background-attachment":"scroll","background-type":"","background-media":"","overlay-type":"","overlay-color":"","overlay-opacity":"","overlay-gradient":""}},"ast-content-background-meta":{"desktop":{"background-color":"var(--ast-global-color-4)","background-image":"","background-repeat":"repeat","background-position":"center center","background-size":"auto","background-attachment":"scroll","background-type":"","background-media":"","overlay-type":"","overlay-color":"","overlay-opacity":"","overlay-gradient":""},"tablet":{"background-color":"var(--ast-global-color-4)","background-image":"","background-repeat":"repeat","background-position":"center center","background-size":"auto","background-attachment":"scroll","background-type":"","background-media":"","overlay-type":"","overlay-color":"","overlay-opacity":"","overlay-gradient":""},"mobile":{"background-color":"var(--ast-global-color-4)","background-image":"","background-repeat":"repeat","background-position":"center center","background-size":"auto","background-attachment":"scroll","background-type":"","background-media":"","overlay-type":"","overlay-color":"","overlay-opacity":"","overlay-gradient":""}}},"product_brand":[],"product_cat":[28,21],"product_tag":[],"class_list":{"0":"post-1032","1":"product","2":"type-product","3":"status-publish","4":"has-post-thumbnail","6":"product_cat-glass-candle-jars","7":"product_cat-product","8":"desktop-align-left","9":"tablet-align-left","10":"mobile-align-left","12":"first","13":"instock","14":"shipping-taxable","15":"product-type-simple"},"jetpack_sharing_enabled":true,"_links":{"self":[{"href":"https:\/\/mostebglass.com\/hu\/wp-json\/wp\/v2\/product\/1032","targetHints":{"allow":["GET"]}}],"collection":[{"href":"https:\/\/mostebglass.com\/hu\/wp-json\/wp\/v2\/product"}],"about":[{"href":"https:\/\/mostebglass.com\/hu\/wp-json\/wp\/v2\/types\/product"}],"wp:featuredmedia":[{"embeddable":true,"href":"https:\/\/mostebglass.com\/hu\/wp-json\/wp\/v2\/media\/4859"}],"wp:attachment":[{"href":"https:\/\/mostebglass.com\/hu\/wp-json\/wp\/v2\/media?parent=1032"}],"wp:term":[{"taxonomy":"product_brand","embeddable":true,"href":"https:\/\/mostebglass.com\/hu\/wp-json\/wp\/v2\/product_brand?post=1032"},{"taxonomy":"product_cat","embeddable":true,"href":"https:\/\/mostebglass.com\/hu\/wp-json\/wp\/v2\/product_cat?post=1032"},{"taxonomy":"product_tag","embeddable":true,"href":"https:\/\/mostebglass.com\/hu\/wp-json\/wp\/v2\/product_tag?post=1032"}],"curies":[{"name":"wp","href":"https:\/\/api.w.org\/{rel}","templated":true}]}}