{"id":1058,"date":"2025-08-28T14:48:18","date_gmt":"2025-08-28T06:48:18","guid":{"rendered":"https:\/\/mostebglass.com\/?post_type=product&#038;p=1058"},"modified":"2026-05-08T15:51:38","modified_gmt":"2026-05-08T07:51:38","slug":"reed-diffuser-glass-jar-in-octagonal-wholesale","status":"publish","type":"product","link":"https:\/\/mostebglass.com\/hu\/reed-diffuser-glass-jar-in-octagonal-wholesale\/","title":{"rendered":"200ml 500ml 1000ml n\u00e1d diff\u00fazor \u00fcveged\u00e9nybe nyolcsz\u00f6glet\u0171 nagykereskedelemben"},"content":{"rendered":"<p>Modern \u00e9s professzion\u00e1lis illatos\u00edt\u00f3 n\u00e1dbet\u00e9tes \u00fcveget keresel? Ez az illatos\u00edt\u00f3 klasszikus hatsz\u00f6glet\u0171 form\u00e1val rendelkezik, tiszta, letisztult vonalakkal \u00e9s \u00e9les, m\u00e9gis lekerek\u00edtett \u00e9lekkel. A f\u00e9ny \u00e9s \u00e1rny\u00e9k j\u00e1t\u00e9ka egyedi geometrikus eszt\u00e9tik\u00e1t teremt, eleg\u00e1ns megjelen\u00e9st k\u00f6lcs\u00f6n\u00f6zve b\u00e1rmilyen t\u00e9rnek.<\/p>\n<h2>Term\u00e9kjellemz\u0151k<\/h2>\n<ul>\n<li><strong>\u00c9les hatsz\u00f6glet\u0171 kialak\u00edt\u00e1s:<\/strong> Hat letisztult oldala modern megjelen\u00e9st k\u00f6lcs\u00f6n\u00f6z, amely kiemelkedik a hagyom\u00e1nyos p\u00e1lc\u00e1s p\u00e1rologtat\u00f3 t\u00e9gelyek k\u00f6z\u00fcl.<\/li>\n<li><strong>Tart\u00f3s \u00fcvegszerkezet:<\/strong> A vastag, \u00e1tl\u00e1tsz\u00f3 \u00fcveg t\u00f6r\u00e9s\u00e1ll\u00f3 \u00e9s t\u00f6k\u00e9letesen bemutatja az ill\u00f3olajok sz\u00edn\u00e9t, \u00edgy ide\u00e1lis a cs\u00facskateg\u00f3ri\u00e1s diff\u00fazorokhoz.<\/li>\n<li><strong>Hatsz\u00f6glet\u0171 nyak a biztons\u00e1gos t\u00f6m\u00edt\u00e9s \u00e9rdek\u00e9ben:<\/strong> T\u00f6k\u00e9letesen illeszkedik a palack alj\u00e1nak form\u00e1j\u00e1hoz, \u00e9s biztons\u00e1gosan r\u00f6gz\u00edti a dug\u00f3t \u2013 nincs sziv\u00e1rg\u00e1s, \u00edgy a n\u00e1dp\u00e1rologtat\u00f3 felszerel\u00e9se egyszer\u0171.<\/li>\n<\/ul>\n<h2>Sikert\u00f6rt\u00e9net: A v\u00e1zlatt\u00f3l a polcig mind\u00f6ssze 10 h\u00e9t alatt<\/h2>\n<p>Egy otthoni illatos\u00edt\u00f3 startup egy \u00e9p\u00edt\u00e9szeti hangulat\u00fa flakont szeretett volna \u2013 olyat, amely m\u00e1r azel\u0151tt \u201emegtervezettnek\u201d \u00e9rz\u0151dik, hogy az illat el\u00e9rte volna \u0151ket. Megaj\u00e1nd\u00e9koztuk \u0151ket ezzel a hatsz\u00f6glet\u0171 \u00fcveged\u00e9nnyel. Im\u00e1dt\u00e1k az egyenes oldalakat, amelyek megk\u00f6nny\u00edtett\u00e9k a c\u00edmk\u00e9z\u00e9st, \u00e9s a forma kiemelkedett a sok hengeres \u00fcveg k\u00f6z\u00fcl. Kiss\u00e9 m\u00f3dos\u00edtottuk a magass\u00e1got, hogy elf\u00e9rjen a hagyom\u00e1nyos aromater\u00e1pi\u00e1s n\u00e1dp\u00e1lc\u00e1k, \u00e9s az \u00fcveg vastags\u00e1g\u00e1t is m\u00f3dos\u00edtottuk, hogy robusztusabb \u00e9rzetet adjunk neki. 10 h\u00e9ten bel\u00fcl 8000 n\u00e1dp\u00e1lc\u00e1s diff\u00fazort dobtak piacra h\u00e1rom jellegzetes illatban. A v\u00e1s\u00e1rl\u00f3k eml\u00e9keztek a form\u00e1ra \u00e9s a m\u00e1rk\u00e1ra. Most a p\u00e1lc\u00e1s diff\u00fazort tekintik teljes term\u00e9kcsal\u00e1djuk z\u00e1szl\u00f3shaj\u00f3j\u00e1nak.<\/p>\n<h2>Egyedi \u00fcveg n\u00e1d diff\u00fazor \u00fcvegek \u00f6tletek<\/h2>\n<ul>\n<li>M\u00f3dos\u00edtsa a hatsz\u00f6glet\u0171 sz\u00f6get \u2013 kiss\u00e9 keskeny\u00edtse az oldalakat egy l\u00e1gyabb, term\u00e9szetesebb hatsz\u00f6glet\u0171 alak \u00e9rdek\u00e9ben.<\/li>\n<li>V\u00e1ltson f\u00fcst\u00f6lt vagy sz\u00ednezett \u00fcvegre \u2013 pr\u00f3b\u00e1ljon ki l\u00e1gy feket\u00e9t, zs\u00e1lyaz\u00f6ldet vagy pirul\u00f3s r\u00f3zsasz\u00ednt egy dr\u00e1maibb hat\u00e1s\u00e9rt.<\/li>\n<li>Dereszd meg a perem\u00e9t, a tetej\u00e9t hagyva \u00e1tl\u00e1tsz\u00f3v\u00e1 \u2013 kontrasztot teremtesz, elrejted az olajszintet, \u00e9s felfeded a dug\u00f3t.<\/li>\n<\/ul>\n<p>Ezek nem csup\u00e1n egyszer\u0171 be\u00e1ll\u00edt\u00e1sok. Ezek olyan m\u00f3dszerek, amelyekkel egy szabv\u00e1nyos diff\u00fazoros \u00fcveged\u00e9nyt m\u00e1rkajelz\u00e9ss\u00e9 alak\u00edthatsz. Amikor nagykereskedelmi diff\u00fazoros palackokat v\u00e1s\u00e1rolsz, nem csak egy rendel\u00e9st teljes\u00edtesz, hanem m\u00e1rkaismerts\u00e9get \u00e9p\u00edtesz.<\/p>","protected":false},"excerpt":{"rendered":"<p>N\u00e1dp\u00e1rologtat\u00f3 \u00fcvegek \u00e9s diff\u00fazor \u00fcvegek nagykereskedelmi sz\u00e1ll\u00edt\u00e1sa, OEM szolg\u00e1ltat\u00e1ssal, ingyenes mint\u00e1kkal, gyors sz\u00e1ll\u00edt\u00e1ssal, versenyk\u00e9pes nagykereskedelmi \u00e1rakkal.<\/p>","protected":false},"featured_media":5368,"template":"","meta":{"site-sidebar-layout":"default","site-content-layout":"","ast-site-content-layout":"default","site-content-style":"default","site-sidebar-style":"default","ast-global-header-display":"","ast-banner-title-visibility":"","ast-main-header-display":"","ast-hfb-above-header-display":"","ast-hfb-below-header-display":"","ast-hfb-mobile-header-display":"","site-post-title":"","ast-breadcrumbs-content":"","ast-featured-img":"","footer-sml-layout":"","theme-transparent-header-meta":"default","adv-header-id-meta":"","stick-header-meta":"","header-above-stick-meta":"","header-main-stick-meta":"","header-below-stick-meta":"","astra-migrate-meta-layouts":"set","ast-page-background-enabled":"default","ast-page-background-meta":{"desktop":{"background-color":"var(--ast-global-color-5)","background-image":"","background-repeat":"repeat","background-position":"center center","background-size":"auto","background-attachment":"scroll","background-type":"","background-media":"","overlay-type":"","overlay-color":"","overlay-opacity":"","overlay-gradient":""},"tablet":{"background-color":"","background-image":"","background-repeat":"repeat","background-position":"center center","background-size":"auto","background-attachment":"scroll","background-type":"","background-media":"","overlay-type":"","overlay-color":"","overlay-opacity":"","overlay-gradient":""},"mobile":{"background-color":"","background-image":"","background-repeat":"repeat","background-position":"center center","background-size":"auto","background-attachment":"scroll","background-type":"","background-media":"","overlay-type":"","overlay-color":"","overlay-opacity":"","overlay-gradient":""}},"ast-content-background-meta":{"desktop":{"background-color":"var(--ast-global-color-4)","background-image":"","background-repeat":"repeat","background-position":"center center","background-size":"auto","background-attachment":"scroll","background-type":"","background-media":"","overlay-type":"","overlay-color":"","overlay-opacity":"","overlay-gradient":""},"tablet":{"background-color":"var(--ast-global-color-4)","background-image":"","background-repeat":"repeat","background-position":"center center","background-size":"auto","background-attachment":"scroll","background-type":"","background-media":"","overlay-type":"","overlay-color":"","overlay-opacity":"","overlay-gradient":""},"mobile":{"background-color":"var(--ast-global-color-4)","background-image":"","background-repeat":"repeat","background-position":"center center","background-size":"auto","background-attachment":"scroll","background-type":"","background-media":"","overlay-type":"","overlay-color":"","overlay-opacity":"","overlay-gradient":""}}},"product_brand":[],"product_cat":[54,21],"product_tag":[],"class_list":{"0":"post-1058","1":"product","2":"type-product","3":"status-publish","4":"has-post-thumbnail","6":"product_cat-reed-diffuser-bottles","7":"product_cat-product","8":"desktop-align-left","9":"tablet-align-left","10":"mobile-align-left","12":"first","13":"instock","14":"shipping-taxable","15":"product-type-simple"},"jetpack_sharing_enabled":true,"_links":{"self":[{"href":"https:\/\/mostebglass.com\/hu\/wp-json\/wp\/v2\/product\/1058","targetHints":{"allow":["GET"]}}],"collection":[{"href":"https:\/\/mostebglass.com\/hu\/wp-json\/wp\/v2\/product"}],"about":[{"href":"https:\/\/mostebglass.com\/hu\/wp-json\/wp\/v2\/types\/product"}],"wp:featuredmedia":[{"embeddable":true,"href":"https:\/\/mostebglass.com\/hu\/wp-json\/wp\/v2\/media\/5368"}],"wp:attachment":[{"href":"https:\/\/mostebglass.com\/hu\/wp-json\/wp\/v2\/media?parent=1058"}],"wp:term":[{"taxonomy":"product_brand","embeddable":true,"href":"https:\/\/mostebglass.com\/hu\/wp-json\/wp\/v2\/product_brand?post=1058"},{"taxonomy":"product_cat","embeddable":true,"href":"https:\/\/mostebglass.com\/hu\/wp-json\/wp\/v2\/product_cat?post=1058"},{"taxonomy":"product_tag","embeddable":true,"href":"https:\/\/mostebglass.com\/hu\/wp-json\/wp\/v2\/product_tag?post=1058"}],"curies":[{"name":"wp","href":"https:\/\/api.w.org\/{rel}","templated":true}]}}