{"id":1068,"date":"2025-08-28T15:52:49","date_gmt":"2025-08-28T07:52:49","guid":{"rendered":"https:\/\/mostebglass.com\/?post_type=product&#038;p=1068"},"modified":"2026-03-17T14:16:54","modified_gmt":"2026-03-17T06:16:54","slug":"custom-empty-car-diffuser-containers-with-hanging-rope-bulk","status":"publish","type":"product","link":"https:\/\/mostebglass.com\/hu\/custom-empty-car-diffuser-containers-with-hanging-rope-bulk\/","title":{"rendered":"10 ml-es egyedi \u00fcres aut\u00f3s diff\u00fazor tart\u00e1lyok f\u00fcgg\u0151 k\u00f6t\u00e9llel, \u00f6mlesztett form\u00e1ban"},"content":{"rendered":"<p>Kompakt, \u00fcvegb\u0151l k\u00e9sz\u00fclt aut\u00f3ba val\u00f3 illatos\u00edt\u00f3 tart\u00e1lyt keresel? Ez a k\u00f6t\u00e9llel ell\u00e1tott, akaszthat\u00f3 aut\u00f3ba val\u00f3 illatos\u00edt\u00f3 tov\u00e1bbra is egyedi. A l\u00e1tsz\u00f3lag hengeres \u00fcvegpalack mind\u00f6ssze 10 ml ill\u00f3olajat k\u00e9pes t\u00e1rolni, \u00e9s strat\u00e9giai helyen felakaszthat\u00f3. A sima, szimmetrikus \u00fcveg r\u00f6vid, praktikus tokk\u00e9nt funkcion\u00e1l, bemutatva az ill\u00f3olajok \u00e9l\u00e9nk sz\u00edneit.<\/p>\n<h2>Term\u00e9kjellemz\u0151k<\/h2>\n<ul>\n<li><strong>Kompakt \u00e9s hordozhat\u00f3:<\/strong> A Mini k\u00f6nnyen hordozhat\u00f3 \u00fcvegcs\u00e9je megv\u00e9di az azonnali illatot, ami ide\u00e1lis az \u00fatk\u00f6zbeni aromater\u00e1pi\u00e1hoz.<\/li>\n<li><strong>Pr\u00e9mium \u00fcveg \u00e9s fa konstrukci\u00f3:<\/strong> Az \u00e1tl\u00e1tsz\u00f3 \u00fcveg gazdag, \u00e9des olajarom\u00e1t \u00e1raszt, m\u00edg a fa p\u00f6tty meleg, term\u00e9szetes hat\u00e1st k\u00f6lcs\u00f6n\u00f6z.<\/li>\n<li><strong>Easy-Lataka Design:<\/strong> K\u00f6t\u00f6tt zsin\u00f3rral r\u00f6gz\u00edtheted az aut\u00f3dat vagy m\u00e1s helyeket, helyet takar\u00edthatsz meg, \u00e9s kiel\u00e9g\u00edtheted a mobil aromater\u00e1pi\u00e1d ig\u00e9nyeit.<\/li>\n<\/ul>\n<h2>Sikert\u00f6rt\u00e9net: Az \u00f6tlett\u0151l a nemzeti bevezet\u00e9sig mind\u00f6ssze 6 h\u00e9t alatt<\/h2>\n<p>Egy spanyol aut\u00f3ipari kieg\u00e9sz\u00edt\u0151ket gy\u00e1rt\u00f3 m\u00e1rka v\u00e1lasztotta az egyik, aut\u00f3ba val\u00f3 illatos\u00edt\u00f3t tartalmaz\u00f3, akaszthat\u00f3 \u00fcveg\u00fcnket. A kis m\u00e9retet, a 10 ml-es kiszerel\u00e9st v\u00e1lasztott\u00e1k, amelyet kifejezetten aut\u00f3ipari k\u00f6rnyezetben val\u00f3 haszn\u00e1latra terveztek, \u00e9s jelezt\u00e9k, hogy nagy tisztas\u00e1g\u00fa, vastag alj\u00fa \u00fcvegre van sz\u00fcks\u00e9g\u00fck a term\u00e9k tart\u00f3ss\u00e1g\u00e1nak \u00e9s vizu\u00e1lis vonzerej\u00e9nek n\u00f6vel\u00e9se \u00e9rdek\u00e9ben. A fakupakot b\u00fckkf\u00e1b\u00f3l k\u00e9sz\u00edtett\u00e9k, amelynek fels\u0151 fel\u00fclet\u00e9re l\u00e9zergrav\u00edrozt\u00e1k a m\u00e1rka log\u00f3j\u00e1t. Az akaszthat\u00f3 zsin\u00f3r eset\u00e9ben k\u00e9tsz\u00edn\u0171 fonott diz\u00e1jn mellett d\u00f6nt\u00f6ttek, saj\u00e1t f\u00e9mes f\u00e9ny\u0171 sz\u00e1lakkal, nat\u00far b\u00e9zs sz\u00ednnel keverve, valamint egy cs\u00fasz\u00f3csom\u00f3-rendszerrel, amely lehet\u0151v\u00e9 teszi a felhaszn\u00e1l\u00f3 sz\u00e1m\u00e1ra, hogy a zsin\u00f3r hossz\u00e1t rugalmasan a k\u00edv\u00e1nt ig\u00e9nyekhez igaz\u00edtsa.<\/p>\n<p>A term\u00e9k hivatalos bevezet\u00e9se ut\u00e1n a m\u00e1rka leny\u0171g\u00f6z\u0151, 41 sz\u00e1zal\u00e9kos elad\u00e1si n\u00f6veked\u00e9st \u00e9rt el az els\u0151 negyed\u00e9vben. Az \u00fcgyf\u00e9l egy \u00e9ven bel\u00fcl hat egym\u00e1st k\u00f6vet\u0151 megrendel\u00e9st adott le.<\/p>\n<h2>Hogyan szabhatom testre az aut\u00f3ba val\u00f3 diff\u00fazor tart\u00e1lyait?<\/h2>\n<ul>\n<li>L\u00e9zergrav\u00edroz\u00e1ssal vigye fel log\u00f3j\u00e1t az \u00fcvegre a kifinomult, eleg\u00e1ns megjelen\u00e9s \u00e9rdek\u00e9ben.<\/li>\n<li>V\u00e1lassz egy l\u00e1gy borosty\u00e1nsz\u00edn\u0171 vagy k\u00e9k \u00fcvegpoharat az illatgy\u0171jtem\u00e9nyed kieg\u00e9sz\u00edt\u00e9s\u00e9hez (pl. k\u00e9k egy nyugtat\u00f3 kever\u00e9khez).<\/li>\n<li>Szabd testre a fa palackkupakot a m\u00e1rkajelz\u00e9seddel vagy egyedi faerezetes fel\u00fclettel.<\/li>\n<li>Matt, modern eszt\u00e9tik\u00e1\u00e9rt haszn\u00e1ljon matt \u00fcveget, amely t\u00f6k\u00e9letes a minimalista m\u00e1rk\u00e1khoz.<\/li>\n<\/ul>\n<p>Ezek nem csak opci\u00f3k. Ezek egy m\u00f3djai annak, hogy az aut\u00f3ba akaszthat\u00f3 illatos\u00edt\u00f3 palackokb\u00f3l m\u00e1rk\u00e1s eml\u00e9kt\u00e1rgyakat var\u00e1zsoljunk. Amikor nagykereskedelmi, \u00fcres illatos\u00edt\u00f3 palackokat v\u00e1s\u00e1rolsz, nem csak illatot \u00e1rulsz \u2013 st\u00edlust is.<\/p>","protected":false},"excerpt":{"rendered":"<p>Nagykereskedelmi aut\u00f3s diff\u00fazor tart\u00e1lyok \u00e9s aut\u00f3s diff\u00fazor palackok \u00fcresen. Pr\u00e9mium hengeres \u00fcveg, st\u00edlusos diz\u00e1jn, versenyk\u00e9pes \u00e1r, gyors sz\u00e1ll\u00edt\u00e1s.<\/p>","protected":false},"featured_media":4791,"template":"","meta":{"site-sidebar-layout":"default","site-content-layout":"","ast-site-content-layout":"default","site-content-style":"default","site-sidebar-style":"default","ast-global-header-display":"","ast-banner-title-visibility":"","ast-main-header-display":"","ast-hfb-above-header-display":"","ast-hfb-below-header-display":"","ast-hfb-mobile-header-display":"","site-post-title":"","ast-breadcrumbs-content":"","ast-featured-img":"","footer-sml-layout":"","theme-transparent-header-meta":"default","adv-header-id-meta":"","stick-header-meta":"","header-above-stick-meta":"","header-main-stick-meta":"","header-below-stick-meta":"","astra-migrate-meta-layouts":"set","ast-page-background-enabled":"default","ast-page-background-meta":{"desktop":{"background-color":"var(--ast-global-color-5)","background-image":"","background-repeat":"repeat","background-position":"center center","background-size":"auto","background-attachment":"scroll","background-type":"","background-media":"","overlay-type":"","overlay-color":"","overlay-opacity":"","overlay-gradient":""},"tablet":{"background-color":"","background-image":"","background-repeat":"repeat","background-position":"center center","background-size":"auto","background-attachment":"scroll","background-type":"","background-media":"","overlay-type":"","overlay-color":"","overlay-opacity":"","overlay-gradient":""},"mobile":{"background-color":"","background-image":"","background-repeat":"repeat","background-position":"center center","background-size":"auto","background-attachment":"scroll","background-type":"","background-media":"","overlay-type":"","overlay-color":"","overlay-opacity":"","overlay-gradient":""}},"ast-content-background-meta":{"desktop":{"background-color":"var(--ast-global-color-4)","background-image":"","background-repeat":"repeat","background-position":"center center","background-size":"auto","background-attachment":"scroll","background-type":"","background-media":"","overlay-type":"","overlay-color":"","overlay-opacity":"","overlay-gradient":""},"tablet":{"background-color":"var(--ast-global-color-4)","background-image":"","background-repeat":"repeat","background-position":"center center","background-size":"auto","background-attachment":"scroll","background-type":"","background-media":"","overlay-type":"","overlay-color":"","overlay-opacity":"","overlay-gradient":""},"mobile":{"background-color":"var(--ast-global-color-4)","background-image":"","background-repeat":"repeat","background-position":"center center","background-size":"auto","background-attachment":"scroll","background-type":"","background-media":"","overlay-type":"","overlay-color":"","overlay-opacity":"","overlay-gradient":""}}},"product_brand":[],"product_cat":[54],"product_tag":[],"class_list":{"0":"post-1068","1":"product","2":"type-product","3":"status-publish","4":"has-post-thumbnail","6":"product_cat-reed-diffuser-bottles","7":"desktop-align-left","8":"tablet-align-left","9":"mobile-align-left","11":"first","12":"instock","13":"shipping-taxable","14":"product-type-simple"},"jetpack_sharing_enabled":true,"_links":{"self":[{"href":"https:\/\/mostebglass.com\/hu\/wp-json\/wp\/v2\/product\/1068","targetHints":{"allow":["GET"]}}],"collection":[{"href":"https:\/\/mostebglass.com\/hu\/wp-json\/wp\/v2\/product"}],"about":[{"href":"https:\/\/mostebglass.com\/hu\/wp-json\/wp\/v2\/types\/product"}],"wp:featuredmedia":[{"embeddable":true,"href":"https:\/\/mostebglass.com\/hu\/wp-json\/wp\/v2\/media\/4791"}],"wp:attachment":[{"href":"https:\/\/mostebglass.com\/hu\/wp-json\/wp\/v2\/media?parent=1068"}],"wp:term":[{"taxonomy":"product_brand","embeddable":true,"href":"https:\/\/mostebglass.com\/hu\/wp-json\/wp\/v2\/product_brand?post=1068"},{"taxonomy":"product_cat","embeddable":true,"href":"https:\/\/mostebglass.com\/hu\/wp-json\/wp\/v2\/product_cat?post=1068"},{"taxonomy":"product_tag","embeddable":true,"href":"https:\/\/mostebglass.com\/hu\/wp-json\/wp\/v2\/product_tag?post=1068"}],"curies":[{"name":"wp","href":"https:\/\/api.w.org\/{rel}","templated":true}]}}