{"id":1087,"date":"2025-08-29T09:39:16","date_gmt":"2025-08-29T01:39:16","guid":{"rendered":"https:\/\/mostebglass.com\/?post_type=product&#038;p=1087"},"modified":"2026-02-09T11:18:14","modified_gmt":"2026-02-09T03:18:14","slug":"unique-candle-jars-with-lids-glass-candle-stands-bulk","status":"publish","type":"product","link":"https:\/\/mostebglass.com\/hu\/unique-candle-jars-with-lids-glass-candle-stands-bulk\/","title":{"rendered":"70ml 220ml 370ml egyedi gyerty\u00e1s\u00fcvegek fed\u00e9llel | \u00dcveg gyertyatart\u00f3k \u00f6mlesztett kiszerel\u00e9sben"},"content":{"rendered":"<p>Egy ilyen k\u00fcl\u00f6nleges, hengeres sziluett tiszta vonalakkal \u00e9s sima \u00fcveggel, f\u00e9nyes \u00e9s f\u00e9nyvisszaver\u0151 fel\u00fclettel, az \u00fcveg tetej\u00e9n l\u00e9v\u0151 \u00fcvegfed\u00e9llel k\u00e9sz\u00fclt. A fed\u00e9l s\u00falya \u00e9s a massz\u00edv, enyh\u00e9n kisz\u00e9lesed\u0151 alap vizu\u00e1lis egyens\u00falyt biztos\u00edt az egyenes, f\u00fcgg\u0151leges testtel, \u00e9s stabil profilt k\u00f6lcs\u00f6n\u00f6z az \u00fcvegnek, amely kis gyertyatart\u00f3k\u00e9nt is haszn\u00e1lhat\u00f3. A tetej\u00e9n egy hasonl\u00f3 \u00fcvegfed\u00e9l tal\u00e1lhat\u00f3, amely nagyszer\u0171en kieg\u00e9sz\u00edti a lekerek\u00edtett \u00e9leket, \u00e9s egys\u00e9gesnek \u00e9s \u00e1poltnak mutatja az eg\u00e9szet. A f\u00e9nyk\u00e9p f\u00e9lig \u00e1tl\u00e1tsz\u00f3, egyenletes sz\u00ednez\u00e9se l\u00e1gy gyertyaf\u00e9nyt biztos\u00edt, mik\u00f6zben meg\u0151rzi eleg\u00e1ns, visszafogott, kort\u00e1rs diz\u00e1jnj\u00e1t, dekorat\u00edv \u00e9s haszn\u00e1lhat\u00f3 gyertyakollekci\u00f3kkal.<\/p>\n<p><img fetchpriority=\"high\" decoding=\"async\" class=\"wp-image-1088\" src=\"https:\/\/mostebglass.com\/wp-content\/uploads\/2025\/08\/unique-candle-jars-with-lids-candle-stand02.webp\" alt=\"egyedi gyertyatart\u00f3k fed\u00e9llel\" width=\"500\" height=\"500\" srcset=\"https:\/\/mostebglass.com\/wp-content\/uploads\/2025\/08\/unique-candle-jars-with-lids-candle-stand02.webp 800w, https:\/\/mostebglass.com\/wp-content\/uploads\/2025\/08\/unique-candle-jars-with-lids-candle-stand02-300x300.webp 300w, https:\/\/mostebglass.com\/wp-content\/uploads\/2025\/08\/unique-candle-jars-with-lids-candle-stand02-100x100.webp 100w, https:\/\/mostebglass.com\/wp-content\/uploads\/2025\/08\/unique-candle-jars-with-lids-candle-stand02-600x600.webp 600w, https:\/\/mostebglass.com\/wp-content\/uploads\/2025\/08\/unique-candle-jars-with-lids-candle-stand02-768x768.webp 768w, https:\/\/mostebglass.com\/wp-content\/uploads\/2025\/08\/unique-candle-jars-with-lids-candle-stand02-12x12.webp 12w\" sizes=\"(max-width: 500px) 100vw, 500px\" \/><\/p>\n<h2>Term\u00e9kjellemz\u0151k<\/h2>\n<p><strong>Meger\u0151s\u00edtett alap \u00e9s perem a stabilit\u00e1s \u00e9rdek\u00e9ben:\u00a0<\/strong>A gyertyatart\u00f3k ihlette kialak\u00edt\u00e1snak k\u00f6sz\u00f6nhet\u0151en a fels\u0151 \u00e9s az als\u00f3 sz\u00e9lek (83 mm \u00e1tm\u00e9r\u0151j\u0171ek) vastagabbak, \u00edgy a gyertyatart\u00f3 egyenes marad a nagy t\u00e9telben t\u00f6rt\u00e9n\u0151 gyertyaeloszt\u00e1s vagy a boltok polcain.<\/p>\n<p><strong>Krist\u00e1ly\u00fcveg vizu\u00e1lis effektekhez:\u00a0<\/strong>Az \u00e1tl\u00e1tsz\u00f3 gyertyatart\u00f3k fokozz\u00e1k a gyertyaf\u00e9nyt, \u00edgy ezek az ed\u00e9nyszer\u0171 \u00fcvegek esk\u00fcv\u0151i d\u00edszekk\u00e9, butikokba vagy luxus gyertyakollekci\u00f3kba is alkalmasak.<\/p>\n<p><strong>Rugalmas sz\u00ednv\u00e1laszt\u00e9k:\u00a0<\/strong>\u00c1tl\u00e1tsz\u00f3 vagy festett v\u00e1ltozatban (f\u00fcst, borosty\u00e1n, matt) kaphat\u00f3, ez a gyertyatart\u00f3 illeszkedik m\u00e1rk\u00e1d szezon\u00e1lis t\u00e9m\u00e1ihoz vagy term\u00e9kcsal\u00e1djaidhoz.<\/p>\n<h2>F\u0151bb specifik\u00e1ci\u00f3k<\/h2>\n<table style=\"border-collapse: collapse; width: 80%; margin-left: auto; margin-right: auto;\" border=\"0\" width=\"144\" cellspacing=\"0\" cellpadding=\"0\">\n<tbody>\n<tr style=\"height: 13.50pt;\">\n<td style=\"height: 13.50pt; width: 54.00pt;\" width=\"72\" height=\"18\">Jellemz\u0151<\/td>\n<td style=\"width: 54.00pt;\" width=\"72\">R\u00e9szletek<\/td>\n<\/tr>\n<tr style=\"height: 13.50pt;\">\n<td style=\"height: 13.50pt;\" height=\"18\">Kapacit\u00e1s<\/td>\n<td>370 ml, 220 ml, 70 ml<\/td>\n<\/tr>\n<tr style=\"height: 13.50pt;\">\n<td style=\"height: 13.50pt;\" height=\"18\">Anyag<\/td>\n<td>\u00d3lommentes sz\u00f3da\u00fcveg<\/td>\n<\/tr>\n<tr style=\"height: 13.50pt;\">\n<td style=\"height: 13.50pt;\" height=\"18\">Sz\u00ednbe\u00e1ll\u00edt\u00e1sok<\/td>\n<td>\u00c1tl\u00e1tsz\u00f3, borosty\u00e1ns\u00e1rga, feh\u00e9r, fekete, sz\u00fcrke, vagy szabja testre saj\u00e1t sz\u00edn\u00e9t.<\/td>\n<\/tr>\n<tr style=\"height: 13.50pt;\">\n<td style=\"height: 13.50pt;\" height=\"18\">Fed\u00e9l kompatibilit\u00e1s<\/td>\n<td>\u00dcvegfed\u00e9l, bambuszfed\u00e9l<\/td>\n<\/tr>\n<\/tbody>\n<\/table>\n<h2>Testreszab\u00e1si \u00f6tletek az \u00d6n sz\u00e1m\u00e1ra<\/h2>\n<ol>\n<li><strong>L\u00e9zerrel leszerelt\u00e9k a log\u00f3t:<\/strong> Mikroszkopikus m\u00e1rkajelz\u00e9st adhat a gyertya\u00fcveghez azon nagykereskedelmi \u00e9s nagykereskedelmi v\u00e1s\u00e1rl\u00f3k sz\u00e1m\u00e1ra, akik diszkr\u00e9t csomagol\u00e1st szeretn\u00e9nek.<\/li>\n<li><strong>Stabil t\u00f6meges k\u00e9szlet:<\/strong> Egym\u00e1sra helyezhet\u0151, gyertyatart\u00f3 st\u00edlus\u00fa m\u00e9csestart\u00f3k, t\u00e1rol\u00e1suk \u00e1talak\u00edt\u00e1sa nagykereskedelmi gyertyasz\u00e1ll\u00edt\u00e1shoz.<\/li>\n<li><strong>\u00c1tmenetes \u00e1rnyalatok:<\/strong> Esk\u00fcv\u0151kre k\u00edn\u00e1lj egyedi, \u00e1tmenetes sz\u00edn\u0171 (pl. fel\u00fclr\u0151l lefel\u00e9 halad\u00f3 r\u00f3zsasz\u00edn) v\u00e9d\u0151burkolattal ell\u00e1tott gyertyatart\u00f3t, vagy esk\u00fcv\u0151kre vagy \u00fcnnepekre sz\u00e1nt luxusgyertya-m\u00e1rk\u00e1kat.<\/li>\n<\/ol>","protected":false},"excerpt":{"rendered":"<p>Egyedi, gyertyatart\u00f3k\u00e9nt tervezett fedeles gyertyatart\u00f3k dekorat\u00edv \u00fcveggel \u00e9s stabil talppal. Ide\u00e1lis m\u00e1rk\u00e1k, nagykeresked\u0151k \u00e9s pr\u00e9mium gyertyakollekci\u00f3k sz\u00e1m\u00e1ra.<\/p>","protected":false},"featured_media":4383,"template":"","meta":{"site-sidebar-layout":"default","site-content-layout":"","ast-site-content-layout":"default","site-content-style":"default","site-sidebar-style":"default","ast-global-header-display":"","ast-banner-title-visibility":"","ast-main-header-display":"","ast-hfb-above-header-display":"","ast-hfb-below-header-display":"","ast-hfb-mobile-header-display":"","site-post-title":"","ast-breadcrumbs-content":"","ast-featured-img":"","footer-sml-layout":"","theme-transparent-header-meta":"default","adv-header-id-meta":"","stick-header-meta":"","header-above-stick-meta":"","header-main-stick-meta":"","header-below-stick-meta":"","astra-migrate-meta-layouts":"set","ast-page-background-enabled":"default","ast-page-background-meta":{"desktop":{"background-color":"var(--ast-global-color-5)","background-image":"","background-repeat":"repeat","background-position":"center center","background-size":"auto","background-attachment":"scroll","background-type":"","background-media":"","overlay-type":"","overlay-color":"","overlay-opacity":"","overlay-gradient":""},"tablet":{"background-color":"","background-image":"","background-repeat":"repeat","background-position":"center center","background-size":"auto","background-attachment":"scroll","background-type":"","background-media":"","overlay-type":"","overlay-color":"","overlay-opacity":"","overlay-gradient":""},"mobile":{"background-color":"","background-image":"","background-repeat":"repeat","background-position":"center center","background-size":"auto","background-attachment":"scroll","background-type":"","background-media":"","overlay-type":"","overlay-color":"","overlay-opacity":"","overlay-gradient":""}},"ast-content-background-meta":{"desktop":{"background-color":"var(--ast-global-color-4)","background-image":"","background-repeat":"repeat","background-position":"center center","background-size":"auto","background-attachment":"scroll","background-type":"","background-media":"","overlay-type":"","overlay-color":"","overlay-opacity":"","overlay-gradient":""},"tablet":{"background-color":"var(--ast-global-color-4)","background-image":"","background-repeat":"repeat","background-position":"center center","background-size":"auto","background-attachment":"scroll","background-type":"","background-media":"","overlay-type":"","overlay-color":"","overlay-opacity":"","overlay-gradient":""},"mobile":{"background-color":"var(--ast-global-color-4)","background-image":"","background-repeat":"repeat","background-position":"center center","background-size":"auto","background-attachment":"scroll","background-type":"","background-media":"","overlay-type":"","overlay-color":"","overlay-opacity":"","overlay-gradient":""}}},"product_brand":[],"product_cat":[28,21],"product_tag":[],"class_list":{"0":"post-1087","1":"product","2":"type-product","3":"status-publish","4":"has-post-thumbnail","6":"product_cat-glass-candle-jars","7":"product_cat-product","8":"desktop-align-left","9":"tablet-align-left","10":"mobile-align-left","12":"first","13":"instock","14":"shipping-taxable","15":"product-type-simple"},"jetpack_sharing_enabled":true,"_links":{"self":[{"href":"https:\/\/mostebglass.com\/hu\/wp-json\/wp\/v2\/product\/1087","targetHints":{"allow":["GET"]}}],"collection":[{"href":"https:\/\/mostebglass.com\/hu\/wp-json\/wp\/v2\/product"}],"about":[{"href":"https:\/\/mostebglass.com\/hu\/wp-json\/wp\/v2\/types\/product"}],"wp:featuredmedia":[{"embeddable":true,"href":"https:\/\/mostebglass.com\/hu\/wp-json\/wp\/v2\/media\/4383"}],"wp:attachment":[{"href":"https:\/\/mostebglass.com\/hu\/wp-json\/wp\/v2\/media?parent=1087"}],"wp:term":[{"taxonomy":"product_brand","embeddable":true,"href":"https:\/\/mostebglass.com\/hu\/wp-json\/wp\/v2\/product_brand?post=1087"},{"taxonomy":"product_cat","embeddable":true,"href":"https:\/\/mostebglass.com\/hu\/wp-json\/wp\/v2\/product_cat?post=1087"},{"taxonomy":"product_tag","embeddable":true,"href":"https:\/\/mostebglass.com\/hu\/wp-json\/wp\/v2\/product_tag?post=1087"}],"curies":[{"name":"wp","href":"https:\/\/api.w.org\/{rel}","templated":true}]}}