{"id":1093,"date":"2025-08-29T10:29:29","date_gmt":"2025-08-29T02:29:29","guid":{"rendered":"https:\/\/mostebglass.com\/?post_type=product&#038;p=1093"},"modified":"2026-05-07T16:04:12","modified_gmt":"2026-05-07T08:04:12","slug":"customizable-glass-candle-containers-wholesale","status":"publish","type":"product","link":"https:\/\/mostebglass.com\/hu\/customizable-glass-candle-containers-wholesale\/","title":{"rendered":"140ml-315ml Customizable Glass Candle Containers Wholesale"},"content":{"rendered":"<p style=\"text-align: left;\">Clear Vote-tal olyan gyertyatart\u00f3kat keresel, amelyek id\u0151tlen eleganci\u00e1t \u00f6tv\u00f6znek a modern tart\u00f3ss\u00e1ggal? \u00dcveg gyertyatart\u00f3ink kiv\u00e1l\u00f3 min\u0151s\u00e9g\u0171 \u00fcvegb\u0151l k\u00e9sz\u00fclnek, \u00edgy olyan gyertyatart\u00f3kat k\u00edn\u00e1lnak, amelyek fokozz\u00e1k az otthoni dekor\u00e1ci\u00f3t, az esk\u00fcv\u0151i m\u0171sort vagy a luxus gyertyagy\u0171jtem\u00e9nyt. A 140 ml-t\u0151l 315 ml-ig terjed\u0151 t\u00e9rfogatnak \u00e9s az \u00e1ll\u00edthat\u00f3 opci\u00f3knak k\u00f6sz\u00f6nhet\u0151en kiv\u00e1laszthatod a k\u00edv\u00e1nt gyerty\u00e1t a nagy t\u00e9telben t\u00f6rt\u00e9n\u0151 kiszerel\u00e9shez.<\/p>\n<h2>Products Features<\/h2>\n<ul>\n<li><strong>Round base for stability: <\/strong>Az \u00e1tl\u00e1tsz\u00f3, szavaz\u00f3 gyertyatart\u00f3k vastag talppal (73\u201390 mm magas) \u00e9s sima, lekerek\u00edtett sz\u00e9lekkel rendelkeznek, amelyek biztos\u00edtj\u00e1k, hogy az \u00fcveggyertya egyenesen maradjon a tart\u00f3asztalon vagy a nagy t\u00e9telben t\u00f6rt\u00e9n\u0151 gyertyasz\u00e1ll\u00edt\u00e1s sor\u00e1n.<\/li>\n<li><strong>Crystal-hut transparency for visual appeal: <\/strong>Az \u00e1tl\u00e1tsz\u00f3 gyerty\u00e1k fokozz\u00e1k az \u00fcveges gyertyaf\u00e9nyt \u00e9s \u00e9l\u00e9nk viaszsz\u00edneket mutatnak, \u00edgy ezek az \u00fcveges gyertyatart\u00f3k t\u00f6k\u00e9letesek luxus gyertyasorozatokba vagy otthoni dekor\u00e1ci\u00f3kba.<\/li>\n<li><strong>Adaptable beauty options: <\/strong>V\u00e1lasszon \u00e1tl\u00e1tsz\u00f3 vagy sz\u00ednezett \u00fcveg (f\u00fcst, borosty\u00e1n, matt) k\u00f6z\u00fcl, \u00e9s l\u00e9zerrel \u00f6reg\u00edtett log\u00f3val vagy pajzs effektussal olyan gyertyacsomagol\u00e1st v\u00e1lasszon, amely illeszkedik m\u00e1rkaidentit\u00e1s\u00e1hoz.<\/li>\n<\/ul>\n<h2>F\u0151bb specifik\u00e1ci\u00f3k<\/h2>\n<table style=\"border-collapse: collapse; width: 80%; margin-left: auto; margin-right: auto;\" border=\"0\" width=\"288\" cellspacing=\"0\" cellpadding=\"0\">\n<tbody>\n<tr style=\"height: 13.50pt;\">\n<td style=\"height: 13.5pt; width: 54pt; text-align: center;\" width=\"72\" height=\"18\">Jellemz\u0151<\/td>\n<td class=\"et2\" style=\"width: 162pt; text-align: center;\" colspan=\"3\" width=\"216\">R\u00e9szletek<\/td>\n<\/tr>\n<tr style=\"height: 13.50pt;\">\n<td style=\"height: 13.5pt; text-align: center;\" height=\"18\">S\u00faly (g)<\/td>\n<td style=\"text-align: center;\">130<\/td>\n<td style=\"text-align: center;\">160<\/td>\n<td style=\"text-align: center;\">250<\/td>\n<\/tr>\n<tr style=\"height: 13.50pt;\">\n<td style=\"height: 13.5pt; text-align: center;\" height=\"18\">Kapacit\u00e1s (ml)<\/td>\n<td style=\"text-align: center;\">140<\/td>\n<td style=\"text-align: center;\">210<\/td>\n<td style=\"text-align: center;\">315<\/td>\n<\/tr>\n<tr style=\"height: 13.50pt;\">\n<td style=\"height: 13.5pt; text-align: center;\" height=\"18\">M\u00e9retek (mm)<\/td>\n<td style=\"text-align: center;\">62 x 57 x 73<\/td>\n<td style=\"text-align: center;\">70 x 65 x 78<\/td>\n<td style=\"text-align: center;\">81 x 76 x 90<\/td>\n<\/tr>\n<tr style=\"height: 13.50pt;\">\n<td style=\"height: 13.5pt; text-align: center;\" height=\"18\">Sz\u00ednbe\u00e1ll\u00edt\u00e1sok<\/td>\n<td class=\"et2\" style=\"text-align: center;\" colspan=\"3\">\u00c1tl\u00e1tsz\u00f3\/sz\u00ednezett<\/td>\n<\/tr>\n<tr style=\"height: 13.50pt;\">\n<td style=\"height: 13.5pt; text-align: center;\" height=\"18\">Fed\u00e9l kompatibilit\u00e1s<\/td>\n<td class=\"et2\" style=\"text-align: center;\" colspan=\"3\">V\u00e1laszthat\u00f3<\/td>\n<\/tr>\n<\/tbody>\n<\/table>\n<h2>Alkalmazkod\u00e1si lehet\u0151s\u00e9gek<\/h2>\n<ol>\n<li><strong>L\u00e9zergrav\u00edroz\u00e1s: <\/strong>Adjon k\u00f6r\u00fcltekint\u0151 m\u00e1rkajelz\u00e9st a gyertya\u00fcveghez, lehet\u0151v\u00e9 t\u00e9ve a nagykereskedelmi \u00e1rusok \u00e9s nagykereskedelmi v\u00e1s\u00e1rl\u00f3k sz\u00e1m\u00e1ra, hogy diszkr\u00e9t csomagol\u00e1st v\u00e1lasszanak.<\/li>\n<li><strong>Stabil t\u00f6meges k\u00e9szlet:<\/strong> Az \u00e1tl\u00e1tsz\u00f3 gyertyatart\u00f3k egym\u00e1sba helyezhet\u0151k, ami optimaliz\u00e1lja a gyerty\u00e1k t\u00e1rol\u00e1s\u00e1t.<\/li>\n<li><strong>Vastag pehely\u00fcveg:<\/strong> A vastag padl\u00f3 stabilit\u00e1st biztos\u00edt \u00e9s megakad\u00e1lyozza a baleseteket \u00e9g\u00e9s k\u00f6zben.<\/li>\n<\/ol>","protected":false},"excerpt":{"rendered":"<p>Elevate your brand with glass candle containers! These clear cotive candle holders provide custom colors &amp; sizes for wholesale and bulk orders.<\/p>","protected":false},"featured_media":1097,"template":"","meta":{"site-sidebar-layout":"default","site-content-layout":"","ast-site-content-layout":"default","site-content-style":"default","site-sidebar-style":"default","ast-global-header-display":"","ast-banner-title-visibility":"","ast-main-header-display":"","ast-hfb-above-header-display":"","ast-hfb-below-header-display":"","ast-hfb-mobile-header-display":"","site-post-title":"","ast-breadcrumbs-content":"","ast-featured-img":"","footer-sml-layout":"","theme-transparent-header-meta":"default","adv-header-id-meta":"","stick-header-meta":"","header-above-stick-meta":"","header-main-stick-meta":"","header-below-stick-meta":"","astra-migrate-meta-layouts":"set","ast-page-background-enabled":"default","ast-page-background-meta":{"desktop":{"background-color":"var(--ast-global-color-5)","background-image":"","background-repeat":"repeat","background-position":"center center","background-size":"auto","background-attachment":"scroll","background-type":"","background-media":"","overlay-type":"","overlay-color":"","overlay-opacity":"","overlay-gradient":""},"tablet":{"background-color":"","background-image":"","background-repeat":"repeat","background-position":"center center","background-size":"auto","background-attachment":"scroll","background-type":"","background-media":"","overlay-type":"","overlay-color":"","overlay-opacity":"","overlay-gradient":""},"mobile":{"background-color":"","background-image":"","background-repeat":"repeat","background-position":"center center","background-size":"auto","background-attachment":"scroll","background-type":"","background-media":"","overlay-type":"","overlay-color":"","overlay-opacity":"","overlay-gradient":""}},"ast-content-background-meta":{"desktop":{"background-color":"var(--ast-global-color-4)","background-image":"","background-repeat":"repeat","background-position":"center center","background-size":"auto","background-attachment":"scroll","background-type":"","background-media":"","overlay-type":"","overlay-color":"","overlay-opacity":"","overlay-gradient":""},"tablet":{"background-color":"var(--ast-global-color-4)","background-image":"","background-repeat":"repeat","background-position":"center center","background-size":"auto","background-attachment":"scroll","background-type":"","background-media":"","overlay-type":"","overlay-color":"","overlay-opacity":"","overlay-gradient":""},"mobile":{"background-color":"var(--ast-global-color-4)","background-image":"","background-repeat":"repeat","background-position":"center center","background-size":"auto","background-attachment":"scroll","background-type":"","background-media":"","overlay-type":"","overlay-color":"","overlay-opacity":"","overlay-gradient":""}}},"product_brand":[],"product_cat":[28,21],"product_tag":[],"class_list":{"0":"post-1093","1":"product","2":"type-product","3":"status-publish","4":"has-post-thumbnail","6":"product_cat-glass-candle-jars","7":"product_cat-product","8":"desktop-align-left","9":"tablet-align-left","10":"mobile-align-left","12":"first","13":"instock","14":"shipping-taxable","15":"product-type-simple"},"jetpack_sharing_enabled":true,"_links":{"self":[{"href":"https:\/\/mostebglass.com\/hu\/wp-json\/wp\/v2\/product\/1093","targetHints":{"allow":["GET"]}}],"collection":[{"href":"https:\/\/mostebglass.com\/hu\/wp-json\/wp\/v2\/product"}],"about":[{"href":"https:\/\/mostebglass.com\/hu\/wp-json\/wp\/v2\/types\/product"}],"wp:featuredmedia":[{"embeddable":true,"href":"https:\/\/mostebglass.com\/hu\/wp-json\/wp\/v2\/media\/1097"}],"wp:attachment":[{"href":"https:\/\/mostebglass.com\/hu\/wp-json\/wp\/v2\/media?parent=1093"}],"wp:term":[{"taxonomy":"product_brand","embeddable":true,"href":"https:\/\/mostebglass.com\/hu\/wp-json\/wp\/v2\/product_brand?post=1093"},{"taxonomy":"product_cat","embeddable":true,"href":"https:\/\/mostebglass.com\/hu\/wp-json\/wp\/v2\/product_cat?post=1093"},{"taxonomy":"product_tag","embeddable":true,"href":"https:\/\/mostebglass.com\/hu\/wp-json\/wp\/v2\/product_tag?post=1093"}],"curies":[{"name":"wp","href":"https:\/\/api.w.org\/{rel}","templated":true}]}}