{"id":1123,"date":"2025-08-29T15:10:16","date_gmt":"2025-08-29T07:10:16","guid":{"rendered":"https:\/\/mostebglass.com\/?post_type=product&#038;p=1123"},"modified":"2026-03-20T14:02:22","modified_gmt":"2026-03-20T06:02:22","slug":"unique-diffuser-bottles-with-chinese-knot-design-bulk","status":"publish","type":"product","link":"https:\/\/mostebglass.com\/hu\/unique-diffuser-bottles-with-chinese-knot-design-bulk\/","title":{"rendered":"120 ml-es 250 ml-es egyedi diff\u00fazor palackok k\u00ednai csom\u00f3mint\u00e1val, \u00f6mlesztett kiszerel\u00e9sben"},"content":{"rendered":"<p>Ez nem csup\u00e1n egy sz\u00e9p illatos\u00edt\u00f3 flakon, hanem egy m\u0171v\u00e9szi alkot\u00e1s, ami illatozik. Ezek nem csup\u00e1n h\u00e9tk\u00f6znapi tart\u00e1lyok; ezek egyedi, k\u00ednai csom\u00f3 alak\u00fa illatos\u00edt\u00f3 flakonok, ami a szerencse tekint\u00e9lyes szimb\u00f3luma.<\/p>\n<h2>Term\u00e9kjellemz\u0151k<\/h2>\n<ul>\n<li><strong>K\u00ednai dombornyomott csom\u00f3:<\/strong> A palackot k\u00ednai csom\u00f3minta d\u00edsz\u00edti, amely a hagyom\u00e1nyos szimb\u00f3lumokat \u00f6r\u00f6kli, \u00e9s a term\u00e9k kultur\u00e1lis \u00f6r\u00f6ks\u00e9g\u00e9t \u00e9s keleti eszt\u00e9tik\u00e1j\u00e1t testes\u00edti meg.<\/li>\n<li><strong>\u00c1tl\u00e1tsz\u00f3 anyag:<\/strong> A rendk\u00edv\u00fcl \u00e1tl\u00e1tsz\u00f3 \u00fcveg tiszt\u00e1n felt\u00e1rja a bels\u0151 teret, m\u00edg a dombornyomott minta kontrasztot teremt a virtu\u00e1lis \u00e9s a val\u00f3s\u00e1gos k\u00f6z\u00f6tt, gazdag vizu\u00e1lis r\u00e9tegz\u0151d\u00e9st hozva l\u00e9tre.<\/li>\n<li><strong>Egyedi \u00e9s felismerhet\u0151 forma:<\/strong> A hagyom\u00e1nyos palackform\u00e1kkal szak\u00edtva a k\u00ednai csom\u00f3 sziluett megk\u00fcl\u00f6nb\u00f6ztet\u0151 jegyet teremt, \u00f6tv\u00f6zve a dekorat\u00edv \u00e9s a praktikus funkci\u00f3kat.<\/li>\n<\/ul>\n<h2>Sikeres eset<\/h2>\n<p>Az egyik ausztr\u00e1l illatm\u00e1rka az \u00fajonnan tervezett diff\u00fazorunk form\u00e1j\u00e1t v\u00e1lasztotta, \u00e9s saj\u00e1t orient\u00e1lis illatkollekci\u00f3t k\u00e9sz\u00edtett a flakonnal. A flakon dombornyomott mint\u00e1it tov\u00e1bbfejlesztett\u00e9k, \u00e9s egy egyedi, f\u00e9lig \u00e1tl\u00e1tsz\u00f3 matt bevonatot vittek fel a term\u00e9k vizu\u00e1lis m\u00e9lys\u00e9g\u00e9nek el\u00e9r\u00e9se \u00e9rdek\u00e9ben, amelyet matt fekete alum\u00ednium tet\u0151vel \u00e9s egyedi, 3,5 mm-es term\u00e9szetes rattan n\u00e1dsz\u00e1lakkal (az egyenletes diff\u00fazi\u00f3 \u00e9rdek\u00e9ben) p\u00e1ros\u00edtottak, a v\u00e9geredm\u00e9ny a m\u0171v\u00e9szi kifejez\u00e9s \u00e9s a funkcion\u00e1lis hasznoss\u00e1g t\u00f6k\u00e9letes egyens\u00faly\u00e1nak el\u00e9r\u00e9se volt.<\/p>\n<p>A kollekci\u00f3 elad\u00e1sai mind\u00f6ssze h\u00e1rom h\u00f3napon bel\u00fcl, a bevezet\u00e9se ut\u00e1n k\u00f6r\u00fclbel\u00fcl 47-tel n\u0151ttek. Ezenk\u00edv\u00fcl a m\u00e1rka a m\u00e1sodik negyed\u00e9vben k\u00e9t nagy t\u00e9telben is \u00fajrarendelte term\u00e9keit, \u00edgy ez a term\u00e9kcsal\u00e1d az egyik legkelend\u0151bb z\u00e1szl\u00f3shaj\u00f3 term\u00e9k\u00fckk\u00e9 v\u00e1lt.<\/p>\n<h2>Aromater\u00e1pi\u00e1s palackok testreszab\u00e1sa<\/h2>\n<p>Szeretn\u00e9d elk\u00e9sz\u00edteni saj\u00e1t, egyedi diff\u00fazoros palackjaidat? Kezdd mag\u00e1val az \u00fcveggel:<\/p>\n<ul>\n<li>Sz\u00ednezd ki az \u00fcveget \u2013 Pr\u00f3b\u00e1lj ki egy \u00e1tmenetes sz\u00ednt, amely s\u00f6t\u00e9t alapt\u00f3l \u00e1tl\u00e1tsz\u00f3 tetej\u0171ig halv\u00e1nyul, vagy pr\u00f3b\u00e1ld ki a smaragdz\u00f6ld, rubinv\u00f6r\u00f6s vagy borosty\u00e1nsz\u00edn\u0171 arany sz\u00edneket egy \u00fcnnepi vagy m\u00e1rk\u00e1ra jellemz\u0151 \u00e1rnyalat\u00e9rt.<\/li>\n<li>M\u00e9lyebb domborm\u0171 \u2013 M\u00e9lys\u00e9get ad a domborm\u0171nek a mer\u00e9szebb, textur\u00e1ltabb hat\u00e1s \u00e9rdek\u00e9ben.<\/li>\n<li>Kisebb vagy nagyobb csom\u00f3k \u2013 \u00c1ll\u00edtsa be a minta m\u00e9retar\u00e1ny\u00e1t, hogy jobban vagy kev\u00e9sb\u00e9 tekeredjen a nyak k\u00f6r\u00e9.<\/li>\n<li>Matt test, f\u00e9nyes nyak \u2013 A kontrasztos fel\u00fcletek kiemelik a grafik\u00e1t.<\/li>\n<\/ul>\n<p>Ezek az okos diz\u00e1jnok csinos diff\u00fazor \u00fcvegcs\u00e9ket alkotnak egy jellegzetes darabban. Nagy t\u00e9telben v\u00e1s\u00e1rolva minden darabon szorz\u00f3sz\u00e1m van.<\/p>","protected":false},"excerpt":{"rendered":"<p>Egyedi illatos\u00edt\u00f3 flakonok k\u00ednai csom\u00f3s diz\u00e1jnnal. Csinos illatos\u00edt\u00f3 flakonok nagy t\u00e9telben t\u00f6rt\u00e9n\u0151 rendel\u00e9shez, ingyenes mint\u00e1k, gyors sz\u00e1ll\u00edt\u00e1s \u00e9s pr\u00e9mium aroma csomagol\u00e1s.<\/p>","protected":false},"featured_media":4841,"template":"","meta":{"site-sidebar-layout":"default","site-content-layout":"","ast-site-content-layout":"default","site-content-style":"default","site-sidebar-style":"default","ast-global-header-display":"","ast-banner-title-visibility":"","ast-main-header-display":"","ast-hfb-above-header-display":"","ast-hfb-below-header-display":"","ast-hfb-mobile-header-display":"","site-post-title":"","ast-breadcrumbs-content":"","ast-featured-img":"","footer-sml-layout":"","theme-transparent-header-meta":"default","adv-header-id-meta":"","stick-header-meta":"","header-above-stick-meta":"","header-main-stick-meta":"","header-below-stick-meta":"","astra-migrate-meta-layouts":"set","ast-page-background-enabled":"default","ast-page-background-meta":{"desktop":{"background-color":"var(--ast-global-color-5)","background-image":"","background-repeat":"repeat","background-position":"center center","background-size":"auto","background-attachment":"scroll","background-type":"","background-media":"","overlay-type":"","overlay-color":"","overlay-opacity":"","overlay-gradient":""},"tablet":{"background-color":"","background-image":"","background-repeat":"repeat","background-position":"center center","background-size":"auto","background-attachment":"scroll","background-type":"","background-media":"","overlay-type":"","overlay-color":"","overlay-opacity":"","overlay-gradient":""},"mobile":{"background-color":"","background-image":"","background-repeat":"repeat","background-position":"center center","background-size":"auto","background-attachment":"scroll","background-type":"","background-media":"","overlay-type":"","overlay-color":"","overlay-opacity":"","overlay-gradient":""}},"ast-content-background-meta":{"desktop":{"background-color":"var(--ast-global-color-4)","background-image":"","background-repeat":"repeat","background-position":"center center","background-size":"auto","background-attachment":"scroll","background-type":"","background-media":"","overlay-type":"","overlay-color":"","overlay-opacity":"","overlay-gradient":""},"tablet":{"background-color":"var(--ast-global-color-4)","background-image":"","background-repeat":"repeat","background-position":"center center","background-size":"auto","background-attachment":"scroll","background-type":"","background-media":"","overlay-type":"","overlay-color":"","overlay-opacity":"","overlay-gradient":""},"mobile":{"background-color":"var(--ast-global-color-4)","background-image":"","background-repeat":"repeat","background-position":"center center","background-size":"auto","background-attachment":"scroll","background-type":"","background-media":"","overlay-type":"","overlay-color":"","overlay-opacity":"","overlay-gradient":""}}},"product_brand":[],"product_cat":[54],"product_tag":[],"class_list":{"0":"post-1123","1":"product","2":"type-product","3":"status-publish","4":"has-post-thumbnail","6":"product_cat-reed-diffuser-bottles","7":"desktop-align-left","8":"tablet-align-left","9":"mobile-align-left","11":"first","12":"instock","13":"shipping-taxable","14":"product-type-simple"},"jetpack_sharing_enabled":true,"_links":{"self":[{"href":"https:\/\/mostebglass.com\/hu\/wp-json\/wp\/v2\/product\/1123","targetHints":{"allow":["GET"]}}],"collection":[{"href":"https:\/\/mostebglass.com\/hu\/wp-json\/wp\/v2\/product"}],"about":[{"href":"https:\/\/mostebglass.com\/hu\/wp-json\/wp\/v2\/types\/product"}],"wp:featuredmedia":[{"embeddable":true,"href":"https:\/\/mostebglass.com\/hu\/wp-json\/wp\/v2\/media\/4841"}],"wp:attachment":[{"href":"https:\/\/mostebglass.com\/hu\/wp-json\/wp\/v2\/media?parent=1123"}],"wp:term":[{"taxonomy":"product_brand","embeddable":true,"href":"https:\/\/mostebglass.com\/hu\/wp-json\/wp\/v2\/product_brand?post=1123"},{"taxonomy":"product_cat","embeddable":true,"href":"https:\/\/mostebglass.com\/hu\/wp-json\/wp\/v2\/product_cat?post=1123"},{"taxonomy":"product_tag","embeddable":true,"href":"https:\/\/mostebglass.com\/hu\/wp-json\/wp\/v2\/product_tag?post=1123"}],"curies":[{"name":"wp","href":"https:\/\/api.w.org\/{rel}","templated":true}]}}