{"id":1129,"date":"2025-08-29T15:39:21","date_gmt":"2025-08-29T07:39:21","guid":{"rendered":"https:\/\/mostebglass.com\/?post_type=product&#038;p=1129"},"modified":"2026-03-17T13:38:07","modified_gmt":"2026-03-17T05:38:07","slug":"scent-diffuser-bottles-with-four-petal-flower-base-wholesale","status":"publish","type":"product","link":"https:\/\/mostebglass.com\/hu\/scent-diffuser-bottles-with-four-petal-flower-base-wholesale\/","title":{"rendered":"200 ml-es illatos\u00edt\u00f3 palackok n\u00e9gyszirm\u00fa vir\u00e1galappal, nagykereskedelem"},"content":{"rendered":"<p>Ez a diff\u00fazor t\u00e9gely puha, term\u00e9szetes form\u00e1j\u00fa, egy lap\u00edtott, n\u00e9gyszirm\u00fa vir\u00e1gra hasonl\u00edt. Sz\u00e9lei sim\u00e1k \u00e9s lekerek\u00edtettek, \u00e9les sarkok n\u00e9lk\u00fcl. A fel\u00fclet krist\u00e1lytiszta aromater\u00e1pi\u00e1s \u00fcvegb\u0151l k\u00e9sz\u00fclt, \u00edgy hihetetlen\u00fcl sima tapint\u00e1s\u00fa. A szabv\u00e1nyos menetes nyak k\u00f6nnyen csatlakoztathat\u00f3 b\u00e1rmilyen \u00fcvegdug\u00f3hoz vagy aromater\u00e1pi\u00e1s n\u00e1dhoz.<\/p>\n<h2>Term\u00e9kjellemz\u0151k<\/h2>\n<ul>\n<li><strong>Szirom alakja:<\/strong> A n\u00e9gyszirm\u00fa vir\u00e1gminta l\u00e1gy, eleg\u00e1ns \u00e9s modern megjelen\u00e9st k\u00f6lcs\u00f6n\u00f6z b\u00e1rmely szob\u00e1nak.<\/li>\n<li><strong>Anyag \u00e9s fel\u00fcletkezel\u00e9s:<\/strong> Az \u00e1tl\u00e1tsz\u00f3, tiszta \u00fcveg tiszta, k\u00f6nnyen tiszt\u00edthat\u00f3 \u00e9s kifinomult vizu\u00e1lis hat\u00e1st kelt egyenletes, l\u00e1gy f\u00e9nyben.<\/li>\n<li><strong>Nyak kialak\u00edt\u00e1sa:<\/strong> A palack nyitott, kerek, menetes nyaka tiszta szerkezetet biztos\u00edt, \u00e9s k\u00f6nnyen megt\u00f6lthet\u0151 illatfolyad\u00e9kkal vagy ill\u00f3olajokkal.<\/li>\n<\/ul>\n<h2>Hogyan alkot egy m\u00e1rka egyedi megjelen\u00e9st?<\/h2>\n<p>Az Egyes\u00fclt Kir\u00e1lys\u00e1gban m\u0171k\u00f6d\u0151 \u00e9letm\u00f3dm\u00e1rka a 200 ml-es, egyedi form\u00e1j\u00fa diff\u00fazorpalackjainkat v\u00e1lasztotta. A szem\u00e9lyre szab\u00e1shoz az \u00fcgyf\u00e9l t\u00f6bbsz\u00edn\u0171 kupakok sz\u00e9les v\u00e1laszt\u00e9k\u00e1t tervezte \u2013 k\u00fcl\u00f6nb\u00f6z\u0151 fel\u00fcletekkel, mint p\u00e9ld\u00e1ul levendula-lila, m\u00e9lyz\u00f6ld \u00e9s m\u00e1rv\u00e1ny text\u00far\u00e1k \u2013, hogy megk\u00fcl\u00f6nb\u00f6ztesse a k\u00fcl\u00f6nb\u00f6z\u0151 illatv\u00e1ltozatokat. Ehelyett minim\u00e1lis sz\u00f6veggel nyomtatott, levehet\u0151, \u00e1tl\u00e1tsz\u00f3 c\u00edmk\u00e9ket v\u00e1lasztottak, \u00edgy a vizu\u00e1lis megjelen\u00edt\u00e9sben a f\u0151 hangs\u00faly a palack egyedi diz\u00e1jnj\u00e1n volt. Emellett megrendel\u00e9sre rendeltek r\u00f6videbb hossz\u00fas\u00e1g\u00fa feh\u00e9r sz\u00e1las diff\u00fazor n\u00e1dsz\u00e1lakat is, amelyeket kor\u00e1bban megb\u00edz\u00e1sb\u00f3l rendeltek.<\/p>\n<p>A sorozat 27 sz\u00e1zal\u00e9kos n\u00f6veked\u00e9st mutatott az \u00fczletekben az els\u0151 negyed\u00e9vben, a bevezet\u00e9se ut\u00e1n. Az \u00fcgyf\u00e9l \u00f6t egym\u00e1st k\u00f6vet\u0151 ut\u00e1np\u00f3tl\u00e1si rendel\u00e9st adott le mind\u00f6ssze t\u00edz h\u00f3nap alatt a kiskeresked\u0151k \u00e1ltal leadott folyamatos ut\u00e1nrendel\u00e9seknek k\u00f6sz\u00f6nhet\u0151en.<\/p>\n<h2>Testreszabott javaslatok<\/h2>\n<ul>\n<li>Pr\u00f3b\u00e1ld ki a sz\u00ednezett \u00fcveget \u2013 Pr\u00f3b\u00e1ld ki a forr\u00f3 piros\u00edt\u00f3t l\u00e1gy levendul\u00e1\u00e9rt, a tengerz\u00f6ld\u00e9rt vagy egy l\u00e1gy sz\u00ednpalett\u00e1\u00e9rt.<\/li>\n<li>A m\u00e9ly sziromlev\u00e9l cs\u00f6kken \u2013 k\u00fcl\u00f6n\u00e1ll\u00f3 bem\u00e9lyed\u00e9sek vagy hull\u00e1mok jelennek meg, amikor az egyes sziromleveleken m\u00e9lys\u00e9get adunk hozz\u00e1.<\/li>\n<li>Vastagabb \u00fcvegfalak \u2013 N\u00f6veli a tart\u00f3ss\u00e1got \u00e9s szil\u00e1rdabb \u00e9rzetet ad.<\/li>\n<\/ul>\n<p>Ezek a v\u00e1ltoz\u00e1sok egy \u00e1tlagos \u00fcveg diff\u00fazorpalackot m\u00e1rkaikonn\u00e1 var\u00e1zsolnak. Amikor nagykereskedelmi diff\u00fazorpalackokat v\u00e1s\u00e1rolsz, minden r\u00e9szlet sz\u00e1m\u00edt.<\/p>","protected":false},"excerpt":{"rendered":"<p data-pm-slice=\"1 1 []\">Eleg\u00e1ns, vir\u00e1g alak\u00fa illatos\u00edt\u00f3 flakonok. \u00c1tl\u00e1tsz\u00f3 t\u00e9gely nagy t\u00e9telben t\u00f6rt\u00e9n\u0151 rendel\u00e9sekhez, ingyenes mint\u00e1kkal, ide\u00e1lis luxus illatcsomagol\u00e1si megold\u00e1sokhoz.<\/p>","protected":false},"featured_media":4789,"template":"","meta":{"site-sidebar-layout":"default","site-content-layout":"","ast-site-content-layout":"default","site-content-style":"default","site-sidebar-style":"default","ast-global-header-display":"","ast-banner-title-visibility":"","ast-main-header-display":"","ast-hfb-above-header-display":"","ast-hfb-below-header-display":"","ast-hfb-mobile-header-display":"","site-post-title":"","ast-breadcrumbs-content":"","ast-featured-img":"","footer-sml-layout":"","theme-transparent-header-meta":"default","adv-header-id-meta":"","stick-header-meta":"","header-above-stick-meta":"","header-main-stick-meta":"","header-below-stick-meta":"","astra-migrate-meta-layouts":"set","ast-page-background-enabled":"default","ast-page-background-meta":{"desktop":{"background-color":"var(--ast-global-color-5)","background-image":"","background-repeat":"repeat","background-position":"center center","background-size":"auto","background-attachment":"scroll","background-type":"","background-media":"","overlay-type":"","overlay-color":"","overlay-opacity":"","overlay-gradient":""},"tablet":{"background-color":"","background-image":"","background-repeat":"repeat","background-position":"center center","background-size":"auto","background-attachment":"scroll","background-type":"","background-media":"","overlay-type":"","overlay-color":"","overlay-opacity":"","overlay-gradient":""},"mobile":{"background-color":"","background-image":"","background-repeat":"repeat","background-position":"center center","background-size":"auto","background-attachment":"scroll","background-type":"","background-media":"","overlay-type":"","overlay-color":"","overlay-opacity":"","overlay-gradient":""}},"ast-content-background-meta":{"desktop":{"background-color":"var(--ast-global-color-4)","background-image":"","background-repeat":"repeat","background-position":"center center","background-size":"auto","background-attachment":"scroll","background-type":"","background-media":"","overlay-type":"","overlay-color":"","overlay-opacity":"","overlay-gradient":""},"tablet":{"background-color":"var(--ast-global-color-4)","background-image":"","background-repeat":"repeat","background-position":"center center","background-size":"auto","background-attachment":"scroll","background-type":"","background-media":"","overlay-type":"","overlay-color":"","overlay-opacity":"","overlay-gradient":""},"mobile":{"background-color":"var(--ast-global-color-4)","background-image":"","background-repeat":"repeat","background-position":"center center","background-size":"auto","background-attachment":"scroll","background-type":"","background-media":"","overlay-type":"","overlay-color":"","overlay-opacity":"","overlay-gradient":""}}},"product_brand":[],"product_cat":[54],"product_tag":[],"class_list":{"0":"post-1129","1":"product","2":"type-product","3":"status-publish","4":"has-post-thumbnail","6":"product_cat-reed-diffuser-bottles","7":"desktop-align-left","8":"tablet-align-left","9":"mobile-align-left","11":"first","12":"instock","13":"shipping-taxable","14":"product-type-simple"},"jetpack_sharing_enabled":true,"_links":{"self":[{"href":"https:\/\/mostebglass.com\/hu\/wp-json\/wp\/v2\/product\/1129","targetHints":{"allow":["GET"]}}],"collection":[{"href":"https:\/\/mostebglass.com\/hu\/wp-json\/wp\/v2\/product"}],"about":[{"href":"https:\/\/mostebglass.com\/hu\/wp-json\/wp\/v2\/types\/product"}],"wp:featuredmedia":[{"embeddable":true,"href":"https:\/\/mostebglass.com\/hu\/wp-json\/wp\/v2\/media\/4789"}],"wp:attachment":[{"href":"https:\/\/mostebglass.com\/hu\/wp-json\/wp\/v2\/media?parent=1129"}],"wp:term":[{"taxonomy":"product_brand","embeddable":true,"href":"https:\/\/mostebglass.com\/hu\/wp-json\/wp\/v2\/product_brand?post=1129"},{"taxonomy":"product_cat","embeddable":true,"href":"https:\/\/mostebglass.com\/hu\/wp-json\/wp\/v2\/product_cat?post=1129"},{"taxonomy":"product_tag","embeddable":true,"href":"https:\/\/mostebglass.com\/hu\/wp-json\/wp\/v2\/product_tag?post=1129"}],"curies":[{"name":"wp","href":"https:\/\/api.w.org\/{rel}","templated":true}]}}