{"id":1406,"date":"2025-09-09T12:04:32","date_gmt":"2025-09-09T04:04:32","guid":{"rendered":"https:\/\/mostebglass.com\/?post_type=product&#038;p=1406"},"modified":"2026-03-10T13:54:34","modified_gmt":"2026-03-10T05:54:34","slug":"green-glass-vases-with-vertical-stripes-bulk","status":"publish","type":"product","link":"https:\/\/mostebglass.com\/hu\/green-glass-vases-with-vertical-stripes-bulk\/","title":{"rendered":"Z\u00f6ld \u00fcvegv\u00e1z\u00e1k f\u00fcgg\u0151leges cs\u00edkokkal, t\u00f6meges"},"content":{"rendered":"<p>Ez egy \u00fcvegv\u00e1za, finom bord\u00e1zott mint\u00e1val, vil\u00e1gosz\u00f6ld sz\u00ednnel, \u00e9s h\u00e1rom meglehet\u0151sen aranyos form\u00e1ban kaphat\u00f3: t\u00f6k, k\u00fap \u00e9s hengeres. A v\u00e1z\u00e1k kisz\u00e9lesed\u0151 sz\u00e1jjal rendelkeznek, amely keskeny, hogy a vir\u00e1gok k\u00f6nnyen elrendezhet\u0151k legyenek.<\/p>\n<h2>A term\u00e9k jellemz\u0151i<\/h2>\n<ul>\n<li><strong>H\u00e1rom alakzat l\u00e9tezik:<\/strong> V\u00e1lasszon egy sz\u00e9p t\u00f6k\u00f6t, egy modern k\u00fapot vagy egy r\u00e9gim\u00f3di hengert, amely illik a dekor\u00e1ci\u00f3s st\u00edlus\u00e1hoz.<\/li>\n<li><strong>L\u00e1gy z\u00f6ld \u00e1rnyalat \u00e9s hull\u00e1mos\u00edt\u00e1s:<\/strong> A l\u00e1gy, halv\u00e1nyz\u00f6ld sz\u00edn \u00e9s a sz\u00e9p, f\u00fcgg\u0151leges \u00e9l\u0171 fuvol\u00e1k alkotj\u00e1k a fel\u00fcletet \u00e9s archaikus megjelen\u00e9st k\u00f6lcs\u00f6n\u00f6znek.<\/li>\n<li><strong>Stabil, s\u00edk alap:<\/strong> A v\u00e1z\u00e1k lapos alj\u00faak, hogy b\u00e1rmilyen fel\u00fcleten stabilit\u00e1st biztos\u00edtsanak.<\/li>\n<\/ul>\n<h2>F\u0151bb specifik\u00e1ci\u00f3k<\/h2>\n<table style=\"border-collapse: collapse; width: 80%; margin-left: auto; margin-right: auto;\" border=\"0\" width=\"288\" cellspacing=\"0\" cellpadding=\"0\">\n<tbody>\n<tr style=\"height: 13.50pt;\">\n<td style=\"height: 13.5pt; width: 54pt; text-align: center;\" width=\"72\" height=\"18\">St\u00edlus<\/td>\n<td style=\"width: 54pt; text-align: center;\" width=\"72\">M\u00e9ret<\/td>\n<td style=\"width: 54pt; text-align: center;\" width=\"72\">Anyag<\/td>\n<td style=\"width: 54pt; text-align: center;\" width=\"72\">Sz\u00ednbe\u00e1ll\u00edt\u00e1sok<\/td>\n<\/tr>\n<tr style=\"height: 13.50pt;\">\n<td style=\"height: 13.5pt; text-align: center;\" height=\"18\">Magas v\u00e1za<\/td>\n<td style=\"text-align: center;\">68 x 110 x 35 mm<\/td>\n<td class=\"et2\" style=\"text-align: center;\" rowspan=\"3\">\u00dcveg<\/td>\n<td class=\"et2\" style=\"text-align: center;\" rowspan=\"3\">\u00c1tl\u00e1tsz\u00f3, sz\u00fcrke, z\u00f6ld, r\u00f3zsasz\u00edn, egyedi<\/td>\n<\/tr>\n<tr style=\"height: 13.50pt;\">\n<td style=\"height: 13.5pt; text-align: center;\" height=\"18\">Kerek v\u00e1za<\/td>\n<td style=\"text-align: center;\">70 \u00d7 120 \u00d7 40 mm<\/td>\n<\/tr>\n<tr style=\"height: 13.50pt;\">\n<td style=\"height: 13.5pt; text-align: center;\" height=\"18\">Ov\u00e1lis v\u00e1za<\/td>\n<td style=\"text-align: center;\">106 \u00d7 90 \u00d7 40 mm<\/td>\n<\/tr>\n<\/tbody>\n<\/table>\n<h2>Sikert\u00f6rt\u00e9net<\/h2>\n<p>Az egyik \u00fcgyfel\u00fcnk egy nagy lakberendez\u00e9si \u00e1ruh\u00e1zl\u00e1nc, amely megrendelte zs\u00e1lyaz\u00f6ld text\u00far\u00e1j\u00fa v\u00e1zaszett\u00fcnket, amely 5000 darabot tartalmazott mindk\u00e9t diz\u00e1jnb\u00f3l. Ennek az \u00f6sszehangolt v\u00e1zak\u00e9szletnek az \u00e1tlagos elad\u00e1sa 40 sz\u00e1zal\u00e9kkal n\u0151tt, a v\u00e1z\u00e1k alj\u00e1nak form\u00e1ja stabil maradt az \u00fczletbe t\u00f6rt\u00e9n\u0151 kisz\u00e1ll\u00edt\u00e1s sor\u00e1n, az alja nem volt elt\u00f6rve, a kihelyez\u00e9si ar\u00e1ny pedig 99,9 sz\u00e1zal\u00e9kos volt. Az \u00e1ruh\u00e1zl\u00e1nc hatalmas n\u00e9pszer\u0171s\u00e9ge tov\u00e1bbi 1,2 milli\u00f3 v\u00e1za sz\u00e1ll\u00edt\u00e1s\u00e1t eredm\u00e9nyezte, hogy a k\u00e9t \u00fcnnepi szezon alatt fenntartsuk a keresletet az \u00f6sszes \u00fczletben.<\/p>\n<h2>Testreszab\u00e1si \u00f6tletek az \u00d6n sz\u00e1m\u00e1ra<\/h2>\n<ol>\n<li><strong>Bord\u00e1zott text\u00far\u00e1j\u00fa vari\u00e1ci\u00f3k:<\/strong> Rishi vagy f\u00fcgg\u0151leges bord\u00e1zat r\u00f3zsasz\u00ednben a modern v\u00e1za megjelen\u00e9s\u00e9\u00e9rt.<\/li>\n<li><strong>Szezon\u00e1lis sz\u00edn\u00f6ssze\u00e1ll\u00edt\u00e1s:<\/strong> Ny\u00e1ri esk\u00fcv\u0151kre k\u00e9k \u00e9s feh\u00e9r asztali v\u00e1z\u00e1kat, tavaszi lakberendez\u00e9sre pedig r\u00f3zsasz\u00ednt k\u00edn\u00e1lunk.<\/li>\n<li><strong>Monogrammal ell\u00e1tott inrik\u00e1lok:<\/strong> Alak\u00edtson ki mikroszkopikus aranyf\u00f3lia mint\u00e1kat az \u00fcvegv\u00e1za perem\u00e9be, hogy egyedi aj\u00e1nd\u00e9kokat k\u00e9sz\u00edthessen. Az asztal luxus gomb\u00e1v\u00e1 var\u00e1zsolja a v\u00e1z\u00e1t esk\u00fcv\u0151kre vagy c\u00e9ges rendezv\u00e9nyekre \u2013 ide\u00e1lis nagy t\u00e9telben rendelt vir\u00e1gv\u00e1z\u00e1khoz.<\/li>\n<\/ol>","protected":false},"excerpt":{"rendered":"<p>Dekorat\u00edv \u00fcvegv\u00e1z\u00e1k kollekci\u00f3ja t\u00f6k, k\u00fap \u00e9s henger form\u00e1kkal. A textur\u00e1lt asztali v\u00e1z\u00e1k modern lakberendez\u00e9si kieg\u00e9sz\u00edt\u0151i. Gyors sz\u00e1ll\u00edt\u00e1s nagy t\u00e9telben t\u00f6rt\u00e9n\u0151 rendel\u00e9s eset\u00e9n.<\/p>","protected":false},"featured_media":1416,"template":"","meta":{"site-sidebar-layout":"default","site-content-layout":"","ast-site-content-layout":"default","site-content-style":"default","site-sidebar-style":"default","ast-global-header-display":"","ast-banner-title-visibility":"","ast-main-header-display":"","ast-hfb-above-header-display":"","ast-hfb-below-header-display":"","ast-hfb-mobile-header-display":"","site-post-title":"","ast-breadcrumbs-content":"","ast-featured-img":"","footer-sml-layout":"","theme-transparent-header-meta":"default","adv-header-id-meta":"","stick-header-meta":"","header-above-stick-meta":"","header-main-stick-meta":"","header-below-stick-meta":"","astra-migrate-meta-layouts":"set","ast-page-background-enabled":"default","ast-page-background-meta":{"desktop":{"background-color":"var(--ast-global-color-5)","background-image":"","background-repeat":"repeat","background-position":"center center","background-size":"auto","background-attachment":"scroll","background-type":"","background-media":"","overlay-type":"","overlay-color":"","overlay-opacity":"","overlay-gradient":""},"tablet":{"background-color":"","background-image":"","background-repeat":"repeat","background-position":"center center","background-size":"auto","background-attachment":"scroll","background-type":"","background-media":"","overlay-type":"","overlay-color":"","overlay-opacity":"","overlay-gradient":""},"mobile":{"background-color":"","background-image":"","background-repeat":"repeat","background-position":"center center","background-size":"auto","background-attachment":"scroll","background-type":"","background-media":"","overlay-type":"","overlay-color":"","overlay-opacity":"","overlay-gradient":""}},"ast-content-background-meta":{"desktop":{"background-color":"var(--ast-global-color-4)","background-image":"","background-repeat":"repeat","background-position":"center center","background-size":"auto","background-attachment":"scroll","background-type":"","background-media":"","overlay-type":"","overlay-color":"","overlay-opacity":"","overlay-gradient":""},"tablet":{"background-color":"var(--ast-global-color-4)","background-image":"","background-repeat":"repeat","background-position":"center center","background-size":"auto","background-attachment":"scroll","background-type":"","background-media":"","overlay-type":"","overlay-color":"","overlay-opacity":"","overlay-gradient":""},"mobile":{"background-color":"var(--ast-global-color-4)","background-image":"","background-repeat":"repeat","background-position":"center center","background-size":"auto","background-attachment":"scroll","background-type":"","background-media":"","overlay-type":"","overlay-color":"","overlay-opacity":"","overlay-gradient":""}}},"product_brand":[],"product_cat":[57,21],"product_tag":[],"class_list":{"0":"post-1406","1":"product","2":"type-product","3":"status-publish","4":"has-post-thumbnail","6":"product_cat-glass-vases","7":"product_cat-product","8":"desktop-align-left","9":"tablet-align-left","10":"mobile-align-left","12":"first","13":"instock","14":"shipping-taxable","15":"product-type-simple"},"jetpack_sharing_enabled":true,"_links":{"self":[{"href":"https:\/\/mostebglass.com\/hu\/wp-json\/wp\/v2\/product\/1406","targetHints":{"allow":["GET"]}}],"collection":[{"href":"https:\/\/mostebglass.com\/hu\/wp-json\/wp\/v2\/product"}],"about":[{"href":"https:\/\/mostebglass.com\/hu\/wp-json\/wp\/v2\/types\/product"}],"wp:featuredmedia":[{"embeddable":true,"href":"https:\/\/mostebglass.com\/hu\/wp-json\/wp\/v2\/media\/1416"}],"wp:attachment":[{"href":"https:\/\/mostebglass.com\/hu\/wp-json\/wp\/v2\/media?parent=1406"}],"wp:term":[{"taxonomy":"product_brand","embeddable":true,"href":"https:\/\/mostebglass.com\/hu\/wp-json\/wp\/v2\/product_brand?post=1406"},{"taxonomy":"product_cat","embeddable":true,"href":"https:\/\/mostebglass.com\/hu\/wp-json\/wp\/v2\/product_cat?post=1406"},{"taxonomy":"product_tag","embeddable":true,"href":"https:\/\/mostebglass.com\/hu\/wp-json\/wp\/v2\/product_tag?post=1406"}],"curies":[{"name":"wp","href":"https:\/\/api.w.org\/{rel}","templated":true}]}}