{"id":1523,"date":"2025-09-09T16:20:01","date_gmt":"2025-09-09T08:20:01","guid":{"rendered":"https:\/\/mostebglass.com\/?post_type=product&#038;p=1523"},"modified":"2026-03-23T14:03:42","modified_gmt":"2026-03-23T06:03:42","slug":"nagykereskedelmi-uveg-viragvazak-stilusos-hullamos-hatassal","status":"publish","type":"product","link":"https:\/\/mostebglass.com\/hu\/wholesale-glass-flower-vases-with-stylish-ripple-effect\/","title":{"rendered":"Nagykereskedelmi \u00fcveg vir\u00e1gv\u00e1z\u00e1k st\u00edlusos hull\u00e1mhat\u00e1ssal"},"content":{"rendered":"<p>Ezek az \u00fcveg vir\u00e1gv\u00e1z\u00e1k k\u00fcl\u00f6nleges hull\u00e1mform\u00e1val rendelkeznek, \u00e9s \u00e1tl\u00e1tsz\u00f3 \u00fcvegb\u0151l k\u00e9sz\u00fcltek. R\u00f6vid, z\u00f6m\u00f6k test\u00fckkel \u00e9s v\u00e9kony nyakukkal t\u00f6bbc\u00e9l\u00faak, \u00edgy legink\u00e1bb egyetlen vir\u00e1g vagy kisebb vir\u00e1gkompoz\u00edci\u00f3k bemutat\u00e1s\u00e1ra alkalmasak.<\/p>\n<h2>Term\u00e9kjellemz\u0151k<\/h2>\n<ul>\n<li><strong>Hull\u00e1mos minta:<\/strong> M\u00e9g \u00fcresen is a hull\u00e1mos fel\u00fclet f\u00e9nyt kap \u00e9s vizu\u00e1lis m\u00e9lys\u00e9get ad.<\/li>\n<li><strong>Keskeny nyak \u00e9s keskeny sz\u00e1j:<\/strong> T\u00f6k\u00e9letes egyetlen vir\u00e1ghoz vagy s\u0171r\u0171 csokrokhoz, egy csipetnyi k\u00e9zm\u0171vess\u00e9get k\u00f6lcs\u00f6n\u00f6z a vir\u00e1gkompoz\u00edci\u00f3nak.<\/li>\n<li><strong>Pr\u00e9mium \u00e1tl\u00e1tsz\u00f3 \u00fcveg:<\/strong> A vastag, tart\u00f3s \u00fcveg luxus \u00e9rzetet kelt, \u00e9s t\u00f6r\u00e9s\u00e1ll\u00f3.<\/li>\n<\/ul>\n<h2>F\u0151bb specifik\u00e1ci\u00f3k<\/h2>\n<table style=\"border-collapse: collapse; margin-left: auto; margin-right: auto; width: 485.27pt;\" border=\"0\" width=\"647\" cellspacing=\"0\" cellpadding=\"0\">\n<tbody>\n<tr style=\"height: 13.50pt;\">\n<td style=\"height: 13.50pt; width: 107.25pt;\" width=\"143\" height=\"18\">Jellemz\u0151<\/td>\n<td style=\"width: 378.00pt;\" width=\"504\">Specifik\u00e1ci\u00f3<\/td>\n<\/tr>\n<tr style=\"height: 13.50pt;\">\n<td style=\"height: 13.50pt;\" height=\"18\">Magass\u00e1g<\/td>\n<td>130 mm<\/td>\n<\/tr>\n<tr style=\"height: 13.50pt;\">\n<td style=\"height: 13.50pt;\" height=\"18\">Alap\u00e1tm\u00e9r\u0151<\/td>\n<td>110 mm<\/td>\n<\/tr>\n<tr style=\"height: 13.50pt;\">\n<td style=\"height: 13.50pt;\" height=\"18\">Nyak st\u00edlusa<\/td>\n<td>Karcs\u00fa, k\u00fapos<\/td>\n<\/tr>\n<tr style=\"height: 13.50pt;\">\n<td style=\"height: 13.50pt;\" height=\"18\">Sz\u00e1jnyit\u00e1s<\/td>\n<td>Kicsi (r\u00fcgybar\u00e1t)<\/td>\n<\/tr>\n<tr style=\"height: 13.50pt;\">\n<td style=\"height: 13.50pt;\" height=\"18\">Anyag<\/td>\n<td>Kiv\u00e1l\u00f3 min\u0151s\u00e9g\u0171 \u00fcveg<\/td>\n<\/tr>\n<tr style=\"height: 13.50pt;\">\n<td style=\"height: 13.50pt;\" height=\"18\">Befejez\u00e9s<\/td>\n<td>Textur\u00e1lt (hull\u00e1mminta)<\/td>\n<\/tr>\n<tr style=\"height: 13.50pt;\">\n<td style=\"height: 13.50pt;\" height=\"18\">Sz\u00ednbe\u00e1ll\u00edt\u00e1sok<\/td>\n<td>\u00c1tl\u00e1tsz\u00f3 vagy egyedi sz\u00ednez\u00e9s<\/td>\n<\/tr>\n<tr style=\"height: 13.50pt;\">\n<td style=\"height: 13.50pt;\" height=\"18\">Ide\u00e1lis<\/td>\n<td>R\u00fcgyv\u00e1z\u00e1k, vir\u00e1gd\u00edszek, lakberendez\u00e9si t\u00e1rgyak, vir\u00e1gtart\u00f3k<\/td>\n<\/tr>\n<\/tbody>\n<\/table>\n<h2>Sikert\u00f6rt\u00e9net<\/h2>\n<p>A kis, alacsony profil\u00fa, textur\u00e1lt v\u00e1z\u00e1nk egy skandin\u00e1v \u00e9letm\u00f3dm\u00e1rka tagja lett. Testreszab\u00e1si folyamatot v\u00e9gezt\u00fcnk, hogy illeszkedjen a m\u00e1rk\u00e1juk term\u00e9szetes megjelen\u00e9s\u00e9hez: az eredeti anyagot, ami \u00e1tl\u00e1tsz\u00f3 \u00fcveg volt, egy sokkal \u00e1tl\u00e1tsz\u00f3bb, meleg t\u00f3nus\u00fa anyagra cser\u00e9lt\u00fck, amely megk\u00f6nny\u00edti az egyik sz\u00e1r egyenes tart\u00e1s\u00e1t an\u00e9lk\u00fcl, hogy d\u0151lni kellene; a v\u00e1z\u00e1k test\u00e9nek text\u00far\u00e1j\u00e1t enyh\u00e9n szab\u00e1lytalan \u00e9s finom hull\u00e1mmint\u00e1ra alak\u00edtottuk \u00e1t: ez k\u00e9zzel k\u00e9sz\u00edtett t\u00e1rgy megjelen\u00e9s\u00e9t k\u00f6lcs\u00f6n\u00f6zte; \u00e9s a perem sz\u00f6g\u00e9t is \u00fagy alak\u00edtottuk \u00e1t, hogy k\u00f6nnyen lehessen egyetlen sz\u00e1rat f\u00fcgg\u0151legesen elhelyezni an\u00e9lk\u00fcl, hogy megd\u0151lne.<\/p>\n<p>A term\u00e9k bevezet\u00e9se ut\u00e1n hat h\u00e9ttel az elad\u00e1sok mintegy 49 sz\u00e1zal\u00e9kos n\u00f6veked\u00e9s\u00e9r\u0151l sz\u00e1molt be. Miut\u00e1n az els\u0151 t\u00e9tel teljesen elkelt, a term\u00e9ket m\u00e9g k\u00e9tszer \u00fajrarendelt\u00e9k, \u00e9s nagy forgalm\u00fa alapterm\u00e9kk\u00e9 v\u00e1lt, amelyet rendszeresen \u00fajra kellett t\u00f6lteni a kiskereskedelmi \u00fczletekben.<\/p>\n<h2>Hogyan szabhatod testre a vir\u00e1gv\u00e1z\u00e1idat?<\/h2>\n<ul>\n<li>\u00c1ll\u00edtsd be a hull\u00e1mok m\u00e9lys\u00e9g\u00e9t \u2013 a m\u00e9lyebb fodroz\u00f3d\u00e1sok dr\u00e1mai hat\u00e1st keltenek, a vil\u00e1gosabb r\u00e9szek pedig l\u00e1gyak maradnak.<\/li>\n<li>A Tint the Glass \u2013 Smokey Gray hangulatos eleganci\u00e1t k\u00f6lcs\u00f6n\u00f6z, m\u00edg a l\u00e1gy z\u00f6ld term\u00e9szetes \u00e9lm\u00e9nyt ny\u00fajt.<\/li>\n<li>\u00c1ll\u00edtsd be a nyak hossz\u00e1t \u2013 a hosszabb emberek j\u00e1tszanak, m\u00edg az alacsonyabbak kisebb helyekre alkalmasabbak.<\/li>\n<\/ul>\n<p>Ezek nem csak egyszer\u0171 d\u00edsz\u00edt\u00e9sek, hanem egyszer\u0171 \u00fcveged\u00e9nyeket is k\u00e9pesek ikonikus lakberendez\u00e9si t\u00e1rgyakk\u00e1 var\u00e1zsolni.<\/p>","protected":false},"excerpt":{"rendered":"<p data-pm-slice=\"1 1 []\">Eleg\u00e1ns vir\u00e1gv\u00e1z\u00e1k nagy tisztas\u00e1g\u00fa \u00fcvegb\u0151l. A hull\u00e1mos dombornyom\u00e1s\u00fa textur\u00e1lt \u00fcveg vir\u00e1gv\u00e1z\u00e1k vintage b\u00e1jt k\u00f6lcs\u00f6n\u00f6znek a modern otthoni dekor\u00e1ci\u00f3nak. Ingyenes mint\u00e1k.<\/p>","protected":false},"featured_media":4869,"template":"","meta":{"site-sidebar-layout":"default","site-content-layout":"","ast-site-content-layout":"default","site-content-style":"default","site-sidebar-style":"default","ast-global-header-display":"","ast-banner-title-visibility":"","ast-main-header-display":"","ast-hfb-above-header-display":"","ast-hfb-below-header-display":"","ast-hfb-mobile-header-display":"","site-post-title":"","ast-breadcrumbs-content":"","ast-featured-img":"","footer-sml-layout":"","theme-transparent-header-meta":"default","adv-header-id-meta":"","stick-header-meta":"","header-above-stick-meta":"","header-main-stick-meta":"","header-below-stick-meta":"","astra-migrate-meta-layouts":"set","ast-page-background-enabled":"default","ast-page-background-meta":{"desktop":{"background-color":"var(--ast-global-color-5)","background-image":"","background-repeat":"repeat","background-position":"center center","background-size":"auto","background-attachment":"scroll","background-type":"","background-media":"","overlay-type":"","overlay-color":"","overlay-opacity":"","overlay-gradient":""},"tablet":{"background-color":"","background-image":"","background-repeat":"repeat","background-position":"center center","background-size":"auto","background-attachment":"scroll","background-type":"","background-media":"","overlay-type":"","overlay-color":"","overlay-opacity":"","overlay-gradient":""},"mobile":{"background-color":"","background-image":"","background-repeat":"repeat","background-position":"center center","background-size":"auto","background-attachment":"scroll","background-type":"","background-media":"","overlay-type":"","overlay-color":"","overlay-opacity":"","overlay-gradient":""}},"ast-content-background-meta":{"desktop":{"background-color":"var(--ast-global-color-4)","background-image":"","background-repeat":"repeat","background-position":"center center","background-size":"auto","background-attachment":"scroll","background-type":"","background-media":"","overlay-type":"","overlay-color":"","overlay-opacity":"","overlay-gradient":""},"tablet":{"background-color":"var(--ast-global-color-4)","background-image":"","background-repeat":"repeat","background-position":"center center","background-size":"auto","background-attachment":"scroll","background-type":"","background-media":"","overlay-type":"","overlay-color":"","overlay-opacity":"","overlay-gradient":""},"mobile":{"background-color":"var(--ast-global-color-4)","background-image":"","background-repeat":"repeat","background-position":"center center","background-size":"auto","background-attachment":"scroll","background-type":"","background-media":"","overlay-type":"","overlay-color":"","overlay-opacity":"","overlay-gradient":""}}},"product_brand":[],"product_cat":[57,21],"product_tag":[],"class_list":{"0":"post-1523","1":"product","2":"type-product","3":"status-publish","4":"has-post-thumbnail","6":"product_cat-glass-vases","7":"product_cat-product","8":"desktop-align-left","9":"tablet-align-left","10":"mobile-align-left","12":"first","13":"instock","14":"shipping-taxable","15":"product-type-simple"},"jetpack_sharing_enabled":true,"_links":{"self":[{"href":"https:\/\/mostebglass.com\/hu\/wp-json\/wp\/v2\/product\/1523","targetHints":{"allow":["GET"]}}],"collection":[{"href":"https:\/\/mostebglass.com\/hu\/wp-json\/wp\/v2\/product"}],"about":[{"href":"https:\/\/mostebglass.com\/hu\/wp-json\/wp\/v2\/types\/product"}],"wp:featuredmedia":[{"embeddable":true,"href":"https:\/\/mostebglass.com\/hu\/wp-json\/wp\/v2\/media\/4869"}],"wp:attachment":[{"href":"https:\/\/mostebglass.com\/hu\/wp-json\/wp\/v2\/media?parent=1523"}],"wp:term":[{"taxonomy":"product_brand","embeddable":true,"href":"https:\/\/mostebglass.com\/hu\/wp-json\/wp\/v2\/product_brand?post=1523"},{"taxonomy":"product_cat","embeddable":true,"href":"https:\/\/mostebglass.com\/hu\/wp-json\/wp\/v2\/product_cat?post=1523"},{"taxonomy":"product_tag","embeddable":true,"href":"https:\/\/mostebglass.com\/hu\/wp-json\/wp\/v2\/product_tag?post=1523"}],"curies":[{"name":"wp","href":"https:\/\/api.w.org\/{rel}","templated":true}]}}