{"id":1621,"date":"2025-09-11T11:39:16","date_gmt":"2025-09-11T03:39:16","guid":{"rendered":"https:\/\/mostebglass.com\/?post_type=product&#038;p=1621"},"modified":"2026-03-10T14:22:20","modified_gmt":"2026-03-10T06:22:20","slug":"clear-flower-bud-vases-with-thick-base-bulk","status":"publish","type":"product","link":"https:\/\/mostebglass.com\/hu\/clear-flower-bud-vases-with-thick-base-bulk\/","title":{"rendered":"\u00c1tl\u00e1tsz\u00f3 vir\u00e1gr\u00fcgy v\u00e1z\u00e1k vastag talppal, \u00f6mlesztett"},"content":{"rendered":"<p>Ezek a vir\u00e1gbimb\u00f3s v\u00e1z\u00e1k letisztult, letisztult kialak\u00edt\u00e1s\u00faak, \u00e9s h\u00e1rom k\u00fcl\u00f6nb\u00f6z\u0151 form\u00e1ban kaphat\u00f3k: kerek, trap\u00e9z \u00e9s g\u00f6mb alak\u00faak, krist\u00e1lytiszta \u00fcvegb\u0151l, massz\u00edv \u00e9s vastag\u00edtott aljjal.<\/p>\n<h2>Term\u00e9kjellemz\u0151k<\/h2>\n<ul>\n<li><strong>Nagy \u00e1tl\u00e1tsz\u00f3s\u00e1g\u00fa \u00fcveg anyag:<\/strong> Nagy tisztas\u00e1g\u00fa, \u00e1tl\u00e1tsz\u00f3 \u00fcvegb\u0151l \u00e1ll, amely nagyfok\u00fa \u00e1tl\u00e1tsz\u00f3s\u00e1ggal rendelkezik, \u00e9s k\u00f6nnyed, l\u00e9gies mint\u00e1zatban mutatja be a vir\u00e1gokat vagy a benne l\u00e9v\u0151 folyad\u00e9kot.<\/li>\n<li><strong>T\u00f6bbf\u00e9le alakzat:<\/strong> H\u00e1rom k\u00fcl\u00f6nb\u00f6z\u0151 forma l\u00e9tezik; lekerek\u00edtett \u00e9s vaskos, trap\u00e9z \u00e9s lekerek\u00edtett form\u00e1k, \u00e9s k\u00fcl\u00f6n-k\u00fcl\u00f6n vagy egy\u00fcttesen is haszn\u00e1lhat\u00f3k, hogy a t\u00e9rdekor\u00e1ci\u00f3s ig\u00e9nyek sz\u00e9les sk\u00e1l\u00e1j\u00e1hoz illeszkedjenek.<\/li>\n<li><strong>Vastag\u00edtott alapkialak\u00edt\u00e1s:<\/strong> Ez\u00e1ltal stabilit\u00e1st biztos\u00edt a palacknak, emellett a palack text\u00far\u00e1ja \u00e9s tart\u00f3ss\u00e1ga is javul.<\/li>\n<\/ul>\n<h2><strong data-spm-anchor-id=\"5176.28103460.0.i16.29ab2e31arMQTt\">F\u0151bb specifik\u00e1ci\u00f3k<\/strong><\/h2>\n<table style=\"border-collapse: collapse; width: 80%; margin-left: auto; margin-right: auto;\" border=\"0\" width=\"216\" cellspacing=\"0\" cellpadding=\"0\">\n<tbody>\n<tr style=\"height: 13.50pt;\">\n<td style=\"height: 13.5pt; width: 54pt; text-align: center;\" width=\"72\" height=\"18\">St\u00edlus<\/td>\n<td style=\"width: 54pt; text-align: center;\" width=\"72\">M\u00e9retek<\/td>\n<td style=\"width: 54pt; text-align: center;\" width=\"72\">Sz\u00ednbe\u00e1ll\u00edt\u00e1sok<\/td>\n<\/tr>\n<tr style=\"height: 13.50pt;\">\n<td style=\"height: 13.5pt; text-align: center;\" height=\"18\">Kis hasv\u00e1za<\/td>\n<td style=\"text-align: center;\">50 \u00d7 68 \u00d7 28 mm<\/td>\n<td class=\"et2\" style=\"text-align: center;\" rowspan=\"3\">Tiszta vagy egy\u00e9ni<\/td>\n<\/tr>\n<tr style=\"height: 13.50pt;\">\n<td style=\"height: 13.5pt; text-align: center;\" height=\"18\">K\u00f6zepes jurta v\u00e1za<\/td>\n<td style=\"text-align: center;\">70 \u00d7 76 \u00d7 33 mm<\/td>\n<\/tr>\n<tr style=\"height: 13.50pt;\">\n<td style=\"height: 13.5pt; text-align: center;\" height=\"18\">Nagy hasv\u00e1za<\/td>\n<td style=\"text-align: center;\">67 \u00d7 100 \u00d7 45 mm<\/td>\n<\/tr>\n<\/tbody>\n<\/table>\n<h2>Sikert\u00f6rt\u00e9net: Egy multinacion\u00e1lis sz\u00e1llodal\u00e1nc szabv\u00e1nyos\u00edt\u00e1sa<\/h2>\n<p>Egy nemzetk\u00f6zi sz\u00e1llodal\u00e1nc rendelte meg t\u0151l\u00fcnk a h\u00e1rom darabos \u00e1tl\u00e1tsz\u00f3 \u00fcvegv\u00e1za-k\u00e9szletet, egyszerre 20 000 darabot rendelve bel\u0151le. A massz\u00edv alap 95 sz\u00e1zal\u00e9kkal minimaliz\u00e1lta a napi takar\u00edt\u00e1ssal j\u00e1r\u00f3 k\u00e1rokat. Az \u00e1tl\u00e1tsz\u00f3 v\u00e1za b\u00e1rmilyen lakberendez\u00e9si st\u00edlushoz illik, 70 sz\u00e1zal\u00e9kkal cs\u00f6kkentve m\u00e1s m\u00e1rk\u00e1k haszn\u00e1lat\u00e1t. A sz\u00e1lloda t\u00f6bb mint el\u00e9gedett volt, \u00e9s tov\u00e1bbi 500 000 v\u00e1z\u00e1t rendelt a k\u00f6vetkez\u0151 10 \u00e9vben elv\u00e9gzend\u0151 fel\u00faj\u00edt\u00e1sokra \u00e9s b\u0151v\u00edt\u00e9sekre.<\/p>\n<h2>\u00dcvegv\u00e1z\u00e1k t\u00f6meges testreszab\u00e1si alternat\u00edv\u00e1i<\/h2>\n<ul>\n<li>Alap r\u00e9szletei: A s\u00falyozott alap alj\u00e1ra halv\u00e1ny s\u00fcllyesztett gy\u0171r\u0171 vagy ferde r\u00e9sz hozz\u00e1ad\u00e1s\u00e1val vonz\u00f3bb\u00e1 tehet\u0151 a diz\u00e1jn.<\/li>\n<li>Nyakvari\u00e1ci\u00f3k: A k\u00fcl\u00f6nb\u00f6z\u0151 alak\u00fa nyakak kisz\u00e9lesed\u0151 vagy magas nyak\u00e1n v\u00e9grehajtott apr\u00f3 v\u00e1ltoztat\u00e1sok elt\u00e9r\u0151 szint\u0171 sz\u00e1rt\u00e1maszt\u00e1st biztos\u00edtanak.<\/li>\n<li>\u00d6sszeszerel\u00e9si lehet\u0151s\u00e9gek: Katal\u00f3gusunkban t\u00f6bb lehet\u0151s\u00e9gnek kellene szerepelnie, ahol az \u00fcgyfelek testre szabhatj\u00e1k a h\u00e1romr\u00e9szes szettet.<\/li>\n<\/ul>","protected":false},"excerpt":{"rendered":"<p>Krist\u00e1lytiszta \u00fcvegb\u0151l k\u00e9sz\u00fclt, vastag talp\u00fa, \u00e1tl\u00e1tsz\u00f3 vir\u00e1gbimb\u00f3v\u00e1z\u00e1k. Tart\u00f3s, nagy kiszerel\u00e9sben kaphat\u00f3 \u00fcvegv\u00e1z\u00e1k, amelyek t\u00f6k\u00e9letesek vir\u00e1g\u00fczletekbe \u00e9s rendezv\u00e9nydekor\u00e1ci\u00f3ba. Gyors sz\u00e1ll\u00edt\u00e1s.<\/p>","protected":false},"featured_media":1623,"template":"","meta":{"site-sidebar-layout":"default","site-content-layout":"","ast-site-content-layout":"default","site-content-style":"default","site-sidebar-style":"default","ast-global-header-display":"","ast-banner-title-visibility":"","ast-main-header-display":"","ast-hfb-above-header-display":"","ast-hfb-below-header-display":"","ast-hfb-mobile-header-display":"","site-post-title":"","ast-breadcrumbs-content":"","ast-featured-img":"","footer-sml-layout":"","theme-transparent-header-meta":"default","adv-header-id-meta":"","stick-header-meta":"","header-above-stick-meta":"","header-main-stick-meta":"","header-below-stick-meta":"","astra-migrate-meta-layouts":"set","ast-page-background-enabled":"default","ast-page-background-meta":{"desktop":{"background-color":"var(--ast-global-color-5)","background-image":"","background-repeat":"repeat","background-position":"center center","background-size":"auto","background-attachment":"scroll","background-type":"","background-media":"","overlay-type":"","overlay-color":"","overlay-opacity":"","overlay-gradient":""},"tablet":{"background-color":"","background-image":"","background-repeat":"repeat","background-position":"center center","background-size":"auto","background-attachment":"scroll","background-type":"","background-media":"","overlay-type":"","overlay-color":"","overlay-opacity":"","overlay-gradient":""},"mobile":{"background-color":"","background-image":"","background-repeat":"repeat","background-position":"center center","background-size":"auto","background-attachment":"scroll","background-type":"","background-media":"","overlay-type":"","overlay-color":"","overlay-opacity":"","overlay-gradient":""}},"ast-content-background-meta":{"desktop":{"background-color":"var(--ast-global-color-4)","background-image":"","background-repeat":"repeat","background-position":"center center","background-size":"auto","background-attachment":"scroll","background-type":"","background-media":"","overlay-type":"","overlay-color":"","overlay-opacity":"","overlay-gradient":""},"tablet":{"background-color":"var(--ast-global-color-4)","background-image":"","background-repeat":"repeat","background-position":"center center","background-size":"auto","background-attachment":"scroll","background-type":"","background-media":"","overlay-type":"","overlay-color":"","overlay-opacity":"","overlay-gradient":""},"mobile":{"background-color":"var(--ast-global-color-4)","background-image":"","background-repeat":"repeat","background-position":"center center","background-size":"auto","background-attachment":"scroll","background-type":"","background-media":"","overlay-type":"","overlay-color":"","overlay-opacity":"","overlay-gradient":""}}},"product_brand":[],"product_cat":[57,21],"product_tag":[],"class_list":{"0":"post-1621","1":"product","2":"type-product","3":"status-publish","4":"has-post-thumbnail","6":"product_cat-glass-vases","7":"product_cat-product","8":"desktop-align-left","9":"tablet-align-left","10":"mobile-align-left","12":"first","13":"instock","14":"shipping-taxable","15":"product-type-simple"},"jetpack_sharing_enabled":true,"_links":{"self":[{"href":"https:\/\/mostebglass.com\/hu\/wp-json\/wp\/v2\/product\/1621","targetHints":{"allow":["GET"]}}],"collection":[{"href":"https:\/\/mostebglass.com\/hu\/wp-json\/wp\/v2\/product"}],"about":[{"href":"https:\/\/mostebglass.com\/hu\/wp-json\/wp\/v2\/types\/product"}],"wp:featuredmedia":[{"embeddable":true,"href":"https:\/\/mostebglass.com\/hu\/wp-json\/wp\/v2\/media\/1623"}],"wp:attachment":[{"href":"https:\/\/mostebglass.com\/hu\/wp-json\/wp\/v2\/media?parent=1621"}],"wp:term":[{"taxonomy":"product_brand","embeddable":true,"href":"https:\/\/mostebglass.com\/hu\/wp-json\/wp\/v2\/product_brand?post=1621"},{"taxonomy":"product_cat","embeddable":true,"href":"https:\/\/mostebglass.com\/hu\/wp-json\/wp\/v2\/product_cat?post=1621"},{"taxonomy":"product_tag","embeddable":true,"href":"https:\/\/mostebglass.com\/hu\/wp-json\/wp\/v2\/product_tag?post=1621"}],"curies":[{"name":"wp","href":"https:\/\/api.w.org\/{rel}","templated":true}]}}