{"id":1761,"date":"2025-09-12T18:06:26","date_gmt":"2025-09-12T10:06:26","guid":{"rendered":"https:\/\/mostebglass.com\/?post_type=product&#038;p=1761"},"modified":"2026-03-03T16:42:27","modified_gmt":"2026-03-03T08:42:27","slug":"clear-apothecary-style-glass-vases-bulk","status":"publish","type":"product","link":"https:\/\/mostebglass.com\/hu\/clear-apothecary-style-glass-vases-bulk\/","title":{"rendered":"\u00c1tl\u00e1tsz\u00f3 patikus st\u00edlus\u00fa \u00fcvegv\u00e1z\u00e1k t\u00f6megesen"},"content":{"rendered":"<p>Ezek a patikus r\u00fcgyv\u00e1z\u00e1k ultratiszta, vastag\u00edtott \u00fcvegb\u0151l k\u00e9sz\u00fcltek, t\u00f6m\u00f6r talppal \u00e9s sima, sz\u00e9les nyakkal.<\/p>\n<h2>Term\u00e9kjellemz\u0151k<\/h2>\n<ul>\n<li><strong>A nagy pontoss\u00e1g\u00fa vastag\u00edtott \u00fcveg:<\/strong> Az ilyen t\u00edpus\u00fa v\u00e1z\u00e1kat nagy \u00e1tl\u00e1tsz\u00f3s\u00e1g\u00fa \u00e9s vastag\u00edtott \u00fcvegb\u0151l k\u00e9sz\u00edtik, \u00edgy \u00e1tl\u00e1tsz\u00f3s\u00e1guk kiv\u00e1l\u00f3, valamint tart\u00f3sabbak \u00e9s szil\u00e1rdabbak is.<\/li>\n<li><strong>Kett\u0151s m\u00e9ret\u0171 kialak\u00edt\u00e1s:<\/strong> K\u00e9t m\u00e9retben kaphat\u00f3, \u00edgy a rendelkez\u00e9sre \u00e1ll\u00f3 vir\u00e1ganyagokt\u00f3l \u00e9s a helyig\u00e9nyt\u0151l f\u00fcgg\u0151en k\u00fcl\u00f6nb\u00f6z\u0151 m\u00f3don rendezhet\u0151 \u00e9s helyezhet\u0151 el.<\/li>\n<li><strong>T\u00f6bbc\u00e9l\u00fa alkalmazkod\u00f3k\u00e9pess\u00e9g:<\/strong> Ezek a v\u00e1z\u00e1k otthoni, irodai \u00e9s ki\u00e1ll\u00edt\u00e1si k\u00f6rnyezetben egyar\u00e1nt alkalmazhat\u00f3k, mivel csokrok vagy folyad\u00e9kok bemutat\u00e1s\u00e1ra szolg\u00e1lnak.<\/li>\n<\/ul>\n<h3><strong data-spm-anchor-id=\"5176.28103460.0.i15.29ab2e31VyCSpX\">F\u0151bb specifik\u00e1ci\u00f3k<\/strong><\/h3>\n<table style=\"border-collapse: collapse; width: 80%; margin-left: auto; margin-right: auto;\" border=\"0\" width=\"216\" cellspacing=\"0\" cellpadding=\"0\">\n<tbody>\n<tr style=\"height: 13.50pt;\">\n<td style=\"height: 13.50pt; width: 54.00pt;\" width=\"72\" height=\"18\">\n<p style=\"text-align: center;\">St\u00edlus<\/p>\n<\/td>\n<td style=\"width: 54pt; text-align: center;\" width=\"72\">M\u00e9retek<\/td>\n<td style=\"width: 54pt; text-align: center;\" width=\"72\">Sz\u00ednbe\u00e1ll\u00edt\u00e1sok<\/td>\n<\/tr>\n<tr style=\"height: 13.50pt;\">\n<td style=\"height: 13.5pt; text-align: center;\" height=\"18\">R\u00f6vid has\u00fa v\u00e1za<\/td>\n<td style=\"text-align: center;\">51 x 70 x 28 mm<\/td>\n<td class=\"et2\" style=\"text-align: center;\" rowspan=\"2\">Egyedi, \u00c1tl\u00e1tsz\u00f3<\/td>\n<\/tr>\n<tr style=\"height: 13.50pt;\">\n<td style=\"height: 13.5pt; text-align: center;\" height=\"18\">Magas has\u00fa v\u00e1za<\/td>\n<td style=\"text-align: center;\">60 \u00d7 132 \u00d7 38 mm<\/td>\n<\/tr>\n<\/tbody>\n<\/table>\n<h2>Sikert\u00f6rt\u00e9net<\/h2>\n<p>Az egyik ismert sv\u00e9d lakberendez\u00e9si m\u00e1rka rendelte meg a patikai v\u00e1z\u00e1nak tervezett \u00fcvegb\u0151l k\u00e9sz\u00fclt, vastag \u00e9s lapos sz\u00e1j\u00fa v\u00e1z\u00e1inkat. A letisztult vonalak 52%-kal fokozt\u00e1k a megjelen\u00edt\u00e9si hat\u00e1st, a v\u00e1z\u00e1k sokoldal\u00fas\u00e1ga pedig \u2013 legyen sz\u00f3 ak\u00e1r egyetlen sz\u00e1r, sz\u00e1r\u00edtott vir\u00e1g vagy ak\u00e1r folyad\u00e9k \u2013 41%-kal n\u00f6velte a v\u00e1s\u00e1rl\u00f3k v\u00e1s\u00e1rl\u00e1si ar\u00e1ny\u00e1t. Ezt a piaci teljes\u00edtm\u00e9nyt figyelembe v\u00e9ve a m\u00e1rka tov\u00e1bbi 370 000 v\u00e1z\u00e1b\u00f3l \u00e1ll\u00f3 t\u00e9telt rendelt, hogy n\u00f6velje k\u00edn\u00e1lat\u00e1t a glob\u00e1lis nagykereskedelmi piacon.<\/p>\n<h2><a href=\"https:\/\/mostebglass.com\/hu\/uveg-gyertya-uvegek\/\"><img fetchpriority=\"high\" decoding=\"async\" class=\"wp-image-4184 aligncenter\" src=\"https:\/\/mostebglass.com\/wp-content\/uploads\/2025\/09\/glass-vases-bulk-with-reed.webp\" alt=\"\u00fcvegv\u00e1z\u00e1k \u00f6mlesztett\" width=\"500\" height=\"386\" srcset=\"https:\/\/mostebglass.com\/wp-content\/uploads\/2025\/09\/glass-vases-bulk-with-reed.webp 1024w, https:\/\/mostebglass.com\/wp-content\/uploads\/2025\/09\/glass-vases-bulk-with-reed-768x593.webp 768w, https:\/\/mostebglass.com\/wp-content\/uploads\/2025\/09\/glass-vases-bulk-with-reed-16x12.webp 16w, https:\/\/mostebglass.com\/wp-content\/uploads\/2025\/09\/glass-vases-bulk-with-reed-600x463.webp 600w\" sizes=\"(max-width: 500px) 100vw, 500px\" \/><\/a>\u00dcvegv\u00e1z\u00e1k testreszab\u00e1sa t\u00f6megesen<\/h2>\n<ol>\n<li><strong>Bloom-specifikus v\u00e1zaszett: <\/strong>P\u00e1ros\u00edtsd az \u00fcveganyagokat a vir\u00e1gt\u00edpusok szerint: R\u00fcgyes v\u00e1za a vir\u00e1gr\u00fcgyekhez, magas has a vir\u00e1gd\u00edszekhez. P\u00e9lda: K\u00e9k \u00e9s feh\u00e9r \u00fcvegv\u00e1z\u00e1k liliommal esk\u00fcv\u0151i \u00f6lt\u00f6nyh\u00f6z.<\/li>\n<li><strong>\u00dcnnepi limit\u00e1lt kiad\u00e1s: <\/strong>A kar\u00e1csonyi szezon\u00e1lis \u00fcvegv\u00e1z\u00e1k t\u00f6megesen feh\u00e9rek, h\u00e1laad\u00e1sra zs\u00e1ly\u00e1sak.<\/li>\n<\/ol>","protected":false},"excerpt":{"rendered":"<p>Patika st\u00edlus\u00fa \u00fcvegv\u00e1z\u00e1k vastag talppal \u00e9s sz\u00e9les sz\u00e1jjal. Krist\u00e1lytiszta \u00fcvegv\u00e1z\u00e1k vir\u00e1g- vagy folyad\u00e9kmegjelen\u00edt\u00e9shez. Gyors sz\u00e1ll\u00edt\u00e1s \u00e9s t\u00e1mogat\u00e1s.<\/p>","protected":false},"featured_media":2721,"template":"","meta":{"site-sidebar-layout":"default","site-content-layout":"","ast-site-content-layout":"default","site-content-style":"default","site-sidebar-style":"default","ast-global-header-display":"","ast-banner-title-visibility":"","ast-main-header-display":"","ast-hfb-above-header-display":"","ast-hfb-below-header-display":"","ast-hfb-mobile-header-display":"","site-post-title":"","ast-breadcrumbs-content":"","ast-featured-img":"","footer-sml-layout":"","theme-transparent-header-meta":"default","adv-header-id-meta":"","stick-header-meta":"","header-above-stick-meta":"","header-main-stick-meta":"","header-below-stick-meta":"","astra-migrate-meta-layouts":"set","ast-page-background-enabled":"default","ast-page-background-meta":{"desktop":{"background-color":"var(--ast-global-color-5)","background-image":"","background-repeat":"repeat","background-position":"center center","background-size":"auto","background-attachment":"scroll","background-type":"","background-media":"","overlay-type":"","overlay-color":"","overlay-opacity":"","overlay-gradient":""},"tablet":{"background-color":"","background-image":"","background-repeat":"repeat","background-position":"center center","background-size":"auto","background-attachment":"scroll","background-type":"","background-media":"","overlay-type":"","overlay-color":"","overlay-opacity":"","overlay-gradient":""},"mobile":{"background-color":"","background-image":"","background-repeat":"repeat","background-position":"center center","background-size":"auto","background-attachment":"scroll","background-type":"","background-media":"","overlay-type":"","overlay-color":"","overlay-opacity":"","overlay-gradient":""}},"ast-content-background-meta":{"desktop":{"background-color":"var(--ast-global-color-4)","background-image":"","background-repeat":"repeat","background-position":"center center","background-size":"auto","background-attachment":"scroll","background-type":"","background-media":"","overlay-type":"","overlay-color":"","overlay-opacity":"","overlay-gradient":""},"tablet":{"background-color":"var(--ast-global-color-4)","background-image":"","background-repeat":"repeat","background-position":"center center","background-size":"auto","background-attachment":"scroll","background-type":"","background-media":"","overlay-type":"","overlay-color":"","overlay-opacity":"","overlay-gradient":""},"mobile":{"background-color":"var(--ast-global-color-4)","background-image":"","background-repeat":"repeat","background-position":"center center","background-size":"auto","background-attachment":"scroll","background-type":"","background-media":"","overlay-type":"","overlay-color":"","overlay-opacity":"","overlay-gradient":""}}},"product_brand":[],"product_cat":[21,57],"product_tag":[],"class_list":{"0":"post-1761","1":"product","2":"type-product","3":"status-publish","4":"has-post-thumbnail","6":"product_cat-product","7":"product_cat-glass-vases","8":"desktop-align-left","9":"tablet-align-left","10":"mobile-align-left","12":"first","13":"instock","14":"shipping-taxable","15":"product-type-simple"},"jetpack_sharing_enabled":true,"_links":{"self":[{"href":"https:\/\/mostebglass.com\/hu\/wp-json\/wp\/v2\/product\/1761","targetHints":{"allow":["GET"]}}],"collection":[{"href":"https:\/\/mostebglass.com\/hu\/wp-json\/wp\/v2\/product"}],"about":[{"href":"https:\/\/mostebglass.com\/hu\/wp-json\/wp\/v2\/types\/product"}],"wp:featuredmedia":[{"embeddable":true,"href":"https:\/\/mostebglass.com\/hu\/wp-json\/wp\/v2\/media\/2721"}],"wp:attachment":[{"href":"https:\/\/mostebglass.com\/hu\/wp-json\/wp\/v2\/media?parent=1761"}],"wp:term":[{"taxonomy":"product_brand","embeddable":true,"href":"https:\/\/mostebglass.com\/hu\/wp-json\/wp\/v2\/product_brand?post=1761"},{"taxonomy":"product_cat","embeddable":true,"href":"https:\/\/mostebglass.com\/hu\/wp-json\/wp\/v2\/product_cat?post=1761"},{"taxonomy":"product_tag","embeddable":true,"href":"https:\/\/mostebglass.com\/hu\/wp-json\/wp\/v2\/product_tag?post=1761"}],"curies":[{"name":"wp","href":"https:\/\/api.w.org\/{rel}","templated":true}]}}