{"id":1839,"date":"2025-09-16T17:21:12","date_gmt":"2025-09-16T09:21:12","guid":{"rendered":"https:\/\/mostebglass.com\/?post_type=product&#038;p=1839"},"modified":"2026-03-10T15:14:15","modified_gmt":"2026-03-10T07:14:15","slug":"clear-embossed-glass-bud-vases-bulk","status":"publish","type":"product","link":"https:\/\/mostebglass.com\/hu\/clear-embossed-glass-bud-vases-bulk\/","title":{"rendered":"Tiszta dombornyomott \u00fcveg bud v\u00e1z\u00e1k t\u00f6meges"},"content":{"rendered":"<p>Ezek az \u00fcvegbimb\u00f3s v\u00e1z\u00e1k mer\u00e9sz geometrikus domborm\u0171vekkel, p\u00e9ld\u00e1ul gy\u00e9m\u00e1ntmint\u00e1s steppel\u00e9ssel \u00e9s f\u00fcgg\u0151leges rov\u00e1tk\u00e1kkal d\u00edsz\u00edtettek, \u00e9s h\u00e1rom st\u00edlusban kaphat\u00f3k, l\u00e1tv\u00e1nyos hat\u00e1st keltve.<\/p>\n<h2>Term\u00e9kjellemz\u0151k<\/h2>\n<ul>\n<li><strong>Nagylelk\u0171en k\u00e9zzel kidolgozott mint\u00e1k:<\/strong> A h\u00e1rom jellegzetes domborm\u0171ves minta er\u0151s text\u00far\u00e1t, f\u00e9ny-\u00e1rny\u00e9k hat\u00e1st, valamint r\u00e9gim\u00f3di hangulatot k\u00f6lcs\u00f6n\u00f6z a vir\u00e1goknak.<\/li>\n<li><strong>Er\u0151s \u00e9s stabil alap:<\/strong> A v\u00e1z\u00e1k mindegyik\u00e9nek neh\u00e9z, lapos talpa van, hogy ne boruljanak fel, m\u00e9g akkor sem, ha egy csokor aszimmetrikus vir\u00e1got helyeznek az alapra.<\/li>\n<li><strong>D\u00edszes trombita alak\u00fa nyak:<\/strong> A nyak kialak\u00edt\u00e1sa k\u00e9nyelmesen megt\u00e1masztja a vir\u00e1gok sz\u00e1r\u00e1t, \u00e9s gy\u00f6ny\u00f6r\u0171 alakot is teremt.<\/li>\n<\/ul>\n<h3><strong data-spm-anchor-id=\"5176.28103460.0.i12.2fc72e31pE2N38\">F\u0151bb specifik\u00e1ci\u00f3k<\/strong><\/h3>\n<table style=\"border-collapse: collapse; width: 80%; margin-left: auto; margin-right: auto;\" border=\"0\" width=\"288\" cellspacing=\"0\" cellpadding=\"0\">\n<tbody>\n<tr style=\"height: 13.50pt;\">\n<td style=\"height: 13.5pt; width: 54pt; text-align: center;\" width=\"72\" height=\"18\">St\u00edlus<\/td>\n<td style=\"width: 54pt; text-align: center;\" width=\"72\">M\u00e9retek<\/td>\n<td style=\"width: 54pt; text-align: center;\" width=\"72\">Anyag<\/td>\n<td style=\"width: 54pt; text-align: center;\" width=\"72\">Sz\u00ednbe\u00e1ll\u00edt\u00e1sok<\/td>\n<\/tr>\n<tr style=\"height: 13.50pt;\">\n<td style=\"height: 13.5pt; text-align: center;\" height=\"18\">Dombornyomott<\/td>\n<td style=\"text-align: center;\">55 x 100 x 35 mm<\/td>\n<td class=\"et2\" style=\"text-align: center;\" rowspan=\"3\">\u00dcveg<\/td>\n<td class=\"et2\" style=\"text-align: center;\" rowspan=\"3\">Egyedi, \u00c1tl\u00e1tsz\u00f3<\/td>\n<\/tr>\n<tr style=\"height: 13.50pt;\">\n<td style=\"height: 13.5pt; text-align: center;\" height=\"18\">M\u00e9hsejt<\/td>\n<td style=\"text-align: center;\">60 x 100 x 45 mm<\/td>\n<\/tr>\n<tr style=\"height: 13.50pt;\">\n<td style=\"height: 13.5pt; text-align: center;\" height=\"18\">Finom bord\u00e1s<\/td>\n<td style=\"text-align: center;\">55 x 130 x 35 mm<\/td>\n<\/tr>\n<\/tbody>\n<\/table>\n<h2>Sikert\u00f6rt\u00e9net: Luxussz\u00e1lloda-csoport t\u00f6meges rendel\u00e9se<\/h2>\n<p>Magas, rombuszmint\u00e1s \u00fcvegv\u00e1z\u00e1inkat egy ismert nemzetk\u00f6zi sz\u00e1llodal\u00e1nc v\u00e1lasztotta. Ezek a v\u00e1z\u00e1k kiemelked\u0151 \u00e9rt\u00e9ket k\u00e9pviseltek: a vend\u00e9gek el\u00e9gedetts\u00e9gi szintje a szoba megjelen\u00e9s\u00e9vel \u00e1ll\u00edt\u00f3lag 25%-kal n\u0151tt. Az egys\u00e9ges, gy\u00f6ny\u00f6r\u0171 megjelen\u00e9s lehet\u0151v\u00e9 tette sz\u00e1mukra, hogy minden m\u00e1rk\u00e1jukban egys\u00e9ges\u00edts\u00e9k a vir\u00e1gkompoz\u00edci\u00f3kat, aminek eredm\u00e9nyek\u00e9nt 15%-kal cs\u00f6kkentett\u00e9k a besz\u00e1ll\u00edt\u00f3i k\u00f6lts\u00e9geket. A sz\u00e1llodal\u00e1ncot leny\u0171g\u00f6zte a v\u00e1za, \u00e9s tov\u00e1bbi 75 000 v\u00e1z\u00e1t rendelt \u00faj sz\u00e1llod\u00e1k d\u00edsz\u00edt\u00e9s\u00e9re, valamint k\u00e9szlet\u00fck fel\u00faj\u00edt\u00e1s\u00e1ra.<\/p>\n<h2>\u00dcveg Bud V\u00e1z\u00e1k Testreszab\u00e1sa<\/h2>\n<ul>\n<li>F\u00e9mes csillog\u00e1s: Vigyen fel egy nagyon v\u00e9kony r\u00e9teg f\u00e9mes csillog\u00e1st (arany, r\u00e9z) a dombornyomott bar\u00e1zd\u00e1kra a r\u00e9szletek kiemel\u00e9s\u00e9hez.<\/li>\n<li>M\u00e9ret \u00e9s ar\u00e1ny: Haszn\u00e1lja ugyanazt a text\u00far\u00e1zott mint\u00e1t nagyobb, figyelemfelkelt\u0151bb v\u00e1z\u00e1kon vagy kisebb mini team\u00e9cses v\u00e1z\u00e1kon.<\/li>\n<li>Nyak \u00e9s sz\u00e1j kialak\u00edt\u00e1sa: M\u00f3dos\u00edtsa a sz\u00e1j sz\u00f6g\u00e9t, a vil\u00e1gosabb csokroknak nyitott sz\u00e1j\u00fanak kell lenni\u00fck, m\u00edg a sz\u0171kebb sz\u00e1j\u00faaknak nyitott sz\u00e1j\u00fanak kell lenni\u00fck.<\/li>\n<\/ul>","protected":false},"excerpt":{"rendered":"<p>Klasszikus \u00fcvegbimb\u00f3s v\u00e1z\u00e1k dombornyomott r\u00e9szletekkel \u00e9s stabil talppal. Sokoldal\u00fa kis v\u00e1zak\u00e9szlet, amely alkalmas vir\u00e1gok, sz\u00e1r\u00edtott sz\u00e1rak vagy dekor\u00e1ci\u00f3s elemek t\u00e1rol\u00e1s\u00e1ra. Egyedi opci\u00f3k.<\/p>","protected":false},"featured_media":1840,"template":"","meta":{"site-sidebar-layout":"default","site-content-layout":"","ast-site-content-layout":"default","site-content-style":"default","site-sidebar-style":"default","ast-global-header-display":"","ast-banner-title-visibility":"","ast-main-header-display":"","ast-hfb-above-header-display":"","ast-hfb-below-header-display":"","ast-hfb-mobile-header-display":"","site-post-title":"","ast-breadcrumbs-content":"","ast-featured-img":"","footer-sml-layout":"","theme-transparent-header-meta":"default","adv-header-id-meta":"","stick-header-meta":"","header-above-stick-meta":"","header-main-stick-meta":"","header-below-stick-meta":"","astra-migrate-meta-layouts":"set","ast-page-background-enabled":"default","ast-page-background-meta":{"desktop":{"background-color":"var(--ast-global-color-5)","background-image":"","background-repeat":"repeat","background-position":"center center","background-size":"auto","background-attachment":"scroll","background-type":"","background-media":"","overlay-type":"","overlay-color":"","overlay-opacity":"","overlay-gradient":""},"tablet":{"background-color":"","background-image":"","background-repeat":"repeat","background-position":"center center","background-size":"auto","background-attachment":"scroll","background-type":"","background-media":"","overlay-type":"","overlay-color":"","overlay-opacity":"","overlay-gradient":""},"mobile":{"background-color":"","background-image":"","background-repeat":"repeat","background-position":"center center","background-size":"auto","background-attachment":"scroll","background-type":"","background-media":"","overlay-type":"","overlay-color":"","overlay-opacity":"","overlay-gradient":""}},"ast-content-background-meta":{"desktop":{"background-color":"var(--ast-global-color-4)","background-image":"","background-repeat":"repeat","background-position":"center center","background-size":"auto","background-attachment":"scroll","background-type":"","background-media":"","overlay-type":"","overlay-color":"","overlay-opacity":"","overlay-gradient":""},"tablet":{"background-color":"var(--ast-global-color-4)","background-image":"","background-repeat":"repeat","background-position":"center center","background-size":"auto","background-attachment":"scroll","background-type":"","background-media":"","overlay-type":"","overlay-color":"","overlay-opacity":"","overlay-gradient":""},"mobile":{"background-color":"var(--ast-global-color-4)","background-image":"","background-repeat":"repeat","background-position":"center center","background-size":"auto","background-attachment":"scroll","background-type":"","background-media":"","overlay-type":"","overlay-color":"","overlay-opacity":"","overlay-gradient":""}}},"product_brand":[],"product_cat":[57,21],"product_tag":[],"class_list":{"0":"post-1839","1":"product","2":"type-product","3":"status-publish","4":"has-post-thumbnail","6":"product_cat-glass-vases","7":"product_cat-product","8":"desktop-align-left","9":"tablet-align-left","10":"mobile-align-left","12":"first","13":"instock","14":"shipping-taxable","15":"product-type-simple"},"jetpack_sharing_enabled":true,"_links":{"self":[{"href":"https:\/\/mostebglass.com\/hu\/wp-json\/wp\/v2\/product\/1839","targetHints":{"allow":["GET"]}}],"collection":[{"href":"https:\/\/mostebglass.com\/hu\/wp-json\/wp\/v2\/product"}],"about":[{"href":"https:\/\/mostebglass.com\/hu\/wp-json\/wp\/v2\/types\/product"}],"wp:featuredmedia":[{"embeddable":true,"href":"https:\/\/mostebglass.com\/hu\/wp-json\/wp\/v2\/media\/1840"}],"wp:attachment":[{"href":"https:\/\/mostebglass.com\/hu\/wp-json\/wp\/v2\/media?parent=1839"}],"wp:term":[{"taxonomy":"product_brand","embeddable":true,"href":"https:\/\/mostebglass.com\/hu\/wp-json\/wp\/v2\/product_brand?post=1839"},{"taxonomy":"product_cat","embeddable":true,"href":"https:\/\/mostebglass.com\/hu\/wp-json\/wp\/v2\/product_cat?post=1839"},{"taxonomy":"product_tag","embeddable":true,"href":"https:\/\/mostebglass.com\/hu\/wp-json\/wp\/v2\/product_tag?post=1839"}],"curies":[{"name":"wp","href":"https:\/\/api.w.org\/{rel}","templated":true}]}}