{"id":1963,"date":"2025-09-17T15:40:15","date_gmt":"2025-09-17T07:40:15","guid":{"rendered":"https:\/\/mostebglass.com\/?post_type=product&#038;p=1963"},"modified":"2026-01-27T14:32:53","modified_gmt":"2026-01-27T06:32:53","slug":"wholesale-cylinder-bud-vases-hurricane-glass-candle-holder-set-of-3","status":"publish","type":"product","link":"https:\/\/mostebglass.com\/hu\/wholesale-cylinder-bud-vases-hurricane-glass-candle-holder-set-of-3\/","title":{"rendered":"Nagykereskedelmi hengeres r\u00fcgyv\u00e1z\u00e1k \u2013 Hurricane \u00fcveg gyertyatart\u00f3 k\u00e9szlet, 3 darabos"},"content":{"rendered":"<p>H\u00e1rom \u00e1tl\u00e1tsz\u00f3 \u00fcvegb\u0151l k\u00e9sz\u00fclt, r\u00fcgyv\u00e1z\u00e1r\u00f3l van sz\u00f3, melyek magas boroszilik\u00e1t \u00fcvegb\u0151l k\u00e9sz\u00fcltek, \u00e9s mini v\u00e1zak\u00e9nt vagy gyertyatart\u00f3k\u00e9nt haszn\u00e1lhat\u00f3k. A h\u00e1rom m\u0171 azonos alak\u00fa, hengeres, 5 cm \u00e1tm\u00e9r\u0151j\u0171, 7 cm, 10 cm \u00e9s 15 cm magas, fokozatos vizu\u00e1lis kompoz\u00edci\u00f3t alkotva.<\/p>\n<p>\u00c1tl\u00e1tsz\u00f3 \u00e9s sz\u00edntelen \u00fcveg, sima \u00e9s egyenes oldalfalakkal, valamint lapos, stabil als\u00f3 fel\u00fclettel. A peremei \u00e1tl\u00e1tsz\u00f3ak \u00e9s sz\u00e9pen pol\u00edrozottak, ami minimalista \u00e9s modern megjelen\u00e9st k\u00f6lcs\u00f6n\u00f6z. Az \u00fcveged\u00e9nyek emellett nagyon \u00e1tl\u00e1tsz\u00f3ak \u00e9s k\u00f6nny\u0171ek, valamint magas szil\u00edcium-dioxid-tartalmuk miatt nagyon j\u00f3l ellen\u00e1llnak a h\u0151nek \u00e9s a h\u0151sokknak, ami alkalmass\u00e1 teszi \u0151ket gyerty\u00e1khoz \u00e9s friss vagy sz\u00e1r\u00edtott vir\u00e1gd\u00edszekhez.<\/p>\n<figure id=\"attachment_4198\" aria-describedby=\"caption-attachment-4198\" style=\"width: 500px\" class=\"wp-caption aligncenter\"><img fetchpriority=\"high\" decoding=\"async\" class=\"wp-image-4198\" src=\"https:\/\/mostebglass.com\/wp-content\/uploads\/2025\/09\/Borosilicate-GlassBud-Vases-and-Candle-Holders.webp\" alt=\"Boroszilik\u00e1t \u00fcvegb\u0151l k\u00e9sz\u00fclt r\u00fcgyv\u00e1z\u00e1k \u00e9s gyertyatart\u00f3k\" width=\"500\" height=\"500\" srcset=\"https:\/\/mostebglass.com\/wp-content\/uploads\/2025\/09\/Borosilicate-GlassBud-Vases-and-Candle-Holders.webp 1024w, https:\/\/mostebglass.com\/wp-content\/uploads\/2025\/09\/Borosilicate-GlassBud-Vases-and-Candle-Holders-768x768.webp 768w, https:\/\/mostebglass.com\/wp-content\/uploads\/2025\/09\/Borosilicate-GlassBud-Vases-and-Candle-Holders-12x12.webp 12w, https:\/\/mostebglass.com\/wp-content\/uploads\/2025\/09\/Borosilicate-GlassBud-Vases-and-Candle-Holders-300x300.webp 300w, https:\/\/mostebglass.com\/wp-content\/uploads\/2025\/09\/Borosilicate-GlassBud-Vases-and-Candle-Holders-600x600.webp 600w, https:\/\/mostebglass.com\/wp-content\/uploads\/2025\/09\/Borosilicate-GlassBud-Vases-and-Candle-Holders-100x100.webp 100w\" sizes=\"(max-width: 500px) 100vw, 500px\" \/><figcaption id=\"caption-attachment-4198\" class=\"wp-caption-text\">Boroszilik\u00e1t \u00fcvegb\u0151l k\u00e9sz\u00fclt r\u00fcgyv\u00e1z\u00e1k \u00e9s gyertyatart\u00f3k<\/figcaption><\/figure>\n<h2>F\u0151bb specifik\u00e1ci\u00f3k<\/h2>\n<table style=\"border-collapse: collapse; margin-left: auto; margin-right: auto; width: 80%;\" border=\"0\" width=\"80%\" cellspacing=\"0\" cellpadding=\"0\">\n<tbody>\n<tr style=\"height: 13.50pt;\">\n<td style=\"height: 13.50pt; width: 69.75pt;\" width=\"93\" height=\"18\">Jellemz\u0151<\/td>\n<td style=\"width: 190.50pt;\" width=\"254\">R\u00e9szlet<\/td>\n<\/tr>\n<tr style=\"height: 13.50pt;\">\n<td style=\"height: 13.50pt;\" height=\"18\">Alak<\/td>\n<td>Egyenes henger<\/td>\n<\/tr>\n<tr style=\"height: 13.50pt;\">\n<td style=\"height: 13.50pt;\" height=\"18\">Anyag<\/td>\n<td>Boroszilik\u00e1t \u00fcveg<\/td>\n<\/tr>\n<tr style=\"height: 13.50pt;\">\n<td style=\"height: 13.50pt;\" height=\"18\">\u00c1tm\u00e9r\u0151<\/td>\n<td>5 cm (mindh\u00e1rom)<\/td>\n<\/tr>\n<tr style=\"height: 13.50pt;\">\n<td style=\"height: 13.50pt;\" height=\"18\">Magass\u00e1gok<\/td>\n<td>7 cm, 10 cm, 15 cm<\/td>\n<\/tr>\n<tr style=\"height: 13.50pt;\">\n<td style=\"height: 13.50pt;\" height=\"18\">Kapacit\u00e1sok<\/td>\n<td>135 ml, 195 ml, 295 ml<\/td>\n<\/tr>\n<tr style=\"height: 13.50pt;\">\n<td style=\"height: 13.50pt;\" height=\"18\">T\u00edpus<\/td>\n<td>R\u00fcgyv\u00e1za, vir\u00e1gv\u00e1za<\/td>\n<\/tr>\n<tr style=\"height: 13.50pt;\">\n<td style=\"height: 13.50pt;\" height=\"18\">St\u00edlus<\/td>\n<td>Modern, minimalista<\/td>\n<\/tr>\n<tr style=\"height: 13.50pt;\">\n<td style=\"height: 13.50pt;\" height=\"18\">Haszn\u00e1lat<\/td>\n<td>Egyetlen sz\u00e1r, kis elrendez\u00e9s<\/td>\n<\/tr>\n<\/tbody>\n<\/table>\n<h2>Val\u00f3s siker: Boutique Hotel styling<\/h2>\n<p>Egy lifestyle hotel szerette volna felfriss\u00edteni a vend\u00e9gszob\u00e1it. Valami olcs\u00f3, de ann\u00e1l hat\u00e1sosabb megold\u00e1sra volt sz\u00fcks\u00e9g\u00fck. Azt javasoltuk, hogy a v\u00e1z\u00e1kat \u00e9jjeliszekr\u00e9nyekre helyezz\u00e9k \u2013 mindegyiknek m\u00e1s-m\u00e1s m\u0171sz\u00e1llal: eukaliptusz, levendula \u00e9s olajbogy\u00f3. Az eredm\u00e9ny? A vend\u00e9gek im\u00e1dt\u00e1k a gondosan \u00f6ssze\u00e1ll\u00edtott kialak\u00edt\u00e1st. A takar\u00edt\u00f3k k\u00f6nnyen karbantarthat\u00f3nak tal\u00e1lt\u00e1k \u0151ket. A sz\u00e1lloda k\u00e9s\u0151bb felvette \u0151ket az aj\u00e1nd\u00e9kboltj\u00e1ba \u2013 \u00e9s az elad\u00e1sok hat h\u00e9t alatt 35%-kal n\u0151ttek.<\/p>\n<h2>Testreszab\u00e1si \u00f6tletek<\/h2>\n<p>Szeretn\u00e9d, hogy ez a diz\u00e1jn kit\u0171nj\u00f6n a t\u00f6megb\u0151l? Pr\u00f3b\u00e1ld ki ezeket a m\u00f3dos\u00edt\u00e1sokat \u2013 csomagol\u00e1s n\u00e9lk\u00fcl:<\/p>\n<ul>\n<li>L\u00e1gy \u00edv hozz\u00e1ad\u00e1sa \u2013 Cser\u00e9lje le az egyenes falakat egy enyh\u00e9n homok\u00f3ra alak\u00fara.<\/li>\n<li>Bord\u00e1s text\u00fara bevezet\u00e9se \u2013 A f\u00fcgg\u0151leges bord\u00e1k f\u00e9nyt kapnak \u00e9s tapad\u00e1st biztos\u00edtanak.<\/li>\n<li>\u00dcveg sz\u00ednez\u00e9se \u2013 A l\u00e1gy borosty\u00e1n, sz\u00fcrke vagy k\u00e9k melegs\u00e9get vagy m\u00e9lys\u00e9get k\u00f6lcs\u00f6n\u00f6z.<\/li>\n<li>Marasson egy apr\u00f3 mint\u00e1t \u2013 Egy pontr\u00e1cs vagy hull\u00e1m az alj\u00e1hoz k\u00f6zel finom r\u00e9szleteket ad.<\/li>\n<\/ul>\n<p>\u00d6sszess\u00e9g\u00e9ben ezeknek a r\u00fcgyv\u00e1z\u00e1knak az \u00f6sszk\u00e9pe az egyszer\u0171, kifinomult st\u00edlus \u00e9s a t\u00e1rgyak hagyom\u00e1nyos ar\u00e1ny\u00e1nak kombin\u00e1ci\u00f3ja, amelyek egyszerre funkcion\u00e1lisak tart\u00f3ss\u00e1gukban \u00e9s letisztult, sokoldal\u00fa eszt\u00e9tik\u00e1jukban, \u00e9s dekor\u00e1ci\u00f3s t\u00e1rgyk\u00e9nt vagy praktikus eszk\u00f6zk\u00e9nt is haszn\u00e1lhat\u00f3k.<\/p>","protected":false},"excerpt":{"rendered":"<p data-pm-slice=\"1 1 []\">Egyenletes \u00e1tm\u00e9r\u0151j\u0171 \u00e9s v\u00e1ltoz\u00f3 magass\u00e1g\u00fa boroszilik\u00e1t \u00fcvegb\u0151l k\u00e9sz\u00fclt r\u00fcgyv\u00e1z\u00e1k. Egyszer\u0171 diz\u00e1jnnal, m\u00e1rk\u00e1k, nagykeresked\u0151k \u00e9s egyedi projektek sz\u00e1m\u00e1ra is kaphat\u00f3k gyertyatart\u00f3k\u00e9nt.<\/p>","protected":false},"featured_media":1995,"template":"","meta":{"site-sidebar-layout":"default","site-content-layout":"","ast-site-content-layout":"default","site-content-style":"default","site-sidebar-style":"default","ast-global-header-display":"","ast-banner-title-visibility":"","ast-main-header-display":"","ast-hfb-above-header-display":"","ast-hfb-below-header-display":"","ast-hfb-mobile-header-display":"","site-post-title":"","ast-breadcrumbs-content":"","ast-featured-img":"","footer-sml-layout":"","theme-transparent-header-meta":"default","adv-header-id-meta":"","stick-header-meta":"","header-above-stick-meta":"","header-main-stick-meta":"","header-below-stick-meta":"","astra-migrate-meta-layouts":"set","ast-page-background-enabled":"default","ast-page-background-meta":{"desktop":{"background-color":"var(--ast-global-color-5)","background-image":"","background-repeat":"repeat","background-position":"center center","background-size":"auto","background-attachment":"scroll","background-type":"","background-media":"","overlay-type":"","overlay-color":"","overlay-opacity":"","overlay-gradient":""},"tablet":{"background-color":"","background-image":"","background-repeat":"repeat","background-position":"center center","background-size":"auto","background-attachment":"scroll","background-type":"","background-media":"","overlay-type":"","overlay-color":"","overlay-opacity":"","overlay-gradient":""},"mobile":{"background-color":"","background-image":"","background-repeat":"repeat","background-position":"center center","background-size":"auto","background-attachment":"scroll","background-type":"","background-media":"","overlay-type":"","overlay-color":"","overlay-opacity":"","overlay-gradient":""}},"ast-content-background-meta":{"desktop":{"background-color":"var(--ast-global-color-4)","background-image":"","background-repeat":"repeat","background-position":"center center","background-size":"auto","background-attachment":"scroll","background-type":"","background-media":"","overlay-type":"","overlay-color":"","overlay-opacity":"","overlay-gradient":""},"tablet":{"background-color":"var(--ast-global-color-4)","background-image":"","background-repeat":"repeat","background-position":"center center","background-size":"auto","background-attachment":"scroll","background-type":"","background-media":"","overlay-type":"","overlay-color":"","overlay-opacity":"","overlay-gradient":""},"mobile":{"background-color":"var(--ast-global-color-4)","background-image":"","background-repeat":"repeat","background-position":"center center","background-size":"auto","background-attachment":"scroll","background-type":"","background-media":"","overlay-type":"","overlay-color":"","overlay-opacity":"","overlay-gradient":""}}},"product_brand":[],"product_cat":[57,21],"product_tag":[],"class_list":{"0":"post-1963","1":"product","2":"type-product","3":"status-publish","4":"has-post-thumbnail","6":"product_cat-glass-vases","7":"product_cat-product","8":"desktop-align-left","9":"tablet-align-left","10":"mobile-align-left","12":"first","13":"instock","14":"shipping-taxable","15":"product-type-simple"},"jetpack_sharing_enabled":true,"_links":{"self":[{"href":"https:\/\/mostebglass.com\/hu\/wp-json\/wp\/v2\/product\/1963","targetHints":{"allow":["GET"]}}],"collection":[{"href":"https:\/\/mostebglass.com\/hu\/wp-json\/wp\/v2\/product"}],"about":[{"href":"https:\/\/mostebglass.com\/hu\/wp-json\/wp\/v2\/types\/product"}],"wp:featuredmedia":[{"embeddable":true,"href":"https:\/\/mostebglass.com\/hu\/wp-json\/wp\/v2\/media\/1995"}],"wp:attachment":[{"href":"https:\/\/mostebglass.com\/hu\/wp-json\/wp\/v2\/media?parent=1963"}],"wp:term":[{"taxonomy":"product_brand","embeddable":true,"href":"https:\/\/mostebglass.com\/hu\/wp-json\/wp\/v2\/product_brand?post=1963"},{"taxonomy":"product_cat","embeddable":true,"href":"https:\/\/mostebglass.com\/hu\/wp-json\/wp\/v2\/product_cat?post=1963"},{"taxonomy":"product_tag","embeddable":true,"href":"https:\/\/mostebglass.com\/hu\/wp-json\/wp\/v2\/product_tag?post=1963"}],"curies":[{"name":"wp","href":"https:\/\/api.w.org\/{rel}","templated":true}]}}