{"id":2037,"date":"2025-09-18T15:53:19","date_gmt":"2025-09-18T07:53:19","guid":{"rendered":"https:\/\/mostebglass.com\/?post_type=product&#038;p=2037"},"modified":"2026-03-04T17:07:28","modified_gmt":"2026-03-04T09:07:28","slug":"nagykereskedelmi-hengeres-atlatszo-uveg-bimbo-vaza-ivelt-felsovel","status":"publish","type":"product","link":"https:\/\/mostebglass.com\/hu\/wholesale-cylindrical-clear-glass-bud-vase-with-curved-top\/","title":{"rendered":"Nagykereskedelmi hengeres, \u00e1tl\u00e1tsz\u00f3 \u00fcveg bimb\u00f3v\u00e1z\u00e1k \u00edvelt tetej\u0171..."},"content":{"rendered":"<p>Ezek \u00e1tl\u00e1tsz\u00f3 v\u00e1z\u00e1k, melyeket letisztult, \u00e1ramvonalas, kapszula alak\u00fa diz\u00e1jnnal terveztek, nagyon tiszta anyagokb\u00f3l. Az enyh\u00e9n \u00edvelt perem t\u00f6k\u00e9letesen illik egyetlen sz\u00e1rhoz vagy kis csokrokhoz.<\/p>\n<h2><strong>Term\u00e9kjellemz\u0151k<\/strong><\/h2>\n<ul>\n<li><strong>Minimalista kapszula forma:<\/strong> A kapszula \u00edvelt form\u00e1ja lekerek\u00edtett, sima \u00e9s sz\u00f6gletes k\u00f6rvonalakkal, modern \u00e9rtelemben minimalista, mik\u00f6zben l\u00e1gy eszt\u00e9tik\u00e1t biztos\u00edt.<\/li>\n<li><strong>Nagy \u00e1tl\u00e1tsz\u00f3s\u00e1g\u00fa sz\u00edntelen \u00fcveg:<\/strong> Ezek a v\u00e1z\u00e1k rendk\u00edv\u00fcl \u00e1tl\u00e1tsz\u00f3 \u00fcvegb\u0151l k\u00e9sz\u00fcltek; teljesen sz\u00edntelenek, \u00edgy bemutatj\u00e1k a vir\u00e1gok sz\u00e9ps\u00e9g\u00e9t \u00e9s a v\u00e1za text\u00far\u00e1j\u00e1nak tisztas\u00e1g\u00e1t.<\/li>\n<li><strong>H\u00e1rom m\u00e9ret\u0171 kombin\u00e1ci\u00f3s kialak\u00edt\u00e1s:<\/strong> Ezek a v\u00e1z\u00e1k h\u00e1rom k\u00fcl\u00f6nb\u00f6z\u0151 szinten kaphat\u00f3k, amelyek k\u00f6nnyen egym\u00e1sra rakhat\u00f3k, hogy illeszkedjenek a k\u00fcl\u00f6nb\u00f6z\u0151 terekhez \u00e9s vir\u00e1gkompoz\u00edci\u00f3khoz.<\/li>\n<\/ul>\n<h2>F\u0151bb specifik\u00e1ci\u00f3k<\/h2>\n<table style=\"border-collapse: collapse; margin-left: auto; margin-right: auto; width: 522.02pt;\" border=\"0\" width=\"696\" cellspacing=\"0\" cellpadding=\"0\">\n<tbody>\n<tr style=\"height: 13.50pt;\">\n<td style=\"height: 13.50pt; width: 114.00pt;\" width=\"152\" height=\"18\">Jellemz\u0151<\/td>\n<td style=\"width: 408.00pt;\" width=\"544\">Specifik\u00e1ci\u00f3<\/td>\n<\/tr>\n<tr style=\"height: 13.50pt;\">\n<td style=\"height: 13.50pt;\" height=\"18\">Anyag<\/td>\n<td>Boroszilik\u00e1t \u00fcveg<\/td>\n<\/tr>\n<tr style=\"height: 13.50pt;\">\n<td style=\"height: 13.50pt;\" height=\"18\">Alak<\/td>\n<td>Hengeres, \u00edvelt ajakkal<\/td>\n<\/tr>\n<tr style=\"height: 13.50pt;\">\n<td style=\"height: 13.50pt;\" height=\"18\">Magass\u00e1gok<\/td>\n<td>10 cm, 15 cm, 20 cm<\/td>\n<\/tr>\n<tr style=\"height: 13.50pt;\">\n<td style=\"height: 13.50pt;\" height=\"18\">Alap\u00e1tm\u00e9r\u0151<\/td>\n<td>9 cm (minden m\u00e9ret)<\/td>\n<\/tr>\n<tr style=\"height: 13.50pt;\">\n<td style=\"height: 13.50pt;\" height=\"18\">Befejez\u00e9s<\/td>\n<td>Sima, \u00e1tl\u00e1tsz\u00f3<\/td>\n<\/tr>\n<tr style=\"height: 13.50pt;\">\n<td style=\"height: 13.50pt;\" height=\"18\">St\u00edlus<\/td>\n<td>Minimalista, modern<\/td>\n<\/tr>\n<tr style=\"height: 13.50pt;\">\n<td style=\"height: 13.50pt;\" height=\"18\">Legjobb<\/td>\n<td>Egyedi sz\u00e1rak, kis kompoz\u00edci\u00f3k, m\u0171vir\u00e1gok, lakberendez\u00e9si t\u00e1rgyak<\/td>\n<\/tr>\n<\/tbody>\n<\/table>\n<h2>Sikert\u00f6rt\u00e9net<\/h2>\n<p>V\u00e1z\u00e1nkat egy ismert koppenh\u00e1gai lakberendez\u00e9si m\u00e1rka v\u00e1lasztotta, szem\u00e9lyre szabott matt, zom\u00e1ncozott fel\u00fclettel. A term\u00e9k els\u00f6pr\u0151 sikert aratott; az \u00fcgyfelet egyszer\u0171 st\u00edlusa vonzotta, ami az online konverzi\u00f3k 28%-os, az ism\u00e9telt v\u00e1s\u00e1rl\u00e1sok pedig 42%-os n\u00f6veked\u00e9s\u00e9hez vezetett. Az \u00fcgyf\u00e9l el\u00e9gedett volt ezzel a teljes\u00edtm\u00e9nnyel, \u00e9s \u00edgy \u00fajabb 500 000 \u00e1tl\u00e1tsz\u00f3 v\u00e1z\u00e1t rendelt vil\u00e1gszerte t\u00f6rt\u00e9n\u0151 terjeszt\u00e9sre.<\/p>\n<h2>\u00dcvegv\u00e1za testreszab\u00e1si \u00f6tletek<\/h2>\n<ul>\n<li>Sz\u00edn\u00e1tmenetes \u00e1rnyalat \u2013 Vil\u00e1gosk\u00e9k vagy borosty\u00e1ns\u00e1rga az alj\u00e1n, amely felfel\u00e9 halv\u00e1nyul \u2013 m\u00e9lys\u00e9get ad \u00e1tl\u00e1tszatlans\u00e1g n\u00e9lk\u00fcl.<\/li>\n<li>Viasz\u00e1ll\u00f3 minta \u2013 Haszn\u00e1ljon spir\u00e1lis vagy p\u00f6tty\u00f6s mint\u00e1t egy k\u00e9zzel k\u00e9sz\u00edtett, m\u00e9gis modern text\u00far\u00e1hoz.<\/li>\n<li>Savmaratott log\u00f3z\u00f3na \u2013 Hozzon l\u00e9tre egy kis matt ter\u00fcletet az egyik oldalon a m\u00e1rkajelz\u00e9shez (matric\u00e1k n\u00e9lk\u00fcl).<\/li>\n<\/ul>","protected":false},"excerpt":{"rendered":"<p data-pm-slice=\"1 1 []\">Eleg\u00e1ns, \u00e1tl\u00e1tsz\u00f3 \u00fcvegb\u0151l k\u00e9sz\u00fclt, bimb\u00f3s v\u00e1za, egyszer\u0171 hengeres kialak\u00edt\u00e1ssal \u00e9s sima, \u00edvelt tetej\u0171 r\u00e9sszel. Modern, \u00e1tl\u00e1tsz\u00f3 v\u00e1z\u00e1k, amelyek t\u00f6k\u00e9letesek egyetlen sz\u00e1rral vagy asztali dekor\u00e1ci\u00f3nak. Gyors sz\u00e1ll\u00edt\u00e1s.<\/p>","protected":false},"featured_media":2059,"template":"","meta":{"site-sidebar-layout":"default","site-content-layout":"","ast-site-content-layout":"default","site-content-style":"default","site-sidebar-style":"default","ast-global-header-display":"","ast-banner-title-visibility":"","ast-main-header-display":"","ast-hfb-above-header-display":"","ast-hfb-below-header-display":"","ast-hfb-mobile-header-display":"","site-post-title":"","ast-breadcrumbs-content":"","ast-featured-img":"","footer-sml-layout":"","theme-transparent-header-meta":"default","adv-header-id-meta":"","stick-header-meta":"","header-above-stick-meta":"","header-main-stick-meta":"","header-below-stick-meta":"","astra-migrate-meta-layouts":"set","ast-page-background-enabled":"default","ast-page-background-meta":{"desktop":{"background-color":"var(--ast-global-color-5)","background-image":"","background-repeat":"repeat","background-position":"center center","background-size":"auto","background-attachment":"scroll","background-type":"","background-media":"","overlay-type":"","overlay-color":"","overlay-opacity":"","overlay-gradient":""},"tablet":{"background-color":"","background-image":"","background-repeat":"repeat","background-position":"center center","background-size":"auto","background-attachment":"scroll","background-type":"","background-media":"","overlay-type":"","overlay-color":"","overlay-opacity":"","overlay-gradient":""},"mobile":{"background-color":"","background-image":"","background-repeat":"repeat","background-position":"center center","background-size":"auto","background-attachment":"scroll","background-type":"","background-media":"","overlay-type":"","overlay-color":"","overlay-opacity":"","overlay-gradient":""}},"ast-content-background-meta":{"desktop":{"background-color":"var(--ast-global-color-4)","background-image":"","background-repeat":"repeat","background-position":"center center","background-size":"auto","background-attachment":"scroll","background-type":"","background-media":"","overlay-type":"","overlay-color":"","overlay-opacity":"","overlay-gradient":""},"tablet":{"background-color":"var(--ast-global-color-4)","background-image":"","background-repeat":"repeat","background-position":"center center","background-size":"auto","background-attachment":"scroll","background-type":"","background-media":"","overlay-type":"","overlay-color":"","overlay-opacity":"","overlay-gradient":""},"mobile":{"background-color":"var(--ast-global-color-4)","background-image":"","background-repeat":"repeat","background-position":"center center","background-size":"auto","background-attachment":"scroll","background-type":"","background-media":"","overlay-type":"","overlay-color":"","overlay-opacity":"","overlay-gradient":""}}},"product_brand":[],"product_cat":[57,21],"product_tag":[],"class_list":{"0":"post-2037","1":"product","2":"type-product","3":"status-publish","4":"has-post-thumbnail","6":"product_cat-glass-vases","7":"product_cat-product","8":"desktop-align-left","9":"tablet-align-left","10":"mobile-align-left","12":"first","13":"instock","14":"shipping-taxable","15":"product-type-simple"},"jetpack_sharing_enabled":true,"_links":{"self":[{"href":"https:\/\/mostebglass.com\/hu\/wp-json\/wp\/v2\/product\/2037","targetHints":{"allow":["GET"]}}],"collection":[{"href":"https:\/\/mostebglass.com\/hu\/wp-json\/wp\/v2\/product"}],"about":[{"href":"https:\/\/mostebglass.com\/hu\/wp-json\/wp\/v2\/types\/product"}],"wp:featuredmedia":[{"embeddable":true,"href":"https:\/\/mostebglass.com\/hu\/wp-json\/wp\/v2\/media\/2059"}],"wp:attachment":[{"href":"https:\/\/mostebglass.com\/hu\/wp-json\/wp\/v2\/media?parent=2037"}],"wp:term":[{"taxonomy":"product_brand","embeddable":true,"href":"https:\/\/mostebglass.com\/hu\/wp-json\/wp\/v2\/product_brand?post=2037"},{"taxonomy":"product_cat","embeddable":true,"href":"https:\/\/mostebglass.com\/hu\/wp-json\/wp\/v2\/product_cat?post=2037"},{"taxonomy":"product_tag","embeddable":true,"href":"https:\/\/mostebglass.com\/hu\/wp-json\/wp\/v2\/product_tag?post=2037"}],"curies":[{"name":"wp","href":"https:\/\/api.w.org\/{rel}","templated":true}]}}