{"id":2125,"date":"2025-09-19T15:31:41","date_gmt":"2025-09-19T07:31:41","guid":{"rendered":"https:\/\/mostebglass.com\/?post_type=product&#038;p=2125"},"modified":"2026-03-23T11:59:37","modified_gmt":"2026-03-23T03:59:37","slug":"clear-glass-vases-with-cylindrical-design-wholesale","status":"publish","type":"product","link":"https:\/\/mostebglass.com\/hu\/clear-glass-vases-with-cylindrical-design-wholesale\/","title":{"rendered":"\u00c1tl\u00e1tsz\u00f3 \u00fcvegv\u00e1z\u00e1k hengeres mint\u00e1val, nagykereskedelem"},"content":{"rendered":"<p>Ez az \u00e1tl\u00e1tsz\u00f3 v\u00e1za boroszilik\u00e1t \u00fcvegb\u0151l k\u00e9sz\u00fclt. Egyszer\u0171, hengeres kialak\u00edt\u00e1s\u00fa, lapos sz\u00e1jjal, sima testtel \u00e9s enyh\u00e9n \u00edvelt aljjal. Nemcsak vizu\u00e1lis m\u00e9lys\u00e9get k\u00f6lcs\u00f6n\u00f6z, hanem stabilit\u00e1st is biztos\u00edt.<\/p>\n<h2><strong>Term\u00e9kjellemz\u0151k<\/strong><\/h2>\n<ul>\n<li><strong>Minimalista hengeres forma:<\/strong> A sima, egyenes m\u00e9ret modern megjelen\u00e9st k\u00f6lcs\u00f6n\u00f6z a v\u00e1z\u00e1nak, amely t\u00f6k\u00e9letes b\u00e1rhov\u00e1 \u2013 az irod\u00e1t\u00f3l az esk\u00fcv\u0151i asztalig.<\/li>\n<li><strong>Stabil kerek talp:<\/strong> Risits Tipping \u2013 Enyh\u00e9n \u00edvelt alj biztos\u00edtja, hogy az \u00e1tl\u00e1tsz\u00f3 v\u00e1za b\u00e1rmilyen fel\u00fcleten stabil maradjon.<\/li>\n<li><strong>Boroszilik\u00e1t \u00fcveg:<\/strong> A v\u00e1za krist\u00e1lytiszta megjelen\u00e9se tiszt\u00e1n mutatja a vir\u00e1gok \u00e9s a v\u00edz text\u00far\u00e1j\u00e1t.<\/li>\n<\/ul>\n<h2>F\u0151bb specifik\u00e1ci\u00f3k<\/h2>\n<table style=\"border-collapse: collapse; margin-left: auto; margin-right: auto; width: 561.77pt;\" border=\"0\" width=\"749\" cellspacing=\"0\" cellpadding=\"0\">\n<tbody>\n<tr style=\"height: 13.50pt;\">\n<td style=\"height: 13.50pt; width: 105.00pt;\" width=\"140\" height=\"18\">Jellemz\u0151<\/td>\n<td style=\"width: 456.75pt;\" width=\"609\">Specifik\u00e1ci\u00f3<\/td>\n<\/tr>\n<tr style=\"height: 13.50pt;\">\n<td style=\"height: 13.50pt;\" height=\"18\">Anyag<\/td>\n<td>\u00c1tl\u00e1tsz\u00f3 \u00fcveg<\/td>\n<\/tr>\n<tr style=\"height: 13.50pt;\">\n<td style=\"height: 13.50pt;\" height=\"18\">Alak<\/td>\n<td>Hengeres<\/td>\n<\/tr>\n<tr style=\"height: 13.50pt;\">\n<td style=\"height: 13.50pt;\" height=\"18\">Magass\u00e1gok<\/td>\n<td>9 cm, 14,5 cm<\/td>\n<\/tr>\n<tr style=\"height: 13.50pt;\">\n<td style=\"height: 13.50pt;\" height=\"18\">\u00c1tm\u00e9r\u0151<\/td>\n<td>12 cm (minden m\u00e9ret)<\/td>\n<\/tr>\n<tr style=\"height: 13.50pt;\">\n<td style=\"height: 13.50pt;\" height=\"18\">Befejez\u00e9s<\/td>\n<td>Sima, \u00e1tl\u00e1tsz\u00f3<\/td>\n<\/tr>\n<tr style=\"height: 13.50pt;\">\n<td style=\"height: 13.50pt;\" height=\"18\">St\u00edlus<\/td>\n<td>Minimalista, modern<\/td>\n<\/tr>\n<tr style=\"height: 13.50pt;\">\n<td style=\"height: 13.50pt;\" height=\"18\">Legjobb<\/td>\n<td>T\u00f6bbf\u00e9le csokrok, vir\u00e1gd\u00edszek, m\u0171vir\u00e1gok, dekor\u00e1ci\u00f3s elemek<\/td>\n<\/tr>\n<tr style=\"height: 13.50pt;\">\n<td style=\"height: 13.50pt;\" height=\"18\">Ide\u00e1lis haszn\u00e1lat<\/td>\n<td>Lakberendez\u00e9s, rendezv\u00e9nyek, kiskereskedelem, vend\u00e9gl\u00e1t\u00e1s<\/td>\n<\/tr>\n<\/tbody>\n<\/table>\n<h2>Sikeres eset<\/h2>\n<p>Az egyik term\u00e9kcsal\u00e1djuk egy n\u00e9met m\u00e1rka 12 cm magas \u00fcveg miniv\u00e1z\u00e1j\u00e1t haszn\u00e1lja alapkomponensk\u00e9nt. A pr\u00e9mium DIY m\u00e1rkapozicion\u00e1l\u00e1snak val\u00f3 megfelel\u00e9s \u00e9rdek\u00e9ben egym\u00e1st k\u00f6vet\u0151en egyedi fejleszt\u00e9seket vezett\u00fcnk be: az \u00fcvegfal vastags\u00e1g\u00e1t magasabb szinten tartottuk a nagyobb \u00e1tl\u00e1tsz\u00f3s\u00e1g \u00e9s h\u0151\u00e1ll\u00f3s\u00e1g biztos\u00edt\u00e1sa \u00e9rdek\u00e9ben; a perem let\u00f6rt fel\u00fclet\u00e9t kiss\u00e9 cs\u00f6kkentett\u00fck, hogy a felhaszn\u00e1l\u00f3k olyan \u00e9rz\u00e9st kapjanak a v\u00e1za alj\u00e1n, amikor egym\u00e1sra rakj\u00e1k a t\u00e1rgyakat; a v\u00e1za alj\u00e1ra pedig egy m\u00e1rkanevet \u00e9s egy term\u00e9ksorozatot v\u00e9st\u00fcnk, hogy k\u00f6nnyebben nyomon k\u00f6vethess\u00fck a k\u00e9szletet.<\/p>\n<p>A megjelen\u00e9se \u00f3ta eltelt k\u00e9t h\u00f3napban a term\u00e9k elad\u00e1sai nagyj\u00e1b\u00f3l 47%-kal n\u0151ttek, s\u0151t, az els\u0151 negyed\u00e9v v\u00e9g\u00e9re a term\u00e9k m\u00e1r k\u00e9t egym\u00e1st k\u00f6vet\u0151 ism\u00e9telt v\u00e1s\u00e1rl\u00e1si hull\u00e1mon is t\u00fal volt, \u00edgy a m\u00e1rka egyik legkelend\u0151bb sorozat\u00e1v\u00e1 v\u00e1lt.<\/p>\n<h2>Testreszab\u00e1si \u00f6tletek<\/h2>\n<ul>\n<li>Adj hozz\u00e1 f\u00fcgg\u0151legesen bord\u00e1zott text\u00far\u00e1t a finom, k\u00f6nnyed j\u00e1t\u00e9k\u00e9rt \u00e9s a jobb fog\u00e1s\u00e9rt.<\/li>\n<li>Sz\u00ednezd az \u00fcveget enyh\u00e9n f\u00fcst, p\u00edr vagy zs\u00e1lya sz\u00ednben, hogy sz\u00ednes csavart kapj an\u00e9lk\u00fcl, hogy elvesz\u00edten\u00e9d az eleganci\u00e1t.<\/li>\n<li>L\u00e9zermarat\u00e1ssal geometrikus mint\u00e1t varrhatsz a k\u00f6z\u00e9ps\u0151 r\u00e9sz k\u00f6r\u00e9 egy igaz\u00e1n egyedi r\u00e9szlet\u00e9rt.<\/li>\n<li>Homokf\u00fav\u00e1s a teljes fel\u00fcleten, hogy puha-matt text\u00far\u00e1t kapj, mik\u00f6zben a forma tiszta marad.<\/li>\n<\/ul>\n<p>Ezek nem csak apr\u00f3 m\u00f3dos\u00edt\u00e1sok \u2013 ezek olyan m\u00f3dszerek, amelyekkel egy egyszer\u0171 \u00fcvegv\u00e1z\u00e1t m\u00e1rk\u00e1s pillanatt\u00e1 var\u00e1zsolhatunk. Nincs sz\u00fcks\u00e9g hivalkod\u00f3 log\u00f3kra. A text\u00fara elmes\u00e9li a t\u00f6rt\u00e9netet.<\/p>","protected":false},"excerpt":{"rendered":"<p data-pm-slice=\"1 1 []\">Modern, \u00e1tl\u00e1tsz\u00f3 \u00fcvegv\u00e1z\u00e1k letisztult, hengeres kialak\u00edt\u00e1ssal. T\u00f6k\u00e9letes vir\u00e1gk\u00f6t\u00e9szethez, lakberendez\u00e9shez \u00e9s nagykereskedelmi v\u00e1s\u00e1rl\u00e1shoz. Gyors sz\u00e1ll\u00edt\u00e1s ingyenes mint\u00e1kkal.<\/p>","protected":false},"featured_media":4863,"template":"","meta":{"site-sidebar-layout":"default","site-content-layout":"","ast-site-content-layout":"default","site-content-style":"default","site-sidebar-style":"default","ast-global-header-display":"","ast-banner-title-visibility":"","ast-main-header-display":"","ast-hfb-above-header-display":"","ast-hfb-below-header-display":"","ast-hfb-mobile-header-display":"","site-post-title":"","ast-breadcrumbs-content":"","ast-featured-img":"","footer-sml-layout":"","theme-transparent-header-meta":"default","adv-header-id-meta":"","stick-header-meta":"","header-above-stick-meta":"","header-main-stick-meta":"","header-below-stick-meta":"","astra-migrate-meta-layouts":"set","ast-page-background-enabled":"default","ast-page-background-meta":{"desktop":{"background-color":"var(--ast-global-color-5)","background-image":"","background-repeat":"repeat","background-position":"center center","background-size":"auto","background-attachment":"scroll","background-type":"","background-media":"","overlay-type":"","overlay-color":"","overlay-opacity":"","overlay-gradient":""},"tablet":{"background-color":"","background-image":"","background-repeat":"repeat","background-position":"center center","background-size":"auto","background-attachment":"scroll","background-type":"","background-media":"","overlay-type":"","overlay-color":"","overlay-opacity":"","overlay-gradient":""},"mobile":{"background-color":"","background-image":"","background-repeat":"repeat","background-position":"center center","background-size":"auto","background-attachment":"scroll","background-type":"","background-media":"","overlay-type":"","overlay-color":"","overlay-opacity":"","overlay-gradient":""}},"ast-content-background-meta":{"desktop":{"background-color":"var(--ast-global-color-4)","background-image":"","background-repeat":"repeat","background-position":"center center","background-size":"auto","background-attachment":"scroll","background-type":"","background-media":"","overlay-type":"","overlay-color":"","overlay-opacity":"","overlay-gradient":""},"tablet":{"background-color":"var(--ast-global-color-4)","background-image":"","background-repeat":"repeat","background-position":"center center","background-size":"auto","background-attachment":"scroll","background-type":"","background-media":"","overlay-type":"","overlay-color":"","overlay-opacity":"","overlay-gradient":""},"mobile":{"background-color":"var(--ast-global-color-4)","background-image":"","background-repeat":"repeat","background-position":"center center","background-size":"auto","background-attachment":"scroll","background-type":"","background-media":"","overlay-type":"","overlay-color":"","overlay-opacity":"","overlay-gradient":""}}},"product_brand":[],"product_cat":[57,21],"product_tag":[],"class_list":{"0":"post-2125","1":"product","2":"type-product","3":"status-publish","4":"has-post-thumbnail","6":"product_cat-glass-vases","7":"product_cat-product","8":"desktop-align-left","9":"tablet-align-left","10":"mobile-align-left","12":"first","13":"instock","14":"shipping-taxable","15":"product-type-simple"},"jetpack_sharing_enabled":true,"_links":{"self":[{"href":"https:\/\/mostebglass.com\/hu\/wp-json\/wp\/v2\/product\/2125","targetHints":{"allow":["GET"]}}],"collection":[{"href":"https:\/\/mostebglass.com\/hu\/wp-json\/wp\/v2\/product"}],"about":[{"href":"https:\/\/mostebglass.com\/hu\/wp-json\/wp\/v2\/types\/product"}],"wp:featuredmedia":[{"embeddable":true,"href":"https:\/\/mostebglass.com\/hu\/wp-json\/wp\/v2\/media\/4863"}],"wp:attachment":[{"href":"https:\/\/mostebglass.com\/hu\/wp-json\/wp\/v2\/media?parent=2125"}],"wp:term":[{"taxonomy":"product_brand","embeddable":true,"href":"https:\/\/mostebglass.com\/hu\/wp-json\/wp\/v2\/product_brand?post=2125"},{"taxonomy":"product_cat","embeddable":true,"href":"https:\/\/mostebglass.com\/hu\/wp-json\/wp\/v2\/product_cat?post=2125"},{"taxonomy":"product_tag","embeddable":true,"href":"https:\/\/mostebglass.com\/hu\/wp-json\/wp\/v2\/product_tag?post=2125"}],"curies":[{"name":"wp","href":"https:\/\/api.w.org\/{rel}","templated":true}]}}