{"id":2313,"date":"2025-09-22T15:27:00","date_gmt":"2025-09-22T07:27:00","guid":{"rendered":"https:\/\/mostebglass.com\/?post_type=product&#038;p=2313"},"modified":"2026-03-24T13:21:17","modified_gmt":"2026-03-24T05:21:17","slug":"unique-transparent-glass-vases-in-textured-cylinder-bulk","status":"publish","type":"product","link":"https:\/\/mostebglass.com\/hu\/unique-transparent-glass-vases-in-textured-cylinder-bulk\/","title":{"rendered":"Egyedi \u00e1tl\u00e1tsz\u00f3 \u00fcvegv\u00e1z\u00e1k textur\u00e1lt hengeres \u00f6mlesztett kivitelben"},"content":{"rendered":"<p>Ezek a modern, egyedi v\u00e1z\u00e1k egyszer\u0171 hengeres kialak\u00edt\u00e1s\u00faak. Fel\u00fclet\u00fck ink\u00e1bb bord\u00e1zott, mint sima. K\u00e9t m\u00e9retben kaphat\u00f3k, egyedi, m\u0171v\u00e9szi hat\u00e1st k\u00f6lcs\u00f6n\u00f6zve vir\u00e1gainak.<\/p>\n<h2><strong>Term\u00e9kjellemz\u0151k<\/strong><\/h2>\n<ul>\n<li><strong>Bord\u00e1zott text\u00fara:<\/strong> A bord\u00e1zott fel\u00fclet m\u00e9lys\u00e9get \u00e9s dimenzi\u00f3kat ad, egy egyszer\u0171 \u00fcvegv\u00e1z\u00e1t tapinthat\u00f3 d\u00edszt\u00e1rggy\u00e1 alak\u00edtva.<\/li>\n<li><strong>Krist\u00e1lytiszta:<\/strong> Kiv\u00e1l\u00f3 min\u0151s\u00e9g\u0171 \u00e1tl\u00e1tsz\u00f3 \u00fcvegb\u0151l k\u00e9sz\u00fclt, amely felfedi az egyes vir\u00e1gok t\u00f6rzs\u00e9t \u00e9s hagym\u00e1it, \u00edgy ide\u00e1lis v\u00e1laszt\u00e1s minimalista, modern otthoni dekor\u00e1ci\u00f3khoz.<\/li>\n<li><strong>Tart\u00f3s \u00e9s funkcion\u00e1lis konstrukci\u00f3:<\/strong> Vastag, stabil talpa megakad\u00e1lyozza a felborul\u00e1st, \u00edgy ide\u00e1lis otthoni \u00e9s kereskedelmi vir\u00e1gd\u00edszek k\u00e9sz\u00edt\u00e9s\u00e9hez egyar\u00e1nt.<\/li>\n<\/ul>\n<h2>F\u0151bb specifik\u00e1ci\u00f3k<\/h2>\n<table style=\"border-collapse: collapse; margin-left: auto; margin-right: auto; width: 435.02pt;\" border=\"0\" width=\"580\" cellspacing=\"0\" cellpadding=\"0\">\n<tbody>\n<tr style=\"height: 13.50pt;\">\n<td style=\"height: 13.5pt; width: 105pt; text-align: center;\" width=\"140\" height=\"18\">Attrib\u00fatum<\/td>\n<td style=\"width: 330pt; text-align: center;\" width=\"440\">R\u00e9szlet<\/td>\n<\/tr>\n<tr style=\"height: 13.50pt;\">\n<td style=\"height: 13.5pt; text-align: center;\" height=\"18\">Alak<\/td>\n<td style=\"text-align: center;\">Hengeres<\/td>\n<\/tr>\n<tr style=\"height: 13.50pt;\">\n<td style=\"height: 13.5pt; text-align: center;\" height=\"18\">Anyag<\/td>\n<td style=\"text-align: center;\">\u00c1tl\u00e1tsz\u00f3 \u00fcveg<\/td>\n<\/tr>\n<tr style=\"height: 13.50pt;\">\n<td style=\"height: 13.5pt; text-align: center;\" height=\"18\">Magass\u00e1gok<\/td>\n<td style=\"text-align: center;\">19 cm, 24 cm<\/td>\n<\/tr>\n<tr style=\"height: 13.50pt;\">\n<td style=\"height: 13.5pt; text-align: center;\" height=\"18\">\u00c1tm\u00e9r\u0151k<\/td>\n<td style=\"text-align: center;\">7,5 cm, 9 cm<\/td>\n<\/tr>\n<tr style=\"height: 13.50pt;\">\n<td style=\"height: 13.5pt; text-align: center;\" height=\"18\">Fel\u00fclet<\/td>\n<td style=\"text-align: center;\">Konk\u00e1v \u00e9s konvex text\u00fara<\/td>\n<\/tr>\n<tr style=\"height: 13.50pt;\">\n<td style=\"height: 13.5pt; text-align: center;\" height=\"18\">St\u00edlus<\/td>\n<td style=\"text-align: center;\">Modern, dekorat\u00edv<\/td>\n<\/tr>\n<tr style=\"height: 13.50pt;\">\n<td style=\"height: 13.5pt; text-align: center;\" height=\"18\">Haszn\u00e1lati eset<\/td>\n<td style=\"text-align: center;\">Bud v\u00e1za, m\u0171vir\u00e1gos d\u00edsz, asztald\u00edsz<\/td>\n<\/tr>\n<\/tbody>\n<\/table>\n<h2>Sikeres eset<\/h2>\n<p>Textur\u00e1lt \u00fcvegv\u00e1z\u00e1inkat egy kanadai \u00e9letm\u00f3dm\u00e1rka is beillesztette otthoni dekor\u00e1ci\u00f3s kollekci\u00f3j\u00e1ba. Az egyedi tervez\u00e9st tekintve a term\u00e9k k\u00e9tt\u00f3nus\u00fa \u00e1tmenetes fel\u00fclettel rendelkezik, amely enyh\u00e9n tomp\u00edtja az alapsz\u00ednt, de a fels\u0151 fel\u00e9t tov\u00e1bbra is vil\u00e1gosan hagyja, ez\u00e1ltal gazdag vizu\u00e1lis m\u00e9lys\u00e9g\u00e9rzetet k\u00f6lcs\u00f6n\u00f6zve a v\u00e1z\u00e1knak; tov\u00e1bb\u00e1 a fix\u00e1l\u00e1s biztos\u00edt\u00e1sa \u00e9rdek\u00e9ben cs\u00fasz\u00e1sg\u00e1tl\u00f3 szilikon talpgy\u0171r\u0171ket helyezt\u00fcnk a v\u00e1z\u00e1kra, hogy biztosan illeszkedjenek.<\/p>\n<p>A m\u00e1rka a v\u00e1z\u00e1k kateg\u00f3ri\u00e1j\u00e1ban a bevezet\u00e9s \u00f3ta eltelt mind\u00f6ssze 10 h\u00e9t alatt 31 sz\u00e1zal\u00e9kos \u00e1rn\u00f6veked\u00e9st \u00e9rt el; a siker a magas online jelenl\u00e9tnek volt k\u00f6sz\u00f6nhet\u0151, ami tov\u00e1bbi 45 000 darabos megrendel\u00e9st eredm\u00e9nyezett.<\/p>\n<h2>Testreszab\u00e1si tippek \u00fcvegv\u00e1za rendel\u00e9s\u00e9hez<\/h2>\n<ul>\n<li>Sz\u00ednezd az \u00fcveget \u2013 pr\u00f3b\u00e1ld ki a l\u00e1gy borosty\u00e1n, a f\u00fcstsz\u00fcrke vagy a halv\u00e1nyk\u00e9k \u00e1rnyalatokat egy sz\u00ednes, \u00e1tl\u00e1tsz\u00f3 \u00fcvegv\u00e1z\u00e1hoz.<\/li>\n<li>A hengert enyh\u00e9n k\u00faposra kell \u00e1ll\u00edtani \u2013 ez vizu\u00e1lisan n\u00f6veli a magass\u00e1got, \u00e9s jobban illik a hossz\u00fa sz\u00e1r\u00fa kompoz\u00edci\u00f3khoz.<\/li>\n<li>Homokf\u00fav\u00e1s a teljes fel\u00fcleten \u2013 egyenletes matt text\u00far\u00e1t hoz l\u00e9tre, mik\u00f6zben meg\u0151rzi az eleg\u00e1ns form\u00e1t.<\/li>\n<\/ul>\n<p>Ezek a modern v\u00e1z\u00e1k nem csup\u00e1n t\u00e1rol\u00f3k \u2013 besz\u00e9lget\u00e9sind\u00edt\u00f3k.<\/p>","protected":false},"excerpt":{"rendered":"<p>Eleg\u00e1ns, \u00e1tl\u00e1tsz\u00f3 \u00fcvegv\u00e1za egyenetlen, textur\u00e1lt fel\u00fclettel. T\u00f6k\u00e9letes modern dekor\u00e1ci\u00f3hoz, vir\u00e1gd\u00edszekhez \u00e9s egyedi v\u00e1z\u00e1khoz nagykereskedelemben. Ingyenes minta.<\/p>\n<p>&nbsp;<\/p>","protected":false},"featured_media":4887,"template":"","meta":{"site-sidebar-layout":"default","site-content-layout":"","ast-site-content-layout":"default","site-content-style":"default","site-sidebar-style":"default","ast-global-header-display":"","ast-banner-title-visibility":"","ast-main-header-display":"","ast-hfb-above-header-display":"","ast-hfb-below-header-display":"","ast-hfb-mobile-header-display":"","site-post-title":"","ast-breadcrumbs-content":"","ast-featured-img":"","footer-sml-layout":"","theme-transparent-header-meta":"default","adv-header-id-meta":"","stick-header-meta":"","header-above-stick-meta":"","header-main-stick-meta":"","header-below-stick-meta":"","astra-migrate-meta-layouts":"set","ast-page-background-enabled":"default","ast-page-background-meta":{"desktop":{"background-color":"var(--ast-global-color-5)","background-image":"","background-repeat":"repeat","background-position":"center center","background-size":"auto","background-attachment":"scroll","background-type":"","background-media":"","overlay-type":"","overlay-color":"","overlay-opacity":"","overlay-gradient":""},"tablet":{"background-color":"","background-image":"","background-repeat":"repeat","background-position":"center center","background-size":"auto","background-attachment":"scroll","background-type":"","background-media":"","overlay-type":"","overlay-color":"","overlay-opacity":"","overlay-gradient":""},"mobile":{"background-color":"","background-image":"","background-repeat":"repeat","background-position":"center center","background-size":"auto","background-attachment":"scroll","background-type":"","background-media":"","overlay-type":"","overlay-color":"","overlay-opacity":"","overlay-gradient":""}},"ast-content-background-meta":{"desktop":{"background-color":"var(--ast-global-color-4)","background-image":"","background-repeat":"repeat","background-position":"center center","background-size":"auto","background-attachment":"scroll","background-type":"","background-media":"","overlay-type":"","overlay-color":"","overlay-opacity":"","overlay-gradient":""},"tablet":{"background-color":"var(--ast-global-color-4)","background-image":"","background-repeat":"repeat","background-position":"center center","background-size":"auto","background-attachment":"scroll","background-type":"","background-media":"","overlay-type":"","overlay-color":"","overlay-opacity":"","overlay-gradient":""},"mobile":{"background-color":"var(--ast-global-color-4)","background-image":"","background-repeat":"repeat","background-position":"center center","background-size":"auto","background-attachment":"scroll","background-type":"","background-media":"","overlay-type":"","overlay-color":"","overlay-opacity":"","overlay-gradient":""}}},"product_brand":[],"product_cat":[57,21],"product_tag":[],"class_list":{"0":"post-2313","1":"product","2":"type-product","3":"status-publish","4":"has-post-thumbnail","6":"product_cat-glass-vases","7":"product_cat-product","8":"desktop-align-left","9":"tablet-align-left","10":"mobile-align-left","12":"first","13":"instock","14":"shipping-taxable","15":"product-type-simple"},"jetpack_sharing_enabled":true,"_links":{"self":[{"href":"https:\/\/mostebglass.com\/hu\/wp-json\/wp\/v2\/product\/2313","targetHints":{"allow":["GET"]}}],"collection":[{"href":"https:\/\/mostebglass.com\/hu\/wp-json\/wp\/v2\/product"}],"about":[{"href":"https:\/\/mostebglass.com\/hu\/wp-json\/wp\/v2\/types\/product"}],"wp:featuredmedia":[{"embeddable":true,"href":"https:\/\/mostebglass.com\/hu\/wp-json\/wp\/v2\/media\/4887"}],"wp:attachment":[{"href":"https:\/\/mostebglass.com\/hu\/wp-json\/wp\/v2\/media?parent=2313"}],"wp:term":[{"taxonomy":"product_brand","embeddable":true,"href":"https:\/\/mostebglass.com\/hu\/wp-json\/wp\/v2\/product_brand?post=2313"},{"taxonomy":"product_cat","embeddable":true,"href":"https:\/\/mostebglass.com\/hu\/wp-json\/wp\/v2\/product_cat?post=2313"},{"taxonomy":"product_tag","embeddable":true,"href":"https:\/\/mostebglass.com\/hu\/wp-json\/wp\/v2\/product_tag?post=2313"}],"curies":[{"name":"wp","href":"https:\/\/api.w.org\/{rel}","templated":true}]}}