{"id":2334,"date":"2025-09-22T16:54:35","date_gmt":"2025-09-22T08:54:35","guid":{"rendered":"https:\/\/mostebglass.com\/?post_type=product&#038;p=2334"},"modified":"2026-01-26T18:04:44","modified_gmt":"2026-01-26T10:04:44","slug":"large-glass-vases-hurricane-candle-holders-wholesale","status":"publish","type":"product","link":"https:\/\/mostebglass.com\/hu\/large-glass-vases-hurricane-candle-holders-wholesale\/","title":{"rendered":"4800\/5600\/6500ml-es nagy \u00fcvegv\u00e1z\u00e1k \u2013 Hurricane gyertyatart\u00f3k nagykereskedelme"},"content":{"rendered":"<p>Boroszilik\u00e1t nagy \u00fcvegv\u00e1za-k\u00e9szlet\u00fcnk 3 k\u00fcl\u00f6nb\u00f6z\u0151 m\u00e9ret\u0171, magass\u00e1g\u00fa \u00e9s \u00e1tm\u00e9r\u0151j\u0171 darabot tartalmaz. Szabadon haszn\u00e1lhat\u00f3 v\u00e1z\u00e1kat \u00e9s sz\u00e9lv\u00e9d\u0151 gyertyatart\u00f3kat (hurrik\u00e1n gyertyatart\u00f3kat) is k\u00edn\u00e1l.<\/p>\n<h2>F\u0151bb jellemz\u0151k:<\/h2>\n<ul>\n<li><strong>T\u00f6bbc\u00e9l\u00fa seg\u00e9dprogram<\/strong>Ezek az \u00fcveged\u00e9nyek nemcsak vir\u00e1gd\u00edszk\u00e9nt, \u00fasz\u00f3gyertyak\u00e9nt \u00e9s oszlopgyertya-\u00f6ssze\u00e1ll\u00edt\u00e1sk\u00e9nt, t\u00f6ltel\u00e9kdekor\u00e1ci\u00f3k\u00e9nt, hanem mini t\u00e1j\u00e9p\u00edt\u00e9szeti \u00fcltet\u0151ed\u00e9nyekk\u00e9nt is haszn\u00e1lhat\u00f3k.<\/li>\n<li><strong>\u00d6r\u00f6k Design<\/strong>Ez a szett minimalista hengeres form\u00e1val \u00e9s krist\u00e1lytiszta \u00e1tl\u00e1tsz\u00f3s\u00e1ggal rendelkezik, \u00e9s t\u00f6k\u00e9letesen illeszkedik b\u00e1rmilyen lakberendez\u00e9si st\u00edlushoz vagy esem\u00e9ny t\u00e9m\u00e1hoz, p\u00e9ld\u00e1ul esk\u00fcv\u0151h\u00f6z, partihoz \u00e9s mindennapi lakberendez\u00e9shez.<\/li>\n<li><strong>Pr\u00e9mium anyag<\/strong>Kiv\u00e1l\u00f3 min\u0151s\u00e9g\u0171 boroszilik\u00e1t \u00fcvegb\u0151l k\u00e9sz\u00fclt, sima fel\u00fclettel \u00e9s kiv\u00e1l\u00f3 \u00e1tl\u00e1tsz\u00f3s\u00e1ggal, \u00edgy h\u0151\u00e1ll\u00f3 \u00e9s tart\u00f3s.<\/li>\n<li><strong>T\u00f6bbc\u00e9l\u00fa m\u00e9retez\u00e9s<\/strong>H\u00e1romf\u00e9le \u0171rtartalommal kaphat\u00f3: 4800 ml, 5600 ml \u00e9s 6500 ml, 3 darabos szettk\u00e9nt, a k\u00fcl\u00f6nf\u00e9le dekor\u00e1ci\u00f3s ig\u00e9nyek kiel\u00e9g\u00edt\u00e9se \u00e9rdek\u00e9ben.<\/li>\n<\/ul>\n<h2>Specifik\u00e1ci\u00f3k<\/h2>\n<table style=\"border-collapse: collapse; margin-left: auto; margin-right: auto; width: 477.02pt;\" border=\"0\" width=\"636\" cellspacing=\"0\" cellpadding=\"0\">\n<tbody>\n<tr style=\"height: 13.50pt;\">\n<td style=\"height: 13.50pt; width: 105.00pt;\" width=\"140\" height=\"18\">Attrib\u00fatum<\/td>\n<td style=\"width: 372.00pt;\" width=\"496\">R\u00e9szlet<\/td>\n<\/tr>\n<tr style=\"height: 13.50pt;\">\n<td style=\"height: 13.50pt;\" height=\"18\">Alak<\/td>\n<td>Hengeres<\/td>\n<\/tr>\n<tr style=\"height: 13.50pt;\">\n<td style=\"height: 13.50pt;\" height=\"18\">Anyag<\/td>\n<td>\u00c1tl\u00e1tsz\u00f3 \u00fcveg<\/td>\n<\/tr>\n<tr style=\"height: 13.50pt;\">\n<td style=\"height: 13.50pt;\" height=\"18\">Magass\u00e1gok<\/td>\n<td>30 cm, 35 cm, 40 cm<\/td>\n<\/tr>\n<tr style=\"height: 13.50pt;\">\n<td style=\"height: 13.50pt;\" height=\"18\">\u00c1tm\u00e9r\u0151<\/td>\n<td>15 cm (minden m\u00e9ret)<\/td>\n<\/tr>\n<tr style=\"height: 13.50pt;\">\n<td style=\"height: 13.50pt;\" height=\"18\">Kapacit\u00e1s<\/td>\n<td>4800 ml, 5600 ml, 6500 ml<\/td>\n<\/tr>\n<tr style=\"height: 13.50pt;\">\n<td style=\"height: 13.50pt;\" height=\"18\">Fel\u00fclet<\/td>\n<td>Sima, pol\u00edrozott<\/td>\n<\/tr>\n<tr style=\"height: 13.50pt;\">\n<td style=\"height: 13.50pt;\" height=\"18\">St\u00edlus<\/td>\n<td>Modern, minimalista<\/td>\n<\/tr>\n<tr style=\"height: 13.50pt;\">\n<td style=\"height: 13.50pt;\" height=\"18\">Ide\u00e1lis<\/td>\n<td>Padl\u00f3elrendez\u00e9sek, el\u0151csarnokok, esk\u00fcv\u0151i dekor\u00e1ci\u00f3k, kiskereskedelmi kijelz\u0151k<\/td>\n<\/tr>\n<\/tbody>\n<\/table>\n<h2>Val\u00f3s felhaszn\u00e1l\u00e1si eset: Luxus kiskereskedelmi l\u00e1nc<\/h2>\n<p>Egy luxusdivat-kiskeresked\u0151 fokozni akarta \u00fczlete hangulat\u00e1t \u00e9s cs\u00f6kkenteni a k\u00e1oszt. Nagy \u00fcvegv\u00e1z\u00e1kat helyezett el a bej\u00e1ratn\u00e1l \u00e9s a pr\u00f3baf\u00fclke sarkaiban. Minden nagy, \u00e1tl\u00e1tsz\u00f3 v\u00e1z\u00e1ban egy egyedi form\u00e1j\u00fa, ut\u00e1nzott \u00e1g tal\u00e1lhat\u00f3 \u2013 nincsenek vir\u00e1gok, csak a forma. Az \u00e1tl\u00e1tsz\u00f3 \u00fcveg k\u00f6nnyeds\u00e9get k\u00f6lcs\u00f6n\u00f6z a kirakatnak. R\u00e1ad\u00e1sul a v\u00e1za egyszer\u0171 kialak\u00edt\u00e1sa nem vonja el a figyelmet a ruh\u00e1zatr\u00f3l. Ennek eredm\u00e9nyek\u00e9nt ez a l\u00e9p\u00e9s 18%-kal n\u00f6velte az \u00e1tlagos \u00fczletben t\u00f6lt\u00f6tt id\u0151t. A szem\u00e9lyzet tagjai az \u00fczlet \u201enyugodt, eleg\u00e1ns\u201d l\u00e9gk\u00f6r\u00e9r\u0151l is \u00e1radoznak. Az egyik vezet\u0151 megjegyezte: \u201eEz t\u00f6bb mint dekor\u00e1ci\u00f3; ez a t\u00e9r kiterjeszt\u00e9se.\u201d<\/p>\n<h2>Tippek a nagym\u00e9ret\u0171, \u00e1tl\u00e1tsz\u00f3 v\u00e1z\u00e1k testreszab\u00e1s\u00e1hoz<\/h2>\n<ul>\n<li>Sz\u00ednezett \u00fcveg \u2013 Nagy forgalm\u00fa ter\u00fcleteken haszn\u00e1ljon l\u00e1gy sz\u00fcrke vagy bronz \u00e1rnyalatokat a hangulat megteremt\u00e9s\u00e9hez \u00e9s a v\u00edz l\u00e1that\u00f3s\u00e1g\u00e1nak cs\u00f6kkent\u00e9s\u00e9hez.<\/li>\n<li>Vastag\u00edtott alap \u2013 A magasabb, \u00e1l-elrendez\u00e9sekn\u00e9l a nagyobb stabilit\u00e1s \u00e9rdek\u00e9ben nehezebb alapokat kell k\u00e9sz\u00edteni.<\/li>\n<li>Homokf\u00favott ragaszt\u00f3szalag \u2013 Vigyen fel egy v\u00e9kony v\u00edzszintes cs\u00edkot az alapra a m\u00e1rkajelz\u00e9shez \u2013 t\u00f6k\u00e9letes a k\u00e9s\u0151bbi l\u00e9zergrav\u00edroz\u00e1shoz.<\/li>\n<\/ul>\n<p>Ezek a nagy \u00fcvegv\u00e1z\u00e1k nem csak kieg\u00e9sz\u00edt\u0151k. Egy nagy, \u00e1tl\u00e1tsz\u00f3 v\u00e1z\u00e1t igaz\u00e1n k\u00fcl\u00f6nlegess\u00e9 var\u00e1zsolnak.<\/p>","protected":false},"excerpt":{"rendered":"<p data-pm-slice=\"1 1 []\">Nagy \u00fcvegv\u00e1z\u00e1k szett: 3 sokoldal\u00fa boroszilik\u00e1t \u00fcveghenger vir\u00e1gokhoz, gyerty\u00e1khoz \u00e9s dekor\u00e1ci\u00f3hoz. H\u0151\u00e1ll\u00f3, eleg\u00e1ns \u00e9s t\u00f6k\u00e9letes esk\u00fcv\u0151kre vagy otthoni dekor\u00e1ci\u00f3hoz.<\/p>","protected":false},"featured_media":2440,"template":"","meta":{"site-sidebar-layout":"default","site-content-layout":"","ast-site-content-layout":"default","site-content-style":"default","site-sidebar-style":"default","ast-global-header-display":"","ast-banner-title-visibility":"","ast-main-header-display":"","ast-hfb-above-header-display":"","ast-hfb-below-header-display":"","ast-hfb-mobile-header-display":"","site-post-title":"","ast-breadcrumbs-content":"","ast-featured-img":"","footer-sml-layout":"","theme-transparent-header-meta":"default","adv-header-id-meta":"","stick-header-meta":"","header-above-stick-meta":"","header-main-stick-meta":"","header-below-stick-meta":"","astra-migrate-meta-layouts":"set","ast-page-background-enabled":"default","ast-page-background-meta":{"desktop":{"background-color":"var(--ast-global-color-5)","background-image":"","background-repeat":"repeat","background-position":"center center","background-size":"auto","background-attachment":"scroll","background-type":"","background-media":"","overlay-type":"","overlay-color":"","overlay-opacity":"","overlay-gradient":""},"tablet":{"background-color":"","background-image":"","background-repeat":"repeat","background-position":"center center","background-size":"auto","background-attachment":"scroll","background-type":"","background-media":"","overlay-type":"","overlay-color":"","overlay-opacity":"","overlay-gradient":""},"mobile":{"background-color":"","background-image":"","background-repeat":"repeat","background-position":"center center","background-size":"auto","background-attachment":"scroll","background-type":"","background-media":"","overlay-type":"","overlay-color":"","overlay-opacity":"","overlay-gradient":""}},"ast-content-background-meta":{"desktop":{"background-color":"var(--ast-global-color-4)","background-image":"","background-repeat":"repeat","background-position":"center center","background-size":"auto","background-attachment":"scroll","background-type":"","background-media":"","overlay-type":"","overlay-color":"","overlay-opacity":"","overlay-gradient":""},"tablet":{"background-color":"var(--ast-global-color-4)","background-image":"","background-repeat":"repeat","background-position":"center center","background-size":"auto","background-attachment":"scroll","background-type":"","background-media":"","overlay-type":"","overlay-color":"","overlay-opacity":"","overlay-gradient":""},"mobile":{"background-color":"var(--ast-global-color-4)","background-image":"","background-repeat":"repeat","background-position":"center center","background-size":"auto","background-attachment":"scroll","background-type":"","background-media":"","overlay-type":"","overlay-color":"","overlay-opacity":"","overlay-gradient":""}}},"product_brand":[],"product_cat":[57,21],"product_tag":[],"class_list":{"0":"post-2334","1":"product","2":"type-product","3":"status-publish","4":"has-post-thumbnail","6":"product_cat-glass-vases","7":"product_cat-product","8":"desktop-align-left","9":"tablet-align-left","10":"mobile-align-left","12":"first","13":"instock","14":"shipping-taxable","15":"product-type-simple"},"jetpack_sharing_enabled":true,"_links":{"self":[{"href":"https:\/\/mostebglass.com\/hu\/wp-json\/wp\/v2\/product\/2334","targetHints":{"allow":["GET"]}}],"collection":[{"href":"https:\/\/mostebglass.com\/hu\/wp-json\/wp\/v2\/product"}],"about":[{"href":"https:\/\/mostebglass.com\/hu\/wp-json\/wp\/v2\/types\/product"}],"wp:featuredmedia":[{"embeddable":true,"href":"https:\/\/mostebglass.com\/hu\/wp-json\/wp\/v2\/media\/2440"}],"wp:attachment":[{"href":"https:\/\/mostebglass.com\/hu\/wp-json\/wp\/v2\/media?parent=2334"}],"wp:term":[{"taxonomy":"product_brand","embeddable":true,"href":"https:\/\/mostebglass.com\/hu\/wp-json\/wp\/v2\/product_brand?post=2334"},{"taxonomy":"product_cat","embeddable":true,"href":"https:\/\/mostebglass.com\/hu\/wp-json\/wp\/v2\/product_cat?post=2334"},{"taxonomy":"product_tag","embeddable":true,"href":"https:\/\/mostebglass.com\/hu\/wp-json\/wp\/v2\/product_tag?post=2334"}],"curies":[{"name":"wp","href":"https:\/\/api.w.org\/{rel}","templated":true}]}}