{"id":2524,"date":"2025-09-23T17:21:23","date_gmt":"2025-09-23T09:21:23","guid":{"rendered":"https:\/\/mostebglass.com\/?post_type=product&#038;p=2524"},"modified":"2026-03-25T13:24:44","modified_gmt":"2026-03-25T05:24:44","slug":"clear-cylindrical-vases-in-textured-design-bulk","status":"publish","type":"product","link":"https:\/\/mostebglass.com\/hu\/clear-cylindrical-vases-in-textured-design-bulk\/","title":{"rendered":"1400ml 1750ml 2100ml \u00c1tl\u00e1tsz\u00f3 hengeres v\u00e1z\u00e1k textur\u00e1lt mint\u00e1val, \u00f6mlesztett kiszerel\u00e9sben"},"content":{"rendered":"<p>Ez a nagym\u00e9ret\u0171, hengeres v\u00e1za f\u00fcgg\u0151leges bord\u00e1zott mint\u00e1zattal rendelkezik, a f\u00fcgg\u0151leges vonalak az alj\u00e1t\u00f3l a perem\u00e9ig terjednek, \u00e9s h\u00e1rom m\u00e9retben kaphat\u00f3, st\u00edlusos megjelen\u00e9st k\u00f6lcs\u00f6n\u00f6zve vir\u00e1gainak.<\/p>\n<h2><strong>Term\u00e9kjellemz\u0151k<\/strong><\/h2>\n<ul>\n<li style=\"list-style-type: none;\">\n<ul>\n<li style=\"list-style-type: none;\">\n<ul>\n<li><strong>F\u00fcgg\u0151leges bord\u00e1z\u00e1s:<\/strong> A kiemelked\u0151 bord\u00e1k b\u00e1rmilyen k\u00f6rnyezetben k\u00fcl\u00f6nlegess\u00e9 \u00e9s vizu\u00e1lis \u00e9rdekess\u00e9 teszik a teret, n\u00f6velve a f\u00e9nyvisszaver\u0151d\u00e9st.<\/li>\n<li><strong>Hossz\u00fa hengeres forma:<\/strong> Az egyszer\u0171 hengeres m\u00e9ret magass\u00e1got \u00e9s szerkezetet k\u00f6lcs\u00f6n\u00f6z, t\u00f6k\u00e9letes sz\u00e1r\u00fa vagy hossz\u00fa vir\u00e1gd\u00edszek k\u00e9sz\u00edt\u00e9s\u00e9hez, szemet gy\u00f6ny\u00f6rk\u00f6dtet\u0151 m\u0171vir\u00e1gokb\u00f3l.<\/li>\n<li><strong>Tart\u00f3s, \u00e1tl\u00e1tsz\u00f3 \u00fcveg:<\/strong> V\u00edz\u00e1ll\u00f3 boroszilik\u00e1t \u00fcvegb\u0151l k\u00e9sz\u00fclt, ez a v\u00e1za tart\u00f3s, strapab\u00edr\u00f3 \u00e9lm\u00e9nyt ny\u00fajt, ami els\u0151 oszt\u00e1ly\u00fa d\u00edszv\u00e1z\u00e1v\u00e1 teszi.<\/li>\n<\/ul>\n<\/li>\n<\/ul>\n<\/li>\n<\/ul>\n<h2>F\u0151bb specifik\u00e1ci\u00f3k<\/h2>\n<table style=\"border-collapse: collapse; margin-left: auto; margin-right: auto; width: 498.77pt;\" border=\"0\" width=\"665\" cellspacing=\"0\" cellpadding=\"0\">\n<tbody>\n<tr style=\"height: 13.50pt;\">\n<td style=\"height: 13.50pt; width: 105.00pt;\" width=\"140\" height=\"18\">Attrib\u00fatum<\/td>\n<td style=\"width: 393.75pt;\" width=\"525\">R\u00e9szlet<\/td>\n<\/tr>\n<tr style=\"height: 13.50pt;\">\n<td style=\"height: 13.50pt;\" height=\"18\">Alak<\/td>\n<td>Hengeres<\/td>\n<\/tr>\n<tr style=\"height: 13.50pt;\">\n<td style=\"height: 13.50pt;\" height=\"18\">Anyag<\/td>\n<td>Boroszilik\u00e1t \u00fcveg<\/td>\n<\/tr>\n<tr style=\"height: 13.50pt;\">\n<td style=\"height: 13.50pt;\" height=\"18\">Magass\u00e1gok<\/td>\n<td>20 cm, 25 cm, 30 cm<\/td>\n<\/tr>\n<tr style=\"height: 13.50pt;\">\n<td style=\"height: 13.50pt;\" height=\"18\">\u00c1tm\u00e9r\u0151<\/td>\n<td>10 cm (minden m\u00e9ret)<\/td>\n<\/tr>\n<tr style=\"height: 13.50pt;\">\n<td style=\"height: 13.50pt;\" height=\"18\">Kapacit\u00e1s<\/td>\n<td>1400 ml, 1750 ml, 2100 ml<\/td>\n<\/tr>\n<tr style=\"height: 13.50pt;\">\n<td style=\"height: 13.50pt;\" height=\"18\">Fel\u00fclet<\/td>\n<td>F\u00fcgg\u0151leges bord\u00e1zott text\u00fara<\/td>\n<\/tr>\n<tr style=\"height: 13.50pt;\">\n<td style=\"height: 13.50pt;\" height=\"18\">Ide\u00e1lis<\/td>\n<td>Asztali v\u00e1z\u00e1k, asztald\u00edszek, esk\u00fcv\u0151i dekor\u00e1ci\u00f3k, kiskereskedelmi styling<\/td>\n<\/tr>\n<\/tbody>\n<\/table>\n<h2>Sikeres eset<\/h2>\n<p>Az egyik n\u00e9met pr\u00e9mium \u00e9letm\u00f3dm\u00e1rka az 1400 ml-es, magas boroszilik\u00e1t tartalm\u00fa \u00fcvegb\u0151l k\u00e9sz\u00fclt kis v\u00e1z\u00e1inkat v\u00e1lasztotta term\u00e9kcsal\u00e1dja r\u00e9sz\u00e9v\u00e9. A testreszab\u00e1s ter\u00e9n a v\u00e1z\u00e1k fel\u00fclet\u00e9t szabtuk testre; a form\u00e1k prec\u00edzi\u00f3s kalibr\u00e1l\u00e1s\u00e1val tiszta \u00e9s \u00e9les text\u00far\u00e1t alak\u00edtottunk ki, amely f\u00fcgg\u0151legesen felfel\u00e9 \u00e9s lefel\u00e9 halad az oldalakon. Ezenk\u00edv\u00fcl a m\u00e1rkalog\u00f3t l\u00e9zergrav\u00edroztuk minden v\u00e1za alj\u00e1ra, ami enyhe matt kontrasztot eredm\u00e9nyezett.<\/p>\n<p>Az ilyen t\u00edpus\u00fa term\u00e9k a piaci bevezet\u00e9st k\u00f6vet\u0151 hat h\u00e9t alatt 33 sz\u00e1zal\u00e9kos n\u00f6veked\u00e9st mutatott az elad\u00e1sokban. A m\u00e1rka a piaci keresletet \u00e9s a pozit\u00edv v\u00e1s\u00e1rl\u00f3i visszajelz\u00e9seket kihaszn\u00e1lva azonnal tov\u00e1bbi 50 000 darabos megrendel\u00e9st adott le.<\/p>\n<h2>Testreszab\u00e1si \u00f6tletek hengerv\u00e1z\u00e1hoz<\/h2>\n<ul>\n<li>K\u00fapos henger \u2013 A tetej\u00e9t (9 cm) kiss\u00e9 keskeny\u00edtsd az alaphoz (10 cm) k\u00e9pest a visszafogott vintage hat\u00e1s \u00e9rdek\u00e9ben.<\/li>\n<li>Sz\u00ednezett \u00fcveg \u2013 Haszn\u00e1ljon l\u00e1gy sz\u00fcrke vagy zs\u00e1lyaz\u00f6ld \u00fcveget a f\u00e9ny tomp\u00edt\u00e1s\u00e1hoz \u00e9s a hangulat megteremt\u00e9s\u00e9hez.<\/li>\n<li>K\u00e9tt\u00f3nus\u00fa marat\u00e1s \u2013 A m\u00e1rkajelz\u00e9shez \u00e1tl\u00e1tsz\u00f3 \u00fcveget kombin\u00e1lunk egy l\u00e9zergrav\u00edrozott geometrikus s\u00e1vval az alj k\u00f6zel\u00e9ben.<\/li>\n<\/ul>\n<p>Ezek nem csak apr\u00f3 m\u00f3dos\u00edt\u00e1sok \u2013 ezek olyan m\u00f3dszerek, amelyekkel egy egyszer\u0171 \u00fcvegv\u00e1z\u00e1t egyedi dekor\u00e1ci\u00f3s darabk\u00e1 alak\u00edthatunk.<\/p>","protected":false},"excerpt":{"rendered":"<p data-pm-slice=\"1 1 []\">\u00c1tl\u00e1tsz\u00f3, hengeres v\u00e1za f\u00fcgg\u0151leges cs\u00edkokkal. Eleg\u00e1ns, nagym\u00e9ret\u0171 vir\u00e1gv\u00e1za otthonra, rendezv\u00e9nyekre vagy nagykereskedelembe. \u00c9lvezze a nagykereskedelmi kedvezm\u00e9nyeket, az ingyenes mint\u00e1kat \u00e9s a gyors sz\u00e1ll\u00edt\u00e1st.<\/p>","protected":false},"featured_media":2535,"template":"","meta":{"site-sidebar-layout":"default","site-content-layout":"","ast-site-content-layout":"default","site-content-style":"default","site-sidebar-style":"default","ast-global-header-display":"","ast-banner-title-visibility":"","ast-main-header-display":"","ast-hfb-above-header-display":"","ast-hfb-below-header-display":"","ast-hfb-mobile-header-display":"","site-post-title":"","ast-breadcrumbs-content":"","ast-featured-img":"","footer-sml-layout":"","theme-transparent-header-meta":"default","adv-header-id-meta":"","stick-header-meta":"","header-above-stick-meta":"","header-main-stick-meta":"","header-below-stick-meta":"","astra-migrate-meta-layouts":"set","ast-page-background-enabled":"default","ast-page-background-meta":{"desktop":{"background-color":"var(--ast-global-color-5)","background-image":"","background-repeat":"repeat","background-position":"center center","background-size":"auto","background-attachment":"scroll","background-type":"","background-media":"","overlay-type":"","overlay-color":"","overlay-opacity":"","overlay-gradient":""},"tablet":{"background-color":"","background-image":"","background-repeat":"repeat","background-position":"center center","background-size":"auto","background-attachment":"scroll","background-type":"","background-media":"","overlay-type":"","overlay-color":"","overlay-opacity":"","overlay-gradient":""},"mobile":{"background-color":"","background-image":"","background-repeat":"repeat","background-position":"center center","background-size":"auto","background-attachment":"scroll","background-type":"","background-media":"","overlay-type":"","overlay-color":"","overlay-opacity":"","overlay-gradient":""}},"ast-content-background-meta":{"desktop":{"background-color":"var(--ast-global-color-4)","background-image":"","background-repeat":"repeat","background-position":"center center","background-size":"auto","background-attachment":"scroll","background-type":"","background-media":"","overlay-type":"","overlay-color":"","overlay-opacity":"","overlay-gradient":""},"tablet":{"background-color":"var(--ast-global-color-4)","background-image":"","background-repeat":"repeat","background-position":"center center","background-size":"auto","background-attachment":"scroll","background-type":"","background-media":"","overlay-type":"","overlay-color":"","overlay-opacity":"","overlay-gradient":""},"mobile":{"background-color":"var(--ast-global-color-4)","background-image":"","background-repeat":"repeat","background-position":"center center","background-size":"auto","background-attachment":"scroll","background-type":"","background-media":"","overlay-type":"","overlay-color":"","overlay-opacity":"","overlay-gradient":""}}},"product_brand":[],"product_cat":[57,21],"product_tag":[],"class_list":{"0":"post-2524","1":"product","2":"type-product","3":"status-publish","4":"has-post-thumbnail","6":"product_cat-glass-vases","7":"product_cat-product","8":"desktop-align-left","9":"tablet-align-left","10":"mobile-align-left","12":"first","13":"instock","14":"shipping-taxable","15":"product-type-simple"},"jetpack_sharing_enabled":true,"_links":{"self":[{"href":"https:\/\/mostebglass.com\/hu\/wp-json\/wp\/v2\/product\/2524","targetHints":{"allow":["GET"]}}],"collection":[{"href":"https:\/\/mostebglass.com\/hu\/wp-json\/wp\/v2\/product"}],"about":[{"href":"https:\/\/mostebglass.com\/hu\/wp-json\/wp\/v2\/types\/product"}],"wp:featuredmedia":[{"embeddable":true,"href":"https:\/\/mostebglass.com\/hu\/wp-json\/wp\/v2\/media\/2535"}],"wp:attachment":[{"href":"https:\/\/mostebglass.com\/hu\/wp-json\/wp\/v2\/media?parent=2524"}],"wp:term":[{"taxonomy":"product_brand","embeddable":true,"href":"https:\/\/mostebglass.com\/hu\/wp-json\/wp\/v2\/product_brand?post=2524"},{"taxonomy":"product_cat","embeddable":true,"href":"https:\/\/mostebglass.com\/hu\/wp-json\/wp\/v2\/product_cat?post=2524"},{"taxonomy":"product_tag","embeddable":true,"href":"https:\/\/mostebglass.com\/hu\/wp-json\/wp\/v2\/product_tag?post=2524"}],"curies":[{"name":"wp","href":"https:\/\/api.w.org\/{rel}","templated":true}]}}