{"id":2651,"date":"2025-09-24T15:37:17","date_gmt":"2025-09-24T07:37:17","guid":{"rendered":"https:\/\/mostebglass.com\/?post_type=product&#038;p=2651"},"modified":"2026-03-23T15:02:47","modified_gmt":"2026-03-23T07:02:47","slug":"nagykereskedelmi-gyonyoru-fa-es-uveg-vaza-viragok-szamara","status":"publish","type":"product","link":"https:\/\/mostebglass.com\/hu\/wholesale-exquisite-wood-and-glass-vase-for-flowers\/","title":{"rendered":"Nagykereskedelmi gy\u00f6ny\u00f6r\u0171 fa \u00e9s \u00fcveg vir\u00e1gv\u00e1za"},"content":{"rendered":"<p>Ennek a f\u00e1b\u00f3l \u00e9s \u00fcvegb\u0151l k\u00e9sz\u00fclt v\u00e1z\u00e1nak a kialak\u00edt\u00e1sa sima, hengeres, a teste \u00e1tl\u00e1tsz\u00f3 \u00fcvegb\u0151l, a k\u00e9zzel k\u00e9sz\u00edtett fa talpa pedig modern megjelen\u00e9st k\u00f6lcs\u00f6n\u00f6z neki.<\/p>\n<h2><strong>Term\u00e9kjellemz\u0151k<\/strong><\/h2>\n<ul>\n<li><strong>Kett\u0151s tartalm\u00fa kialak\u00edt\u00e1s:<\/strong> \u00c1tl\u00e1tsz\u00f3 \u00fcveg \u00e9s levehet\u0151 s\u00f6t\u00e9tbarna fa talp kombin\u00e1ci\u00f3ja, az \u00fcveg \u00e1tl\u00e1tsz\u00f3s\u00e1g\u00e1nak \u00e9s a fa h\u0151j\u00e9nek kever\u00e9ke az egyedi st\u00edlus\u00e9rt.<\/li>\n<li><strong>Tiszta hengeres sziluett:<\/strong> Letisztult, modern v\u00e1zaform\u00e1ja modern \u00e9s klasszikus enteri\u0151r\u00f6ket egyar\u00e1nt teremt.<\/li>\n<li><strong>T\u00f6bb text\u00fara-be\u00e1ll\u00edt\u00e1s:<\/strong> V\u00e1lasszon \u00e1tl\u00e1tsz\u00f3 vagy h\u00f3feh\u00e9r \u00fcveg k\u00f6z\u00fcl, hogy illeszkedjen m\u00e1rk\u00e1ja eszt\u00e9tik\u00e1j\u00e1hoz \u2013 a visszafogottt\u00f3l a dr\u00e1maiig.<\/li>\n<\/ul>\n<h2>F\u0151bb specifik\u00e1ci\u00f3k<\/h2>\n<table style=\"border-collapse: collapse; margin-left: auto; margin-right: auto; width: 498.77pt;\">\n<tbody>\n<tr>\n<td width=\"125\">Jellemz\u0151<\/td>\n<td width=\"402\">R\u00e9szletek<\/td>\n<\/tr>\n<tr>\n<td>Alak<\/td>\n<td>Henger<\/td>\n<\/tr>\n<tr>\n<td>Magass\u00e1gbe\u00e1ll\u00edt\u00e1sok<\/td>\n<td>20 cm, 25 cm<\/td>\n<\/tr>\n<tr>\n<td>\u00c1tm\u00e9r\u0151<\/td>\n<td>10 cm (minden modell)<\/td>\n<\/tr>\n<tr>\n<td>\u00dcveg t\u00edpusa<\/td>\n<td>Tiszta vagy gleccser text\u00far\u00e1j\u00fa fel\u00fclet<\/td>\n<\/tr>\n<tr>\n<td>B\u00e1zis<\/td>\n<td>Kivehet\u0151 t\u00f6m\u00f6rfa (m\u00e9lybarna)<\/td>\n<\/tr>\n<tr>\n<td>Anyag<\/td>\n<td>\u00dcveg + term\u00e9szetes fa<\/td>\n<\/tr>\n<tr>\n<td>Legjobb<\/td>\n<td>Bud v\u00e1za, m\u0171sz\u00e1rral d\u00edsz\u00edtett, dekorat\u00edv kieg\u00e9sz\u00edt\u0151<\/td>\n<\/tr>\n<tr>\n<td>St\u00edlus<\/td>\n<td>Modern v\u00e1za, minimalista lakberendez\u00e9s<\/td>\n<\/tr>\n<\/tbody>\n<\/table>\n<h2>Sikert\u00f6rt\u00e9net: Minimalista hengeres \u00fcvegv\u00e1za<\/h2>\n<p>Az egyik modern lakberendez\u00e9si m\u00e1rka \u00c9szak-Amerik\u00e1ban megrendelte fa \u00e9s \u00fcveg v\u00e1z\u00e1nkat, \u00e9s egyedi, k\u00e9zzel kalap\u00e1lt \u00fcvegb\u0151l k\u00e9sz\u00edtett. A k\u00e9zzel kalap\u00e1lt text\u00far\u00e1val d\u00edsz\u00edtett \u00fcveg \u00faj megjelen\u00e9st k\u00f6lcs\u00f6nz\u00f6tt a term\u00e9knek, ami a megjelen\u00e9s\u00e9t k\u00f6vet\u0151 egy h\u00f3napon bel\u00fcl 35 sz\u00e1zal\u00e9kkal n\u00f6velte az elad\u00e1sait. Ez a szil\u00e1rd alap 0,5% al\u00e1 cs\u00f6kkentette a sz\u00e1ll\u00edt\u00e1s \u00e9s haszn\u00e1lat k\u00f6zbeni t\u00f6r\u00e9si ar\u00e1nyt, \u00e9s a m\u00e1rka \u00e9rt\u00e9kes\u00edt\u00e9s ut\u00e1ni k\u00f6lts\u00e9gei is jelent\u0151sen cs\u00f6kkentek. A m\u00e1rka emellett tov\u00e1bbi 400 000 \u00fcvegv\u00e1z\u00e1t rendelt a pozit\u00edv piaci visszajelz\u00e9sek miatt, hogy kiel\u00e9g\u00edtse az eur\u00f3pai modern lakberendez\u00e9si piac n\u00f6vekv\u0151 nagykereskedelmi kereslet\u00e9t.<\/p>\n<h2>Testreszab\u00e1si v\u00e1za vir\u00e1gokhoz \u00f6tletek<\/h2>\n<ul>\n<li>Pr\u00f3b\u00e1ld ki a f\u00fcst\u00fcveget \u2013 Cser\u00e9ld le az \u00e1tl\u00e1tsz\u00f3 \u00fcveget l\u00e1gy sz\u00fcrke \u00e1rnyalatra a hangulatos, modern otthoni dekor\u00e1ci\u00f3\u00e9rt.<\/li>\n<li>L\u00e9zermarat\u00e1s mint\u00e1val \u2013 A fel\u00fcleten tal\u00e1lhat\u00f3 finom geometriai vagy organikus form\u00e1k minden \u00fcvegv\u00e1z\u00e1t m\u0171alkot\u00e1ss\u00e1 var\u00e1zsolnak.<\/li>\n<li>Egyedi magass\u00e1g \u2013 Ny\u00fajtsd 30 cm-re a dr\u00e1mai hat\u00e1s\u00e9rt, vagy r\u00f6vid\u00edtsd 15 cm-re az \u00edr\u00f3asztalra is ill\u0151 r\u00fcgyv\u00e1zad\u00edsz\u00e9rt.<\/li>\n<\/ul>\n<p>Ezek a t\u00e1rol\u00f3k nem csak apr\u00f3 m\u00f3dos\u00edt\u00e1sok \u2013 m\u00e1rka\u00e9p\u00edt\u00e9si eszk\u00f6z\u00f6k. Egy egyedi text\u00fara vagy st\u00edlus felismerhet\u0151v\u00e9 var\u00e1zsolja a vir\u00e1gv\u00e1z\u00e1it.<\/p>","protected":false},"excerpt":{"rendered":"<p data-pm-slice=\"1 1 []\">Fedezze fel a nagykereskedelmi fa- \u00e9s \u00fcvegv\u00e1z\u00e1k kollekci\u00f3it. St\u00edlusos vir\u00e1gv\u00e1z\u00e1k levehet\u0151 fa talppal, ide\u00e1lis vir\u00e1g\u00fczletek \u00e9s kiskeresked\u0151k sz\u00e1m\u00e1ra. Ingyenes mint\u00e1k.<\/p>","protected":false},"featured_media":4873,"template":"","meta":{"site-sidebar-layout":"default","site-content-layout":"","ast-site-content-layout":"default","site-content-style":"default","site-sidebar-style":"default","ast-global-header-display":"","ast-banner-title-visibility":"","ast-main-header-display":"","ast-hfb-above-header-display":"","ast-hfb-below-header-display":"","ast-hfb-mobile-header-display":"","site-post-title":"","ast-breadcrumbs-content":"","ast-featured-img":"","footer-sml-layout":"","theme-transparent-header-meta":"default","adv-header-id-meta":"","stick-header-meta":"","header-above-stick-meta":"","header-main-stick-meta":"","header-below-stick-meta":"","astra-migrate-meta-layouts":"set","ast-page-background-enabled":"default","ast-page-background-meta":{"desktop":{"background-color":"var(--ast-global-color-5)","background-image":"","background-repeat":"repeat","background-position":"center center","background-size":"auto","background-attachment":"scroll","background-type":"","background-media":"","overlay-type":"","overlay-color":"","overlay-opacity":"","overlay-gradient":""},"tablet":{"background-color":"","background-image":"","background-repeat":"repeat","background-position":"center center","background-size":"auto","background-attachment":"scroll","background-type":"","background-media":"","overlay-type":"","overlay-color":"","overlay-opacity":"","overlay-gradient":""},"mobile":{"background-color":"","background-image":"","background-repeat":"repeat","background-position":"center center","background-size":"auto","background-attachment":"scroll","background-type":"","background-media":"","overlay-type":"","overlay-color":"","overlay-opacity":"","overlay-gradient":""}},"ast-content-background-meta":{"desktop":{"background-color":"var(--ast-global-color-4)","background-image":"","background-repeat":"repeat","background-position":"center center","background-size":"auto","background-attachment":"scroll","background-type":"","background-media":"","overlay-type":"","overlay-color":"","overlay-opacity":"","overlay-gradient":""},"tablet":{"background-color":"var(--ast-global-color-4)","background-image":"","background-repeat":"repeat","background-position":"center center","background-size":"auto","background-attachment":"scroll","background-type":"","background-media":"","overlay-type":"","overlay-color":"","overlay-opacity":"","overlay-gradient":""},"mobile":{"background-color":"var(--ast-global-color-4)","background-image":"","background-repeat":"repeat","background-position":"center center","background-size":"auto","background-attachment":"scroll","background-type":"","background-media":"","overlay-type":"","overlay-color":"","overlay-opacity":"","overlay-gradient":""}}},"product_brand":[],"product_cat":[57,21],"product_tag":[],"class_list":{"0":"post-2651","1":"product","2":"type-product","3":"status-publish","4":"has-post-thumbnail","6":"product_cat-glass-vases","7":"product_cat-product","8":"desktop-align-left","9":"tablet-align-left","10":"mobile-align-left","12":"first","13":"instock","14":"shipping-taxable","15":"product-type-simple"},"jetpack_sharing_enabled":true,"_links":{"self":[{"href":"https:\/\/mostebglass.com\/hu\/wp-json\/wp\/v2\/product\/2651","targetHints":{"allow":["GET"]}}],"collection":[{"href":"https:\/\/mostebglass.com\/hu\/wp-json\/wp\/v2\/product"}],"about":[{"href":"https:\/\/mostebglass.com\/hu\/wp-json\/wp\/v2\/types\/product"}],"wp:featuredmedia":[{"embeddable":true,"href":"https:\/\/mostebglass.com\/hu\/wp-json\/wp\/v2\/media\/4873"}],"wp:attachment":[{"href":"https:\/\/mostebglass.com\/hu\/wp-json\/wp\/v2\/media?parent=2651"}],"wp:term":[{"taxonomy":"product_brand","embeddable":true,"href":"https:\/\/mostebglass.com\/hu\/wp-json\/wp\/v2\/product_brand?post=2651"},{"taxonomy":"product_cat","embeddable":true,"href":"https:\/\/mostebglass.com\/hu\/wp-json\/wp\/v2\/product_cat?post=2651"},{"taxonomy":"product_tag","embeddable":true,"href":"https:\/\/mostebglass.com\/hu\/wp-json\/wp\/v2\/product_tag?post=2651"}],"curies":[{"name":"wp","href":"https:\/\/api.w.org\/{rel}","templated":true}]}}