{"id":2693,"date":"2025-09-24T17:34:08","date_gmt":"2025-09-24T09:34:08","guid":{"rendered":"https:\/\/mostebglass.com\/?post_type=product&#038;p=2693"},"modified":"2026-03-20T14:18:47","modified_gmt":"2026-03-20T06:18:47","slug":"nagykereskedelmi-vintage-zold-noveny-vaza-dekoraciohoz","status":"publish","type":"product","link":"https:\/\/mostebglass.com\/hu\/wholesale-vintage-green-plant-vase-for-decoration\/","title":{"rendered":"Vintage z\u00f6ld n\u00f6v\u00e9nyi v\u00e1za otthoni asztald\u00edsz\u00edt\u00e9shez nagykereskedelemben"},"content":{"rendered":"<p>Ezek a z\u00f6ld n\u00f6v\u00e9nyi v\u00e1z\u00e1k friss \u00e9s tiszta vil\u00e1gosz\u00f6ld \u00fcvegb\u0151l k\u00e9sz\u00fcltek, eleg\u00e1ns f\u00fcgg\u0151leges text\u00far\u00e1kkal \u00e9s finom, legyez\u0151 alak\u00fa sz\u00e1jakkal d\u00edsz\u00edtve, \u00e9s h\u00e1rom k\u00fcl\u00f6nb\u00f6z\u0151 st\u00edlusban kaphat\u00f3k.<\/p>\n<h2>Term\u00e9kjellemz\u0151k<\/h2>\n<ul>\n<li><strong>Hull\u00e1mos csipkenyak:<\/strong> A palacknyak hull\u00e1mos csipkemint\u00e1zat\u00fa, amely a retr\u00f3 st\u00edlus \u00e9s a d\u00edsz\u00edt\u0151elemek funkcion\u00e1lis kombin\u00e1ci\u00f3ja.<\/li>\n<li><strong>F\u00fcgg\u0151leges bord\u00e1zott fazetta kialak\u00edt\u00e1s:<\/strong> A palack test\u00e9n f\u00fcgg\u0151legesen bord\u00e1zott fazetta tal\u00e1lhat\u00f3, amely f\u00e9ny-\u00e1rny\u00e9k benyom\u00e1s\u00e1t, valamint vizu\u00e1lis text\u00far\u00e1t k\u00f6lcs\u00f6n\u00f6z.<\/li>\n<li><strong>Z\u00f6ld v\u00e1za adapt\u00e1ci\u00f3: <\/strong>V\u00e1lassz z\u00f6ld sz\u00ednt a zs\u00e1lya ihlette h\u00e1z d\u00edsz\u00edt\u00e9s\u00e9re \u2013 a v\u00e1z\u00e1d lesz a sz\u00e9ps\u00e9ged h\u0151se.<\/li>\n<\/ul>\n<h2><strong data-spm-anchor-id=\"5176.28103460.0.i17.29ab2e31jMt8zf\">F\u0151bb specifik\u00e1ci\u00f3k <\/strong><\/h2>\n<table style=\"border-collapse: collapse; width: 80%; margin-left: auto; margin-right: auto;\" border=\"0\" width=\"356\" cellspacing=\"0\" cellpadding=\"0\">\n<tbody>\n<tr style=\"height: 13.50pt;\">\n<td style=\"height: 13.5pt; width: 82.5pt; text-align: center;\" width=\"110\" height=\"18\">Alak<\/td>\n<td style=\"width: 62.25pt; text-align: center;\" width=\"83\">M\u00e9ret (mm)<\/td>\n<td style=\"width: 122.25pt; text-align: center;\" width=\"163\">Sz\u00ednbe\u00e1ll\u00edt\u00e1sok<\/td>\n<\/tr>\n<tr style=\"height: 13.50pt;\">\n<td style=\"height: 13.5pt; text-align: center;\" height=\"18\">kagyl\u00f3s nyak\u00fa zs\u00edr<\/td>\n<td style=\"text-align: center;\">76x85x60<\/td>\n<td class=\"et2\" style=\"text-align: center;\" rowspan=\"3\">\u00c1tl\u00e1tsz\u00f3, k\u00e9k, z\u00f6ld vagy egyedi<\/td>\n<\/tr>\n<tr style=\"height: 13.50pt;\">\n<td style=\"height: 13.5pt; text-align: center;\" height=\"18\">K\u00f6zepes, kagyl\u00f3s nyakkal<\/td>\n<td style=\"text-align: center;\">61x135x50<\/td>\n<\/tr>\n<tr style=\"height: 13.50pt;\">\n<td style=\"height: 13.5pt; text-align: center;\" height=\"18\">Magas, kagyl\u00f3s nyakkal<\/td>\n<td style=\"text-align: center;\">74x150x60<\/td>\n<\/tr>\n<\/tbody>\n<\/table>\n<h2>Sikeres eset<\/h2>\n<p>Az egyik ausztr\u00e1l illatm\u00e1rka az \u00fajonnan tervezett diff\u00fazorunk form\u00e1j\u00e1t v\u00e1lasztotta, \u00e9s saj\u00e1t orient\u00e1lis illatkollekci\u00f3t k\u00e9sz\u00edtett a flakonnal. A flakon dombornyomott mint\u00e1it tov\u00e1bbfejlesztett\u00e9k, \u00e9s egy egyedi, f\u00e9lig \u00e1tl\u00e1tsz\u00f3 matt bevonatot vittek fel a term\u00e9k vizu\u00e1lis m\u00e9lys\u00e9g\u00e9nek el\u00e9r\u00e9se \u00e9rdek\u00e9ben, amelyet matt fekete alum\u00ednium tet\u0151vel \u00e9s egyedi, 3,5 mm-es term\u00e9szetes rattan n\u00e1dsz\u00e1lakkal (az egyenletes diff\u00fazi\u00f3 \u00e9rdek\u00e9ben) p\u00e1ros\u00edtottak, a v\u00e9geredm\u00e9ny a m\u0171v\u00e9szi kifejez\u00e9s \u00e9s a funkcion\u00e1lis hasznoss\u00e1g t\u00f6k\u00e9letes egyens\u00faly\u00e1nak el\u00e9r\u00e9se volt.<\/p>\n<p>A kollekci\u00f3 elad\u00e1sai mind\u00f6ssze h\u00e1rom h\u00f3napon bel\u00fcl, a bevezet\u00e9se ut\u00e1n k\u00f6r\u00fclbel\u00fcl 47-tel n\u0151ttek. Ezenk\u00edv\u00fcl a m\u00e1rka a m\u00e1sodik negyed\u00e9vben k\u00e9t nagy t\u00e9telben is \u00fajrarendelte term\u00e9keit, \u00edgy ez a term\u00e9kcsal\u00e1d az egyik legkelend\u0151bb z\u00e1szl\u00f3shaj\u00f3 term\u00e9k\u00fckk\u00e9 v\u00e1lt.<\/p>\n<h2>Testreszab\u00e1si k\u00e9zik\u00f6nyved<\/h2>\n<ol>\n<li><strong>Sz\u00ednes m\u00e9rk\u0151z\u00e9s var\u00e1zslat: <\/strong>Cser\u00e9ld le a k\u00e9ket z\u00f6ldre, hogy passzoljon a m\u00e1rk\u00e1dhoz \u2013 nagy t\u00e9telben rendel\u00e9s eset\u00e9n nincs fel\u00e1r. P\u00e9lda: \u201eForest Bloom\u201d SEZ esk\u00fcv\u0151i k\u00e9szlet z\u00f6ld v\u00e1z\u00e1kkal.<\/li>\n<li><strong>L\u00e9zertetrag\u00e9nes m\u00e1rkat\u00f6rt\u00e9net: <\/strong>Add hozz\u00e1 a n\u00f6v\u00e9nyv\u00e1za alapj\u00e1n k\u00e9sz\u00fclt log\u00f3dat vagy szlogenedet. Az \u00f6ko-boire-ok megosztj\u00e1k az Instagramon - Ingyenes marketing.<\/li>\n<\/ol>","protected":false},"excerpt":{"rendered":"<p>Dobd fel az otthonod dekor\u00e1ci\u00f3j\u00e1t n\u00f6v\u00e9nyi \u00e9s z\u00f6ld v\u00e1za szettekkel. Egyedi \u00fcveg, vir\u00e1gmint\u00e1s. Nagykereskedelem. T\u00f6k\u00e9letes esk\u00fcv\u0151kre, asztalokra. Gyors sz\u00e1ll\u00edt\u00e1s.<\/p>","protected":false},"featured_media":4548,"template":"","meta":{"site-sidebar-layout":"default","site-content-layout":"","ast-site-content-layout":"default","site-content-style":"default","site-sidebar-style":"default","ast-global-header-display":"","ast-banner-title-visibility":"","ast-main-header-display":"","ast-hfb-above-header-display":"","ast-hfb-below-header-display":"","ast-hfb-mobile-header-display":"","site-post-title":"","ast-breadcrumbs-content":"","ast-featured-img":"","footer-sml-layout":"","theme-transparent-header-meta":"default","adv-header-id-meta":"","stick-header-meta":"","header-above-stick-meta":"","header-main-stick-meta":"","header-below-stick-meta":"","astra-migrate-meta-layouts":"set","ast-page-background-enabled":"default","ast-page-background-meta":{"desktop":{"background-color":"var(--ast-global-color-5)","background-image":"","background-repeat":"repeat","background-position":"center center","background-size":"auto","background-attachment":"scroll","background-type":"","background-media":"","overlay-type":"","overlay-color":"","overlay-opacity":"","overlay-gradient":""},"tablet":{"background-color":"","background-image":"","background-repeat":"repeat","background-position":"center center","background-size":"auto","background-attachment":"scroll","background-type":"","background-media":"","overlay-type":"","overlay-color":"","overlay-opacity":"","overlay-gradient":""},"mobile":{"background-color":"","background-image":"","background-repeat":"repeat","background-position":"center center","background-size":"auto","background-attachment":"scroll","background-type":"","background-media":"","overlay-type":"","overlay-color":"","overlay-opacity":"","overlay-gradient":""}},"ast-content-background-meta":{"desktop":{"background-color":"var(--ast-global-color-4)","background-image":"","background-repeat":"repeat","background-position":"center center","background-size":"auto","background-attachment":"scroll","background-type":"","background-media":"","overlay-type":"","overlay-color":"","overlay-opacity":"","overlay-gradient":""},"tablet":{"background-color":"var(--ast-global-color-4)","background-image":"","background-repeat":"repeat","background-position":"center center","background-size":"auto","background-attachment":"scroll","background-type":"","background-media":"","overlay-type":"","overlay-color":"","overlay-opacity":"","overlay-gradient":""},"mobile":{"background-color":"var(--ast-global-color-4)","background-image":"","background-repeat":"repeat","background-position":"center center","background-size":"auto","background-attachment":"scroll","background-type":"","background-media":"","overlay-type":"","overlay-color":"","overlay-opacity":"","overlay-gradient":""}}},"product_brand":[],"product_cat":[21,57],"product_tag":[],"class_list":{"0":"post-2693","1":"product","2":"type-product","3":"status-publish","4":"has-post-thumbnail","6":"product_cat-product","7":"product_cat-glass-vases","8":"desktop-align-left","9":"tablet-align-left","10":"mobile-align-left","12":"first","13":"instock","14":"shipping-taxable","15":"product-type-simple"},"jetpack_sharing_enabled":true,"_links":{"self":[{"href":"https:\/\/mostebglass.com\/hu\/wp-json\/wp\/v2\/product\/2693","targetHints":{"allow":["GET"]}}],"collection":[{"href":"https:\/\/mostebglass.com\/hu\/wp-json\/wp\/v2\/product"}],"about":[{"href":"https:\/\/mostebglass.com\/hu\/wp-json\/wp\/v2\/types\/product"}],"wp:featuredmedia":[{"embeddable":true,"href":"https:\/\/mostebglass.com\/hu\/wp-json\/wp\/v2\/media\/4548"}],"wp:attachment":[{"href":"https:\/\/mostebglass.com\/hu\/wp-json\/wp\/v2\/media?parent=2693"}],"wp:term":[{"taxonomy":"product_brand","embeddable":true,"href":"https:\/\/mostebglass.com\/hu\/wp-json\/wp\/v2\/product_brand?post=2693"},{"taxonomy":"product_cat","embeddable":true,"href":"https:\/\/mostebglass.com\/hu\/wp-json\/wp\/v2\/product_cat?post=2693"},{"taxonomy":"product_tag","embeddable":true,"href":"https:\/\/mostebglass.com\/hu\/wp-json\/wp\/v2\/product_tag?post=2693"}],"curies":[{"name":"wp","href":"https:\/\/api.w.org\/{rel}","templated":true}]}}