{"id":2718,"date":"2025-09-25T09:17:05","date_gmt":"2025-09-25T01:17:05","guid":{"rendered":"https:\/\/mostebglass.com\/?post_type=product&#038;p=2718"},"modified":"2026-03-23T13:29:33","modified_gmt":"2026-03-23T05:29:33","slug":"gradient-glass-vase-set-in-different-shape-bulk","status":"publish","type":"product","link":"https:\/\/mostebglass.com\/hu\/gradient-glass-vase-set-in-different-shape-bulk\/","title":{"rendered":"K\u00fcl\u00f6nb\u00f6z\u0151 alak\u00fa gradiens \u00fcvegv\u00e1za-k\u00e9szlet, \u00f6mlesztett"},"content":{"rendered":"<p>Ez az \u00f6t darabos v\u00e1zakollekci\u00f3 \u00fcvegv\u00e1z\u00e1i k\u00e9kt\u0151l s\u00e1rg\u00e1ig terjed\u0151 sz\u00edn\u00e1tmenettel rendelkeznek, k\u00fcl\u00f6nb\u00f6z\u0151 form\u00e1kban kaphat\u00f3k, \u00e9s finom text\u00far\u00e1kkal d\u00edsz\u00edtettek, bele\u00e9rtve a dombornyomott vir\u00e1gmint\u00e1kat, gy\u00e9m\u00e1ntcsiszol\u00e1sokat, valamint a bord\u00e1zott \u00e9s spir\u00e1lis mint\u00e1kat, mindegyik a saj\u00e1t sz\u00e9ps\u00e9g\u00e9t mutatja.<\/p>\n<h2><strong>Term\u00e9kjellemz\u0151k<\/strong><\/h2>\n<ul>\n<li><strong>K\u00fcl\u00f6nb\u00f6z\u0151 form\u00e1k<\/strong>: Ez az 5 \u00fcvegv\u00e1za k\u00fcl\u00f6nb\u00f6z\u0151 form\u00e1j\u00fa, bele\u00e9rtve a karcs\u00fa, spir\u00e1lis stb. form\u00e1kat, amelyek k\u00fcl\u00f6nb\u00f6z\u0151 vir\u00e1gform\u00e1khoz \u00e9s dekor\u00e1ci\u00f3s jelenetekhez igaz\u00edthat\u00f3k.<\/li>\n<li><strong>Sz\u00edn\u00e1tmenet<\/strong>A k\u00e9k \u00e9s s\u00e1rga sz\u00edn\u00e1tmenetes kombin\u00e1ci\u00f3 friss \u00e9s r\u00e9tegzett, vizu\u00e1lis sz\u00e9ps\u00e9get k\u00f6lcs\u00f6n\u00f6zve a vir\u00e1gkompoz\u00edci\u00f3nak.<\/li>\n<li><strong>Gazdag fel\u00fcleti text\u00fara<\/strong>A gy\u00e9m\u00e1nt, spir\u00e1l, bord\u00e1zott \u00e9s vir\u00e1gmint\u00e1s r\u00e9szletek minden \u00fcvegv\u00e1z\u00e1t k\u00e9zzel k\u00e9sz\u00edtett \u00e9rzett\u00e9 tesznek.<\/li>\n<\/ul>\n<h2>F\u0151bb specifik\u00e1ci\u00f3k<\/h2>\n<table style=\"border-collapse: collapse; margin-left: auto; margin-right: auto; width: 468.77pt;\" border=\"0\" width=\"625\" cellspacing=\"0\" cellpadding=\"0\">\n<tbody>\n<tr style=\"height: 13.50pt;\">\n<td style=\"height: 13.5pt; width: 105pt; text-align: center;\" width=\"140\" height=\"18\">Jellemz\u0151<\/td>\n<td style=\"width: 363.75pt; text-align: center;\" width=\"485\">R\u00e9szletek<\/td>\n<\/tr>\n<tr style=\"height: 13.50pt;\">\n<td style=\"height: 13.5pt; text-align: center;\" height=\"18\">M\u00e9retk\u00e9szlet<\/td>\n<td style=\"text-align: center;\">5 darab<\/td>\n<\/tr>\n<tr style=\"height: 13.50pt;\">\n<td style=\"height: 13.5pt; text-align: center;\" height=\"18\">Anyag<\/td>\n<td style=\"text-align: center;\">N\u00e1trium-m\u00e9sz\u00fcveg<\/td>\n<\/tr>\n<tr style=\"height: 13.50pt;\">\n<td style=\"height: 13.5pt; text-align: center;\" height=\"18\">Sz\u00edn<\/td>\n<td style=\"text-align: center;\">K\u00e9k-s\u00e1rga sz\u00edn\u00e1tmenet (testreszabhat\u00f3)<\/td>\n<\/tr>\n<tr style=\"height: 13.50pt;\">\n<td style=\"height: 13.5pt; text-align: center;\" height=\"18\">Design v\u00e1ltozatoss\u00e1g<\/td>\n<td style=\"text-align: center;\">Magas, keskeny, spir\u00e1lis, bord\u00e1zott, kisz\u00e9lesed\u0151, textur\u00e1lt<\/td>\n<\/tr>\n<tr style=\"height: 13.50pt;\">\n<td style=\"height: 13.5pt; text-align: center;\" height=\"18\">Fel\u00fcleti r\u00e9szletek<\/td>\n<td style=\"text-align: center;\">Gy\u00e9m\u00e1ntminta, spir\u00e1lis horony, vir\u00e1gos domborm\u0171<\/td>\n<\/tr>\n<tr style=\"height: 13.50pt;\">\n<td style=\"height: 13.5pt; text-align: center;\" height=\"18\">Legjobb<\/td>\n<td style=\"text-align: center;\">V\u00e1zabimb\u00f3, vir\u00e1gv\u00e1za, m\u0171sz\u00e1r, vir\u00e1gtart\u00f3<\/td>\n<\/tr>\n<tr style=\"height: 13.50pt;\">\n<td style=\"height: 13.5pt; text-align: center;\" height=\"18\">St\u00edlus<\/td>\n<td style=\"text-align: center;\">Modern v\u00e1za, eleg\u00e1ns d\u00edszv\u00e1z\u00e1k<\/td>\n<\/tr>\n<\/tbody>\n<\/table>\n<h2>Sikert\u00f6rt\u00e9net<\/h2>\n<p>Kis asztali v\u00e1z\u00e1ink kollekci\u00f3j\u00e1t egy olasz lakberendez\u00e9si m\u00e1rka v\u00e1lasztotta. Mivel a konkr\u00e9t ig\u00e9ny\u00fck a vizu\u00e1lisan leny\u0171g\u00f6z\u0151 displayek kialak\u00edt\u00e1sa volt, differenci\u00e1lt testreszab\u00e1si strat\u00e9gi\u00e1t alkalmaztunk: a k\u00fcl\u00f6nb\u00f6z\u0151 text\u00far\u00e1khoz (gy\u00e9m\u00e1nt dombornyom\u00e1s, f\u00fcgg\u0151leges cs\u00edkok \u00e9s hull\u00e1mok) t\u00f6bb fel\u00fcleti f\u00e9nyess\u00e9get adtunk, hogy a teljes term\u00e9kcsal\u00e1d k\u00fcl\u00f6nb\u00f6z\u0151 f\u00e9nyvisszaver\u0151 r\u00e9tegeket kapjon a f\u00e9ny alatt. Ezenk\u00edv\u00fcl a v\u00e1z\u00e1k ny\u00edl\u00e1sait szabv\u00e1nyos\u00edtottuk, nagyobb ar\u00e1nyban, jobban illeszkedve az egyes sz\u00e1rak vagy sz\u00e1razvir\u00e1g-kompoz\u00edci\u00f3k elhelyez\u00e9s\u00e9hez. V\u00e9g\u00fcl egyedi aj\u00e1nd\u00e9kdoboz-csomagol\u00e1st k\u00e9sz\u00edtett\u00fcnk, amely eszt\u00e9tikailag hasonl\u00edtott maguknak a v\u00e1z\u00e1knak a megjelen\u00e9s\u00e9hez, \u00edgy \u00f6sszhangban volt a m\u00e1rka \u00f6sszk\u00e9p\u00e9vel.<\/p>\n<p>Bevezet\u00e9s\u00e9vel a sorozat elad\u00e1sai mintegy 58 sz\u00e1zal\u00e9kkal n\u0151ttek az els\u0151 negyed\u00e9vben. A m\u00e1sodik negyed\u00e9vben a m\u00e1rka a teljes k\u00e9szletre t\u00f6meges \u00fajrarendel\u00e9seket adott le, \u00edgy ez lett az egyik z\u00e1szl\u00f3shaj\u00f3 term\u00e9k a kirakataikban.<\/p>\n<h2>\u00dcvegv\u00e1za-k\u00e9szlet testreszab\u00e1sa<\/h2>\n<ul>\n<li>L\u00e9zermarat\u00e1ssal k\u00e9sz\u00edtsen egy jellegzetes mot\u00edvumot \u2013 Egy apr\u00f3 levelet, napot vagy absztrakt form\u00e1t az alap k\u00f6zel\u00e9ben \u2013 csak k\u00f6zelr\u0151l l\u00e1that\u00f3.<\/li>\n<li>Textur\u00e1lt nyak \u2013 A bar\u00e1zd\u00e1lt vagy rov\u00e1tkolt perem tapinthat\u00f3 luxust k\u00f6lcs\u00f6n\u00f6z \u00e9s elrejti az ujjlenyomatokat.<\/li>\n<li>Sz\u00ednezd be enyh\u00e9n az \u00e1tl\u00e1tsz\u00f3 \u00fcveget \u2013 M\u00e9g az \u201e\u00e1tl\u00e1tsz\u00f3\u201d v\u00e1ltozatok is tartalmazhatnak egy kis melegs\u00e9get vagy h\u0171v\u00f6ss\u00e9get a finom v\u00e1ltozatoss\u00e1g \u00e9rdek\u00e9ben.<\/li>\n<\/ul>\n<p>Ezek nem csup\u00e1n kozmetikai v\u00e1ltoztat\u00e1sok. Egy gy\u00f6ny\u00f6r\u0171 \u00fcvegv\u00e1z\u00e1t egyediv\u00e9 var\u00e1zsolnak.<\/p>","protected":false},"excerpt":{"rendered":"<p data-pm-slice=\"1 1 []\">Nagykereskedelmi v\u00e1zarudak \u00e9s \u00fcvegv\u00e1z\u00e1k dombornyomott r\u00e9szletekkel \u00e9s eleg\u00e1ns form\u00e1kkal. A dombornyomott \u00e9s spir\u00e1lis text\u00far\u00e1k vintage b\u00e1jt k\u00f6lcs\u00f6n\u00f6znek. Ingyenes mint\u00e1k kaphat\u00f3k.<\/p>","protected":false},"featured_media":2741,"template":"","meta":{"site-sidebar-layout":"default","site-content-layout":"","ast-site-content-layout":"default","site-content-style":"default","site-sidebar-style":"default","ast-global-header-display":"","ast-banner-title-visibility":"","ast-main-header-display":"","ast-hfb-above-header-display":"","ast-hfb-below-header-display":"","ast-hfb-mobile-header-display":"","site-post-title":"","ast-breadcrumbs-content":"","ast-featured-img":"","footer-sml-layout":"","theme-transparent-header-meta":"default","adv-header-id-meta":"","stick-header-meta":"","header-above-stick-meta":"","header-main-stick-meta":"","header-below-stick-meta":"","astra-migrate-meta-layouts":"set","ast-page-background-enabled":"default","ast-page-background-meta":{"desktop":{"background-color":"var(--ast-global-color-5)","background-image":"","background-repeat":"repeat","background-position":"center center","background-size":"auto","background-attachment":"scroll","background-type":"","background-media":"","overlay-type":"","overlay-color":"","overlay-opacity":"","overlay-gradient":""},"tablet":{"background-color":"","background-image":"","background-repeat":"repeat","background-position":"center center","background-size":"auto","background-attachment":"scroll","background-type":"","background-media":"","overlay-type":"","overlay-color":"","overlay-opacity":"","overlay-gradient":""},"mobile":{"background-color":"","background-image":"","background-repeat":"repeat","background-position":"center center","background-size":"auto","background-attachment":"scroll","background-type":"","background-media":"","overlay-type":"","overlay-color":"","overlay-opacity":"","overlay-gradient":""}},"ast-content-background-meta":{"desktop":{"background-color":"var(--ast-global-color-4)","background-image":"","background-repeat":"repeat","background-position":"center center","background-size":"auto","background-attachment":"scroll","background-type":"","background-media":"","overlay-type":"","overlay-color":"","overlay-opacity":"","overlay-gradient":""},"tablet":{"background-color":"var(--ast-global-color-4)","background-image":"","background-repeat":"repeat","background-position":"center center","background-size":"auto","background-attachment":"scroll","background-type":"","background-media":"","overlay-type":"","overlay-color":"","overlay-opacity":"","overlay-gradient":""},"mobile":{"background-color":"var(--ast-global-color-4)","background-image":"","background-repeat":"repeat","background-position":"center center","background-size":"auto","background-attachment":"scroll","background-type":"","background-media":"","overlay-type":"","overlay-color":"","overlay-opacity":"","overlay-gradient":""}}},"product_brand":[],"product_cat":[57,21],"product_tag":[],"class_list":{"0":"post-2718","1":"product","2":"type-product","3":"status-publish","4":"has-post-thumbnail","6":"product_cat-glass-vases","7":"product_cat-product","8":"desktop-align-left","9":"tablet-align-left","10":"mobile-align-left","12":"first","13":"instock","14":"shipping-taxable","15":"product-type-simple"},"jetpack_sharing_enabled":true,"_links":{"self":[{"href":"https:\/\/mostebglass.com\/hu\/wp-json\/wp\/v2\/product\/2718","targetHints":{"allow":["GET"]}}],"collection":[{"href":"https:\/\/mostebglass.com\/hu\/wp-json\/wp\/v2\/product"}],"about":[{"href":"https:\/\/mostebglass.com\/hu\/wp-json\/wp\/v2\/types\/product"}],"wp:featuredmedia":[{"embeddable":true,"href":"https:\/\/mostebglass.com\/hu\/wp-json\/wp\/v2\/media\/2741"}],"wp:attachment":[{"href":"https:\/\/mostebglass.com\/hu\/wp-json\/wp\/v2\/media?parent=2718"}],"wp:term":[{"taxonomy":"product_brand","embeddable":true,"href":"https:\/\/mostebglass.com\/hu\/wp-json\/wp\/v2\/product_brand?post=2718"},{"taxonomy":"product_cat","embeddable":true,"href":"https:\/\/mostebglass.com\/hu\/wp-json\/wp\/v2\/product_cat?post=2718"},{"taxonomy":"product_tag","embeddable":true,"href":"https:\/\/mostebglass.com\/hu\/wp-json\/wp\/v2\/product_tag?post=2718"}],"curies":[{"name":"wp","href":"https:\/\/api.w.org\/{rel}","templated":true}]}}