{"id":2750,"date":"2025-09-25T17:13:49","date_gmt":"2025-09-25T09:13:49","guid":{"rendered":"https:\/\/mostebglass.com\/?post_type=product&#038;p=2750"},"modified":"2025-09-25T17:13:52","modified_gmt":"2025-09-25T09:13:52","slug":"vintage-cameo-olomuveg-bimbo-vazak-omlesztve","status":"publish","type":"product","link":"https:\/\/mostebglass.com\/hu\/vintage-cameo-stained-glass-bud-vases-bulk\/","title":{"rendered":"Vintage Cameo \u00f3lom\u00fcveg bud v\u00e1z\u00e1k \u00f6mlesztett vir\u00e1gk\u00f6t\u00e9szethez"},"content":{"rendered":"<p>Elege van a csal\u00f3d\u00e1st okoz\u00f3 kis vir\u00e1gv\u00e1z\u00e1kb\u00f3l? \u00c1tl\u00e1tsz\u00f3 \u00fcvegb\u0151l, nagy t\u00e9telben k\u00e9sz\u00edt\u00fcnk bimb\u00f3v\u00e1z\u00e1kat vir\u00e1gmint\u00e1s r\u00e9szletekkel \u2013 nincs sz\u00fcks\u00e9g m\u0171sz\u00e1rakra. Ezek a modern v\u00e1zadarabok a m\u0171sz\u00e1rakat vir\u00e1gz\u00f3 pillanatokk\u00e1 var\u00e1zsolj\u00e1k. A nagy t\u00e9telben rendelt v\u00e1z\u00e1k egyedi sz\u00ednv\u00e1laszt\u00e9kkal kaphat\u00f3k \u2013 a te v\u00e1z\u00e1d lesz a f\u0151szerepl\u0151.<\/p>\n<h2>Term\u00e9kjellemz\u0151k<\/h2>\n<p><strong>Vir\u00e1gos text\u00fara elegancia<\/strong><\/p>\n<p>Az \u00e1tl\u00e1tsz\u00f3 \u00fcvegre pr\u00e9selt vir\u00e1gmint\u00e1k minden v\u00e1z\u00e1ban k\u00e9zzel k\u00e9sz\u00edtettnek \u00e9rz\u0151dnek, nem t\u00f6meggy\u00e1rtottnak.<\/p>\n<p><strong>Bud v\u00e1za t\u00f6k\u00e9letess\u00e9g<\/strong><\/p>\n<p>A nagym\u00e9ret\u0171 r\u00fcgyv\u00e1z\u00e1k \u00e1rtatlanul elf\u00e9rnek egyetlen vir\u00e1gsz\u00e1rban vagy tiszt\u00e1talan sz\u00e1rban \u2013 ide\u00e1lisak otthoni dekor\u00e1ci\u00f3nak az asztalon vagy az asztalon.<\/p>\n<p><strong>Egyedi sz\u00ednharm\u00f3nia<\/strong><\/p>\n<p>V\u00e1lassz k\u00e9ket, z\u00f6ldet, barn\u00e1t vagy \u00e1tl\u00e1tsz\u00f3t \u2013 a v\u00e1z\u00e1d illeszkedik a m\u00e1rk\u00e1d hangulat\u00e1hoz, nem csak az \u00e9vszakhoz.<\/p>\n<h2><strong data-spm-anchor-id=\"5176.28103460.0.i14.29ab2e314T5xkY\">F\u0151bb specifik\u00e1ci\u00f3k<\/strong><\/h2>\n<table style=\"border-collapse: collapse; width: 80%; margin-left: auto; margin-right: auto;\" border=\"0\" width=\"288\" cellspacing=\"0\" cellpadding=\"0\">\n<tbody>\n<tr style=\"height: 13.50pt;\">\n<td style=\"height: 13.5pt; width: 54pt; text-align: center;\" width=\"72\" height=\"18\">St\u00edlus<\/td>\n<td style=\"width: 54pt; text-align: center;\" width=\"72\">M\u00e9ret (mm)<\/td>\n<td style=\"width: 54pt; text-align: center;\" width=\"72\">Anyag<\/td>\n<td style=\"width: 54pt; text-align: center;\" width=\"72\">Sz\u00ednbe\u00e1ll\u00edt\u00e1sok<\/td>\n<\/tr>\n<tr style=\"height: 13.50pt;\">\n<td style=\"height: 13.5pt; text-align: center;\" height=\"18\">Dombornyomott minta<\/td>\n<td style=\"text-align: center;\">68 \u00d7 127 \u00d7 33<\/td>\n<td style=\"text-align: center;\">\u00dcveg<\/td>\n<td style=\"text-align: center;\">Tiszta, k\u00e9k, z\u00f6ld, barna<\/td>\n<\/tr>\n<\/tbody>\n<\/table>\n<h3>Testreszabott javaslatok<\/h3>\n<ol>\n<li><strong>Szezon\u00e1lis sz\u00ednfoltok:<\/strong>Tavaszra k\u00e9k \u00e9s feh\u00e9r v\u00e1za, ny\u00e1rra pedig sz\u00fcrk\u00e9sz\u00f6ld v\u00e1za kaphat\u00f3 nagy t\u00e9telben \u2013 a Balk rendel\u00e9s eset\u00e9n nincs fel\u00e1r.<\/li>\n<li><strong>Dombornyomott kialak\u00edt\u00e1s:<\/strong>Ez a kis v\u00e1za egyedi, vintage dombornyomott mint\u00e1val rendelkezik, \u00e9s t\u00f6k\u00e9letes vir\u00e1gok elrendez\u00e9s\u00e9hez, vagy dekorat\u00edv kieg\u00e9sz\u00edt\u0151je lehet a nappalinak, az \u00e9tkez\u0151asztalnak \u00e9s a dolgoz\u00f3szob\u00e1knak.<\/li>\n<\/ol>\n<p>&nbsp;<\/p>","protected":false},"excerpt":{"rendered":"<p>R\u00fcgyv\u00e1z\u00e1k nagy t\u00e9telben \u00e9s kis vir\u00e1gokhoz. Egyedi \u00fcveg, vir\u00e1gmint\u00e1s. T\u00f6k\u00e9letes lakberendez\u00e9shez, esk\u00fcv\u0151kre. Nagykereskedelmi \u00e1rak. Dobd fel m\u00e9g ma a vir\u00e1gkompoz\u00edci\u00f3dat!<\/p>","protected":false},"featured_media":2756,"template":"","meta":{"site-sidebar-layout":"default","site-content-layout":"","ast-site-content-layout":"default","site-content-style":"default","site-sidebar-style":"default","ast-global-header-display":"","ast-banner-title-visibility":"","ast-main-header-display":"","ast-hfb-above-header-display":"","ast-hfb-below-header-display":"","ast-hfb-mobile-header-display":"","site-post-title":"","ast-breadcrumbs-content":"","ast-featured-img":"","footer-sml-layout":"","theme-transparent-header-meta":"default","adv-header-id-meta":"","stick-header-meta":"","header-above-stick-meta":"","header-main-stick-meta":"","header-below-stick-meta":"","astra-migrate-meta-layouts":"set","ast-page-background-enabled":"default","ast-page-background-meta":{"desktop":{"background-color":"var(--ast-global-color-5)","background-image":"","background-repeat":"repeat","background-position":"center center","background-size":"auto","background-attachment":"scroll","background-type":"","background-media":"","overlay-type":"","overlay-color":"","overlay-opacity":"","overlay-gradient":""},"tablet":{"background-color":"","background-image":"","background-repeat":"repeat","background-position":"center center","background-size":"auto","background-attachment":"scroll","background-type":"","background-media":"","overlay-type":"","overlay-color":"","overlay-opacity":"","overlay-gradient":""},"mobile":{"background-color":"","background-image":"","background-repeat":"repeat","background-position":"center center","background-size":"auto","background-attachment":"scroll","background-type":"","background-media":"","overlay-type":"","overlay-color":"","overlay-opacity":"","overlay-gradient":""}},"ast-content-background-meta":{"desktop":{"background-color":"var(--ast-global-color-4)","background-image":"","background-repeat":"repeat","background-position":"center center","background-size":"auto","background-attachment":"scroll","background-type":"","background-media":"","overlay-type":"","overlay-color":"","overlay-opacity":"","overlay-gradient":""},"tablet":{"background-color":"var(--ast-global-color-4)","background-image":"","background-repeat":"repeat","background-position":"center center","background-size":"auto","background-attachment":"scroll","background-type":"","background-media":"","overlay-type":"","overlay-color":"","overlay-opacity":"","overlay-gradient":""},"mobile":{"background-color":"var(--ast-global-color-4)","background-image":"","background-repeat":"repeat","background-position":"center center","background-size":"auto","background-attachment":"scroll","background-type":"","background-media":"","overlay-type":"","overlay-color":"","overlay-opacity":"","overlay-gradient":""}}},"product_brand":[],"product_cat":[21,57],"product_tag":[],"class_list":{"0":"post-2750","1":"product","2":"type-product","3":"status-publish","4":"has-post-thumbnail","6":"product_cat-product","7":"product_cat-glass-vases","8":"desktop-align-left","9":"tablet-align-left","10":"mobile-align-left","12":"first","13":"instock","14":"shipping-taxable","15":"product-type-simple"},"jetpack_sharing_enabled":true,"_links":{"self":[{"href":"https:\/\/mostebglass.com\/hu\/wp-json\/wp\/v2\/product\/2750","targetHints":{"allow":["GET"]}}],"collection":[{"href":"https:\/\/mostebglass.com\/hu\/wp-json\/wp\/v2\/product"}],"about":[{"href":"https:\/\/mostebglass.com\/hu\/wp-json\/wp\/v2\/types\/product"}],"wp:featuredmedia":[{"embeddable":true,"href":"https:\/\/mostebglass.com\/hu\/wp-json\/wp\/v2\/media\/2756"}],"wp:attachment":[{"href":"https:\/\/mostebglass.com\/hu\/wp-json\/wp\/v2\/media?parent=2750"}],"wp:term":[{"taxonomy":"product_brand","embeddable":true,"href":"https:\/\/mostebglass.com\/hu\/wp-json\/wp\/v2\/product_brand?post=2750"},{"taxonomy":"product_cat","embeddable":true,"href":"https:\/\/mostebglass.com\/hu\/wp-json\/wp\/v2\/product_cat?post=2750"},{"taxonomy":"product_tag","embeddable":true,"href":"https:\/\/mostebglass.com\/hu\/wp-json\/wp\/v2\/product_tag?post=2750"}],"curies":[{"name":"wp","href":"https:\/\/api.w.org\/{rel}","templated":true}]}}