{"id":2751,"date":"2025-09-25T16:42:19","date_gmt":"2025-09-25T08:42:19","guid":{"rendered":"https:\/\/mostebglass.com\/?post_type=product&#038;p=2751"},"modified":"2026-04-17T13:24:51","modified_gmt":"2026-04-17T05:24:51","slug":"wholesale-4-pcs-textured-gold-flower-vase-set","status":"publish","type":"product","link":"https:\/\/mostebglass.com\/hu\/wholesale-4-pcs-textured-gold-flower-vase-set\/","title":{"rendered":"Nagykereskedelmi 4 db-os textur\u00e1lt arany vir\u00e1gv\u00e1za szett"},"content":{"rendered":"<p>Ez a 4 darabos arany vir\u00e1gv\u00e1za-k\u00e9szlet k\u00fcl\u00f6nf\u00e9le form\u00e1kban kaphat\u00f3, p\u00e9ld\u00e1ul sz\u00f6gletes, hossz\u00fak\u00e1s, rombuszmint\u00e1s \u00e9s bord\u00e1zott mint\u00e1zat\u00fa v\u00e1z\u00e1k, \u00e9s f\u00e9nyes arany bevonattal rendelkezik a luxus \u00e9rzet \u00e9rdek\u00e9ben.<\/p>\n<h2><strong>Term\u00e9kjellemz\u0151k<\/strong><\/h2>\n<ul>\n<li><strong>Arany kiejt\u00e9se:<\/strong> Az arany, mint els\u0151dleges sz\u00edn haszn\u00e1lata nagyszer\u0171 \u00e9lm\u00e9nyt ny\u00fajt, \u00e9s eleganci\u00e1t k\u00f6lcs\u00f6n\u00f6z b\u00e1rmely helyis\u00e9gnek.<\/li>\n<li><strong>N\u00e9gy egyedi forma:<\/strong> A sz\u00f6gletes, bord\u00e1zott, rombuszmint\u00e1s \u00e9s kisz\u00e9lesed\u0151 givatos v\u00e1s\u00e1rl\u00f3k sz\u00e9les v\u00e1laszt\u00e9kot k\u00edn\u00e1lnak ugyanazon v\u00e1zak\u00e9szleten bel\u00fcl.<\/li>\n<li><strong>Sokoldal\u00fa:<\/strong> A pazar arany sz\u00edn a form\u00e1k sokf\u00e9les\u00e9g\u00e9vel kombin\u00e1lva minimalista \u00e9s minimalista dekor\u00e1ci\u00f3hoz egyar\u00e1nt illik.<\/li>\n<\/ul>\n<h2>F\u0151bb specifik\u00e1ci\u00f3k<\/h2>\n<table style=\"border-collapse: collapse; margin-left: auto; margin-right: auto; width: 511.52pt;\" border=\"0\" width=\"682\" cellspacing=\"0\" cellpadding=\"0\">\n<tbody>\n<tr style=\"height: 13.50pt;\">\n<td style=\"height: 13.5pt; width: 105pt; text-align: center;\" width=\"140\" height=\"18\">Jellemz\u0151<\/td>\n<td style=\"width: 406.5pt; text-align: center;\" width=\"542\">R\u00e9szletek<\/td>\n<\/tr>\n<tr style=\"height: 13.50pt;\">\n<td style=\"height: 13.5pt; text-align: center;\" height=\"18\">M\u00e9retk\u00e9szlet<\/td>\n<td style=\"text-align: center;\">4 darab<\/td>\n<\/tr>\n<tr style=\"height: 13.50pt;\">\n<td style=\"height: 13.5pt; text-align: center;\" height=\"18\">Anyag<\/td>\n<td style=\"text-align: center;\">N\u00e1trium-lime \u00fcveg arany inf\u00fazi\u00f3val<\/td>\n<\/tr>\n<tr style=\"height: 13.50pt;\">\n<td style=\"height: 13.5pt; text-align: center;\" height=\"18\">Sz\u00edn<\/td>\n<td style=\"text-align: center;\">T\u00f6m\u00f6r arany (testreszabhat\u00f3)<\/td>\n<\/tr>\n<tr style=\"height: 13.50pt;\">\n<td style=\"height: 13.5pt; text-align: center;\" height=\"18\">Alakzatok<\/td>\n<td style=\"text-align: center;\">N\u00e9gyzet alak\u00fa talp\u00fa, gy\u00e9m\u00e1ntmint\u00e1s magas, bord\u00e1zott kerek, rov\u00e1tkolt henger<\/td>\n<\/tr>\n<tr style=\"height: 13.50pt;\">\n<td style=\"height: 13.5pt; text-align: center;\" height=\"18\">Fel\u00fcleti text\u00fara<\/td>\n<td style=\"text-align: center;\">Gy\u00e9m\u00e1ntminta, f\u00fcgg\u0151leges bord\u00e1k, rov\u00e1tkolt test<\/td>\n<\/tr>\n<tr style=\"height: 13.50pt;\">\n<td style=\"height: 13.5pt; text-align: center;\" height=\"18\">Legjobb<\/td>\n<td style=\"text-align: center;\">R\u00fcgyv\u00e1za, vir\u00e1gv\u00e1za, m\u0171sz\u00e1r, kompoz\u00edci\u00f3, \u00fcltet\u0151<\/td>\n<\/tr>\n<\/tbody>\n<\/table>\n<h2>Sikert\u00f6rt\u00e9net: Egy orsz\u00e1gos lakberendez\u00e9si kiskeresked\u0151 egyedi megrendel\u00e9se<\/h2>\n<p>Az amerikai lakberendez\u00e9si l\u00e1nc a mi r\u00fcgyv\u00e1za-k\u00e9szlet\u00fcnket v\u00e1lasztotta, \u00e9s megalkotta saj\u00e1t \u201er\u00f3zsaarany \u00e9s s\u00e1rgar\u00e9z\u201d k\u00e9tt\u00f3nus\u00fa fel\u00fclet\u00e9t. Online elad\u00e1saik 350%-os n\u00f6veked\u00e9st mutattak a dekor\u00e1ci\u00f3s term\u00e9kek ter\u00e9n a term\u00e9kbevezet\u00e9s sor\u00e1n. A term\u00e9k 850 000 doll\u00e1ros k\u00f6z\u00f6ss\u00e9gi m\u00e9dia n\u00f6veked\u00e9st gener\u00e1lt influencer kamp\u00e1nyokon kereszt\u00fcl. Az els\u0151 sikeres projektj\u00fck befejez\u00e9se ut\u00e1n leadt\u00e1k m\u00e1sodik, 600 000 darabos v\u00e1zarendel\u00e9s\u00fcket. A v\u00e1z\u00e1kat az \u00faj sz\u00e1llod\u00e1jukba \u00e9s a c\u00e9g kiskereskedelmi \u00fczleteibe fogj\u00e1k eljuttatni.<\/p>\n<h2>Arany vir\u00e1gv\u00e1za testreszab\u00e1si lehet\u0151s\u00e9gek<\/h2>\n<ul>\n<li>Egyedi f\u00e9mfel\u00fcletek: A c\u00e9g t\u00f6bbf\u00e9le luxus f\u00e9mfel\u00fcletet k\u00edn\u00e1l, bele\u00e9rtve a pol\u00edrozott kr\u00f3mot, antik bronzot, fekete nikkelt \u00e9s patin\u00e1t.<\/li>\n<li>Text\u00fara \u00e9s minta kombin\u00e1ci\u00f3k: Az egyes v\u00e1zaform\u00e1k testreszabhat\u00f3 fel\u00fcleti text\u00far\u00e1i h\u00e1rom lehet\u0151s\u00e9get tartalmaznak: sima, bord\u00e1zott \u00e9s kalap\u00e1csolt.<\/li>\n<li>Szem\u00e9lyre szab\u00e1si lehet\u0151s\u00e9gek: A k\u00e9szletben tal\u00e1lhat\u00f3 egyik v\u00e1za sima fel\u00fclet\u00e9re l\u00e9zergrav\u00edrozhat\u00f3 a kezd\u0151bet\u0171k, d\u00e1tumok \u00e9s r\u00f6vid \u00fczenetek.<\/li>\n<\/ul>","protected":false},"excerpt":{"rendered":"<p data-pm-slice=\"1 1 []\">Nagykereskedelmi arany vir\u00e1gv\u00e1za-k\u00e9szlet, n\u00e9gy darabb\u00f3l \u00e1ll\u00f3 luxuskollekci\u00f3 egyedi diz\u00e1jnokkal \u00e9s text\u00far\u00e1kkal. T\u00f6k\u00e9letes esk\u00fcv\u0151kre, sz\u00e1llod\u00e1kba \u00e9s exkluz\u00edv dekor\u00e1ci\u00f3khoz.<\/p>","protected":false},"featured_media":4880,"template":"","meta":{"site-sidebar-layout":"default","site-content-layout":"","ast-site-content-layout":"default","site-content-style":"default","site-sidebar-style":"default","ast-global-header-display":"","ast-banner-title-visibility":"","ast-main-header-display":"","ast-hfb-above-header-display":"","ast-hfb-below-header-display":"","ast-hfb-mobile-header-display":"","site-post-title":"","ast-breadcrumbs-content":"","ast-featured-img":"","footer-sml-layout":"","theme-transparent-header-meta":"default","adv-header-id-meta":"","stick-header-meta":"","header-above-stick-meta":"","header-main-stick-meta":"","header-below-stick-meta":"","astra-migrate-meta-layouts":"set","ast-page-background-enabled":"default","ast-page-background-meta":{"desktop":{"background-color":"var(--ast-global-color-5)","background-image":"","background-repeat":"repeat","background-position":"center center","background-size":"auto","background-attachment":"scroll","background-type":"","background-media":"","overlay-type":"","overlay-color":"","overlay-opacity":"","overlay-gradient":""},"tablet":{"background-color":"","background-image":"","background-repeat":"repeat","background-position":"center center","background-size":"auto","background-attachment":"scroll","background-type":"","background-media":"","overlay-type":"","overlay-color":"","overlay-opacity":"","overlay-gradient":""},"mobile":{"background-color":"","background-image":"","background-repeat":"repeat","background-position":"center center","background-size":"auto","background-attachment":"scroll","background-type":"","background-media":"","overlay-type":"","overlay-color":"","overlay-opacity":"","overlay-gradient":""}},"ast-content-background-meta":{"desktop":{"background-color":"var(--ast-global-color-4)","background-image":"","background-repeat":"repeat","background-position":"center center","background-size":"auto","background-attachment":"scroll","background-type":"","background-media":"","overlay-type":"","overlay-color":"","overlay-opacity":"","overlay-gradient":""},"tablet":{"background-color":"var(--ast-global-color-4)","background-image":"","background-repeat":"repeat","background-position":"center center","background-size":"auto","background-attachment":"scroll","background-type":"","background-media":"","overlay-type":"","overlay-color":"","overlay-opacity":"","overlay-gradient":""},"mobile":{"background-color":"var(--ast-global-color-4)","background-image":"","background-repeat":"repeat","background-position":"center center","background-size":"auto","background-attachment":"scroll","background-type":"","background-media":"","overlay-type":"","overlay-color":"","overlay-opacity":"","overlay-gradient":""}}},"product_brand":[],"product_cat":[57,21],"product_tag":[],"class_list":{"0":"post-2751","1":"product","2":"type-product","3":"status-publish","4":"has-post-thumbnail","6":"product_cat-glass-vases","7":"product_cat-product","8":"desktop-align-left","9":"tablet-align-left","10":"mobile-align-left","12":"first","13":"instock","14":"shipping-taxable","15":"product-type-simple"},"jetpack_sharing_enabled":true,"_links":{"self":[{"href":"https:\/\/mostebglass.com\/hu\/wp-json\/wp\/v2\/product\/2751","targetHints":{"allow":["GET"]}}],"collection":[{"href":"https:\/\/mostebglass.com\/hu\/wp-json\/wp\/v2\/product"}],"about":[{"href":"https:\/\/mostebglass.com\/hu\/wp-json\/wp\/v2\/types\/product"}],"wp:featuredmedia":[{"embeddable":true,"href":"https:\/\/mostebglass.com\/hu\/wp-json\/wp\/v2\/media\/4880"}],"wp:attachment":[{"href":"https:\/\/mostebglass.com\/hu\/wp-json\/wp\/v2\/media?parent=2751"}],"wp:term":[{"taxonomy":"product_brand","embeddable":true,"href":"https:\/\/mostebglass.com\/hu\/wp-json\/wp\/v2\/product_brand?post=2751"},{"taxonomy":"product_cat","embeddable":true,"href":"https:\/\/mostebglass.com\/hu\/wp-json\/wp\/v2\/product_cat?post=2751"},{"taxonomy":"product_tag","embeddable":true,"href":"https:\/\/mostebglass.com\/hu\/wp-json\/wp\/v2\/product_tag?post=2751"}],"curies":[{"name":"wp","href":"https:\/\/api.w.org\/{rel}","templated":true}]}}