{"id":2757,"date":"2025-09-26T17:36:43","date_gmt":"2025-09-26T09:36:43","guid":{"rendered":"https:\/\/mostebglass.com\/?post_type=product&#038;p=2757"},"modified":"2025-09-26T17:36:46","modified_gmt":"2025-09-26T09:36:46","slug":"szines-viragvaza-uvegben-otthoni-asztaldisznek","status":"publish","type":"product","link":"https:\/\/mostebglass.com\/hu\/coloured-flower-vase-in-glass-for-home-centerpiece\/","title":{"rendered":"Sz\u00ednes vir\u00e1gv\u00e1za \u00fcvegb\u0151l otthonra \u00e9s rendezv\u00e9nyekre"},"content":{"rendered":"<p>Elege van a t\u00f6rt\u00e9netmes\u00e9l\u00e9st n\u00e9lk\u00fcl\u00f6z\u0151 v\u00e1zaszettekb\u0151l? Vir\u00e1gmint\u00e1s d\u00edsz\u00edt\u00e9ssel ell\u00e1tott \u00fcvegv\u00e1z\u00e1kat k\u00e9sz\u00edt\u00fcnk \u2013 m\u0171sz\u00e1rak n\u00e9lk\u00fcl. Ezek a sz\u00ednes \u00fcvegv\u00e1z\u00e1k besz\u00e9lget\u00e9sind\u00edt\u00f3v\u00e1 var\u00e1zsolj\u00e1k az otthoni dekor\u00e1ci\u00f3t. Nagyobb megrendel\u00e9sek eset\u00e9n egyedi sz\u00ednv\u00e1laszt\u00e9kot k\u00edn\u00e1lunk, hogy illeszkedjenek a m\u00e1rk\u00e1d szellemis\u00e9g\u00e9hez.<\/p>\n<h2>Term\u00e9kjellemz\u0151k<\/h2>\n<p><strong>Modern v\u00e1za sokoldal\u00fas\u00e1ga<\/strong><\/p>\n<p>Olaj alak\u00fa, kerek has, vagy k\u00f6nnycsepp alak\u00fa - \u00e1ll\u00edtsd meg a var\u00e1zslatos k\u00e9szletet a v\u00e1z\u00e1n vagy az asztalon a var\u00e1zslathoz.<\/p>\n<p><strong>Egyedi sz\u00ednharm\u00f3nia<\/strong><\/p>\n<p>V\u00e1lasszon zs\u00e1lyaz\u00f6ld, borosty\u00e1nsz\u00edn\u0171, sz\u00fcrke vagy \u00e1tl\u00e1tsz\u00f3 sz\u00ednt \u2013 a vir\u00e1gv\u00e1za illeszkedik m\u00e1rk\u00e1ja hangulat\u00e1hoz.<\/p>\n<h3><strong data-spm-anchor-id=\"5176.28103460.0.i21.29ab2e314T5xkY\">F\u0151bb specifik\u00e1ci\u00f3k<\/strong><\/h3>\n<table style=\"border-collapse: collapse; width: 80%; margin-left: auto; margin-right: auto;\" border=\"0\" width=\"216\" cellspacing=\"0\" cellpadding=\"0\">\n<tbody>\n<tr style=\"height: 13.50pt;\">\n<td style=\"height: 13.5pt; width: 54pt; text-align: center;\" width=\"72\" height=\"18\">Alak<\/td>\n<td style=\"width: 54pt; text-align: center;\" width=\"72\">M\u00e9ret (mm)<\/td>\n<td style=\"width: 54pt; text-align: center;\" width=\"72\">Sz\u00ednbe\u00e1ll\u00edt\u00e1sok<\/td>\n<\/tr>\n<tr style=\"height: 13.50pt;\">\n<td style=\"height: 13.5pt; text-align: center;\" height=\"18\">Olaj alak\u00fa<\/td>\n<td style=\"text-align: center;\">76x110x26<\/td>\n<td class=\"et2\" style=\"text-align: center;\" rowspan=\"3\">Tiszta, sz\u00fcrke, borosty\u00e1nsz\u00edn\u0171, erd\u0151z\u00f6ld<\/td>\n<\/tr>\n<tr style=\"height: 13.50pt;\">\n<td style=\"height: 13.5pt; text-align: center;\" height=\"18\">Kerek has<\/td>\n<td style=\"text-align: center;\">73x128x36<\/td>\n<\/tr>\n<tr style=\"height: 13.50pt;\">\n<td style=\"height: 13.5pt; text-align: center;\" height=\"18\">K\u00f6nnycsepp<\/td>\n<td style=\"text-align: center;\">70x143x34<\/td>\n<\/tr>\n<\/tbody>\n<\/table>\n<h2>Egy\u00e9ni \u00fatmutat\u00e1s<\/h2>\n<ol>\n<li><strong>Bud v\u00e1za csomag:<\/strong>A p\u00e1ros sz\u00ednes \u00fcvegv\u00e1za \u201eki\u00e1ll\u00edt\u00e1sra k\u00e9sz k\u00e9szlet\u201d el\u0151re stabiliz\u00e1lt, szennyezett sz\u00e1rakkal. A kiskeresked\u0151k gyorsan eladj\u00e1k \u0151ket \u2013 a v\u00e1za teljes \u00e9lm\u00e9nny\u00e9 v\u00e1lik.<\/li>\n<li><strong>M\u00e9ret alap\u00fa gy\u0171jtem\u00e9ny:<\/strong>Az ol\u00edva \u00e9s a k\u00f6nnycsepp sz\u00edn\u00e9t \u201ef\u00f6ld \u00e9s elegancia szettk\u00e9nt\u201d kombin\u00e1lva \u00e9rdemes a lakberendez\u00e9si \u00fczletekben haszn\u00e1lni. Mondd nekik: \u201eKeverd a form\u00e1kat a dinamikus elrendez\u00e9s \u00e9rdek\u00e9ben.\u201d<\/li>\n<\/ol>","protected":false},"excerpt":{"rendered":"<p>Sz\u00ednes \u00fcvegv\u00e1za \u00e9s vir\u00e1gv\u00e1za \u00fcveg szettekben. Egyedi vir\u00e1gmint\u00e1s text\u00fara. T\u00f6k\u00e9letes lakberendez\u00e9shez, esk\u00fcv\u0151kre. Nagykereskedelem. Dobd fel m\u00e9g ma a kompoz\u00edci\u00f3dat!<\/p>","protected":false},"featured_media":2759,"template":"","meta":{"site-sidebar-layout":"default","site-content-layout":"","ast-site-content-layout":"default","site-content-style":"default","site-sidebar-style":"default","ast-global-header-display":"","ast-banner-title-visibility":"","ast-main-header-display":"","ast-hfb-above-header-display":"","ast-hfb-below-header-display":"","ast-hfb-mobile-header-display":"","site-post-title":"","ast-breadcrumbs-content":"","ast-featured-img":"","footer-sml-layout":"","theme-transparent-header-meta":"default","adv-header-id-meta":"","stick-header-meta":"","header-above-stick-meta":"","header-main-stick-meta":"","header-below-stick-meta":"","astra-migrate-meta-layouts":"set","ast-page-background-enabled":"default","ast-page-background-meta":{"desktop":{"background-color":"var(--ast-global-color-5)","background-image":"","background-repeat":"repeat","background-position":"center center","background-size":"auto","background-attachment":"scroll","background-type":"","background-media":"","overlay-type":"","overlay-color":"","overlay-opacity":"","overlay-gradient":""},"tablet":{"background-color":"","background-image":"","background-repeat":"repeat","background-position":"center center","background-size":"auto","background-attachment":"scroll","background-type":"","background-media":"","overlay-type":"","overlay-color":"","overlay-opacity":"","overlay-gradient":""},"mobile":{"background-color":"","background-image":"","background-repeat":"repeat","background-position":"center center","background-size":"auto","background-attachment":"scroll","background-type":"","background-media":"","overlay-type":"","overlay-color":"","overlay-opacity":"","overlay-gradient":""}},"ast-content-background-meta":{"desktop":{"background-color":"var(--ast-global-color-4)","background-image":"","background-repeat":"repeat","background-position":"center center","background-size":"auto","background-attachment":"scroll","background-type":"","background-media":"","overlay-type":"","overlay-color":"","overlay-opacity":"","overlay-gradient":""},"tablet":{"background-color":"var(--ast-global-color-4)","background-image":"","background-repeat":"repeat","background-position":"center center","background-size":"auto","background-attachment":"scroll","background-type":"","background-media":"","overlay-type":"","overlay-color":"","overlay-opacity":"","overlay-gradient":""},"mobile":{"background-color":"var(--ast-global-color-4)","background-image":"","background-repeat":"repeat","background-position":"center center","background-size":"auto","background-attachment":"scroll","background-type":"","background-media":"","overlay-type":"","overlay-color":"","overlay-opacity":"","overlay-gradient":""}}},"product_brand":[],"product_cat":[21,57],"product_tag":[],"class_list":{"0":"post-2757","1":"product","2":"type-product","3":"status-publish","4":"has-post-thumbnail","6":"product_cat-product","7":"product_cat-glass-vases","8":"desktop-align-left","9":"tablet-align-left","10":"mobile-align-left","12":"first","13":"instock","14":"shipping-taxable","15":"product-type-simple"},"jetpack_sharing_enabled":true,"_links":{"self":[{"href":"https:\/\/mostebglass.com\/hu\/wp-json\/wp\/v2\/product\/2757","targetHints":{"allow":["GET"]}}],"collection":[{"href":"https:\/\/mostebglass.com\/hu\/wp-json\/wp\/v2\/product"}],"about":[{"href":"https:\/\/mostebglass.com\/hu\/wp-json\/wp\/v2\/types\/product"}],"wp:featuredmedia":[{"embeddable":true,"href":"https:\/\/mostebglass.com\/hu\/wp-json\/wp\/v2\/media\/2759"}],"wp:attachment":[{"href":"https:\/\/mostebglass.com\/hu\/wp-json\/wp\/v2\/media?parent=2757"}],"wp:term":[{"taxonomy":"product_brand","embeddable":true,"href":"https:\/\/mostebglass.com\/hu\/wp-json\/wp\/v2\/product_brand?post=2757"},{"taxonomy":"product_cat","embeddable":true,"href":"https:\/\/mostebglass.com\/hu\/wp-json\/wp\/v2\/product_cat?post=2757"},{"taxonomy":"product_tag","embeddable":true,"href":"https:\/\/mostebglass.com\/hu\/wp-json\/wp\/v2\/product_tag?post=2757"}],"curies":[{"name":"wp","href":"https:\/\/api.w.org\/{rel}","templated":true}]}}