{"id":2811,"date":"2025-09-28T16:01:14","date_gmt":"2025-09-28T08:01:14","guid":{"rendered":"https:\/\/mostebglass.com\/?post_type=product&#038;p=2811"},"modified":"2026-04-10T09:50:40","modified_gmt":"2026-04-10T01:50:40","slug":"handbag-vases-in-diamond-pattern-with-with-handle-bulk","status":"publish","type":"product","link":"https:\/\/mostebglass.com\/hu\/handbag-vases-in-diamond-pattern-with-with-handle-bulk\/","title":{"rendered":"K\u00e9zit\u00e1ska v\u00e1z\u00e1k rombusz mint\u00e1val, foganty\u00faval, \u00f6mlesztett"},"content":{"rendered":"<p>Ez az egyedi v\u00e1za egy k\u00e9zit\u00e1sk\u00e1ra hasonl\u00edt \u2013 \u00e1tl\u00e1tsz\u00f3 \u00fcvegb\u0151l k\u00e9sz\u00fclt, gy\u00e9m\u00e1ntmint\u00e1s, barna b\u0151r foganty\u00faval, amely az eleg\u00e1ns t\u00e1ska st\u00edlust vir\u00e1gos b\u00e1jjal \u00f6tv\u00f6zi.<\/p>\n<h2><strong>Term\u00e9kjellemz\u0151k<\/strong><\/h2>\n<ul>\n<li><strong>Divatos diz\u00e1jn:<\/strong> Ez a k\u00e9zit\u00e1ska v\u00e1za eleg\u00e1ns, k\u00e9zit\u00e1ska ihlette diz\u00e1jnt kapott, \u00edgy b\u00e1rhov\u00e1 is megy, mindenk\u00e9ppen hajtsa le a fej\u00e9t.<\/li>\n<li><strong>St\u00edlusos, dekorat\u00edv foganty\u00fa:<\/strong> A barna b\u0151r foganty\u00fanak k\u00f6sz\u00f6nhet\u0151en k\u00f6nnyed\u00e9n hordozhat egy csipetnyi vintage kifinomults\u00e1got a v\u00e1z\u00e1ban.<\/li>\n<li><strong>Gy\u00e9m\u00e1ntminta:<\/strong> Finom, gy\u00e9m\u00e1nt alak\u00fa farag\u00e1sok keretezik a v\u00e1z\u00e1t, n\u00f6velve a m\u00e9reteket an\u00e9lk\u00fcl, hogy fel\u00e1ldozn\u00e1k a vir\u00e1g vonzerej\u00e9t.<\/li>\n<\/ul>\n<h2>F\u0151bb specifik\u00e1ci\u00f3k<\/h2>\n<table style=\"border-collapse: collapse; margin-left: auto; margin-right: auto; width: 496.52pt;\" border=\"0\" width=\"662\" cellspacing=\"0\" cellpadding=\"0\">\n<tbody>\n<tr style=\"height: 13.50pt;\">\n<td style=\"height: 13.5pt; width: 140.25pt; text-align: center;\" width=\"187\" height=\"18\">Jellemz\u0151<\/td>\n<td style=\"width: 356.25pt; text-align: center;\" width=\"475\">R\u00e9szletek<\/td>\n<\/tr>\n<tr style=\"height: 13.50pt;\">\n<td style=\"height: 13.5pt; text-align: center;\" height=\"18\">Anyag<\/td>\n<td style=\"text-align: center;\">N\u00e1trium-m\u00e9sz\u00fcveg + foganty\u00fa + f\u00e9m szerelv\u00e9nyek<\/td>\n<\/tr>\n<tr style=\"height: 13.50pt;\">\n<td style=\"height: 13.5pt; text-align: center;\" height=\"18\">Sz\u00ednbe\u00e1ll\u00edt\u00e1sok<\/td>\n<td style=\"text-align: center;\">\u00c1tl\u00e1tsz\u00f3, f\u00fcstsz\u00fcrke, borv\u00f6r\u00f6s, f\u0171z\u00f6ld<\/td>\n<\/tr>\n<tr style=\"height: 13.50pt;\">\n<td style=\"height: 13.5pt; text-align: center;\" height=\"18\">Foganty\u00fa anyaga<\/td>\n<td style=\"text-align: center;\">Barna b\u0151rhat\u00e1s\u00fa sz\u00edj<\/td>\n<\/tr>\n<tr style=\"height: 13.50pt;\">\n<td style=\"height: 13.5pt; text-align: center;\" height=\"18\">Hardver befejez\u00e9se<\/td>\n<td style=\"text-align: center;\">Aranysz\u00edn\u0171 f\u00e9m<\/td>\n<\/tr>\n<tr style=\"height: 13.50pt;\">\n<td style=\"height: 13.5pt; text-align: center;\" height=\"18\">Csomagol\u00e1si m\u00e9retek<\/td>\n<td style=\"text-align: center;\">23,2 cm \u00d7 16,8 cm \u00d7 16,3 cm<\/td>\n<\/tr>\n<tr style=\"height: 13.50pt;\">\n<td style=\"height: 13.5pt; text-align: center;\" height=\"18\">Legjobb<\/td>\n<td style=\"text-align: center;\">Egysz\u00e1l\u00fa, mini csokor, m\u0171vir\u00e1g, v\u00e1zar\u00fcgyek<\/td>\n<\/tr>\n<\/tbody>\n<\/table>\n<h2>Val\u00f3s siker: Aj\u00e1nd\u00e9kbolt bestseller<\/h2>\n<p>Egy austini \u00e9letm\u00f3d butik felvette ezt a k\u00e9zit\u00e1ska v\u00e1z\u00e1t a tavaszi kollekci\u00f3j\u00e1ba. T\u00fckr\u00f6s t\u00e1lc\u00e1n \u00e1ll\u00edtott\u00e1k ki, \u00e9s egy r\u00f3zsasz\u00edn szell\u0151r\u00f3zs\u00e1t tartottak a kez\u00e9ben. A v\u00e1s\u00e1rl\u00f3k \u00f6z\u00f6nl\u00f6ttek k\u00f6r\u00e9 \u2013 el\u0151sz\u00f6r a k\u00fclseje, majd a praktikuss\u00e1ga miatt. Az egyik v\u00e1s\u00e1rl\u00f3 azt mondta, hogy a kedvenc t\u00e1sk\u00e1j\u00e1ra eml\u00e9keztette. Egy m\u00e1sik kett\u0151t is vett \u2013 egyet az asztal\u00e1ra, egyet pedig aj\u00e1nd\u00e9kba. Hat h\u00e9ten bel\u00fcl ez lett a legkelend\u0151bb \u00fcvegv\u00e1z\u00e1juk. Nem az\u00e9rt, mert a legt\u00f6bb vir\u00e1got tartalmazza, hanem az\u00e9rt, mert t\u00f6rt\u00e9netet mes\u00e9l.<\/p>\n<h2>Tippek a v\u00e1zar\u00fcgy testreszab\u00e1s\u00e1hoz<\/h2>\n<p>Szeretn\u00e9d egyediv\u00e9 tenni ezt a k\u00e9zit\u00e1ska v\u00e1z\u00e1t? Figyelj az \u00fcvegre \u00e9s a fel\u00fclet r\u00e9szleteire. \u00cdme, hogyan:<\/p>\n<ul>\n<li><strong>V\u00e1ltoztasd meg az anyagot<\/strong>\u2014Pr\u00f3b\u00e1ld meg a rombuszmint\u00e1t f\u00fcgg\u0151leges vonalakkal vagy term\u00e9szetes \u00f6rv\u00e9nyekkel helyettes\u00edteni, hogy m\u00e1s vir\u00e1gos hangulatot teremts.<\/li>\n<li><strong>Tapasztalja meg a sz\u00ednes \u00fcveget<\/strong>\u2014A f\u00fcstsz\u00fcrke egy csipetnyi misztikumot, a bord\u00f3 melegs\u00e9get, a f\u0171z\u00f6ld pedig friss hangulatot k\u00f6lcs\u00f6n\u00f6z. Ak\u00e1r k\u00e9t \u00e1rnyalatot is keverhetsz.<\/li>\n<li><strong>Matt Finn<\/strong>\u2014A f\u00e9nyes \u00fcveg test modern kontrasztot alkot a f\u00e9nyes foganty\u00faval p\u00e1ros\u00edtva.<\/li>\n<li><strong>\u00c1ll\u00edtsa be a foganty\u00fa anyag\u00e1t<\/strong>\u2014Haszn\u00e1ljon sz\u0151tt sz\u00e1lakat vagy puha szilikont a minimalista, k\u00f6rnyezetbar\u00e1tabb st\u00edlus\u00e9rt.<\/li>\n<\/ul>\n<p>Ez az \u00fcveg vir\u00e1gv\u00e1za nem csak a bemutat\u00f3 kedv\u00e9\u00e9rt val\u00f3; \u00f6nmag\u00e1ban is divatkifejez\u00e9s.<\/p>","protected":false},"excerpt":{"rendered":"<p data-pm-slice=\"1 1 []\">Fedezzen fel egyedi \u00fczleti k\u00e9zit\u00e1ska v\u00e1z\u00e1kat. Nagykereskedelmi \u00e9s egyedi opci\u00f3kat k\u00edn\u00e1lunk, hogy m\u00e9g vonz\u00f3bb\u00e1 tegye c\u00e9ges aj\u00e1nd\u00e9kt\u00e1rgyait, sz\u00e1llod\u00e1it \u00e9s kiskereskedelmi vir\u00e1gd\u00edsz\u00edt\u00e9seit.<\/p>","protected":false},"featured_media":2840,"template":"","meta":{"site-sidebar-layout":"default","site-content-layout":"","ast-site-content-layout":"default","site-content-style":"default","site-sidebar-style":"default","ast-global-header-display":"","ast-banner-title-visibility":"","ast-main-header-display":"","ast-hfb-above-header-display":"","ast-hfb-below-header-display":"","ast-hfb-mobile-header-display":"","site-post-title":"","ast-breadcrumbs-content":"","ast-featured-img":"","footer-sml-layout":"","theme-transparent-header-meta":"default","adv-header-id-meta":"","stick-header-meta":"","header-above-stick-meta":"","header-main-stick-meta":"","header-below-stick-meta":"","astra-migrate-meta-layouts":"set","ast-page-background-enabled":"default","ast-page-background-meta":{"desktop":{"background-color":"var(--ast-global-color-5)","background-image":"","background-repeat":"repeat","background-position":"center center","background-size":"auto","background-attachment":"scroll","background-type":"","background-media":"","overlay-type":"","overlay-color":"","overlay-opacity":"","overlay-gradient":""},"tablet":{"background-color":"","background-image":"","background-repeat":"repeat","background-position":"center center","background-size":"auto","background-attachment":"scroll","background-type":"","background-media":"","overlay-type":"","overlay-color":"","overlay-opacity":"","overlay-gradient":""},"mobile":{"background-color":"","background-image":"","background-repeat":"repeat","background-position":"center center","background-size":"auto","background-attachment":"scroll","background-type":"","background-media":"","overlay-type":"","overlay-color":"","overlay-opacity":"","overlay-gradient":""}},"ast-content-background-meta":{"desktop":{"background-color":"var(--ast-global-color-4)","background-image":"","background-repeat":"repeat","background-position":"center center","background-size":"auto","background-attachment":"scroll","background-type":"","background-media":"","overlay-type":"","overlay-color":"","overlay-opacity":"","overlay-gradient":""},"tablet":{"background-color":"var(--ast-global-color-4)","background-image":"","background-repeat":"repeat","background-position":"center center","background-size":"auto","background-attachment":"scroll","background-type":"","background-media":"","overlay-type":"","overlay-color":"","overlay-opacity":"","overlay-gradient":""},"mobile":{"background-color":"var(--ast-global-color-4)","background-image":"","background-repeat":"repeat","background-position":"center center","background-size":"auto","background-attachment":"scroll","background-type":"","background-media":"","overlay-type":"","overlay-color":"","overlay-opacity":"","overlay-gradient":""}}},"product_brand":[],"product_cat":[57,21],"product_tag":[],"class_list":{"0":"post-2811","1":"product","2":"type-product","3":"status-publish","4":"has-post-thumbnail","6":"product_cat-glass-vases","7":"product_cat-product","8":"desktop-align-left","9":"tablet-align-left","10":"mobile-align-left","12":"first","13":"instock","14":"shipping-taxable","15":"product-type-simple"},"jetpack_sharing_enabled":true,"_links":{"self":[{"href":"https:\/\/mostebglass.com\/hu\/wp-json\/wp\/v2\/product\/2811","targetHints":{"allow":["GET"]}}],"collection":[{"href":"https:\/\/mostebglass.com\/hu\/wp-json\/wp\/v2\/product"}],"about":[{"href":"https:\/\/mostebglass.com\/hu\/wp-json\/wp\/v2\/types\/product"}],"wp:featuredmedia":[{"embeddable":true,"href":"https:\/\/mostebglass.com\/hu\/wp-json\/wp\/v2\/media\/2840"}],"wp:attachment":[{"href":"https:\/\/mostebglass.com\/hu\/wp-json\/wp\/v2\/media?parent=2811"}],"wp:term":[{"taxonomy":"product_brand","embeddable":true,"href":"https:\/\/mostebglass.com\/hu\/wp-json\/wp\/v2\/product_brand?post=2811"},{"taxonomy":"product_cat","embeddable":true,"href":"https:\/\/mostebglass.com\/hu\/wp-json\/wp\/v2\/product_cat?post=2811"},{"taxonomy":"product_tag","embeddable":true,"href":"https:\/\/mostebglass.com\/hu\/wp-json\/wp\/v2\/product_tag?post=2811"}],"curies":[{"name":"wp","href":"https:\/\/api.w.org\/{rel}","templated":true}]}}