{"id":2893,"date":"2025-09-29T17:39:47","date_gmt":"2025-09-29T09:39:47","guid":{"rendered":"https:\/\/mostebglass.com\/?post_type=product&#038;p=2893"},"modified":"2026-04-23T16:15:44","modified_gmt":"2026-04-23T08:15:44","slug":"embossed-glass-sunflower-vases-in-various-sizes-wholesale","status":"publish","type":"product","link":"https:\/\/mostebglass.com\/hu\/embossed-glass-sunflower-vases-in-various-sizes-wholesale\/","title":{"rendered":"Embossed Glass Sunflower Vases in Various Sizes Wholesale"},"content":{"rendered":"<p>Elege van az otthon\u00e1ban elt\u0171n\u0151 v\u00e1zaszettekb\u0151l? Napraforg\u00f3s v\u00e1z\u00e1kat k\u00e9sz\u00edt\u00fcnk vir\u00e1gmint\u00e1s r\u00e9szletekkel \u2013 nincs sz\u00fcks\u00e9g m\u0171sz\u00e1rakra. Ezek az \u00fcvegb\u0151l k\u00e9sz\u00fclt asztald\u00edsz v\u00e1z\u00e1k azonnal besz\u00e9lget\u00e9sind\u00edt\u00f3v\u00e1 var\u00e1zsolj\u00e1k az otthoni dekor\u00e1ci\u00f3t. A nagy t\u00e9telben rendelt term\u00e9kek egyedi dombornyom\u00e1ssal k\u00e9sz\u00fclnek, amely illik a m\u00e1rk\u00e1ja szellemis\u00e9g\u00e9hez.<\/p>\n<h2>Term\u00e9kjellemz\u0151k<\/h2>\n<ul>\n<li><strong>Floral texture emerging: <\/strong>A k\u00e9zzel pr\u00e9selt vir\u00e1gmint\u00e1k m\u0171v\u00e9szi m\u00e9lys\u00e9get k\u00f6lcs\u00f6n\u00f6znek \u2013 a v\u00e1za k\u00e9zzel k\u00e9sz\u00edtettnek, nem t\u00f6megtermeltnek \u00e9rz\u0151dik.<\/li>\n<li><strong>Sunflower vase versatility: <\/strong>Nagy vagy kicsi napraforg\u00f3v\u00e1za illik egyetlen sz\u00e1r\u00fahoz vagy tiszt\u00e1talan sz\u00e1r\u00fahoz \u2013 t\u00f6k\u00e9letes modern v\u00e1zaelrendez\u00e9shez az asztalon vagy \u00edr\u00f3asztalon.<\/li>\n<li><strong>Custom embossing harmony: <\/strong>P\u00e1ros\u00edtsd m\u00e1rk\u00e1d sz\u00e9ps\u00e9g\u00e9t k\u00e9k \u00e9s feh\u00e9r kieg\u00e9sz\u00edt\u0151kkel \u2013 az \u00fcvegb\u0151l k\u00e9sz\u00fclt asztald\u00edsz v\u00e1z\u00e1k a t\u00f6rt\u00e9neted kiterjeszt\u00e9sek\u00e9nt hatnak.<\/li>\n<\/ul>\n<h2>F\u0151bb specifik\u00e1ci\u00f3k<\/h2>\n<table style=\"border-collapse: collapse; width: 80%; margin-left: auto; margin-right: auto;\" border=\"0\" width=\"216\" cellspacing=\"0\" cellpadding=\"0\">\n<tbody>\n<tr style=\"height: 13.50pt;\">\n<td style=\"height: 13.5pt; width: 54pt; text-align: center;\" width=\"72\" height=\"18\">Alak<\/td>\n<td style=\"width: 54pt; text-align: center;\" width=\"72\">M\u00e9ret (mm)<\/td>\n<td style=\"width: 54pt; text-align: center;\" width=\"72\">Sz\u00ednbe\u00e1ll\u00edt\u00e1sok<\/td>\n<\/tr>\n<tr style=\"height: 13.50pt;\">\n<td style=\"height: 13.5pt; text-align: center;\" height=\"18\">Nagy dombornyomott<\/td>\n<td style=\"text-align: center;\">65 \u00d7 125 \u00d7 30<\/td>\n<td class=\"et2\" style=\"text-align: center;\" rowspan=\"2\">T\u00f6rl\u00e9s (Egy\u00e9ni)<\/td>\n<\/tr>\n<tr style=\"height: 13.50pt;\">\n<td style=\"height: 13.5pt; text-align: center;\" height=\"18\">Kis dombornyomott<\/td>\n<td style=\"text-align: center;\">60 \u00d7 85 \u00d7 27<\/td>\n<\/tr>\n<\/tbody>\n<\/table>\n<h2>Sikeres eset<\/h2>\n<p>Our embossed round sunflower vase was picked by a Spanish home decor retailer to create a new look to their seasonal tabletop decoration line. This glass centrepiece vase was tailored by us by coating it with light amber and a thin coating of gold on the opening. Also, the client chose to have a personalized label.<\/p>\n<p>After only two months of its release, the collection sold more than 25 times higher; and with the positive response of this market, the client made subsequent bulk orders in the next sales season, ordering the vase in more than 800 color variations.<\/p>\n<h2>Szem\u00e9lyre szabott javaslatok<\/h2>\n<ol>\n<li><strong>Szezon\u00e1lis v\u00e1zat\u00f6rt\u00e9net:<\/strong>\u00dcnnepi kollekci\u00f3hoz ny\u00e1ron tengerparti esk\u00fcv\u0151kre naplemente narancss\u00e1rga napraforg\u00f3 v\u00e1z\u00e1t, t\u00e9len pedig h\u00f3feh\u00e9r \u00fcveg asztald\u00edsz v\u00e1z\u00e1kat k\u00edn\u00e1lunk. Nagy t\u00e9telben v\u00e1s\u00e1rolva nincs fel\u00e1r.<\/li>\n<li><strong>Egyedi domborm\u0171ves d\u00edsz\u00edt\u00e9s:<\/strong>A legjobb palack mint\u00e1kkal vagy domborm\u0171vel van v\u00e9sve, amely k\u00fcl\u00f6nf\u00e9le alkalmakra alkalmas.<\/li>\n<\/ol>","protected":false},"excerpt":{"rendered":"<p>Sunflower vase in custom embossed texture. And these glass centrepiece vases wholesale for home decor. Elevate floral arrangements with effortless elegance.<\/p>","protected":false},"featured_media":2891,"template":"","meta":{"site-sidebar-layout":"default","site-content-layout":"","ast-site-content-layout":"default","site-content-style":"default","site-sidebar-style":"default","ast-global-header-display":"","ast-banner-title-visibility":"","ast-main-header-display":"","ast-hfb-above-header-display":"","ast-hfb-below-header-display":"","ast-hfb-mobile-header-display":"","site-post-title":"","ast-breadcrumbs-content":"","ast-featured-img":"","footer-sml-layout":"","theme-transparent-header-meta":"default","adv-header-id-meta":"","stick-header-meta":"","header-above-stick-meta":"","header-main-stick-meta":"","header-below-stick-meta":"","astra-migrate-meta-layouts":"set","ast-page-background-enabled":"default","ast-page-background-meta":{"desktop":{"background-color":"var(--ast-global-color-5)","background-image":"","background-repeat":"repeat","background-position":"center center","background-size":"auto","background-attachment":"scroll","background-type":"","background-media":"","overlay-type":"","overlay-color":"","overlay-opacity":"","overlay-gradient":""},"tablet":{"background-color":"","background-image":"","background-repeat":"repeat","background-position":"center center","background-size":"auto","background-attachment":"scroll","background-type":"","background-media":"","overlay-type":"","overlay-color":"","overlay-opacity":"","overlay-gradient":""},"mobile":{"background-color":"","background-image":"","background-repeat":"repeat","background-position":"center center","background-size":"auto","background-attachment":"scroll","background-type":"","background-media":"","overlay-type":"","overlay-color":"","overlay-opacity":"","overlay-gradient":""}},"ast-content-background-meta":{"desktop":{"background-color":"var(--ast-global-color-4)","background-image":"","background-repeat":"repeat","background-position":"center center","background-size":"auto","background-attachment":"scroll","background-type":"","background-media":"","overlay-type":"","overlay-color":"","overlay-opacity":"","overlay-gradient":""},"tablet":{"background-color":"var(--ast-global-color-4)","background-image":"","background-repeat":"repeat","background-position":"center center","background-size":"auto","background-attachment":"scroll","background-type":"","background-media":"","overlay-type":"","overlay-color":"","overlay-opacity":"","overlay-gradient":""},"mobile":{"background-color":"var(--ast-global-color-4)","background-image":"","background-repeat":"repeat","background-position":"center center","background-size":"auto","background-attachment":"scroll","background-type":"","background-media":"","overlay-type":"","overlay-color":"","overlay-opacity":"","overlay-gradient":""}}},"product_brand":[],"product_cat":[57,21],"product_tag":[],"class_list":{"0":"post-2893","1":"product","2":"type-product","3":"status-publish","4":"has-post-thumbnail","6":"product_cat-glass-vases","7":"product_cat-product","8":"desktop-align-left","9":"tablet-align-left","10":"mobile-align-left","12":"first","13":"instock","14":"shipping-taxable","15":"product-type-simple"},"jetpack_sharing_enabled":true,"_links":{"self":[{"href":"https:\/\/mostebglass.com\/hu\/wp-json\/wp\/v2\/product\/2893","targetHints":{"allow":["GET"]}}],"collection":[{"href":"https:\/\/mostebglass.com\/hu\/wp-json\/wp\/v2\/product"}],"about":[{"href":"https:\/\/mostebglass.com\/hu\/wp-json\/wp\/v2\/types\/product"}],"wp:featuredmedia":[{"embeddable":true,"href":"https:\/\/mostebglass.com\/hu\/wp-json\/wp\/v2\/media\/2891"}],"wp:attachment":[{"href":"https:\/\/mostebglass.com\/hu\/wp-json\/wp\/v2\/media?parent=2893"}],"wp:term":[{"taxonomy":"product_brand","embeddable":true,"href":"https:\/\/mostebglass.com\/hu\/wp-json\/wp\/v2\/product_brand?post=2893"},{"taxonomy":"product_cat","embeddable":true,"href":"https:\/\/mostebglass.com\/hu\/wp-json\/wp\/v2\/product_cat?post=2893"},{"taxonomy":"product_tag","embeddable":true,"href":"https:\/\/mostebglass.com\/hu\/wp-json\/wp\/v2\/product_tag?post=2893"}],"curies":[{"name":"wp","href":"https:\/\/api.w.org\/{rel}","templated":true}]}}