{"id":2927,"date":"2025-09-30T17:54:59","date_gmt":"2025-09-30T09:54:59","guid":{"rendered":"https:\/\/mostebglass.com\/?post_type=product&#038;p=2927"},"modified":"2025-09-30T17:55:02","modified_gmt":"2025-09-30T09:55:02","slug":"uveg-vintage-vazak-keszlet-valogatott-virag-rovid-vaza","status":"publish","type":"product","link":"https:\/\/mostebglass.com\/hu\/glass-vintage-vases-set-assorted-flower-short-vase\/","title":{"rendered":"\u00c1tl\u00e1tsz\u00f3 \u00dcveg Vintage V\u00e1z\u00e1k Set \u2013 Vegyes Vir\u00e1g R\u00f6vid V\u00e1z\u00e1t Rendezv\u00e9ny Dekor\u00e1ci\u00f3"},"content":{"rendered":"<p>to protect your information.<\/p>\n<h2>Term\u00e9kjellemz\u0151k<\/h2>\n<p><strong>Vir\u00e1gos text\u00fara elegancia<\/strong><\/p>\n<p>full name<\/p>\n<p><strong>email adress<\/strong><\/p>\n<p>Please provide us with the capacity, shape, color, and quantity of the glass containers you require. Alsoplease feel free to share any other details or specific requirements to help us better understand yourproject.<\/p>\n<p><strong>Tell us your requirements, such as capacity, quantity, customization, etc.<\/strong><\/p>\n<p>Compact size fitted single stems or impure stems innocently \u2013 ideal for modern vase arrangement on desk or shelves.<\/p>\n<p><strong>Egyedi sz\u00ednharm\u00f3nia<\/strong><\/p>\n<p>Match the aesthetics of your brand with blue and white accents \u2013 your glass vintage vases feel like an extension of your story.<\/p>\n<h2><strong data-spm-anchor-id=\"5176.28103460.0.i13.29ab2e31jUfGco\">F\u0151bb specifik\u00e1ci\u00f3k<\/strong><\/h2>\n<table style=\"border-collapse: collapse; width: 80%; margin-left: auto; margin-right: auto;\" border=\"0\" width=\"144\" cellspacing=\"0\" cellpadding=\"0\">\n<tbody>\n<tr style=\"height: 13.50pt;\">\n<td style=\"height: 13.5pt; width: 54pt; text-align: center;\" width=\"72\" height=\"18\">Jellemz\u0151<\/td>\n<td style=\"width: 54pt; text-align: center;\" width=\"72\">R\u00e9szletek<\/td>\n<\/tr>\n<tr style=\"height: 13.50pt;\">\n<td style=\"height: 13.5pt; text-align: center;\" height=\"18\">A k\u00e9szlet tartalma<\/td>\n<td style=\"text-align: center;\">Glass short vase<\/td>\n<\/tr>\n<tr style=\"height: 13.50pt;\">\n<td style=\"height: 13.5pt; text-align: center;\" height=\"18\">Anyag<\/td>\n<td style=\"text-align: center;\">\u00dcveg<\/td>\n<\/tr>\n<tr style=\"height: 13.50pt;\">\n<td style=\"height: 13.5pt; text-align: center;\" height=\"18\">El\u00e9rhet\u0151 sz\u00ednek<\/td>\n<td style=\"text-align: center;\">Clear, Orange, Amber or Custom<\/td>\n<\/tr>\n<tr style=\"height: 13.50pt;\">\n<td style=\"height: 13.5pt; text-align: center;\" height=\"18\">Ide\u00e1lis<\/td>\n<td style=\"text-align: center;\">R\u00fcgyd\u00edszek, m\u0171sz\u00e1rak, mini vir\u00e1gok<\/td>\n<\/tr>\n<\/tbody>\n<\/table>\n<h2>Testreszab\u00e1si \u00fatmutat\u00f3<\/h2>\n<ol>\n<li><strong>Choose from different types of relief designs:<\/strong>More than 20 vintage relief vases are available, perfect for a variety of settings, including weddings and home decorations.<\/li>\n<li><strong>Compact vase set:<\/strong>Pair to glass short vase with pre-rich artificial flower stems to create \u201cdesktop floral set\u201d.<\/li>\n<\/ol>","protected":false},"excerpt":{"rendered":"<p>contact our Product Expert<\/p>","protected":false},"featured_media":2931,"template":"","meta":{"site-sidebar-layout":"default","site-content-layout":"","ast-site-content-layout":"default","site-content-style":"default","site-sidebar-style":"default","ast-global-header-display":"","ast-banner-title-visibility":"","ast-main-header-display":"","ast-hfb-above-header-display":"","ast-hfb-below-header-display":"","ast-hfb-mobile-header-display":"","site-post-title":"","ast-breadcrumbs-content":"","ast-featured-img":"","footer-sml-layout":"","theme-transparent-header-meta":"default","adv-header-id-meta":"","stick-header-meta":"","header-above-stick-meta":"","header-main-stick-meta":"","header-below-stick-meta":"","astra-migrate-meta-layouts":"set","ast-page-background-enabled":"default","ast-page-background-meta":{"desktop":{"background-color":"var(--ast-global-color-5)","background-image":"","background-repeat":"repeat","background-position":"center center","background-size":"auto","background-attachment":"scroll","background-type":"","background-media":"","overlay-type":"","overlay-color":"","overlay-opacity":"","overlay-gradient":""},"tablet":{"background-color":"","background-image":"","background-repeat":"repeat","background-position":"center center","background-size":"auto","background-attachment":"scroll","background-type":"","background-media":"","overlay-type":"","overlay-color":"","overlay-opacity":"","overlay-gradient":""},"mobile":{"background-color":"","background-image":"","background-repeat":"repeat","background-position":"center center","background-size":"auto","background-attachment":"scroll","background-type":"","background-media":"","overlay-type":"","overlay-color":"","overlay-opacity":"","overlay-gradient":""}},"ast-content-background-meta":{"desktop":{"background-color":"var(--ast-global-color-4)","background-image":"","background-repeat":"repeat","background-position":"center center","background-size":"auto","background-attachment":"scroll","background-type":"","background-media":"","overlay-type":"","overlay-color":"","overlay-opacity":"","overlay-gradient":""},"tablet":{"background-color":"var(--ast-global-color-4)","background-image":"","background-repeat":"repeat","background-position":"center center","background-size":"auto","background-attachment":"scroll","background-type":"","background-media":"","overlay-type":"","overlay-color":"","overlay-opacity":"","overlay-gradient":""},"mobile":{"background-color":"var(--ast-global-color-4)","background-image":"","background-repeat":"repeat","background-position":"center center","background-size":"auto","background-attachment":"scroll","background-type":"","background-media":"","overlay-type":"","overlay-color":"","overlay-opacity":"","overlay-gradient":""}}},"product_brand":[],"product_cat":[21,57],"product_tag":[],"class_list":{"0":"post-2927","1":"product","2":"type-product","3":"status-publish","4":"has-post-thumbnail","6":"product_cat-product","7":"product_cat-glass-vases","8":"desktop-align-left","9":"tablet-align-left","10":"mobile-align-left","12":"first","13":"instock","14":"shipping-taxable","15":"product-type-simple"},"jetpack_sharing_enabled":true,"_links":{"self":[{"href":"https:\/\/mostebglass.com\/hu\/wp-json\/wp\/v2\/product\/2927","targetHints":{"allow":["GET"]}}],"collection":[{"href":"https:\/\/mostebglass.com\/hu\/wp-json\/wp\/v2\/product"}],"about":[{"href":"https:\/\/mostebglass.com\/hu\/wp-json\/wp\/v2\/types\/product"}],"wp:featuredmedia":[{"embeddable":true,"href":"https:\/\/mostebglass.com\/hu\/wp-json\/wp\/v2\/media\/2931"}],"wp:attachment":[{"href":"https:\/\/mostebglass.com\/hu\/wp-json\/wp\/v2\/media?parent=2927"}],"wp:term":[{"taxonomy":"product_brand","embeddable":true,"href":"https:\/\/mostebglass.com\/hu\/wp-json\/wp\/v2\/product_brand?post=2927"},{"taxonomy":"product_cat","embeddable":true,"href":"https:\/\/mostebglass.com\/hu\/wp-json\/wp\/v2\/product_cat?post=2927"},{"taxonomy":"product_tag","embeddable":true,"href":"https:\/\/mostebglass.com\/hu\/wp-json\/wp\/v2\/product_tag?post=2927"}],"curies":[{"name":"wp","href":"https:\/\/api.w.org\/{rel}","templated":true}]}}