{"id":3040,"date":"2025-10-15T15:21:06","date_gmt":"2025-10-15T07:21:06","guid":{"rendered":"https:\/\/mostebglass.com\/?post_type=product&#038;p=3040"},"modified":"2025-10-15T17:46:39","modified_gmt":"2025-10-15T09:46:39","slug":"vintage-tiszta-uveg-bimbo-vaza-eskuvoi-dekoraciohoz","status":"publish","type":"product","link":"https:\/\/mostebglass.com\/hu\/vintage-clear-glass-bud-vase-for-wedding-decor\/","title":{"rendered":"\u00c9vj\u00e1rat \u00c1tl\u00e1tsz\u00f3 \u00dcveg Bud V\u00e1z\u00e1t Haza Esk\u00fcv\u0151i Dekor\u00e1ci\u00f3"},"content":{"rendered":"<p>Elege van az ott \u00e1ll\u00f3 \u00fcvegv\u00e1z\u00e1kb\u00f3l? Vintage, \u00e1tl\u00e1tsz\u00f3 \u00fcvegb\u0151l k\u00e9sz\u00fclt, bimb\u00f3s v\u00e1z\u00e1kat k\u00e9sz\u00edt\u00fcnk retr\u00f3 dombornyom\u00e1ssal \u2013 unalmas dekor\u00e1ci\u00f3 n\u00e9lk\u00fcl. Ezek a r\u00f3zs\u00e1s v\u00e1z\u00e1k m\u0171v\u00e9szi pillanatokk\u00e1 var\u00e1zsolj\u00e1k az otthoni dekor\u00e1ci\u00f3t. Nagyobb megrendel\u00e9sek eset\u00e9n egyedi \u00fcvegv\u00e1z\u00e1kat kap, amelyek illenek a m\u00e1rk\u00e1d szellemis\u00e9g\u00e9hez.<\/p>\n<h2>Term\u00e9kjellemz\u0151k<\/h2>\n<p><strong>Vintage dombornyomott med\u00e1l<\/strong><\/p>\n<p>A gy\u00e9m\u00e1ntminta vintage hangulatot k\u00f6lcs\u00f6n\u00f6z \u2013 ez a vintage \u00e1tl\u00e1tsz\u00f3 \u00fcvegv\u00e1za k\u00e9zzel k\u00e9sz\u00edtett, nem t\u00f6meggy\u00e1rtott \u00e9rzetet kelt.<\/p>\n<p><strong>T\u00f6k\u00e9letes egyetlen vir\u00e1ghoz<\/strong><\/p>\n<p>A karcs\u00fa forma t\u00f6k\u00e9letes egyetlen vir\u00e1gd\u00edszhez \u2013 ennek a r\u00f3zsav\u00e1z\u00e1nak a k\u00f6z\u00e9ppontj\u00e1ban a vir\u00e1gok \u00e1llnak, nem maga a v\u00e1za.<\/p>\n<p><strong>Azonnal mutassa be m\u00e1rk\u00e1j\u00e1t<\/strong><\/p>\n<p>Tedd r\u00e1 az egyedi log\u00f3dat erre a r\u00f3zsav\u00e1z\u00e1ra, hogy kit\u0171nj\u00f6n a t\u00f6megb\u0151l.<\/p>\n<h2><strong data-spm-anchor-id=\"5176.28103460.0.i18.29ab2e31aVMz0n\">F\u0151bb specifik\u00e1ci\u00f3k<\/strong><\/h2>\n<table style=\"border-collapse: collapse; width: 80%; margin-left: auto; margin-right: auto;\" border=\"0\" width=\"144\" cellspacing=\"0\" cellpadding=\"0\">\n<tbody>\n<tr>\n<td style=\"text-align: center;\" width=\"72\">Attrib\u00fatum<\/td>\n<td style=\"text-align: center;\" width=\"72\">R\u00e9szlet<\/td>\n<\/tr>\n<tr>\n<td style=\"text-align: center;\">Sz\u00ednbe\u00e1ll\u00edt\u00e1s<\/td>\n<td style=\"text-align: center;\">\u00c1tl\u00e1tsz\u00f3, barna, z\u00f6ld, k\u00e9k, sz\u00fcrke (egyedi)<\/td>\n<\/tr>\n<tr>\n<td style=\"text-align: center;\">Fel\u00fclet<\/td>\n<td style=\"text-align: center;\">Retro dombor\u00edt\u00e1s<\/td>\n<\/tr>\n<tr>\n<td style=\"text-align: center;\">Haszn\u00e1lati eset<\/td>\n<td style=\"text-align: center;\">Bud v\u00e1za, m\u0171vir\u00e1gos d\u00edsz, asztald\u00edsz<\/td>\n<\/tr>\n<tr>\n<td style=\"text-align: center;\">Ide\u00e1lis<\/td>\n<td style=\"text-align: center;\">Lakberendez\u00e9s, esk\u00fcv\u0151i styling, butikbels\u0151<\/td>\n<\/tr>\n<\/tbody>\n<\/table>\n<h2>Sikert\u00f6rt\u00e9net<\/h2>\n<p>Az Egyes\u00fclt Kir\u00e1lys\u00e1gban m\u0171k\u00f6d\u0151 vir\u00e1gst\u00fadi\u00f3 t\u00f6k\u00e9letes csomagol\u00e1st alkotott az esk\u00fcv\u0151i projekthez. A m\u00e1rka csod\u00e1latos \u00e9s sokoldal\u00fa v\u00e1z\u00e1kat keresett, amelyek kiemelik a r\u00f3zs\u00e1k sz\u00e9ps\u00e9g\u00e9t \u00e9s kieg\u00e9sz\u00edtik a p\u00e1r vintage kerti t\u00e9m\u00e1j\u00e1t. Egyedi r\u00f3zsa\u00fcveg v\u00e1z\u00e1t rendeltek, amelyet vintage st\u00edlus\u00fa be\u00e1gyazott vir\u00e1gmint\u00e1k d\u00edsz\u00edtenek. A vastag, \u00e9les kont\u00far\u00fa \u00fcvegb\u0151l k\u00e9sz\u00fclt v\u00e1z\u00e1k \u00f6tv\u00f6zik a sz\u00e9ps\u00e9get \u00e9s a tart\u00f3ss\u00e1got. Minden r\u00f3zsav\u00e1z\u00e1t \u00fagy terveztek, hogy egy sz\u00e1l sz\u00e1rat vagy egy kis csokrot tartalmazzon, \u00edgy alkalmas asztald\u00edsznek \u00e9s vend\u00e9gaj\u00e1nd\u00e9knak is. A r\u00f3zsav\u00e1za az esk\u00fcv\u0151i szett f\u00e9nypontj\u00e1v\u00e1 v\u00e1lt, a vend\u00e9gek tucatnyi Instagram-bejegyz\u00e9st \u00e9s t\u00f6rt\u00e9netet osztottak meg arr\u00f3l, hogy t\u00f6k\u00e9letesen illeszkedik a romantikus t\u00e9m\u00e1hoz. Az esem\u00e9nyt k\u00f6vet\u0151en a st\u00fadi\u00f3 40%-os megrendel\u00e9sn\u00f6veked\u00e9st tapasztalt, \u00faj \u00fcgyfelek k\u00e9rt\u00e9k ugyanazt a diz\u00e1jnt az esk\u00fcv\u0151j\u00fckre \u00e9s rendezv\u00e9nyeikre.<\/p>\n<h2>Testreszab\u00e1si k\u00e9zik\u00f6nyved<\/h2>\n<ol>\n<li><strong>\u201eVir\u00e1gz\u00f3 k\u00f3d\u201d vir\u00e1gkalauz:<\/strong>Az alj\u00e1ra egy QR-k\u00f3d van grav\u00edrozva, amelynek beolvas\u00e1s\u00e1val m\u00e1rkainform\u00e1ci\u00f3kat vagy felhaszn\u00e1l\u00f3i \u00fatmutat\u00f3kat tal\u00e1lhat.<\/li>\n<li><strong>K\u00e9nyelmes, testreszabhat\u00f3 gy\u0171jtem\u00e9ny:<\/strong>A r\u00f3zsav\u00e1za m\u00e9ly indig\u00f3 \u00fcvegb\u0151l k\u00e9sz\u00fclt, \u00e9s ez\u00fcst dombornyomott csillagokkal d\u00edsz\u00edtett \u2013 t\u00f6k\u00e9letes egy holdf\u00e9nyes esk\u00fcv\u0151re. A \u201eVir\u00e1gz\u00e1s a csillagok alatt\u201d \u00fczenet is szerepel rajta.<\/li>\n<\/ol>\n<p>&nbsp;<\/p>","protected":false},"excerpt":{"rendered":"<p>Vintage, \u00e1tl\u00e1tsz\u00f3 \u00fcvegb\u0151l k\u00e9sz\u00fclt bimb\u00f3- \u00e9s r\u00f3zsav\u00e1z\u00e1k id\u0151tlen vir\u00e1gos eleganci\u00e1val. Ide\u00e1lis vir\u00e1gk\u00f6t\u0151k, rendezv\u00e9nyszervez\u0151k \u00e9s kiskeresked\u0151k sz\u00e1m\u00e1ra, akik testreszabhat\u00f3, kiv\u00e1l\u00f3 min\u0151s\u00e9g\u0171 dekor\u00e1ci\u00f3s megold\u00e1sokat keresnek.<\/p>","protected":false},"featured_media":3042,"template":"","meta":{"site-sidebar-layout":"default","site-content-layout":"","ast-site-content-layout":"default","site-content-style":"default","site-sidebar-style":"default","ast-global-header-display":"","ast-banner-title-visibility":"","ast-main-header-display":"","ast-hfb-above-header-display":"","ast-hfb-below-header-display":"","ast-hfb-mobile-header-display":"","site-post-title":"","ast-breadcrumbs-content":"","ast-featured-img":"","footer-sml-layout":"","theme-transparent-header-meta":"default","adv-header-id-meta":"","stick-header-meta":"","header-above-stick-meta":"","header-main-stick-meta":"","header-below-stick-meta":"","astra-migrate-meta-layouts":"set","ast-page-background-enabled":"default","ast-page-background-meta":{"desktop":{"background-color":"var(--ast-global-color-5)","background-image":"","background-repeat":"repeat","background-position":"center center","background-size":"auto","background-attachment":"scroll","background-type":"","background-media":"","overlay-type":"","overlay-color":"","overlay-opacity":"","overlay-gradient":""},"tablet":{"background-color":"","background-image":"","background-repeat":"repeat","background-position":"center center","background-size":"auto","background-attachment":"scroll","background-type":"","background-media":"","overlay-type":"","overlay-color":"","overlay-opacity":"","overlay-gradient":""},"mobile":{"background-color":"","background-image":"","background-repeat":"repeat","background-position":"center center","background-size":"auto","background-attachment":"scroll","background-type":"","background-media":"","overlay-type":"","overlay-color":"","overlay-opacity":"","overlay-gradient":""}},"ast-content-background-meta":{"desktop":{"background-color":"var(--ast-global-color-4)","background-image":"","background-repeat":"repeat","background-position":"center center","background-size":"auto","background-attachment":"scroll","background-type":"","background-media":"","overlay-type":"","overlay-color":"","overlay-opacity":"","overlay-gradient":""},"tablet":{"background-color":"var(--ast-global-color-4)","background-image":"","background-repeat":"repeat","background-position":"center center","background-size":"auto","background-attachment":"scroll","background-type":"","background-media":"","overlay-type":"","overlay-color":"","overlay-opacity":"","overlay-gradient":""},"mobile":{"background-color":"var(--ast-global-color-4)","background-image":"","background-repeat":"repeat","background-position":"center center","background-size":"auto","background-attachment":"scroll","background-type":"","background-media":"","overlay-type":"","overlay-color":"","overlay-opacity":"","overlay-gradient":""}}},"product_brand":[],"product_cat":[21,57],"product_tag":[],"class_list":{"0":"post-3040","1":"product","2":"type-product","3":"status-publish","4":"has-post-thumbnail","6":"product_cat-product","7":"product_cat-glass-vases","8":"desktop-align-left","9":"tablet-align-left","10":"mobile-align-left","12":"first","13":"instock","14":"shipping-taxable","15":"product-type-simple"},"jetpack_sharing_enabled":true,"_links":{"self":[{"href":"https:\/\/mostebglass.com\/hu\/wp-json\/wp\/v2\/product\/3040","targetHints":{"allow":["GET"]}}],"collection":[{"href":"https:\/\/mostebglass.com\/hu\/wp-json\/wp\/v2\/product"}],"about":[{"href":"https:\/\/mostebglass.com\/hu\/wp-json\/wp\/v2\/types\/product"}],"wp:featuredmedia":[{"embeddable":true,"href":"https:\/\/mostebglass.com\/hu\/wp-json\/wp\/v2\/media\/3042"}],"wp:attachment":[{"href":"https:\/\/mostebglass.com\/hu\/wp-json\/wp\/v2\/media?parent=3040"}],"wp:term":[{"taxonomy":"product_brand","embeddable":true,"href":"https:\/\/mostebglass.com\/hu\/wp-json\/wp\/v2\/product_brand?post=3040"},{"taxonomy":"product_cat","embeddable":true,"href":"https:\/\/mostebglass.com\/hu\/wp-json\/wp\/v2\/product_cat?post=3040"},{"taxonomy":"product_tag","embeddable":true,"href":"https:\/\/mostebglass.com\/hu\/wp-json\/wp\/v2\/product_tag?post=3040"}],"curies":[{"name":"wp","href":"https:\/\/api.w.org\/{rel}","templated":true}]}}