{"id":3110,"date":"2025-10-22T17:23:26","date_gmt":"2025-10-22T09:23:26","guid":{"rendered":"https:\/\/mostebglass.com\/?post_type=product&#038;p=3110"},"modified":"2025-10-22T18:01:35","modified_gmt":"2025-10-22T10:01:35","slug":"antik-uveg-vazak-keszlet-otthoni-es-rendezveny-dekoraciohoz","status":"publish","type":"product","link":"https:\/\/mostebglass.com\/hu\/antique-glass-vases-set-for-home-and-event-decor\/","title":{"rendered":"Vil\u00e1gos, Antik \u00dcveg V\u00e1z\u00e1k Meghat\u00e1rozott Haza, Rendezv\u00e9ny Dekor\u00e1ci\u00f3"},"content":{"rendered":"<p>Elege van a vir\u00e1gd\u00edszeket t\u00f6nkretev\u0151 v\u00e1z\u00e1kb\u00f3l? \u00c1tl\u00e1tsz\u00f3 \u00fcvegd\u00edszekkel ell\u00e1tott, r\u00f6vid vir\u00e1gv\u00e1z\u00e1kat k\u00e9sz\u00edt\u00fcnk \u2013 nincs t\u00f6bb\u00e9 unalmas dekor\u00e1ci\u00f3. Ezek az \u00e1tl\u00e1tsz\u00f3 v\u00e1z\u00e1k vir\u00e1gmennyezett\u00e9 var\u00e1zsolj\u00e1k otthon\u00e1t. Nagyobb megrendel\u00e9sek eset\u00e9n egyedi \u00fcvegv\u00e1z\u00e1kat kap, amelyek illeszkednek az \u00d6n st\u00edlus\u00e1hoz.<\/p>\n<h2>Term\u00e9kjellemz\u0151k<\/h2>\n<p><strong>Textur\u00e1lt elegancia<\/strong><\/p>\n<p>A bord\u00e1k \u00e9s a minta nagyobb m\u00e9lys\u00e9get adnak \u2013 a kis vir\u00e1gv\u00e1z\u00e1d \u00fagy n\u00e9z ki, mint egy \u00fcvegb\u0151l k\u00e9sz\u00fclt dekorat\u00edv m\u0171alkot\u00e1s.<\/p>\n<p><strong>Krist\u00e1lytisztas\u00e1g<\/strong><\/p>\n<p>A legjobb min\u0151s\u00e9g\u0171 \u00e1tl\u00e1tsz\u00f3 \u00fcveg minden szirmot felfed \u2013 a v\u00e1s\u00e1rl\u00f3k els\u0151 l\u00e1t\u00e1sra nem tudnak ellen\u00e1llni az \u00e1tl\u00e1tsz\u00f3 v\u00e1z\u00e1nak.<\/p>\n<p><strong>Sokoldal\u00fa kijelz\u0151<\/strong><\/p>\n<p>Nagyszer\u0171 munkaasztalnak, polcoknak vagy dekorat\u00edv \u00fcreges sz\u00e1r\u00fa term\u00e9szetes tart\u00f3k\u00e9nt - a v\u00e1z\u00e1id\/\u00fcveged vil\u00e1g\u00edtanak.<\/p>\n<h2>F\u0151bb specifik\u00e1ci\u00f3k<\/h2>\n<table style=\"border-collapse: collapse; width: 216.03pt;\" border=\"0\" width=\"288\" cellspacing=\"0\" cellpadding=\"0\">\n<tbody>\n<tr style=\"height: 13.50pt;\">\n<td style=\"height: 13.50pt; width: 54.00pt;\" width=\"72\" height=\"18\">St\u00edlus<\/td>\n<td style=\"width: 54.00pt;\" width=\"72\">M\u00e9ret (cm)<\/td>\n<td style=\"width: 54.00pt;\" width=\"72\">Anyag<\/td>\n<td style=\"width: 54.00pt;\" width=\"72\">Sz\u00edn<\/td>\n<\/tr>\n<tr style=\"height: 13.50pt;\">\n<td style=\"height: 13.50pt;\" height=\"18\">Bord\u00e1zott<\/td>\n<td>5.5&#215;11.2&#215;3.8<\/td>\n<td class=\"et2\" rowspan=\"3\">\u00dcveg<\/td>\n<td class=\"et2\" rowspan=\"3\">Tiszta vagy egy\u00e9ni<\/td>\n<\/tr>\n<tr style=\"height: 13.50pt;\">\n<td style=\"height: 13.50pt;\" height=\"18\">T\u00f6k<\/td>\n<td>6.0&#215;11.5&#215;3.8<\/td>\n<\/tr>\n<tr style=\"height: 13.50pt;\">\n<td style=\"height: 13.50pt;\" height=\"18\">Spir\u00e1l<\/td>\n<td>5.9&#215;11.5&#215;3.8<\/td>\n<\/tr>\n<\/tbody>\n<\/table>\n<h2>Sikeres eset<\/h2>\n<p>A Decor egy st\u00fadi\u00f3 seg\u00edts\u00e9g\u00e9vel gy\u00f6ny\u00f6r\u0171, egyedi, alacsony \u00fcvegv\u00e1z\u00e1kat k\u00e9sz\u00edtett a szezon\u00e1lis vir\u00e1gkollekci\u00f3jukhoz. Minden egyes kompoz\u00edci\u00f3 k\u00e9zzel pol\u00edrozott sz\u00e1jjal \u00e9s vastag, f\u00e9nyes, nagy tisztas\u00e1g\u00fa \u00fcveggel rendelkezik, amely eleg\u00e1ns, kifinomult, gal\u00e9riaszer\u0171 hat\u00e1st k\u00f6lcs\u00f6n\u00f6z a vir\u00e1goknak. A st\u00fadi\u00f3 egyedi \u00fcveged\u00e9nyek sz\u00e9les v\u00e1laszt\u00e9k\u00e1t alkotta meg, amelyek k\u00fcl\u00f6nb\u00f6z\u0151 bels\u0151\u00e9p\u00edt\u00e9szeti st\u00edlusokhoz illeszkednek \u2013 a matt fel\u00fclet\u0171t\u0151l a halv\u00e1ny borosty\u00e1nsz\u00edn\u0171n \u00e1t a f\u00fcst\u00f6s sz\u00fcrke talpig.<\/p>\n<p>A t\u00f6k\u00e9letes v\u00e1z\u00e1k kiemelik az egyes vir\u00e1gok erezet\u00e9t \u00e9s sz\u00edneit, \u00edgy sz\u00e9pp\u00e9 var\u00e1zsolj\u00e1k az eg\u00e9szet.<\/p>\n<p>A st\u00fadi\u00f3 mind\u00f6ssze k\u00e9t h\u00f3nap alatt el\u00e9rte a fentieket: az elad\u00e1sok 80%-kal n\u0151ttek, a term\u00e9kpanaszok pedig 70%-kal cs\u00f6kkentek.<\/p>\n<h2>Testreszab\u00e1si k\u00e9zik\u00f6nyved<\/h2>\n<ol>\n<li><strong>\u00c1ll\u00edthat\u00f3 palackfel\u00fclet:<\/strong> M\u00e1rk\u00e1d st\u00edlus\u00e1t\u00f3l f\u00fcgg\u0151en v\u00e1lassz a h\u00e1rom lehet\u0151s\u00e9g k\u00f6z\u00fcl, azaz homokf\u00fav\u00e1s, l\u00e9zergrav\u00edroz\u00e1s vagy galvaniz\u00e1l\u00e1s, hogy hozz\u00e1add a m\u00e1rkalog\u00f3dat vagy egyedi text\u00far\u00e1kat, amelyekkel a v\u00e1za felismerhet\u0151bb\u00e9 \u00e9s dekorat\u00edvabb\u00e1 v\u00e1lik.<\/li>\n<li><strong>M\u00e1rka \u00e9s kieg\u00e9sz\u00edt\u0151k szem\u00e9lyre szab\u00e1sa:<\/strong> Az egyedi aj\u00e1nd\u00e9kdoboz mellett sz\u00e1r\u00edtott vir\u00e1gok vagy p\u00e1lc\u00e1s illatos\u00edt\u00f3 k\u00e9szlet is haszn\u00e1lhat\u00f3 aj\u00e1nd\u00e9koz\u00e1sra vagy aromater\u00e1pi\u00e1s c\u00e9lokra, ez\u00e1ltal n\u00f6velve a term\u00e9k bels\u0151 \u00e9rt\u00e9k\u00e9t \u00e9s lehets\u00e9ges felhaszn\u00e1l\u00e1si m\u00f3djait.<\/li>\n<\/ol>\n<p>&nbsp;<\/p>\n<p>&nbsp;<\/p>","protected":false},"excerpt":{"rendered":"<p>Pr\u00e9mium antik \u00fcvegv\u00e1z\u00e1k v\u00e1llalkoz\u00e1soknak. \u00c1tl\u00e1tsz\u00f3 v\u00e1z\u00e1ink id\u0151tlen eleganci\u00e1t k\u00f6lcs\u00f6n\u00f6znek a vir\u00e1gd\u00edszek bemutat\u00e1s\u00e1hoz. Emeld magasabb szintre k\u00e9szletedet ezzel a klasszikus, kiv\u00e1l\u00f3 min\u0151s\u00e9g\u0171 kollekci\u00f3val. \u00c9rdekl\u0151dj nagy t\u00e9telben t\u00f6rt\u00e9n\u0151 rendel\u00e9s eset\u00e9n.<\/p>","protected":false},"featured_media":3111,"template":"","meta":{"site-sidebar-layout":"default","site-content-layout":"","ast-site-content-layout":"default","site-content-style":"default","site-sidebar-style":"default","ast-global-header-display":"","ast-banner-title-visibility":"","ast-main-header-display":"","ast-hfb-above-header-display":"","ast-hfb-below-header-display":"","ast-hfb-mobile-header-display":"","site-post-title":"","ast-breadcrumbs-content":"","ast-featured-img":"","footer-sml-layout":"","theme-transparent-header-meta":"default","adv-header-id-meta":"","stick-header-meta":"","header-above-stick-meta":"","header-main-stick-meta":"","header-below-stick-meta":"","astra-migrate-meta-layouts":"set","ast-page-background-enabled":"default","ast-page-background-meta":{"desktop":{"background-color":"var(--ast-global-color-5)","background-image":"","background-repeat":"repeat","background-position":"center center","background-size":"auto","background-attachment":"scroll","background-type":"","background-media":"","overlay-type":"","overlay-color":"","overlay-opacity":"","overlay-gradient":""},"tablet":{"background-color":"","background-image":"","background-repeat":"repeat","background-position":"center center","background-size":"auto","background-attachment":"scroll","background-type":"","background-media":"","overlay-type":"","overlay-color":"","overlay-opacity":"","overlay-gradient":""},"mobile":{"background-color":"","background-image":"","background-repeat":"repeat","background-position":"center center","background-size":"auto","background-attachment":"scroll","background-type":"","background-media":"","overlay-type":"","overlay-color":"","overlay-opacity":"","overlay-gradient":""}},"ast-content-background-meta":{"desktop":{"background-color":"var(--ast-global-color-4)","background-image":"","background-repeat":"repeat","background-position":"center center","background-size":"auto","background-attachment":"scroll","background-type":"","background-media":"","overlay-type":"","overlay-color":"","overlay-opacity":"","overlay-gradient":""},"tablet":{"background-color":"var(--ast-global-color-4)","background-image":"","background-repeat":"repeat","background-position":"center center","background-size":"auto","background-attachment":"scroll","background-type":"","background-media":"","overlay-type":"","overlay-color":"","overlay-opacity":"","overlay-gradient":""},"mobile":{"background-color":"var(--ast-global-color-4)","background-image":"","background-repeat":"repeat","background-position":"center center","background-size":"auto","background-attachment":"scroll","background-type":"","background-media":"","overlay-type":"","overlay-color":"","overlay-opacity":"","overlay-gradient":""}}},"product_brand":[],"product_cat":[21,57],"product_tag":[],"class_list":{"0":"post-3110","1":"product","2":"type-product","3":"status-publish","4":"has-post-thumbnail","6":"product_cat-product","7":"product_cat-glass-vases","8":"desktop-align-left","9":"tablet-align-left","10":"mobile-align-left","12":"first","13":"instock","14":"shipping-taxable","15":"product-type-simple"},"jetpack_sharing_enabled":true,"_links":{"self":[{"href":"https:\/\/mostebglass.com\/hu\/wp-json\/wp\/v2\/product\/3110","targetHints":{"allow":["GET"]}}],"collection":[{"href":"https:\/\/mostebglass.com\/hu\/wp-json\/wp\/v2\/product"}],"about":[{"href":"https:\/\/mostebglass.com\/hu\/wp-json\/wp\/v2\/types\/product"}],"wp:featuredmedia":[{"embeddable":true,"href":"https:\/\/mostebglass.com\/hu\/wp-json\/wp\/v2\/media\/3111"}],"wp:attachment":[{"href":"https:\/\/mostebglass.com\/hu\/wp-json\/wp\/v2\/media?parent=3110"}],"wp:term":[{"taxonomy":"product_brand","embeddable":true,"href":"https:\/\/mostebglass.com\/hu\/wp-json\/wp\/v2\/product_brand?post=3110"},{"taxonomy":"product_cat","embeddable":true,"href":"https:\/\/mostebglass.com\/hu\/wp-json\/wp\/v2\/product_cat?post=3110"},{"taxonomy":"product_tag","embeddable":true,"href":"https:\/\/mostebglass.com\/hu\/wp-json\/wp\/v2\/product_tag?post=3110"}],"curies":[{"name":"wp","href":"https:\/\/api.w.org\/{rel}","templated":true}]}}