{"id":3208,"date":"2025-10-29T14:47:45","date_gmt":"2025-10-29T06:47:45","guid":{"rendered":"https:\/\/mostebglass.com\/?post_type=product&#038;p=3208"},"modified":"2025-10-29T17:50:28","modified_gmt":"2025-10-29T09:50:28","slug":"wholesale-short-glass-vase-bud-vases-supplier","status":"publish","type":"product","link":"https:\/\/mostebglass.com\/hu\/wholesale-short-glass-vase-bud-vases-supplier\/","title":{"rendered":"K\u00fap alak\u00fa, alacsony \u00fcvegv\u00e1za minimalista vir\u00e1gd\u00edszekhez"},"content":{"rendered":"<p>Ne haszn\u00e1ljon t\u00f6bb\u00e9 unalmas v\u00e1za\u00fcvegdekor\u00e1ci\u00f3s darabokat, amelyek meg\u00f6lik a vir\u00e1gos hangulatot. K\u00e9zm\u0171ves r\u00f6vid r\u00fcgyv\u00e1z\u00e1kat k\u00e9sz\u00edt\u00fcnk geometrikus text\u00far\u00e1val - nincs t\u00f6bb\u00e9 lapos dekor\u00e1ci\u00f3. Ezek a r\u00f6vid \u00fcvegv\u00e1za szettek vir\u00e1gos \u00e1lomm\u00e1 var\u00e1zsolj\u00e1k ter\u00e9t. T\u00f6meges megrendel\u00e9sek eset\u00e9n egyedi \u00fcvegv\u00e1z\u00e1kat kap, hogy illeszkedjen m\u00e1rk\u00e1ja lelk\u00e9hez.<\/p>\n<h2>Term\u00e9kjellemz\u0151k<\/h2>\n<p><strong>Geometrikus\u200d\u200d\u200d\u200d\u200d\u200d\u200d\u200d\u200d Text\u00fara<\/strong><\/p>\n<p>A bord\u00e1k a sz\u00f6veten seg\u00edtenek, hogy a sz\u00f6vet nagyobb m\u00e9lys\u00e9get kapjon, de ugyanakkor nem lesz t\u00falz\u00f3 - a minimalista v\u00e1za st\u00edlusos \u00e9s korszer\u0171 lesz b\u00e1rmilyen t\u00e9rben.<\/p>\n<p><strong>Krist\u00e1lytiszta<\/strong><\/p>\n<p>Az ide\u00e1lis \u00e1tl\u00e1tsz\u00f3 t\u00e1rol\u00f3 lesz az, amelyik minden vir\u00e1got megmutat - a v\u00e1s\u00e1rl\u00f3k m\u00e1r a kezdetekt\u0151l fogva el lesznek ragadtatva a tiszta \u00e9s \u00e1tl\u00e1tsz\u00f3 jelleg\u00e9t\u0151l.<\/p>\n<p><strong>K\u00fcl\u00f6nb\u00f6z\u0151 m\u00e9retek<\/strong><\/p>\n<p>H\u00e1rom k\u00fcl\u00f6nb\u00f6z\u0151 m\u00e9retben, azaz kicsi, k\u00f6zepes \u00e9s nagy, hogy megfeleljen a k\u00fcl\u00f6nb\u00f6z\u0151 terek ig\u00e9nyeinek - v\u00e1zagy\u0171jtem\u00e9nye ott lehet a doh\u00e1nyz\u00f3asztalon, k\u00f6nyvespolcon vagy esk\u00fcv\u0151i \u200d\u200d\u200d\u200d\u200d\u200d\u200d\u200d\u200d asztalon.<\/p>\n<h2>F\u0151bb specifik\u00e1ci\u00f3k<\/h2>\n<table style=\"border-collapse: collapse; width: 80%; margin-left: auto; margin-right: auto;\" border=\"0\" width=\"288\" cellspacing=\"0\" cellpadding=\"0\">\n<tbody>\n<tr style=\"height: 13.50pt;\">\n<td style=\"height: 13.5pt; width: 54pt; text-align: center;\" width=\"72\" height=\"18\">St\u00edlus<\/td>\n<td style=\"width: 54pt; text-align: center;\" width=\"72\">M\u00e9ret (cm)<\/td>\n<td style=\"width: 54pt; text-align: center;\" width=\"72\">Anyag<\/td>\n<td style=\"width: 54pt; text-align: center;\" width=\"72\">Sz\u00edn<\/td>\n<\/tr>\n<tr style=\"height: 13.50pt;\">\n<td style=\"height: 13.5pt; text-align: center;\" height=\"18\">Kicsi<\/td>\n<td style=\"text-align: center;\">5.0&#215;11.5&#215;2.9<\/td>\n<td class=\"et2\" style=\"text-align: center;\" rowspan=\"3\">\u00dcveg<\/td>\n<td class=\"et2\" style=\"text-align: center;\" rowspan=\"3\">Tiszta vagy egyedi<\/td>\n<\/tr>\n<tr style=\"height: 13.50pt;\">\n<td style=\"height: 13.5pt; text-align: center;\" height=\"18\">K\u00f6zepes<\/td>\n<td style=\"text-align: center;\">6.6\u00d713.0x3.7<\/td>\n<\/tr>\n<tr style=\"height: 13.50pt;\">\n<td style=\"height: 13.5pt; text-align: center;\" height=\"18\">Nagy<\/td>\n<td style=\"text-align: center;\">7.0&#215;14.6&#215;3.5<\/td>\n<\/tr>\n<\/tbody>\n<\/table>\n<h2>Sikeres eset<\/h2>\n<p>Nagyszer\u0171 egy\u00fcttm\u0171k\u00f6d\u00e9sben \u00e1lltunk egy ausztr\u00e1liai melbourne-i butik vir\u00e1gst\u00fadi\u00f3val, hogy egy sor egyedi tervez\u00e9s\u0171, minim\u00e1l \u00fcvegv\u00e1z\u00e1t k\u00e9sz\u00edts\u00fcnk az \u00faj kollekci\u00f3jukhoz. A m\u00e1rka h\u00e1rom k\u00fcl\u00f6nb\u00f6z\u0151 m\u00e9ret\u0171 v\u00e1z\u00e1t k\u00e9sz\u00edtett, gy\u00e9m\u00e1ntmint\u00e1val, amely vizu\u00e1lisan egyes\u00edti a v\u00e1z\u00e1kat, mik\u00f6zben mindegyik k\u00fcl\u00f6n\u00e1ll\u00f3 marad. Emellett a v\u00e1z\u00e1k matt fel\u00fclet\u0171ek, \u00e9s lehet\u0151s\u00e9g van egyedi log\u00f3 grav\u00edroz\u00e1s\u00e1ra minden v\u00e1za alj\u00e1ra.<\/p>\n<p>A v\u00e1zakollekci\u00f3 a megjelen\u00e9skor az esk\u00fcv\u0151i aj\u00e1nd\u00e9kok \u00e9s a lakberendez\u00e9s legvonz\u00f3bb v\u00e1laszt\u00e1s\u00e1nak bizonyult. A st\u00fadi\u00f3 v\u00e1zaelad\u00e1sai mind\u00f6ssze k\u00e9t \u200d\u200d\u200d\u200d\u200d\u200d\u200d\u200d\u200d\u200dh\u00f3nap alatt 40%-tal emelkedtek.<\/p>\n<h2>Testreszab\u00e1si k\u00e9zik\u00f6nyved<\/h2>\n<ol>\n<li><strong>Testreszab\u00e1s\u200d\u200d\u200d\u200d\u200d\u200d\u200d\u200d alkatr\u00e9szek:<\/strong> Annak \u00e9rdek\u00e9ben, hogy a v\u00e1za eleg\u00e1nsabb \u00e9s \u00f6sszetettebb megjelen\u00e9st kapjon, n\u00e9h\u00e1ny lehet\u0151s\u00e9g \u00e1ll rendelkez\u00e9sre, mint p\u00e9ld\u00e1ul a fest\u00e9ksz\u00f3r\u00f3 fest\u00e9s (borosty\u00e1n, f\u00fcst\u00f6s sz\u00fcrke, matt tejfeh\u00e9r stb.) vagy galvaniz\u00e1l\u00e1s aranyszeg\u00e9llyel.<\/li>\n<li><strong>Log\u00f3 alkalmaz\u00e1s:<\/strong> A v\u00e1za m\u00e1rk\u00e1ja a \u200d\u200d\u200d\u200d\u200d\u200d\u200d\u200d\u200d\u200d\u200d\u200d\u200d\u200d v\u00e1za alj\u00e1n vagy nyak\u00e1n tal\u00e1lhat\u00f3 log\u00f3 szitanyom\u00e1ssal, forr\u00f3 b\u00e9lyegz\u00e9ssel vagy dombornyom\u00e1ssal finoman \u00e9s hat\u00e9konyan felismerhet\u0151.<\/li>\n<\/ol>","protected":false},"excerpt":{"rendered":"<p>Eleg\u00e1ns r\u00f6vid \u00fcvegv\u00e1za szett minimalista dekor\u00e1ci\u00f3hoz. Ezek a r\u00f6vid bimb\u00f3s v\u00e1z\u00e1k gy\u00f6ny\u00f6r\u0171en kiemelik az egyes vir\u00e1gokat, t\u00f6k\u00e9letesek esk\u00fcv\u0151kre, asztalokra vagy aj\u00e1nd\u00e9kokra.<\/p>","protected":false},"featured_media":3209,"template":"","meta":{"site-sidebar-layout":"default","site-content-layout":"","ast-site-content-layout":"default","site-content-style":"default","site-sidebar-style":"default","ast-global-header-display":"","ast-banner-title-visibility":"","ast-main-header-display":"","ast-hfb-above-header-display":"","ast-hfb-below-header-display":"","ast-hfb-mobile-header-display":"","site-post-title":"","ast-breadcrumbs-content":"","ast-featured-img":"","footer-sml-layout":"","theme-transparent-header-meta":"default","adv-header-id-meta":"","stick-header-meta":"","header-above-stick-meta":"","header-main-stick-meta":"","header-below-stick-meta":"","astra-migrate-meta-layouts":"set","ast-page-background-enabled":"default","ast-page-background-meta":{"desktop":{"background-color":"var(--ast-global-color-5)","background-image":"","background-repeat":"repeat","background-position":"center center","background-size":"auto","background-attachment":"scroll","background-type":"","background-media":"","overlay-type":"","overlay-color":"","overlay-opacity":"","overlay-gradient":""},"tablet":{"background-color":"","background-image":"","background-repeat":"repeat","background-position":"center center","background-size":"auto","background-attachment":"scroll","background-type":"","background-media":"","overlay-type":"","overlay-color":"","overlay-opacity":"","overlay-gradient":""},"mobile":{"background-color":"","background-image":"","background-repeat":"repeat","background-position":"center center","background-size":"auto","background-attachment":"scroll","background-type":"","background-media":"","overlay-type":"","overlay-color":"","overlay-opacity":"","overlay-gradient":""}},"ast-content-background-meta":{"desktop":{"background-color":"var(--ast-global-color-4)","background-image":"","background-repeat":"repeat","background-position":"center center","background-size":"auto","background-attachment":"scroll","background-type":"","background-media":"","overlay-type":"","overlay-color":"","overlay-opacity":"","overlay-gradient":""},"tablet":{"background-color":"var(--ast-global-color-4)","background-image":"","background-repeat":"repeat","background-position":"center center","background-size":"auto","background-attachment":"scroll","background-type":"","background-media":"","overlay-type":"","overlay-color":"","overlay-opacity":"","overlay-gradient":""},"mobile":{"background-color":"var(--ast-global-color-4)","background-image":"","background-repeat":"repeat","background-position":"center center","background-size":"auto","background-attachment":"scroll","background-type":"","background-media":"","overlay-type":"","overlay-color":"","overlay-opacity":"","overlay-gradient":""}}},"product_brand":[],"product_cat":[21,57],"product_tag":[],"class_list":{"0":"post-3208","1":"product","2":"type-product","3":"status-publish","4":"has-post-thumbnail","6":"product_cat-product","7":"product_cat-glass-vases","8":"desktop-align-left","9":"tablet-align-left","10":"mobile-align-left","12":"first","13":"instock","14":"shipping-taxable","15":"product-type-simple"},"jetpack_sharing_enabled":true,"_links":{"self":[{"href":"https:\/\/mostebglass.com\/hu\/wp-json\/wp\/v2\/product\/3208","targetHints":{"allow":["GET"]}}],"collection":[{"href":"https:\/\/mostebglass.com\/hu\/wp-json\/wp\/v2\/product"}],"about":[{"href":"https:\/\/mostebglass.com\/hu\/wp-json\/wp\/v2\/types\/product"}],"wp:featuredmedia":[{"embeddable":true,"href":"https:\/\/mostebglass.com\/hu\/wp-json\/wp\/v2\/media\/3209"}],"wp:attachment":[{"href":"https:\/\/mostebglass.com\/hu\/wp-json\/wp\/v2\/media?parent=3208"}],"wp:term":[{"taxonomy":"product_brand","embeddable":true,"href":"https:\/\/mostebglass.com\/hu\/wp-json\/wp\/v2\/product_brand?post=3208"},{"taxonomy":"product_cat","embeddable":true,"href":"https:\/\/mostebglass.com\/hu\/wp-json\/wp\/v2\/product_cat?post=3208"},{"taxonomy":"product_tag","embeddable":true,"href":"https:\/\/mostebglass.com\/hu\/wp-json\/wp\/v2\/product_tag?post=3208"}],"curies":[{"name":"wp","href":"https:\/\/api.w.org\/{rel}","templated":true}]}}