{"id":404,"date":"2025-08-13T17:48:15","date_gmt":"2025-08-13T09:48:15","guid":{"rendered":"https:\/\/mostebglass.com\/?post_type=product&#038;p=404"},"modified":"2026-03-19T18:02:29","modified_gmt":"2026-03-19T10:02:29","slug":"candle-jar-wholesale-16oz-candle-jars-bulk-supply","status":"publish","type":"product","link":"https:\/\/mostebglass.com\/hu\/candle-jar-wholesale-16oz-candle-jars-bulk-supply\/","title":{"rendered":"Gyertya\u00fcveg Nagykereskedelem 16oz | Gyertya\u00fcvegek Nagykereskedelmi Ell\u00e1t\u00e1s"},"content":{"rendered":"<p>Dombornyomott \u00fcveg gyertyatart\u00f3k, sz\u00e9les, kerek tetej\u0171ek \u00e9s stabil alj\u00faak, eszt\u00e9tikus \u00e9s praktikus kialak\u00edt\u00e1s\u00faak. A gyerty\u00e1k jellegzetes text\u00far\u00e1j\u00fa mint\u00e1zattal rendelkeznek, ami hat\u00e9konyabb\u00e1 teszi a f\u00e9ny sz\u00f3r\u00e1s\u00e1t, \u00edgy a gyertyatart\u00f3k exkluz\u00edv eszt\u00e9tikai megjelen\u00e9st k\u00f6lcs\u00f6n\u00f6znek, ami legink\u00e1bb a pr\u00e9mium gyertyatart\u00f3khoz illik. Ezek a gyertyatart\u00f3k 460 ml-es (16 oz) \u0171rtartalm\u00faak, \u00e9s \u00e1ltal\u00e1ban sz\u00f3jagyerty\u00e1k, illatos gyerty\u00e1k \u00e9s luxus kiskereskedelmi kollekci\u00f3k t\u00e1rol\u00e1s\u00e1ra haszn\u00e1lj\u00e1k \u0151ket. Egy professzion\u00e1lis \u00fcvegcsomagol\u00f3-gy\u00e1rt\u00f3 \u00e1ltal gy\u00e1rtott, \u00fajrahasznos\u00edtott \u00fcveged\u00e9nyek a tart\u00f3ss\u00e1got az eleg\u00e1ns st\u00edlussal \u00f6tv\u00f6zik, \u00edgy alkalmasak nagykereskedelmi \u00e9s nagykereskedelmi gyertyatart\u00f3k sz\u00e1ll\u00edt\u00e1s\u00e1ra.<\/p>\n<h2>F\u0151bb specifik\u00e1ci\u00f3k<\/h2>\n<table style=\"border-collapse: collapse; width: 80%; margin-left: auto; margin-right: auto;\" border=\"0\" width=\"637\" cellspacing=\"0\" cellpadding=\"0\">\n<tbody>\n<tr style=\"height: 13.50pt;\">\n<td style=\"height: 13.50pt; width: 153.00pt;\" width=\"204\" height=\"18\">Term\u00e9k neve<\/td>\n<td style=\"width: 324.75pt;\" width=\"433\">Dombornyomott \u00fcveg gyertyatart\u00f3<\/td>\n<\/tr>\n<tr style=\"height: 13.50pt;\">\n<td style=\"height: 13.50pt;\" height=\"18\">Kapacit\u00e1s<\/td>\n<td>460 ml \/ 16 uncia<\/td>\n<\/tr>\n<tr style=\"height: 13.50pt;\">\n<td style=\"height: 13.50pt;\" height=\"18\">Anyag<\/td>\n<td>\u00d3lommentes sz\u00f3da\u00fcveg (\u00fajrahasznos\u00edtott)<\/td>\n<\/tr>\n<tr style=\"height: 13.50pt;\">\n<td style=\"height: 13.50pt;\" height=\"18\">Alak<\/td>\n<td>Kerek, sz\u00e9les sz\u00e1j, talppal<\/td>\n<\/tr>\n<tr style=\"height: 13.50pt;\">\n<td style=\"height: 13.50pt;\" height=\"18\">\u00c1tm\u00e9r\u0151 (fels\u0151 \/ als\u00f3)<\/td>\n<td>85 mm \/ 67 mm<\/td>\n<\/tr>\n<tr style=\"height: 13.50pt;\">\n<td style=\"height: 13.50pt;\" height=\"18\">Magass\u00e1g<\/td>\n<td>130 mm<\/td>\n<\/tr>\n<tr style=\"height: 13.50pt;\">\n<td style=\"height: 13.50pt;\" height=\"18\">Sz\u00edn<\/td>\n<td>\u00c1tl\u00e1tsz\u00f3 (egyedi ig\u00e9nyek is el\u00e9rhet\u0151k)<\/td>\n<\/tr>\n<tr style=\"height: 13.50pt;\">\n<td style=\"height: 13.50pt;\" height=\"18\">Folyamat<\/td>\n<td>G\u00e9pi pr\u00e9sel\u00e9s<\/td>\n<\/tr>\n<tr style=\"height: 13.50pt;\">\n<td style=\"height: 13.50pt;\" height=\"18\">Fed\u00e9l opci\u00f3<\/td>\n<td>Testreszabhat\u00f3<\/td>\n<\/tr>\n<tr style=\"height: 13.50pt;\">\n<td style=\"height: 13.50pt;\" height=\"18\">Alkalmaz\u00e1s<\/td>\n<td>Sz\u00f3jagyertya, illatgyertya, nagy t\u00e9telben gy\u00e1rtott gyertya<\/td>\n<\/tr>\n<tr style=\"height: 13.50pt;\">\n<td style=\"height: 13.50pt;\" height=\"18\">Csomagol\u00e1s t\u00edpusa<\/td>\n<td>Nagykereskedelmi \u00e9s t\u00f6meges<\/td>\n<\/tr>\n<\/tbody>\n<\/table>\n<h2>F\u0151bb jellemz\u0151k<\/h2>\n<ol>\n<li><strong>Eleg\u00e1ns dombornyomott dekor\u00e1ci\u00f3<\/strong>A fel\u00fcleti d\u00edsz\u00edt\u00e9s megk\u00fcl\u00f6nb\u00f6zteti a fel\u00fcletet, \u00e9s pr\u00e9mium min\u0151s\u00e9g\u0171 luxus gyertyatart\u00f3kat eredm\u00e9nyez, amelyeket pr\u00e9mium m\u00e1rkajelz\u00e9shez lehet haszn\u00e1lni.<\/li>\n<li><strong>Gyertyak\u00e9sz\u00edt\u00e9s optimaliz\u00e1lva:<\/strong> A vastag \u00fcvegszerkezet biztos\u00edtja az egyenletes h\u0171t\u00e9st \u00e9s az egyenletes \u00f6ml\u00e9st, \u00edgy t\u00f6m\u00f6r gyerty\u00e1kat lehet k\u00e9sz\u00edteni.<\/li>\n<li><strong>Hat\u00e9kony ell\u00e1t\u00e1s a nagykereskedelem sz\u00e1m\u00e1ra<\/strong>A homog\u00e9n forma \u00e9s a robusztus tart\u00e1lyszerkezet megk\u00f6nny\u00edti az automatiz\u00e1lt t\u00f6lt\u00e9st, c\u00edmk\u00e9z\u00e9st \u00e9s a sk\u00e1l\u00e1zhat\u00f3 nagykereskedelmi gyertya\u00fcveg-gy\u00e1rt\u00e1st.<\/li>\n<\/ol>\n<h2>Sikeres esettanulm\u00e1ny<\/h2>\n<p>Egy pr\u00e9mium kateg\u00f3ri\u00e1s, amerikai sz\u00e9khely\u0171 lakberendez\u00e9si illatm\u00e1rka 80 000 darab ilyen 470 ml-es gyertyatart\u00f3t szerzett be nagykereskedelmi programunkon kereszt\u00fcl. Az \u00fcgyf\u00e9l egy hibrid, DTC kiskereskedelmi v\u00e1llalat, amely k\u00f6rnyezetbar\u00e1t gyertyaterm\u00e9kekkel foglalkozik.<\/p>\n<p>\u00c1tl\u00e1tsz\u00f3, \u00fajrahasznos\u00edtott poharakat v\u00e1lasztottak, aljukra saj\u00e1t log\u00f3jukat dombor\u00edtott\u00e1k, \u00e9s minden t\u00e9gelyre matt fekete fa fedelet tettek. Az \u00fcvegeket szezon\u00e1lis aromater\u00e1pi\u00e1s kollekci\u00f3jukban haszn\u00e1lt\u00e1k fel, amelyeket online platformokon \u00e9s butik\u00fczletekben \u00e1rultak.<\/p>\n<p>A term\u00e9kcsal\u00e1d egy negyed\u00e9vente 42 sz\u00e1zal\u00e9kos \u00e1rbev\u00e9tel-n\u00f6veked\u00e9st mutatott az egyedi gyertyatart\u00f3k kialak\u00edt\u00e1s\u00e1nak \u00e9s a kiv\u00e1l\u00f3 csomagol\u00e1si vonzer\u0151nek k\u00f6sz\u00f6nhet\u0151en. Az\u00f3ta az \u00fcgyf\u00e9l t\u00f6bbsz\u00f6r is nagy t\u00e9telben rendelt, \u00e9vi t\u00f6bb mint 200 000 darabot.<\/p>\n<h2>Egyedies\u00edt\u00e9si aj\u00e1nl\u00e1sok B2B v\u00e1s\u00e1rl\u00f3knak<\/h2>\n<ul>\n<li><strong>Fel\u00fcletdekor\u00e1ci\u00f3 \u00e9s m\u00e1rkajelz\u00e9s<\/strong>: A gyertyatart\u00f3t matt bevonattal, galvaniz\u00e1lt fel\u00fclettel vagy szitanyom\u00e1ssal k\u00e9sz\u00edttetheti el, hogy az \u00fczleti szem\u00e9lyis\u00e9g\u00e9t szem el\u0151tt tartva egyedi csomagol\u00e1st k\u00e9sz\u00edthessen.<\/li>\n<li><strong>Fed\u00e9l p\u00e1ros\u00edt\u00e1sa<\/strong>: Nagykereskedelmi \u00e9s \u00f6mlesztett kiskereskedelmi k\u00f6rnyezetben fa, f\u00e9m vagy \u00fcveg fed\u00e9llel p\u00e1ros\u00edtva kifinomultabb \u00e9rt\u00e9kn\u00f6vel\u0151k\u00e9nt szolg\u00e1lhat.<\/li>\n<li><strong>Sz\u00ednstrat\u00e9gia\/Gy\u0171jtem\u00e9nystrat\u00e9gia<\/strong>Tervezzen \u00f6sszehangolt sz\u00ednvari\u00e1ci\u00f3kat a szezon\u00e1lis vagy illatos term\u00e9kcsal\u00e1dokhoz, amelyek fokozz\u00e1k a polcon val\u00f3 jelenl\u00e9tet \u00e9s a m\u00e1rkaim\u00e1zst.<\/li>\n<\/ul>\n<p>Ezek a gyertya\u00fcvegek nagykereskedelmi megold\u00e1sai olyan m\u00e1rk\u00e1k sz\u00e1m\u00e1ra k\u00e9sz\u00fcltek, akik megb\u00edzhat\u00f3, sk\u00e1l\u00e1zhat\u00f3 \u00e9s vizu\u00e1lisan megk\u00fcl\u00f6nb\u00f6ztet\u0151 \u00fcvegcsomagol\u00e1st keresnek a modern gyertyapiacokra.<\/p>","protected":false},"excerpt":{"rendered":"<p>16oz-os gyertyatart\u00f3k nagykereskedelemben, nagy t\u00e9telben. Pr\u00e9mium \u00fajrahasznos\u00edtott \u00fcvegb\u0151l k\u00e9sz\u00fclt gyertyatart\u00f3k luxus csomagol\u00e1shoz \u00e9s nagy t\u00e9telben.<\/p>","protected":false},"featured_media":4832,"template":"","meta":{"site-sidebar-layout":"default","site-content-layout":"","ast-site-content-layout":"default","site-content-style":"default","site-sidebar-style":"default","ast-global-header-display":"","ast-banner-title-visibility":"","ast-main-header-display":"","ast-hfb-above-header-display":"","ast-hfb-below-header-display":"","ast-hfb-mobile-header-display":"","site-post-title":"","ast-breadcrumbs-content":"","ast-featured-img":"","footer-sml-layout":"","theme-transparent-header-meta":"default","adv-header-id-meta":"","stick-header-meta":"","header-above-stick-meta":"","header-main-stick-meta":"","header-below-stick-meta":"","astra-migrate-meta-layouts":"set","ast-page-background-enabled":"default","ast-page-background-meta":{"desktop":{"background-color":"var(--ast-global-color-5)","background-image":"","background-repeat":"repeat","background-position":"center center","background-size":"auto","background-attachment":"scroll","background-type":"","background-media":"","overlay-type":"","overlay-color":"","overlay-opacity":"","overlay-gradient":""},"tablet":{"background-color":"","background-image":"","background-repeat":"repeat","background-position":"center center","background-size":"auto","background-attachment":"scroll","background-type":"","background-media":"","overlay-type":"","overlay-color":"","overlay-opacity":"","overlay-gradient":""},"mobile":{"background-color":"","background-image":"","background-repeat":"repeat","background-position":"center center","background-size":"auto","background-attachment":"scroll","background-type":"","background-media":"","overlay-type":"","overlay-color":"","overlay-opacity":"","overlay-gradient":""}},"ast-content-background-meta":{"desktop":{"background-color":"var(--ast-global-color-4)","background-image":"","background-repeat":"repeat","background-position":"center center","background-size":"auto","background-attachment":"scroll","background-type":"","background-media":"","overlay-type":"","overlay-color":"","overlay-opacity":"","overlay-gradient":""},"tablet":{"background-color":"var(--ast-global-color-4)","background-image":"","background-repeat":"repeat","background-position":"center center","background-size":"auto","background-attachment":"scroll","background-type":"","background-media":"","overlay-type":"","overlay-color":"","overlay-opacity":"","overlay-gradient":""},"mobile":{"background-color":"var(--ast-global-color-4)","background-image":"","background-repeat":"repeat","background-position":"center center","background-size":"auto","background-attachment":"scroll","background-type":"","background-media":"","overlay-type":"","overlay-color":"","overlay-opacity":"","overlay-gradient":""}}},"product_brand":[],"product_cat":[28,21],"product_tag":[36,35],"class_list":{"0":"post-404","1":"product","2":"type-product","3":"status-publish","4":"has-post-thumbnail","6":"product_cat-glass-candle-jars","7":"product_cat-product","8":"product_tag-candle-jars-bulk","9":"product_tag-glass-jar-candles","10":"desktop-align-left","11":"tablet-align-left","12":"mobile-align-left","14":"first","15":"instock","16":"shipping-taxable","17":"product-type-simple"},"jetpack_sharing_enabled":true,"_links":{"self":[{"href":"https:\/\/mostebglass.com\/hu\/wp-json\/wp\/v2\/product\/404","targetHints":{"allow":["GET"]}}],"collection":[{"href":"https:\/\/mostebglass.com\/hu\/wp-json\/wp\/v2\/product"}],"about":[{"href":"https:\/\/mostebglass.com\/hu\/wp-json\/wp\/v2\/types\/product"}],"wp:featuredmedia":[{"embeddable":true,"href":"https:\/\/mostebglass.com\/hu\/wp-json\/wp\/v2\/media\/4832"}],"wp:attachment":[{"href":"https:\/\/mostebglass.com\/hu\/wp-json\/wp\/v2\/media?parent=404"}],"wp:term":[{"taxonomy":"product_brand","embeddable":true,"href":"https:\/\/mostebglass.com\/hu\/wp-json\/wp\/v2\/product_brand?post=404"},{"taxonomy":"product_cat","embeddable":true,"href":"https:\/\/mostebglass.com\/hu\/wp-json\/wp\/v2\/product_cat?post=404"},{"taxonomy":"product_tag","embeddable":true,"href":"https:\/\/mostebglass.com\/hu\/wp-json\/wp\/v2\/product_tag?post=404"}],"curies":[{"name":"wp","href":"https:\/\/api.w.org\/{rel}","templated":true}]}}