{"id":409,"date":"2025-08-14T17:30:04","date_gmt":"2025-08-14T09:30:04","guid":{"rendered":"https:\/\/mostebglass.com\/?post_type=product&#038;p=409"},"modified":"2026-01-26T14:15:32","modified_gmt":"2026-01-26T06:15:32","slug":"360ml-clear-candle-glass-jars-unique-geometric-embossed-design","status":"publish","type":"product","link":"https:\/\/mostebglass.com\/hu\/360ml-clear-candle-glass-jars-unique-geometric-embossed-design\/","title":{"rendered":"360 ml-es \u00e1tl\u00e1tsz\u00f3 gyertya\u00fcvegek \u2013 egyedi geometrikus dombornyomott diz\u00e1jn"},"content":{"rendered":"<p>Ezek a hengeres alak\u00fa, egyenes, f\u00fcgg\u0151leges oldalakkal rendelkez\u0151, \u00e1tl\u00e1tsz\u00f3 \u00fcvegb\u0151l k\u00e9sz\u00fclt gyertyatart\u00f3k geometrikus dombornyom\u00e1s kombin\u00e1ci\u00f3ja, amely ism\u00e9tl\u0151d\u0151 gy\u00e9m\u00e1nt \u00e9s csillag alak\u00fa lapokb\u00f3l \u00e1ll, \u00e9s textur\u00e1lt, csiszolt \u00fcveg megjelen\u00e9st k\u00f6lcs\u00f6n\u00f6z a testnek. Az \u00fcveg sz\u00edntelen \u00e9s krist\u00e1lytiszta, a f\u00e9ny \u00e1ts\u00fct rajta \u00e9s visszaver\u0151dik a l\u00e9trehozott minta text\u00far\u00e1j\u00e1r\u00f3l. Pereme egyenletes \u00e9s lapos, fed\u00e9l \u00e9s d\u00edsz\u00edt\u00e9s n\u00e9lk\u00fcl. A kialak\u00edt\u00e1s \u00f6sszess\u00e9g\u00e9ben szimmetrikus, struktur\u00e1lt \u00e9s dekorat\u00edv, ami el\u0151seg\u00edti a f\u00e9ny terjed\u00e9s\u00e9t gyertyagy\u00fajt\u00e1s eset\u00e9n.<\/p>\n<h2>Term\u00e9kjellemz\u0151k<\/h2>\n<p><strong>3D csillagrobban\u00e1s mint\u00e1k vizu\u00e1lis dr\u00e1m\u00e1hoz:\u00a0<\/strong>A gy\u00e9m\u00e1nt alak\u00fa text\u00far\u00e1k megaszt\u00e1rszer\u0171 mint\u00e1kat alkotnak, \u00edgy egy k\u00e9zzel k\u00e9sz\u00edtett \u00e9s eleg\u00e1ns gyertyatart\u00f3t hoznak l\u00e9tre.<\/p>\n<p><strong>F\u00e9nyt\u00f6r\u00e9ses tervez\u00e9s az eszt\u00e9tikai megjelen\u00e9s \u00e9rdek\u00e9ben:\u00a0<\/strong>A vastag \u00fcveg \u00e9s a geometrikus marat\u00e1sok fokozz\u00e1k a j\u00e1t\u00e9k\u00e9lm\u00e9nyt, \u00edgy az ed\u00e9nyed \u00fcresen is d\u00edszes darabk\u00e1 v\u00e1lik.<\/p>\n<p><strong>T\u00f6bbc\u00e9l\u00fa rugalmass\u00e1g:\u00a0<\/strong>Haszn\u00e1lhat\u00f3 gyertyatart\u00f3k\u00e9nt, gyertyatart\u00f3k\u00e9nt vagy gar\u00e1zst\u00e1rol\u00f3k\u00e9nt \u2013 sokoldal\u00fas\u00e1g\u00e1nak k\u00f6sz\u00f6nhet\u0151en a c\u00e9lzott m\u0171alkot\u00e1sokat keres\u0151 gyertyam\u00e1rk\u00e1k kedvelt darabja.<\/p>\n<h2>F\u0151bb specifik\u00e1ci\u00f3k<\/h2>\n<table style=\"border-collapse: collapse; width: 80%; margin-left: auto; margin-right: auto;\" border=\"0\" width=\"144\" cellspacing=\"0\" cellpadding=\"0\">\n<tbody>\n<tr style=\"height: 13.50pt;\">\n<td style=\"height: 13.50pt; width: 54.00pt;\" width=\"72\" height=\"18\">Jellemz\u0151<\/td>\n<td style=\"width: 54.00pt;\" width=\"72\">R\u00e9szletek<\/td>\n<\/tr>\n<tr style=\"height: 13.50pt;\">\n<td style=\"height: 13.50pt;\" height=\"18\">Kapacit\u00e1s<\/td>\n<td>360 ml<\/td>\n<\/tr>\n<tr style=\"height: 13.50pt;\">\n<td style=\"height: 13.50pt;\" height=\"18\">S\u00faly<\/td>\n<td>500 gramm<\/td>\n<\/tr>\n<tr style=\"height: 13.50pt;\">\n<td style=\"height: 13.50pt;\" height=\"18\">Mint\u00e1k<\/td>\n<td>Rizs P\u00f6tty, Pontozott, Rombusz, F\u00fcgg\u0151leges, V\u00edzcsepp, Csillagporlaszt\u00e1s<\/td>\n<\/tr>\n<tr style=\"height: 13.50pt;\">\n<td style=\"height: 13.50pt;\" height=\"18\">M\u00e9retek<\/td>\n<td>95 * 95 * 87 mm<\/td>\n<\/tr>\n<tr style=\"height: 13.50pt;\">\n<td style=\"height: 13.50pt;\" height=\"18\">Anyag<\/td>\n<td>Krist\u00e1ly\u00fcveg<\/td>\n<\/tr>\n<tr style=\"height: 13.50pt;\">\n<td style=\"height: 13.50pt;\" height=\"18\">Sz\u00edn<\/td>\n<td>Vil\u00e1gos<\/td>\n<\/tr>\n<\/tbody>\n<\/table>\n<h2>\u00d6tletek egyedi tervez\u00e9shez<\/h2>\n<ol>\n<li><strong>Szezon\u00e1lis mint\u00e1k:<\/strong>A ny\u00e1ri divatot v\u00edzcseppminta jellemzi, m\u00edg a t\u00e9li divatot gy\u00e9m\u00e1ntminta jellemzi, \u00edgy egy szezon\u00e1lis illatgyertya-kollekci\u00f3 ide\u00e1lis nyaral\u00e1sokra \u00e9s alkalmakra.<\/li>\n<li><strong>K\u00f6rnyezetbar\u00e1t csomagol\u00e1si megold\u00e1sok:<\/strong>Az \u00fajrafelhaszn\u00e1lhat\u00f3 \u00fcveg gyertyatart\u00f3k n\u00e9pszer\u0171s\u00edt\u00e9se, valamint a vir\u00e1gcserepekk\u00e9nt vagy konyhai t\u00e1rol\u00f3k\u00e9nt val\u00f3 felhaszn\u00e1l\u00e1suk javaslatai kieg\u00e9sz\u00edtik az \u00e9rt\u00e9ket \u00e9s \u00f6sszhangban vannak a fenntarthat\u00f3 von\u00e1sokkal.<\/li>\n<\/ol>\n<p>&nbsp;<\/p>\n<p>&nbsp;<\/p>","protected":false},"excerpt":{"rendered":"<p>Fedezzen fel gyertya\u00fcvegeket \u00e9s egyedi gyertyatart\u00f3kat nagykereskedelmi \u00e1rakon. T\u00f6k\u00e9letes luxus gyertyam\u00e1rk\u00e1khoz, kiv\u00e1l\u00f3 min\u0151s\u00e9g\u0171 gyertyatart\u00f3khoz \u00e9s nagy t\u00e9telben rendelt gyerty\u00e1khoz.<\/p>","protected":false},"featured_media":413,"template":"","meta":{"site-sidebar-layout":"default","site-content-layout":"","ast-site-content-layout":"default","site-content-style":"default","site-sidebar-style":"default","ast-global-header-display":"","ast-banner-title-visibility":"","ast-main-header-display":"","ast-hfb-above-header-display":"","ast-hfb-below-header-display":"","ast-hfb-mobile-header-display":"","site-post-title":"","ast-breadcrumbs-content":"","ast-featured-img":"","footer-sml-layout":"","theme-transparent-header-meta":"default","adv-header-id-meta":"","stick-header-meta":"","header-above-stick-meta":"","header-main-stick-meta":"","header-below-stick-meta":"","astra-migrate-meta-layouts":"set","ast-page-background-enabled":"default","ast-page-background-meta":{"desktop":{"background-color":"var(--ast-global-color-5)","background-image":"","background-repeat":"repeat","background-position":"center center","background-size":"auto","background-attachment":"scroll","background-type":"","background-media":"","overlay-type":"","overlay-color":"","overlay-opacity":"","overlay-gradient":""},"tablet":{"background-color":"","background-image":"","background-repeat":"repeat","background-position":"center center","background-size":"auto","background-attachment":"scroll","background-type":"","background-media":"","overlay-type":"","overlay-color":"","overlay-opacity":"","overlay-gradient":""},"mobile":{"background-color":"","background-image":"","background-repeat":"repeat","background-position":"center center","background-size":"auto","background-attachment":"scroll","background-type":"","background-media":"","overlay-type":"","overlay-color":"","overlay-opacity":"","overlay-gradient":""}},"ast-content-background-meta":{"desktop":{"background-color":"var(--ast-global-color-4)","background-image":"","background-repeat":"repeat","background-position":"center center","background-size":"auto","background-attachment":"scroll","background-type":"","background-media":"","overlay-type":"","overlay-color":"","overlay-opacity":"","overlay-gradient":""},"tablet":{"background-color":"var(--ast-global-color-4)","background-image":"","background-repeat":"repeat","background-position":"center center","background-size":"auto","background-attachment":"scroll","background-type":"","background-media":"","overlay-type":"","overlay-color":"","overlay-opacity":"","overlay-gradient":""},"mobile":{"background-color":"var(--ast-global-color-4)","background-image":"","background-repeat":"repeat","background-position":"center center","background-size":"auto","background-attachment":"scroll","background-type":"","background-media":"","overlay-type":"","overlay-color":"","overlay-opacity":"","overlay-gradient":""}}},"product_brand":[],"product_cat":[28],"product_tag":[37,38],"class_list":{"0":"post-409","1":"product","2":"type-product","3":"status-publish","4":"has-post-thumbnail","6":"product_cat-glass-candle-jars","7":"product_tag-candle-glass-jars","8":"product_tag-unique-candle-jars","9":"desktop-align-left","10":"tablet-align-left","11":"mobile-align-left","13":"first","14":"instock","15":"shipping-taxable","16":"product-type-simple"},"jetpack_sharing_enabled":true,"_links":{"self":[{"href":"https:\/\/mostebglass.com\/hu\/wp-json\/wp\/v2\/product\/409","targetHints":{"allow":["GET"]}}],"collection":[{"href":"https:\/\/mostebglass.com\/hu\/wp-json\/wp\/v2\/product"}],"about":[{"href":"https:\/\/mostebglass.com\/hu\/wp-json\/wp\/v2\/types\/product"}],"wp:featuredmedia":[{"embeddable":true,"href":"https:\/\/mostebglass.com\/hu\/wp-json\/wp\/v2\/media\/413"}],"wp:attachment":[{"href":"https:\/\/mostebglass.com\/hu\/wp-json\/wp\/v2\/media?parent=409"}],"wp:term":[{"taxonomy":"product_brand","embeddable":true,"href":"https:\/\/mostebglass.com\/hu\/wp-json\/wp\/v2\/product_brand?post=409"},{"taxonomy":"product_cat","embeddable":true,"href":"https:\/\/mostebglass.com\/hu\/wp-json\/wp\/v2\/product_cat?post=409"},{"taxonomy":"product_tag","embeddable":true,"href":"https:\/\/mostebglass.com\/hu\/wp-json\/wp\/v2\/product_tag?post=409"}],"curies":[{"name":"wp","href":"https:\/\/api.w.org\/{rel}","templated":true}]}}