{"id":414,"date":"2025-08-18T17:54:30","date_gmt":"2025-08-18T09:54:30","guid":{"rendered":"https:\/\/mostebglass.com\/?post_type=product&#038;p=414"},"modified":"2026-03-23T17:51:35","modified_gmt":"2026-03-23T09:51:35","slug":"wholesale-small-candle-containers-embossed-glass-candle-jars","status":"publish","type":"product","link":"https:\/\/mostebglass.com\/hu\/wholesale-small-candle-containers-embossed-glass-candle-jars\/","title":{"rendered":"Nagykereskedelmi kis gyertyatart\u00f3k \u2013 90 ml-es dombornyomott \u00fcveg gyertyatart\u00f3k"},"content":{"rendered":"<p>Kis gyertyatart\u00f3ink hengeres sz\u00e9ri\u00e1b\u00f3l k\u00e9sz\u00fclnek, kis t\u00e9rfogatuk 90 ml, \u00e9s fel\u00fclet\u00fck\u00f6n sz\u00e1mos dombornyomott minta tal\u00e1lhat\u00f3. Minden t\u00e9gely kiv\u00e1l\u00f3 min\u0151s\u00e9g\u0171, \u00e1tl\u00e1tsz\u00f3 \u00fcvegb\u0151l k\u00e9sz\u00fcl, k\u00fcl\u00f6nleges mint\u00e1kkal, mint p\u00e9ld\u00e1ul geometrikus rombuszok, f\u00fcgg\u0151leges bord\u00e1k, k\u00fcl\u00f6nf\u00e9le form\u00e1j\u00fa bubor\u00e9kok k\u00f6r\u00f6kben vagy antik st\u00edlus\u00fa mint\u00e1k. Az \u00fcvegfalak rendk\u00edv\u00fcl vastagok, hogy tart\u00f3sabbak legyenek, \u00e9s eleg\u00e1ns \u00e9rzetet keltsenek. Az \u00e1tl\u00e1tsz\u00f3 fel\u00fclet lehet\u0151v\u00e9 teszi a gyertyaf\u00e9ny gy\u00f6ny\u00f6r\u0171 sz\u00f3r\u00e1s\u00e1t, valamint meleg \u00e9s dekorat\u00edv megjelen\u00e9st k\u00f6lcs\u00f6n\u00f6z.<\/p>\n<h2>Alkalmaz\u00e1s<\/h2>\n<p>Ezek az \u00fcres \u00fcveg gyertyatart\u00f3k illatos gyerty\u00e1khoz, votive-okhoz, minta m\u00e9ret\u0171 term\u00e9kekhez \u00e9s egy\u00e9b kisebb term\u00e9kekhez haszn\u00e1lhat\u00f3k. Alkalmazhat\u00f3k bels\u0151\u00e9p\u00edt\u00e9szetben \u00e9s rendezv\u00e9nyszervez\u00e9sben, aj\u00e1nd\u00e9kcsomagokban \u00e9s vend\u00e9gl\u00e1t\u00f3ipari szolg\u00e1ltat\u00e1sokban, dekorat\u00edv t\u00e9m\u00e1kkal. Ez a 90 ml-es kiszerel\u00e9s k\u00fcl\u00f6n\u00f6sen a m\u00e1rk\u00e1k \u00e9s nagykeresked\u0151k sz\u00e1m\u00e1ra hasznos lehet el\u0151fizet\u00e9ses \u00e9s prom\u00f3ci\u00f3s term\u00e9kekben, vagy olyan kollekci\u00f3kban, amelyek nagy forgalm\u00faak a kiskereskedelmi \u00fczletekben.<\/p>\n<h2>F\u0151bb specifik\u00e1ci\u00f3k<\/h2>\n<p>&nbsp;<\/p>\n<table style=\"border-collapse: collapse; width: 80%; margin-left: auto; margin-right: auto;\" border=\"0\" width=\"144\" cellspacing=\"0\" cellpadding=\"0\">\n<tbody>\n<tr style=\"height: 13.50pt;\">\n<td style=\"height: 13.50pt; width: 54.00pt;\" width=\"72\" height=\"18\">Jellemz\u0151<\/td>\n<td style=\"width: 54.00pt;\" width=\"72\">R\u00e9szletek<\/td>\n<\/tr>\n<tr style=\"height: 13.50pt;\">\n<td style=\"height: 13.50pt;\" height=\"18\">Kapacit\u00e1s<\/td>\n<td>90 ml (55 mm \u00e1tm\u00e9r\u0151, 52 mm als\u00f3 \u00e1tm\u00e9r\u0151, 65 mm magass\u00e1g)<\/td>\n<\/tr>\n<tr style=\"height: 13.50pt;\">\n<td style=\"height: 13.50pt;\" height=\"18\">S\u00faly<\/td>\n<td>120 g<\/td>\n<\/tr>\n<tr style=\"height: 13.50pt;\">\n<td style=\"height: 13.50pt;\" height=\"18\">Mint\u00e1k<\/td>\n<td>Csiga, Pontozott, Rombusz, F\u00fcgg\u0151leges, Pitypang, Spir\u00e1l, Napraforg\u00f3, T\u00e9glalap alak\u00fa pontok, Legyez\u0151 alak\u00fa, F\u00fcgg\u0151leges pontok<\/td>\n<\/tr>\n<tr style=\"height: 13.50pt;\">\n<td style=\"height: 13.50pt;\" height=\"18\">Anyag<\/td>\n<td>N\u00e1trium-m\u00e9sz\u00fcveg<\/td>\n<\/tr>\n<tr style=\"height: 13.50pt;\">\n<td style=\"height: 13.50pt;\" height=\"18\">Testreszab\u00e1si lehet\u0151s\u00e9gek<\/td>\n<td>Sz\u00edn, log\u00f3, fed\u00e9l, forma, m\u00e9ret, csomagol\u00f3doboz<\/td>\n<\/tr>\n<\/tbody>\n<\/table>\n<h2>Term\u00e9kjellemz\u0151k<\/h2>\n<ul>\n<li data-section-id=\"15qnsrz\" data-start=\"867\" data-end=\"932\">K\u00fcl\u00f6nf\u00e9le dombornyomott mint\u00e1k a megk\u00fcl\u00f6nb\u00f6ztet\u0151 term\u00e9kvonalakhoz<\/li>\n<li data-section-id=\"1itew8e\" data-start=\"933\" data-end=\"1000\">Kompakt, 90 ml-es \u0171rtartalom, ide\u00e1lis utaz\u00f3m\u00e9ret\u0171 \u00e9s mintagyerty\u00e1khoz<\/li>\n<li data-section-id=\"12u51z5\" data-start=\"1001\" data-end=\"1056\">Vastag, tart\u00f3s \u00fcveg kiv\u00e1l\u00f3 f\u00e9nysz\u00f3r\u00e1ssal<\/li>\n<\/ul>\n<h2>Testreszab\u00e1si tippek<\/h2>\n<ol>\n<li><strong>Fed\u00e9l\/Csomagol\u00e1s\/C\u00edmk\u00e9z\u00e9s<\/strong>N\u00f6velje a term\u00e9k \u00e9rt\u00e9k\u00e9t j\u00f3l illeszked\u0151 kieg\u00e9sz\u00edt\u0151k \u00e9s csomagol\u00e1si lehet\u0151s\u00e9gek biztos\u00edt\u00e1s\u00e1val \u2013 Egyedi fedelek (f\u00e9m, bambusz, fa, parafa), bels\u0151 csomagol\u00e1s (habszivacs p\u00e1rn\u00e1k, kraft dobozok, aj\u00e1nd\u00e9kk\u00e9szletek), t\u00f6bb \u00fcveges k\u00e9szletek (kiskereskedelmi vagy prom\u00f3ci\u00f3s).<\/li>\n<li><strong>Interakt\u00edv csomagol\u00e1s gyertyatart\u00f3 nagykeresked\u0151knek:<\/strong>Helyezz el egy QR-k\u00f3dot a gyertyatart\u00f3dban, amely linket mutat a v\u00e1llalkoz\u00e1sod m\u00e1rkat\u00f6rt\u00e9net\u00e9hez vagy egy gyertya oktat\u00f3anyaghoz. Ez nem csak hasznos tanfolyam a v\u00e1s\u00e1rl\u00f3k sz\u00e1m\u00e1ra, hanem bizalmat is \u00e9p\u00edt benned.<\/li>\n<\/ol>","protected":false},"excerpt":{"rendered":"<p>Fedezze fel a 90 ml-es, dombornyomott mint\u00e1j\u00fa kis gyertyatart\u00f3kat. Ezek az \u00fcres gyertyatart\u00f3k ide\u00e1lisak illatos gyerty\u00e1khoz, aj\u00e1nd\u00e9kcsomagokhoz \u00e9s m\u00e1rk\u00e1k sz\u00e1m\u00e1ra t\u00f6rt\u00e9n\u0151 nagykereskedelmi testreszab\u00e1shoz.<\/p>","protected":false},"featured_media":4878,"template":"","meta":{"site-sidebar-layout":"default","site-content-layout":"","ast-site-content-layout":"default","site-content-style":"default","site-sidebar-style":"default","ast-global-header-display":"","ast-banner-title-visibility":"","ast-main-header-display":"","ast-hfb-above-header-display":"","ast-hfb-below-header-display":"","ast-hfb-mobile-header-display":"","site-post-title":"","ast-breadcrumbs-content":"","ast-featured-img":"","footer-sml-layout":"","theme-transparent-header-meta":"default","adv-header-id-meta":"","stick-header-meta":"","header-above-stick-meta":"","header-main-stick-meta":"","header-below-stick-meta":"","astra-migrate-meta-layouts":"set","ast-page-background-enabled":"default","ast-page-background-meta":{"desktop":{"background-color":"var(--ast-global-color-5)","background-image":"","background-repeat":"repeat","background-position":"center center","background-size":"auto","background-attachment":"scroll","background-type":"","background-media":"","overlay-type":"","overlay-color":"","overlay-opacity":"","overlay-gradient":""},"tablet":{"background-color":"","background-image":"","background-repeat":"repeat","background-position":"center center","background-size":"auto","background-attachment":"scroll","background-type":"","background-media":"","overlay-type":"","overlay-color":"","overlay-opacity":"","overlay-gradient":""},"mobile":{"background-color":"","background-image":"","background-repeat":"repeat","background-position":"center center","background-size":"auto","background-attachment":"scroll","background-type":"","background-media":"","overlay-type":"","overlay-color":"","overlay-opacity":"","overlay-gradient":""}},"ast-content-background-meta":{"desktop":{"background-color":"var(--ast-global-color-4)","background-image":"","background-repeat":"repeat","background-position":"center center","background-size":"auto","background-attachment":"scroll","background-type":"","background-media":"","overlay-type":"","overlay-color":"","overlay-opacity":"","overlay-gradient":""},"tablet":{"background-color":"var(--ast-global-color-4)","background-image":"","background-repeat":"repeat","background-position":"center center","background-size":"auto","background-attachment":"scroll","background-type":"","background-media":"","overlay-type":"","overlay-color":"","overlay-opacity":"","overlay-gradient":""},"mobile":{"background-color":"var(--ast-global-color-4)","background-image":"","background-repeat":"repeat","background-position":"center center","background-size":"auto","background-attachment":"scroll","background-type":"","background-media":"","overlay-type":"","overlay-color":"","overlay-opacity":"","overlay-gradient":""}}},"product_brand":[],"product_cat":[28,21],"product_tag":[39,40],"class_list":{"0":"post-414","1":"product","2":"type-product","3":"status-publish","4":"has-post-thumbnail","6":"product_cat-glass-candle-jars","7":"product_cat-product","8":"product_tag-candle-jar","9":"product_tag-empty-candle-jar","10":"desktop-align-left","11":"tablet-align-left","12":"mobile-align-left","14":"first","15":"instock","16":"shipping-taxable","17":"product-type-simple"},"jetpack_sharing_enabled":true,"_links":{"self":[{"href":"https:\/\/mostebglass.com\/hu\/wp-json\/wp\/v2\/product\/414","targetHints":{"allow":["GET"]}}],"collection":[{"href":"https:\/\/mostebglass.com\/hu\/wp-json\/wp\/v2\/product"}],"about":[{"href":"https:\/\/mostebglass.com\/hu\/wp-json\/wp\/v2\/types\/product"}],"wp:featuredmedia":[{"embeddable":true,"href":"https:\/\/mostebglass.com\/hu\/wp-json\/wp\/v2\/media\/4878"}],"wp:attachment":[{"href":"https:\/\/mostebglass.com\/hu\/wp-json\/wp\/v2\/media?parent=414"}],"wp:term":[{"taxonomy":"product_brand","embeddable":true,"href":"https:\/\/mostebglass.com\/hu\/wp-json\/wp\/v2\/product_brand?post=414"},{"taxonomy":"product_cat","embeddable":true,"href":"https:\/\/mostebglass.com\/hu\/wp-json\/wp\/v2\/product_cat?post=414"},{"taxonomy":"product_tag","embeddable":true,"href":"https:\/\/mostebglass.com\/hu\/wp-json\/wp\/v2\/product_tag?post=414"}],"curies":[{"name":"wp","href":"https:\/\/api.w.org\/{rel}","templated":true}]}}