{"id":424,"date":"2025-08-14T17:38:02","date_gmt":"2025-08-14T09:38:02","guid":{"rendered":"https:\/\/mostebglass.com\/?post_type=product&#038;p=424"},"modified":"2026-02-09T12:02:29","modified_gmt":"2026-02-09T04:02:29","slug":"190ml-diamond-cut-glass-vessels-candle-drinkware-solution","status":"publish","type":"product","link":"https:\/\/mostebglass.com\/hu\/190ml-diamond-cut-glass-vessels-candle-drinkware-solution\/","title":{"rendered":"190 ml-es gy\u00e9m\u00e1ntcsiszolt \u00fcveged\u00e9nyek | Gyertya- \u00e9s iv\u00f3ed\u00e9ny-megold\u00e1s"},"content":{"rendered":"<p>Ez a 190 ml-es \u00fcveged\u00e9ny \u00f3lommentes, sz\u00f3da-lime \u00fcvegb\u0151l k\u00e9sz\u00fclt, hengeres alak\u00fa, egyenes oldal\u00fa, nagyon vastag \u00e9s stabil aljjal. A k\u00fcls\u0151 r\u00e9sze gy\u00e9m\u00e1ntcsiszolt textur\u00e1lt fel\u00fclettel rendelkezik, amely kiv\u00e1l\u00f3 fog\u00e1st \u00e9s f\u00e9nyvisszaver\u0151d\u00e9st biztos\u00edt. Az \u00e1tl\u00e1tsz\u00f3 \u00fcvegtest \u00fagy van elhelyezve, hogy m\u00e9lys\u00e9get \u00e9s \u00e9rdekess\u00e9get adjon a diz\u00e1jnnak, mivel a f\u00e9ny a gyertyaf\u00e9nyen kereszt\u00fcl is \u00e1ts\u00fcthet, amikor gyertyaed\u00e9nyk\u00e9nt haszn\u00e1lj\u00e1k.<\/p>\n<h2>Alkalmaz\u00e1s<\/h2>\n<p>Anyaga \u00e9lelmiszerbiztons\u00e1gos \u00e9s \u00f3lommentes, form\u00e1ja pedig k\u00e9nyelmes, megfelel\u0151 tiszt\u00edt\u00e1s ut\u00e1n whisky- vagy kokt\u00e9lpoh\u00e1rk\u00e9nt is felhaszn\u00e1lhat\u00f3, \u00edgy fenntarthat\u00f3 \u00e9s t\u00f6bbc\u00e9l\u00fa. Alkalmazhat\u00f3 illatos gyerty\u00e1khoz, d\u00edszgyerty\u00e1khoz, aj\u00e1nd\u00e9kcsomagokhoz, lakberendez\u00e9si t\u00e1rgyakhoz, vend\u00e9gl\u00e1t\u00f3helyekhez \u00e9s k\u00f6rnyezettudatos m\u00e1rkakollekci\u00f3khoz, amelyek hisznek a form\u00e1ban \u00e9s a funkcionalit\u00e1sban.<\/p>\n<h2>Term\u00e9kjellemz\u0151k<\/h2>\n<p><strong>M\u00e9hsejt text\u00fara a tapinthat\u00f3 vonzer\u0151 \u00e9rdek\u00e9ben:\u00a0<\/strong>A 3D-s hatsz\u00f6glet\u0171 r\u00e1cs vizu\u00e1lisan is \u00e9rdekes, mik\u00f6zben cs\u00fasz\u00e1smentes fel\u00fcletet biztos\u00edt a gyertyatart\u00f3k egyens\u00falyoz\u00e1s\u00e1hoz.<\/p>\n<p><strong>T\u00f6bbc\u00e9l\u00fa kialak\u00edt\u00e1s a rugalmass\u00e1g\u00e9rt:\u00a0<\/strong>Haszn\u00e1lja gyerty\u00e1k, ill\u00f3olajok t\u00e1rol\u00e1s\u00e1ra vagy dekorat\u00edv t\u00e1rol\u00e1sra \u2013 alkalmazkod\u00f3k\u00e9pess\u00e9ge miatt a funkcion\u00e1lis m\u0171v\u00e9szetet keres\u0151 gyertyagy\u00e1rt\u00f3k kedvelt t\u00e1rgya.<\/p>\n<h2>F\u0151bb specifik\u00e1ci\u00f3k<\/h2>\n<table style=\"border-collapse: collapse; width: 80%; margin-left: auto; margin-right: auto;\" border=\"0\" width=\"144\" cellspacing=\"0\" cellpadding=\"0\">\n<tbody>\n<tr style=\"height: 13.50pt;\">\n<td style=\"height: 13.50pt; width: 54.00pt;\" width=\"72\" height=\"18\">Jellemz\u0151<\/td>\n<td style=\"width: 54.00pt;\" width=\"72\">R\u00e9szletek<\/td>\n<\/tr>\n<tr style=\"height: 13.50pt;\">\n<td style=\"height: 13.50pt;\" height=\"18\">Kapacit\u00e1s<\/td>\n<td>190 ml<\/td>\n<\/tr>\n<tr style=\"height: 13.50pt;\">\n<td style=\"height: 13.50pt;\" height=\"18\">Minta<\/td>\n<td>M\u00e9hsejtr\u00e1cs (3D text\u00fara)<\/td>\n<\/tr>\n<tr style=\"height: 13.50pt;\">\n<td style=\"height: 13.50pt;\" height=\"18\">M\u00e9retek<\/td>\n<td>70*70*75 mm<\/td>\n<\/tr>\n<tr style=\"height: 13.50pt;\">\n<td style=\"height: 13.50pt;\" height=\"18\">Anyag<\/td>\n<td>\u00d3lommentes sz\u00f3da\u00fcveg<\/td>\n<\/tr>\n<tr style=\"height: 13.50pt;\">\n<td style=\"height: 13.50pt;\" height=\"18\">Sz\u00edn<\/td>\n<td>\u00c1tl\u00e1tsz\u00f3, \u00e9s az \u00d6n \u00e1ltal v\u00e1lasztott sz\u00ednben<\/td>\n<\/tr>\n<\/tbody>\n<\/table>\n<h2>Speci\u00e1lis testreszab\u00e1si tippek<\/h2>\n<ol>\n<li><strong>M\u00e9hsejtes egym\u00e1sra rakhat\u00f3 rendszerek:<\/strong>Tervezzen \u00f6sszeilleszthet\u0151 sz\u00e9l\u0171 gyertyatart\u00f3 fedeleket, hogy a gyertyatart\u00f3k f\u00fcgg\u0151legesen egym\u00e1sra rakhat\u00f3k legyenek. Ez a helytakar\u00e9kos tr\u00fckk a legjobb a gyertya-nagykereskedelmi v\u00e1s\u00e1rl\u00f3knak, akiknek gar\u00e1zsbar\u00e1t gyertyatart\u00f3kra van sz\u00fcks\u00e9g\u00fck a st\u00edlus fel\u00e1ldoz\u00e1sa n\u00e9lk\u00fcl.<\/li>\n<li><strong>Interakt\u00edv csomagol\u00e1s:<\/strong>Helyezz el egy QR-k\u00f3dot a gyertyatart\u00f3 fedel\u00e9n, amely egy oktat\u00f3anyaghoz vezet, amely bemutatja, hogyan kell felt\u00f6lteni \u00e9s \u00fajra felhaszn\u00e1lni a gyertyatart\u00f3kat. Ez t\u00e1j\u00e9koztatja a v\u00e1s\u00e1rl\u00f3kat, \u00e9s n\u00f6veli a bizalmukat a hihetetlen gyertyatart\u00f3id ir\u00e1nt.<\/li>\n<\/ol>","protected":false},"excerpt":{"rendered":"<p>Pr\u00e9mium, 190 ml-es \u00f3lommentes \u00fcveged\u00e9ny gy\u00e9m\u00e1ntcsiszolt text\u00far\u00e1val, nagykereskedelmi forgalomba. Gyerty\u00e1khoz, kokt\u00e9lokhoz, dekor\u00e1ci\u00f3hoz \u00e9s aj\u00e1nd\u00e9kk\u00e9szletekhez. \u00dajrafelhaszn\u00e1lhat\u00f3, eleg\u00e1ns \u00e9s k\u00f6rnyezetbar\u00e1t.<\/p>","protected":false},"featured_media":426,"template":"","meta":{"site-sidebar-layout":"default","site-content-layout":"","ast-site-content-layout":"default","site-content-style":"default","site-sidebar-style":"default","ast-global-header-display":"","ast-banner-title-visibility":"","ast-main-header-display":"","ast-hfb-above-header-display":"","ast-hfb-below-header-display":"","ast-hfb-mobile-header-display":"","site-post-title":"","ast-breadcrumbs-content":"","ast-featured-img":"","footer-sml-layout":"","theme-transparent-header-meta":"default","adv-header-id-meta":"","stick-header-meta":"","header-above-stick-meta":"","header-main-stick-meta":"","header-below-stick-meta":"","astra-migrate-meta-layouts":"set","ast-page-background-enabled":"default","ast-page-background-meta":{"desktop":{"background-color":"var(--ast-global-color-5)","background-image":"","background-repeat":"repeat","background-position":"center center","background-size":"auto","background-attachment":"scroll","background-type":"","background-media":"","overlay-type":"","overlay-color":"","overlay-opacity":"","overlay-gradient":""},"tablet":{"background-color":"","background-image":"","background-repeat":"repeat","background-position":"center center","background-size":"auto","background-attachment":"scroll","background-type":"","background-media":"","overlay-type":"","overlay-color":"","overlay-opacity":"","overlay-gradient":""},"mobile":{"background-color":"","background-image":"","background-repeat":"repeat","background-position":"center center","background-size":"auto","background-attachment":"scroll","background-type":"","background-media":"","overlay-type":"","overlay-color":"","overlay-opacity":"","overlay-gradient":""}},"ast-content-background-meta":{"desktop":{"background-color":"var(--ast-global-color-4)","background-image":"","background-repeat":"repeat","background-position":"center center","background-size":"auto","background-attachment":"scroll","background-type":"","background-media":"","overlay-type":"","overlay-color":"","overlay-opacity":"","overlay-gradient":""},"tablet":{"background-color":"var(--ast-global-color-4)","background-image":"","background-repeat":"repeat","background-position":"center center","background-size":"auto","background-attachment":"scroll","background-type":"","background-media":"","overlay-type":"","overlay-color":"","overlay-opacity":"","overlay-gradient":""},"mobile":{"background-color":"var(--ast-global-color-4)","background-image":"","background-repeat":"repeat","background-position":"center center","background-size":"auto","background-attachment":"scroll","background-type":"","background-media":"","overlay-type":"","overlay-color":"","overlay-opacity":"","overlay-gradient":""}}},"product_brand":[],"product_cat":[28,21],"product_tag":[43,45],"class_list":{"0":"post-424","1":"product","2":"type-product","3":"status-publish","4":"has-post-thumbnail","6":"product_cat-glass-candle-jars","7":"product_cat-product","8":"product_tag-candles-jars","9":"product_tag-unique-jar-candles","10":"desktop-align-left","11":"tablet-align-left","12":"mobile-align-left","14":"first","15":"instock","16":"shipping-taxable","17":"product-type-simple"},"jetpack_sharing_enabled":true,"_links":{"self":[{"href":"https:\/\/mostebglass.com\/hu\/wp-json\/wp\/v2\/product\/424","targetHints":{"allow":["GET"]}}],"collection":[{"href":"https:\/\/mostebglass.com\/hu\/wp-json\/wp\/v2\/product"}],"about":[{"href":"https:\/\/mostebglass.com\/hu\/wp-json\/wp\/v2\/types\/product"}],"wp:featuredmedia":[{"embeddable":true,"href":"https:\/\/mostebglass.com\/hu\/wp-json\/wp\/v2\/media\/426"}],"wp:attachment":[{"href":"https:\/\/mostebglass.com\/hu\/wp-json\/wp\/v2\/media?parent=424"}],"wp:term":[{"taxonomy":"product_brand","embeddable":true,"href":"https:\/\/mostebglass.com\/hu\/wp-json\/wp\/v2\/product_brand?post=424"},{"taxonomy":"product_cat","embeddable":true,"href":"https:\/\/mostebglass.com\/hu\/wp-json\/wp\/v2\/product_cat?post=424"},{"taxonomy":"product_tag","embeddable":true,"href":"https:\/\/mostebglass.com\/hu\/wp-json\/wp\/v2\/product_tag?post=424"}],"curies":[{"name":"wp","href":"https:\/\/api.w.org\/{rel}","templated":true}]}}