{"id":4521,"date":"2026-02-28T15:44:08","date_gmt":"2026-02-28T07:44:08","guid":{"rendered":"https:\/\/mostebglass.com\/?post_type=product&#038;p=4521"},"modified":"2026-02-28T15:51:22","modified_gmt":"2026-02-28T07:51:22","slug":"dual-use-colored-glass-candle-stand-holders-bulk","status":"publish","type":"product","link":"https:\/\/mostebglass.com\/hu\/dual-use-colored-glass-candle-stand-holders-bulk\/","title":{"rendered":"Kett\u0151s felhaszn\u00e1l\u00e1s\u00fa sz\u00ednes \u00fcveg gyertyatart\u00f3k t\u00f6meges kiszerel\u00e9sben"},"content":{"rendered":"<p>A sorozat egy kett\u0151s funkci\u00f3j\u00fa \u00fcveg gyertyatart\u00f3 (gyertyatart\u00f3 \u00e9s gyertya\u00fcveg), melynek szobr\u00e1szatilag bord\u00e1zott \u00e9s kem\u00e9ny s\u00faly\u00fa alapja van, a tetej\u00e9n pedig f\u00fcgg\u0151leges hornyok. Az \u00f6ssze\u00e1ll\u00edtott term\u00e9kcsal\u00e1d k\u00fcl\u00f6nf\u00e9le szerkezeti vari\u00e1ci\u00f3kat tartalmaz, l\u00e9pcs\u0151zetes, hengeres, enyh\u00e9n kisz\u00e9lesed\u0151 form\u00e1kat, amelyek mindegyike harmonikus geometriai form\u00e1val rendelkezik. A fel\u00fcletet line\u00e1ris dombornyomott text\u00far\u00e1k alkotj\u00e1k, amelyek hozz\u00e1j\u00e1rulnak a f\u00e9nyt\u00f6r\u00e9shez \u00e9s finom ragyog\u00e1st biztos\u00edtanak a gyerty\u00e1k \u00e9g\u00e9sekor.<\/p>\n<figure id=\"attachment_4526\" aria-describedby=\"caption-attachment-4526\" style=\"width: 500px\" class=\"wp-caption aligncenter\"><img fetchpriority=\"high\" decoding=\"async\" class=\"wp-image-4526\" title=\"\u00fcveg gyertyatart\u00f3k\" src=\"https:\/\/mostebglass.com\/wp-content\/uploads\/2026\/02\/glass-Candle-Stand-Holders.webp\" alt=\"\u00fcveg gyertyatart\u00f3k\" width=\"500\" height=\"500\" srcset=\"https:\/\/mostebglass.com\/wp-content\/uploads\/2026\/02\/glass-Candle-Stand-Holders.webp 1024w, https:\/\/mostebglass.com\/wp-content\/uploads\/2026\/02\/glass-Candle-Stand-Holders-768x768.webp 768w, https:\/\/mostebglass.com\/wp-content\/uploads\/2026\/02\/glass-Candle-Stand-Holders-12x12.webp 12w, https:\/\/mostebglass.com\/wp-content\/uploads\/2026\/02\/glass-Candle-Stand-Holders-300x300.webp 300w, https:\/\/mostebglass.com\/wp-content\/uploads\/2026\/02\/glass-Candle-Stand-Holders-600x600.webp 600w, https:\/\/mostebglass.com\/wp-content\/uploads\/2026\/02\/glass-Candle-Stand-Holders-100x100.webp 100w\" sizes=\"(max-width: 500px) 100vw, 500px\" \/><figcaption id=\"caption-attachment-4526\" class=\"wp-caption-text\">borosty\u00e1nsz\u00edn\u0171 \u00fcveg gyertyatart\u00f3k<\/figcaption><\/figure>\n<p>A sz\u00ednv\u00e1ltozatok t\u00f6bbek k\u00f6z\u00f6tt \u00e1tl\u00e1tsz\u00f3 \u00e9s vil\u00e1gos, meleg \u00e9s hangulatosak, amelyek \u00e1tl\u00e1tsz\u00f3, r\u00f3zsasz\u00edn, borosty\u00e1nsz\u00edn\u0171, z\u00f6ld \u00e9s sz\u00fcrke \u00fcvegben kaphat\u00f3k. Az \u00fcvegszerkezet vastag, ami stabill\u00e1 \u00e9s tart\u00f3ss\u00e1 teszi.<\/p>\n<h2>F\u0151bb specifik\u00e1ci\u00f3k<\/h2>\n<table style=\"border-collapse: collapse; width: 80%; margin-left: auto; margin-right: auto;\" border=\"0\" width=\"80%\" cellspacing=\"0\" cellpadding=\"0\">\n<tbody>\n<tr style=\"height: 13.50pt;\">\n<td style=\"height: 13.50pt; width: 137.25pt;\" width=\"183\" height=\"18\">Jellemz\u0151k<\/td>\n<td style=\"width: 270.00pt;\" width=\"360\">Mindk\u00e9t v\u00e9g\u00e9n el\u00e9rhet\u0151<\/td>\n<\/tr>\n<tr style=\"height: 13.50pt;\">\n<td style=\"height: 13.50pt;\" height=\"18\">Alak<\/td>\n<td>Kerek<\/td>\n<\/tr>\n<tr style=\"height: 13.50pt;\">\n<td style=\"height: 13.50pt;\" height=\"18\">Anyag<\/td>\n<td>N\u00e1trium-kalcium \u00f3lommentes \u00fcveg<\/td>\n<\/tr>\n<tr style=\"height: 13.50pt;\">\n<td style=\"height: 13.50pt;\" height=\"18\">St\u00edlus<\/td>\n<td>modern<\/td>\n<\/tr>\n<tr style=\"height: 13.50pt;\">\n<td style=\"height: 13.50pt;\" height=\"18\">M\u00e9ret<\/td>\n<td>A fenti k\u00e9p felirattal van ell\u00e1tva<\/td>\n<\/tr>\n<tr style=\"height: 13.50pt;\">\n<td style=\"height: 13.50pt;\" height=\"18\">Fel\u00fcletkezel\u00e9s<\/td>\n<td>Dombornyomott<\/td>\n<\/tr>\n<tr style=\"height: 13.50pt;\">\n<td style=\"height: 13.50pt;\" height=\"18\">Sz\u00ednek<\/td>\n<td>\u00c1tl\u00e1tsz\u00f3, borosty\u00e1nsz\u00edn\u0171, z\u00f6ld, r\u00f3zsasz\u00edn, sz\u00fcrke<\/td>\n<\/tr>\n<tr style=\"height: 13.50pt;\">\n<td style=\"height: 13.50pt;\" height=\"18\">Testreszab\u00e1si lehet\u0151s\u00e9gek<\/td>\n<td>Sz\u00edn, M\u00e9ret, Log\u00f3, Kieg\u00e9sz\u00edt\u0151k, Csomagol\u00e1s<\/td>\n<\/tr>\n<\/tbody>\n<\/table>\n<h2>Alkalmaz\u00e1sok<\/h2>\n<p>Ez a telev\u00edzi\u00f3s m\u0171sor k\u00e9t c\u00e9lra \u00e9p\u00fcl. Az egyik oldalon oszlopgyerty\u00e1k vagy kis d\u00e9zs\u00e1s gyerty\u00e1k tal\u00e1lhat\u00f3k, a m\u00e1sikon pedig k\u00fapos gyerty\u00e1k, amelyek rugalmas st\u00edlusbeli megold\u00e1sokat k\u00edn\u00e1lnak otthoni dekor\u00e1ci\u00f3hoz, vend\u00e9gl\u00e1t\u00e1shoz, esk\u00fcv\u0151kh\u00f6z \u00e9s szezon\u00e1lis dekor\u00e1ci\u00f3khoz. A d\u00edszes text\u00fara \u00e9s a sz\u00ednek sokf\u00e9les\u00e9ge funkcion\u00e1liss\u00e1 teszi a term\u00e9keket a kiskereskedelmi gyertyam\u00e1rk\u00e1kban, \u00e9letm\u00f3d \u00fczletekben, aj\u00e1nd\u00e9kkollekci\u00f3kban \u00e9s rendezv\u00e9nyek dekor\u00e1ci\u00f3s projektjeiben.<\/p>\n<h2>B2B-v\u00e1s\u00e1rl\u00f3i javaslatok: Testreszab\u00e1s<\/h2>\n<ul>\n<li>Log\u00f3 grav\u00edroz\u00e1sa, dombornyom\u00e1sa vagy szitanyom\u00e1sa.<\/li>\n<li>M\u00e1rk\u00e1s kartonok, egyedi csomagol\u00e1s (aj\u00e1nd\u00e9kdoboz, bet\u00e9t, doboz), \u00e9s aj\u00e1nd\u00e9kdobozok, egyedi csomagol\u00e1s (aj\u00e1nd\u00e9kdoboz, bet\u00e9t, doboz).<\/li>\n<li>a kereslet m\u00e9rete v\u00e1ltozik bizonyos gyertyam\u00e9retek eset\u00e9ben.<\/li>\n<li>Kiskereskedelmi kollekci\u00f3k. Saj\u00e1t m\u00e1rk\u00e1s term\u00e9kek fejleszt\u00e9se.<\/li>\n<\/ul>\n<p>Ez a sorozat a gyertyatart\u00f3k eszt\u00e9tikus kiskereskedelmi elhelyez\u00e9s\u00e9t \u00e9s funkcion\u00e1lis felhaszn\u00e1l\u00e1s\u00e1t egyar\u00e1nt el\u0151seg\u00edti, kiv\u00e1l\u00f3 vizu\u00e1lis m\u00e1rkamegk\u00fcl\u00f6nb\u00f6ztet\u00e9st biztos\u00edtva a m\u00e1rkatulajdonosok \u00e9s a nagykeresked\u0151k sz\u00e1m\u00e1ra.<\/p>","protected":false},"excerpt":{"rendered":"<p>Kett\u0151s felhaszn\u00e1l\u00e1s\u00fa \u00fcveg gyertyatart\u00f3k \u00e1tl\u00e1tsz\u00f3, r\u00f3zsasz\u00edn, borosty\u00e1nsz\u00edn\u0171, z\u00f6ld \u00e9s sz\u00fcrke sz\u00ednben. Oszlopos \u00e9s k\u00fapos gyerty\u00e1khoz alkalmas. Ide\u00e1lis kiskereskedelmi, dekor\u00e1ci\u00f3s \u00e9s saj\u00e1t m\u00e1rk\u00e1s projektekhez.<\/p>","protected":false},"featured_media":4522,"template":"","meta":{"site-sidebar-layout":"default","site-content-layout":"","ast-site-content-layout":"default","site-content-style":"default","site-sidebar-style":"default","ast-global-header-display":"","ast-banner-title-visibility":"","ast-main-header-display":"","ast-hfb-above-header-display":"","ast-hfb-below-header-display":"","ast-hfb-mobile-header-display":"","site-post-title":"","ast-breadcrumbs-content":"","ast-featured-img":"","footer-sml-layout":"","theme-transparent-header-meta":"default","adv-header-id-meta":"","stick-header-meta":"","header-above-stick-meta":"","header-main-stick-meta":"","header-below-stick-meta":"","astra-migrate-meta-layouts":"set","ast-page-background-enabled":"default","ast-page-background-meta":{"desktop":{"background-color":"var(--ast-global-color-5)","background-image":"","background-repeat":"repeat","background-position":"center center","background-size":"auto","background-attachment":"scroll","background-type":"","background-media":"","overlay-type":"","overlay-color":"","overlay-opacity":"","overlay-gradient":""},"tablet":{"background-color":"","background-image":"","background-repeat":"repeat","background-position":"center center","background-size":"auto","background-attachment":"scroll","background-type":"","background-media":"","overlay-type":"","overlay-color":"","overlay-opacity":"","overlay-gradient":""},"mobile":{"background-color":"","background-image":"","background-repeat":"repeat","background-position":"center center","background-size":"auto","background-attachment":"scroll","background-type":"","background-media":"","overlay-type":"","overlay-color":"","overlay-opacity":"","overlay-gradient":""}},"ast-content-background-meta":{"desktop":{"background-color":"var(--ast-global-color-4)","background-image":"","background-repeat":"repeat","background-position":"center center","background-size":"auto","background-attachment":"scroll","background-type":"","background-media":"","overlay-type":"","overlay-color":"","overlay-opacity":"","overlay-gradient":""},"tablet":{"background-color":"var(--ast-global-color-4)","background-image":"","background-repeat":"repeat","background-position":"center center","background-size":"auto","background-attachment":"scroll","background-type":"","background-media":"","overlay-type":"","overlay-color":"","overlay-opacity":"","overlay-gradient":""},"mobile":{"background-color":"var(--ast-global-color-4)","background-image":"","background-repeat":"repeat","background-position":"center center","background-size":"auto","background-attachment":"scroll","background-type":"","background-media":"","overlay-type":"","overlay-color":"","overlay-opacity":"","overlay-gradient":""}}},"product_brand":[],"product_cat":[28,21],"product_tag":[],"class_list":{"0":"post-4521","1":"product","2":"type-product","3":"status-publish","4":"has-post-thumbnail","6":"product_cat-glass-candle-jars","7":"product_cat-product","8":"desktop-align-left","9":"tablet-align-left","10":"mobile-align-left","12":"first","13":"instock","14":"shipping-taxable","15":"product-type-simple"},"jetpack_sharing_enabled":true,"_links":{"self":[{"href":"https:\/\/mostebglass.com\/hu\/wp-json\/wp\/v2\/product\/4521","targetHints":{"allow":["GET"]}}],"collection":[{"href":"https:\/\/mostebglass.com\/hu\/wp-json\/wp\/v2\/product"}],"about":[{"href":"https:\/\/mostebglass.com\/hu\/wp-json\/wp\/v2\/types\/product"}],"wp:featuredmedia":[{"embeddable":true,"href":"https:\/\/mostebglass.com\/hu\/wp-json\/wp\/v2\/media\/4522"}],"wp:attachment":[{"href":"https:\/\/mostebglass.com\/hu\/wp-json\/wp\/v2\/media?parent=4521"}],"wp:term":[{"taxonomy":"product_brand","embeddable":true,"href":"https:\/\/mostebglass.com\/hu\/wp-json\/wp\/v2\/product_brand?post=4521"},{"taxonomy":"product_cat","embeddable":true,"href":"https:\/\/mostebglass.com\/hu\/wp-json\/wp\/v2\/product_cat?post=4521"},{"taxonomy":"product_tag","embeddable":true,"href":"https:\/\/mostebglass.com\/hu\/wp-json\/wp\/v2\/product_tag?post=4521"}],"curies":[{"name":"wp","href":"https:\/\/api.w.org\/{rel}","templated":true}]}}