{"id":458,"date":"2025-08-15T17:53:33","date_gmt":"2025-08-15T09:53:33","guid":{"rendered":"https:\/\/mostebglass.com\/?post_type=product&#038;p=458"},"modified":"2026-02-26T13:48:48","modified_gmt":"2026-02-26T05:48:48","slug":"wholesale-embossed-glass-candle-containers-whiskey-glass","status":"publish","type":"product","link":"https:\/\/mostebglass.com\/hu\/wholesale-embossed-glass-candle-containers-whiskey-glass\/","title":{"rendered":"Nagykereskedelmi 410 ml-es dombornyomott \u00fcveg gyertyatart\u00f3k | Whiskey poh\u00e1r"},"content":{"rendered":"<p>Ez a 410 ml-es dombornyomott \u00fcveg gyertyatart\u00f3 sorozat egyenes hengeres sziluettje vastag \u00e9s stabil aljjal, valamint sz\u00e9les ny\u00edl\u00e1ssal rendelkezik a k\u00f6nny\u0171 megt\u00f6lt\u00e9s \u00e9s \u00e9get\u00e9s \u00e9rdek\u00e9ben. A kollekci\u00f3 sz\u00e1mos dombornyomott fel\u00fcleti mint\u00e1t tartalmaz, nevezetesen f\u00fcgg\u0151leges bord\u00e1zott vonalakat, vir\u00e1gos ihlet\u00e9s\u0171 domborm\u0171ves mint\u00e1kat, lekerek\u00edtett pontokat \u00e9s gy\u00e9m\u00e1ntcsiszolt, csiszolt fel\u00fcleteket. Az \u00e1tl\u00e1tsz\u00f3 \u00fcvegb\u0151l k\u00e9sz\u00fclt t\u00e9gelyek hozz\u00e1j\u00e1rulnak a f\u00e9ny sz\u00f3r\u00e1s\u00e1hoz, \u00e9s gazdag, dekorat\u00edv ragyog\u00e1st k\u00f6lcs\u00f6n\u00f6znek a gyerty\u00e1nak, amikor meggy\u00fajtj\u00e1k. A szerkezetek \u00e9p\u00edt\u00e9s\u00e9nek alapelvei m\u00e9lys\u00e9get \u00e9s tapinthat\u00f3 kem\u00e9nys\u00e9get biztos\u00edtanak, mik\u00f6zben kiegyens\u00falyozott \u00e9s szimmetrikus form\u00e1t \u0151rzenek.<\/p>\n<h2>F\u0151bb specifik\u00e1ci\u00f3k<\/h2>\n<table style=\"border-collapse: collapse; width: 80%; margin-left: auto; margin-right: auto;\" border=\"0\" width=\"80%\" cellspacing=\"0\" cellpadding=\"0\">\n<tbody>\n<tr style=\"height: 13.50pt;\">\n<td style=\"height: 13.50pt; width: 54.00pt;\" width=\"72\" height=\"18\">Jellemz\u0151<\/td>\n<td style=\"width: 54.00pt;\" width=\"72\">R\u00e9szletek<\/td>\n<\/tr>\n<tr style=\"height: 13.50pt;\">\n<td style=\"height: 13.50pt;\" height=\"18\">M\u00e9retek<\/td>\n<td>410 ml (88 * 100 mm)<\/td>\n<\/tr>\n<tr style=\"height: 13.50pt;\">\n<td style=\"height: 13.50pt;\" height=\"18\">Anyag<\/td>\n<td>\u00d3lommentes sz\u00f3da\u00fcveg<\/td>\n<\/tr>\n<tr style=\"height: 13.50pt;\">\n<td style=\"height: 13.50pt;\" height=\"18\">Mint\u00e1k<\/td>\n<td>Pontok, r\u00e1csok, napraforg\u00f3k, v\u00edzszintes\/f\u00fcgg\u0151leges vonalak<\/td>\n<\/tr>\n<tr style=\"height: 13.50pt;\">\n<td style=\"height: 13.50pt;\" height=\"18\">Testreszab\u00e1si lehet\u0151s\u00e9gek<\/td>\n<td>Sz\u00edn, m\u00e9ret, fed\u00e9l, kieg\u00e9sz\u00edt\u0151k, csomagol\u00e1s<\/td>\n<\/tr>\n<\/tbody>\n<\/table>\n<h2>Alkalmaz\u00e1s<\/h2>\n<p>Nagy, 410 ml-es \u0171rtartalm\u00e1val ez a tart\u00e1ly kiv\u00e1l\u00f3an alkalmas 3 kan\u00f3cos gyerty\u00e1khoz, felt\u0171n\u0151 illatgyerty\u00e1khoz, luxus gyertyacsal\u00e1dokhoz \u00e9s dekor\u00e1ci\u00f3s otthoni illatos\u00edt\u00e1shoz. Nagym\u00e9ret\u0171, poh\u00e1r alak\u00fa talp\u00e1nak k\u00f6sz\u00f6nhet\u0151en megfelel\u0151 tiszt\u00edt\u00e1s ut\u00e1n whiskyspoh\u00e1rk\u00e9nt vagy dekorat\u00edv iv\u00f3poh\u00e1rk\u00e9nt is haszn\u00e1lhat\u00f3, ami szint\u00e9n t\u00e1mogatja a fenntarthat\u00f3 \u00e9s t\u00f6bbc\u00e9l\u00fa csomagol\u00e1si koncepci\u00f3kat. Alkalmas kiskereskedelmi m\u00e1rk\u00e1k, vend\u00e9gl\u00e1t\u00f3ipari k\u00f6rnyezetek \u00e9s pr\u00e9mium aj\u00e1nd\u00e9kcsomagok sz\u00e1m\u00e1ra.<\/p>","protected":false},"excerpt":{"rendered":"<p>410 ml-es dombornyomott \u00fcveg gyertyatart\u00f3k vastag talppal luxus illatgyerty\u00e1khoz vagy \u00fajrafelhaszn\u00e1lhat\u00f3 poharakhoz. Egyedi megrendel\u00e9sek \u00e9s nagy t\u00e9telben is rendelhet\u0151k.<\/p>","protected":false},"featured_media":4488,"template":"","meta":{"site-sidebar-layout":"default","site-content-layout":"","ast-site-content-layout":"default","site-content-style":"default","site-sidebar-style":"default","ast-global-header-display":"","ast-banner-title-visibility":"","ast-main-header-display":"","ast-hfb-above-header-display":"","ast-hfb-below-header-display":"","ast-hfb-mobile-header-display":"","site-post-title":"","ast-breadcrumbs-content":"","ast-featured-img":"","footer-sml-layout":"","theme-transparent-header-meta":"default","adv-header-id-meta":"","stick-header-meta":"","header-above-stick-meta":"","header-main-stick-meta":"","header-below-stick-meta":"","astra-migrate-meta-layouts":"set","ast-page-background-enabled":"default","ast-page-background-meta":{"desktop":{"background-color":"var(--ast-global-color-5)","background-image":"","background-repeat":"repeat","background-position":"center center","background-size":"auto","background-attachment":"scroll","background-type":"","background-media":"","overlay-type":"","overlay-color":"","overlay-opacity":"","overlay-gradient":""},"tablet":{"background-color":"","background-image":"","background-repeat":"repeat","background-position":"center center","background-size":"auto","background-attachment":"scroll","background-type":"","background-media":"","overlay-type":"","overlay-color":"","overlay-opacity":"","overlay-gradient":""},"mobile":{"background-color":"","background-image":"","background-repeat":"repeat","background-position":"center center","background-size":"auto","background-attachment":"scroll","background-type":"","background-media":"","overlay-type":"","overlay-color":"","overlay-opacity":"","overlay-gradient":""}},"ast-content-background-meta":{"desktop":{"background-color":"var(--ast-global-color-4)","background-image":"","background-repeat":"repeat","background-position":"center center","background-size":"auto","background-attachment":"scroll","background-type":"","background-media":"","overlay-type":"","overlay-color":"","overlay-opacity":"","overlay-gradient":""},"tablet":{"background-color":"var(--ast-global-color-4)","background-image":"","background-repeat":"repeat","background-position":"center center","background-size":"auto","background-attachment":"scroll","background-type":"","background-media":"","overlay-type":"","overlay-color":"","overlay-opacity":"","overlay-gradient":""},"mobile":{"background-color":"var(--ast-global-color-4)","background-image":"","background-repeat":"repeat","background-position":"center center","background-size":"auto","background-attachment":"scroll","background-type":"","background-media":"","overlay-type":"","overlay-color":"","overlay-opacity":"","overlay-gradient":""}}},"product_brand":[],"product_cat":[28,21],"product_tag":[48,49],"class_list":{"0":"post-458","1":"product","2":"type-product","3":"status-publish","4":"has-post-thumbnail","6":"product_cat-glass-candle-jars","7":"product_cat-product","8":"product_tag-candles-jar","9":"product_tag-glass-candle-jar","10":"desktop-align-left","11":"tablet-align-left","12":"mobile-align-left","14":"first","15":"instock","16":"shipping-taxable","17":"product-type-simple"},"jetpack_sharing_enabled":true,"_links":{"self":[{"href":"https:\/\/mostebglass.com\/hu\/wp-json\/wp\/v2\/product\/458","targetHints":{"allow":["GET"]}}],"collection":[{"href":"https:\/\/mostebglass.com\/hu\/wp-json\/wp\/v2\/product"}],"about":[{"href":"https:\/\/mostebglass.com\/hu\/wp-json\/wp\/v2\/types\/product"}],"wp:featuredmedia":[{"embeddable":true,"href":"https:\/\/mostebglass.com\/hu\/wp-json\/wp\/v2\/media\/4488"}],"wp:attachment":[{"href":"https:\/\/mostebglass.com\/hu\/wp-json\/wp\/v2\/media?parent=458"}],"wp:term":[{"taxonomy":"product_brand","embeddable":true,"href":"https:\/\/mostebglass.com\/hu\/wp-json\/wp\/v2\/product_brand?post=458"},{"taxonomy":"product_cat","embeddable":true,"href":"https:\/\/mostebglass.com\/hu\/wp-json\/wp\/v2\/product_cat?post=458"},{"taxonomy":"product_tag","embeddable":true,"href":"https:\/\/mostebglass.com\/hu\/wp-json\/wp\/v2\/product_tag?post=458"}],"curies":[{"name":"wp","href":"https:\/\/api.w.org\/{rel}","templated":true}]}}