{"id":463,"date":"2025-08-15T17:57:03","date_gmt":"2025-08-15T09:57:03","guid":{"rendered":"https:\/\/mostebglass.com\/?post_type=product&#038;p=463"},"modified":"2026-03-24T17:19:24","modified_gmt":"2026-03-24T09:19:24","slug":"wholesale-embossed-glass-candle-jars-custom-candle-vessel-supplier","status":"publish","type":"product","link":"https:\/\/mostebglass.com\/hu\/wholesale-embossed-glass-candle-jars-custom-candle-vessel-supplier\/","title":{"rendered":"Dombornyomott \u00fcveg gyertyatart\u00f3k nagykereskedelemben | Egyedi gyertyatart\u00f3k besz\u00e1ll\u00edt\u00f3ja"},"content":{"rendered":"<p>D\u00edsz\u00edtsd szob\u00e1dat kiv\u00e1l\u00f3 min\u0151s\u00e9g\u0171 dombornyomott \u00fcveg gyertyatart\u00f3inkkal. Ez a kollekci\u00f3 k\u00e9t sokoldal\u00fa m\u00e9retben, 145 ml-es \u00e9s 225 ml-es v\u00e1ltozatban kaphat\u00f3, \u00e9s n\u00e9gy k\u00fcl\u00f6nb\u00f6z\u0151 \u00f6sszefon\u00f3d\u00f3 mint\u00e1val rendelkezik: napraforg\u00f3, keleti felh\u0151, finom vir\u00e1gminta \u00e9s klasszikus csipke. Minden egyes t\u00e9gely jellegzetes, kagyl\u00f3s peremmel rendelkezik, amely vintage st\u00edlust visz b\u00e1rmilyen k\u00f6rnyezetbe.<\/p>\n<h2>Jellemz\u0151k<\/h2>\n<ol>\n<li><strong>Nagy \u00e1tl\u00e1tsz\u00f3s\u00e1g\u00fa \u00fcveg<\/strong>Ezek a dombornyomott \u00fcveg gyertyatart\u00f3k kiv\u00e1l\u00f3 min\u0151s\u00e9g\u0171, \u00f3lommentes \u00e9s \u00e1tl\u00e1tsz\u00f3 \u00fcvegb\u0151l k\u00e9sz\u00fcltek, hogy visszat\u00fckr\u00f6zz\u00e9k a gyertyal\u00e1ng meleg term\u00e9szet\u00e9t.<\/li>\n<li><strong>Komplex text\u00far\u00e1k<\/strong>A mint\u00e1k er\u0151sen dombornyomottak, ami cs\u00fasz\u00e1smentes fog\u00e1st biztos\u00edt a term\u00e9knek, \u00e9s megvil\u00e1g\u00edt\u00e1skor gy\u00f6ny\u00f6r\u0171 f\u00e9ny-\u00e1rny\u00e9k hat\u00e1st kelt.<\/li>\n<li><strong>Eszt\u00e9tikai r\u00e9szletek<\/strong>A hull\u00e1mos, kagyl\u00f3s sz\u00e9l a hagyom\u00e1nyos lapos perem\u0171 \u00fcvegekhez k\u00e9pest hat\u00e1rozott k\u00f6rvonalat d\u00edsz\u00edt.<\/li>\n<\/ol>\n<h2>F\u0151bb specifik\u00e1ci\u00f3k<\/h2>\n<table style=\"border-collapse: collapse; width: 80%; margin-left: auto; margin-right: auto;\" border=\"0\" width=\"144\" cellspacing=\"0\" cellpadding=\"0\">\n<tbody>\n<tr style=\"height: 13.50pt;\">\n<td style=\"height: 13.50pt; width: 30%;\" width=\"72\" height=\"18\">Jellemz\u0151<\/td>\n<td style=\"width: 54.00pt;\" width=\"72\">R\u00e9szletek<\/td>\n<\/tr>\n<tr style=\"height: 13.50pt;\">\n<td style=\"height: 13.50pt;\" height=\"18\">145 ml<\/td>\n<td>65 mm-es felni\u00e1tm\u00e9r\u0151, 60 mm-es alap\u00e1tm\u00e9r\u0151, 75 mm-es magass\u00e1g.<\/td>\n<\/tr>\n<tr style=\"height: 13.50pt;\">\n<td style=\"height: 13.50pt;\" height=\"18\">225 ml<\/td>\n<td>75 mm-es felni\u00e1tm\u00e9r\u0151, 72 mm-es alap\u00e1tm\u00e9r\u0151, 90 mm-es magass\u00e1g.<\/td>\n<\/tr>\n<tr style=\"height: 13.50pt;\">\n<td style=\"height: 13.50pt;\" height=\"18\">Mint\u00e1k<\/td>\n<td>Napraforg\u00f3 sz\u00e9le, napsug\u00e1r sz\u00e9le<\/td>\n<\/tr>\n<tr style=\"height: 13.50pt;\">\n<td style=\"height: 13.50pt;\" height=\"18\">Fel\u00fcletkezel\u00e9s<\/td>\n<td>Megk\u00f6nnyebb\u00fcl\u00e9s<\/td>\n<\/tr>\n<tr style=\"height: 13.50pt;\">\n<td style=\"height: 13.50pt;\" height=\"18\">Anyag<\/td>\n<td>N\u00e1trium-m\u00e9sz\u00fcveg<\/td>\n<\/tr>\n<tr style=\"height: 13.50pt;\">\n<td style=\"height: 13.50pt;\" height=\"18\">Testreszab\u00e1si lehet\u0151s\u00e9gek<\/td>\n<td>Sz\u00edn, fed\u00e9l, m\u00e9ret, csomagol\u00f3doboz, log\u00f3 stb.<\/td>\n<\/tr>\n<\/tbody>\n<\/table>\n<h2>Alkalmaz\u00e1sok \u00e9s sokoldal\u00fas\u00e1g<\/h2>\n<ul>\n<li><strong>Professzion\u00e1lis gyertyak\u00e9sz\u00edt\u00e9s<\/strong>Ide\u00e1lis otthoni bark\u00e1cs projektekhez sz\u00f3javiaszb\u00f3l, m\u00e9hviaszb\u00f3l vagy paraffingyerty\u00e1kb\u00f3l.<\/li>\n<li><strong>Lakberendez\u00e9s<\/strong>Gy\u00f6ny\u00f6r\u0171en elk\u00e9sz\u00edtett, \u00f6nmag\u00e1ban is haszn\u00e1lhat\u00f3 dekor\u00e1ci\u00f3s darabk\u00e9nt kandall\u00f3p\u00e1rk\u00e1nyon, doh\u00e1nyz\u00f3asztalon \u00e9s \u00e9jjeliszekr\u00e9nyen.<\/li>\n<li><strong>T\u00f6bbc\u00e9l\u00fa t\u00e1rol\u00e1s<\/strong>Miut\u00e1n a gyerty\u00e1t haszn\u00e1ltuk, ezek a dombornyomott \u00fcveg gyertyatart\u00f3k eleg\u00e1ns sminkecsetk\u00e9nt, \u00e9kszer- vagy \u00edr\u00f3szertart\u00f3k\u00e9nt is haszn\u00e1lhat\u00f3k az irod\u00e1ban.<\/li>\n<li><strong>Aj\u00e1nd\u00e9koz\u00e1s \u00e9s rendezv\u00e9nyek<\/strong>A legjobb esk\u00fcv\u0151i kedvencek, gy\u00f3gyf\u00fcrd\u0151i vagy nyaral\u00e1s k\u00f6zbeni asztald\u00edszek.<\/li>\n<\/ul>\n<figure id=\"attachment_4899\" aria-describedby=\"caption-attachment-4899\" style=\"width: 500px\" class=\"wp-caption aligncenter\"><img fetchpriority=\"high\" decoding=\"async\" class=\"wp-image-4899\" src=\"https:\/\/mostebglass.com\/wp-content\/uploads\/2025\/08\/glass-Vintage-Scalloped-Votives.webp\" alt=\"\u00fcveg Vintage kagyl\u00f3 alak\u00fa fogadalmi d\u00edszek\" width=\"500\" height=\"500\" srcset=\"https:\/\/mostebglass.com\/wp-content\/uploads\/2025\/08\/glass-Vintage-Scalloped-Votives.webp 1024w, https:\/\/mostebglass.com\/wp-content\/uploads\/2025\/08\/glass-Vintage-Scalloped-Votives-768x768.webp 768w, https:\/\/mostebglass.com\/wp-content\/uploads\/2025\/08\/glass-Vintage-Scalloped-Votives-12x12.webp 12w, https:\/\/mostebglass.com\/wp-content\/uploads\/2025\/08\/glass-Vintage-Scalloped-Votives-300x300.webp 300w, https:\/\/mostebglass.com\/wp-content\/uploads\/2025\/08\/glass-Vintage-Scalloped-Votives-600x600.webp 600w, https:\/\/mostebglass.com\/wp-content\/uploads\/2025\/08\/glass-Vintage-Scalloped-Votives-100x100.webp 100w\" sizes=\"(max-width: 500px) 100vw, 500px\" \/><figcaption id=\"caption-attachment-4899\" class=\"wp-caption-text\">Testreszabhat\u00f3 Vintage F\u00e9s\u0171kagyl\u00f3s Fogadalmi Aj\u00e1nd\u00e9kok<\/figcaption><\/figure>\n<h2>Testreszab\u00e1si tippek v\u00e1llalkoz\u00e1soknak<\/h2>\n<p>B2B \u00fcgyfelek eset\u00e9ben a testreszab\u00e1s egy \u00e1ltal\u00e1nos sz\u00e1ll\u00edtm\u00e1nyt m\u00e1rk\u00e1s term\u00e9kk\u00e9 var\u00e1zsolhat. \u00cdme k\u00e9t professzion\u00e1lis testreszab\u00e1si terv az \u00fcveg gyertyatart\u00f3 sorozat\u00e1hoz (145 ml \u00e9s 225 ml), amelyek seg\u00edtenek \u00fcgyfeleinek nagyobb \u00e9rt\u00e9ket teremteni a piacukon.<\/p>\n<h3>Funkcion\u00e1lis Elegancia Egyedi Fed\u00e9l \u00e9s Arculattervez\u00e9si Megold\u00e1sok (Funkcion\u00e1lis Elegancia):<\/h3>\n<p>Mivel ezeknek a vintage kagyl\u00f3s votive-oknak jellegzetes kagyl\u00f3s pereme van, a fedelet kifejezetten \u00fagy kell megtervezni, hogy illeszkedjen, \u00e9s vintage megjelen\u00e9st k\u00f6lcs\u00f6n\u00f6zz\u00f6n.<\/p>\n<ol>\n<li><strong>Anyagv\u00e1ltozatoss\u00e1g<\/strong>K\u00f6rnyezetbar\u00e1t fa: Bambuszb\u00f3l, ak\u00e1cb\u00f3l vagy b\u00fckkf\u00e1b\u00f3l k\u00e9sz\u00fclt, szilikon t\u00f6m\u00edt\u00e9ssel ell\u00e1tott fedeleket \u00e1rus\u00edtunk. Ezek nagyon n\u00e9pszer\u0171ek a tiszta sz\u00e9ps\u00e9g\u00e1pol\u00e1si \u00e9s bio gyerty\u00e1k piac\u00e1n.<\/li>\n<li><strong>F\u00e9mes fel\u00fcletek<\/strong>A f\u00e9m fedelek galvaniz\u00e1lt arany, roz\u00e9arany vagy matt fekete sz\u00ednben kaphat\u00f3k, hogy a luxus butik megjelen\u00e9s\u00e9t kelts\u00e9k.<\/li>\n<li><strong>Embl\u00e9m\u00e1z\u00e1s: L\u00e9zergrav\u00edroz\u00e1s<\/strong>: Tart\u00f3s, nagy pontoss\u00e1g\u00fa log\u00f3jel\u00f6l\u00e9s fa fedeleken.<\/li>\n<li><strong>Dombornyomott\/m\u00e9lynyomott log\u00f3k<\/strong>Ezek a f\u00e9m fedelek egyedi \u00f6nt\u00e9ssel k\u00e9sz\u00fclnek, \u00e9s a megrendel\u0151 m\u00e1rkajelz\u00e9s\u00e9t viselik a t\u00e9nyleges kem\u00e9nyf\u00e9mben.<\/li>\n<li><strong>B2B \u00e9rt\u00e9k<\/strong>A fed\u00e9l biztos\u00edtja a sz\u00fcks\u00e9ges illatmeg\u0151rz\u00e9st, \u00e9s a gyertya elfogy\u00e1sa ut\u00e1n a tart\u00e1lyt \u00fajrafelhaszn\u00e1lhat\u00f3 t\u00e1rol\u00f3egys\u00e9gg\u00e9 teszi.<\/li>\n<\/ol>\n<h3>Kifinomult r\u00e9tegtelen\u00edt\u00e9si elj\u00e1r\u00e1sok:<\/h3>\n<ol>\n<li><strong>Bels\u0151\/k\u00fcls\u0151 permetez\u00e9s<\/strong>Haszn\u00e1ljon \u00e1ttetsz\u0151 sz\u00edn\u00e1tmenetes sz\u00f3r\u00e1st (pl. borosty\u00e1n vagy f\u00fcstsz\u00fcrke), amely lehet\u0151v\u00e9 teszi, hogy a gyertyal\u00e1ng m\u00e9lyebben ragyogjon \u00e1t a dombornyomott text\u00far\u00e1kon.<\/li>\n<li><strong>Iriz\u00e1l\u00f3\/ionos bevonat<\/strong>: Az \u00fcveg 3D-s text\u00far\u00e1j\u00e1t t\u00fckr\u00f6z\u0151 fel\u00fclet, gy\u00f6ngyh\u00e1z vagy sziv\u00e1rv\u00e1nyos hat\u00e1s\u00fa kieg\u00e9sz\u00edt\u0151kkel, ide\u00e1lis esk\u00fcv\u0151kre \u00e9s aj\u00e1nd\u00e9kt\u00e1rgyak piac\u00e1ra.<\/li>\n<\/ol>\n<h3>Egyedi csomagol\u00f3k\u00e9szletek:<\/h3>\n<ol>\n<li><strong>Kiskereskedelmi forgalomba k\u00e9sz merev dobozok<\/strong>K\u00fcl\u00f6nb\u00f6z\u0151 m\u00e9ret\u0171, c\u00e9lra gy\u00e1rtott farostlemez aj\u00e1nd\u00e9kdobozok EVA vagy EPE habszivacs bet\u00e9tekkel, amelyek garant\u00e1lj\u00e1k a t\u00f6r\u00e9smentess\u00e9get \u00f6mlesztett kezel\u00e9s \u00e9s nemzetk\u00f6zi sz\u00e1ll\u00edt\u00e1s sor\u00e1n.<\/li>\n<li><strong>Saj\u00e1t c\u00edmk\u00e9z\u00e9s<\/strong>F\u00f3li\u00e1val b\u00e9lyegzett c\u00edmk\u00e9k vagy szitanyom\u00e1s az \u00fcveged\u00e9ny lapos, t\u00e9glalap alak\u00fa r\u00e9sz\u00e9re nagy mennyis\u00e9gben, privatiz\u00e1ci\u00f3s c\u00edmk\u00e9vel (OEM) ell\u00e1tott megold\u00e1s l\u00e9trehoz\u00e1sa \u00e9rdek\u00e9ben.<\/li>\n<li><strong>B2B \u00e9rt\u00e9k<\/strong>Az egyik megold\u00e1s egy kulcsrak\u00e9sz megold\u00e1s l\u00e9trehoz\u00e1sa lenne a term\u00e9keik \u00e9s csomagjaik csomagol\u00e1s\u00e1ra, ami leegyszer\u0171s\u00edten\u00e9 az \u00fcgyf\u00e9l ell\u00e1t\u00e1si l\u00e1nc\u00e1t \u00e9s felgyors\u00edtan\u00e1 a piacra jut\u00e1si id\u0151t.<\/li>\n<\/ol>","protected":false},"excerpt":{"rendered":"<p>Dombornyomott \u00fcveg gyertyatart\u00f3k nagykereskedelemben. Vintage mint\u00e1k kagyl\u00f3s peremmel. Pr\u00e9mium min\u0151s\u00e9g\u0171 kell\u00e9kek gyertyagy\u00e1rt\u00f3k, saj\u00e1t m\u00e1rk\u00e1s term\u00e9kek \u00e9s rendezv\u00e9nydekor\u00e1ci\u00f3-nagykeresked\u0151k sz\u00e1m\u00e1ra.<\/p>","protected":false},"featured_media":4897,"template":"","meta":{"site-sidebar-layout":"default","site-content-layout":"","ast-site-content-layout":"default","site-content-style":"default","site-sidebar-style":"default","ast-global-header-display":"","ast-banner-title-visibility":"","ast-main-header-display":"","ast-hfb-above-header-display":"","ast-hfb-below-header-display":"","ast-hfb-mobile-header-display":"","site-post-title":"","ast-breadcrumbs-content":"","ast-featured-img":"","footer-sml-layout":"","theme-transparent-header-meta":"default","adv-header-id-meta":"","stick-header-meta":"","header-above-stick-meta":"","header-main-stick-meta":"","header-below-stick-meta":"","astra-migrate-meta-layouts":"set","ast-page-background-enabled":"default","ast-page-background-meta":{"desktop":{"background-color":"var(--ast-global-color-5)","background-image":"","background-repeat":"repeat","background-position":"center center","background-size":"auto","background-attachment":"scroll","background-type":"","background-media":"","overlay-type":"","overlay-color":"","overlay-opacity":"","overlay-gradient":""},"tablet":{"background-color":"","background-image":"","background-repeat":"repeat","background-position":"center center","background-size":"auto","background-attachment":"scroll","background-type":"","background-media":"","overlay-type":"","overlay-color":"","overlay-opacity":"","overlay-gradient":""},"mobile":{"background-color":"","background-image":"","background-repeat":"repeat","background-position":"center center","background-size":"auto","background-attachment":"scroll","background-type":"","background-media":"","overlay-type":"","overlay-color":"","overlay-opacity":"","overlay-gradient":""}},"ast-content-background-meta":{"desktop":{"background-color":"var(--ast-global-color-4)","background-image":"","background-repeat":"repeat","background-position":"center center","background-size":"auto","background-attachment":"scroll","background-type":"","background-media":"","overlay-type":"","overlay-color":"","overlay-opacity":"","overlay-gradient":""},"tablet":{"background-color":"var(--ast-global-color-4)","background-image":"","background-repeat":"repeat","background-position":"center center","background-size":"auto","background-attachment":"scroll","background-type":"","background-media":"","overlay-type":"","overlay-color":"","overlay-opacity":"","overlay-gradient":""},"mobile":{"background-color":"var(--ast-global-color-4)","background-image":"","background-repeat":"repeat","background-position":"center center","background-size":"auto","background-attachment":"scroll","background-type":"","background-media":"","overlay-type":"","overlay-color":"","overlay-opacity":"","overlay-gradient":""}}},"product_brand":[],"product_cat":[28,21],"product_tag":[51,50],"class_list":{"0":"post-463","1":"product","2":"type-product","3":"status-publish","4":"has-post-thumbnail","6":"product_cat-glass-candle-jars","7":"product_cat-product","8":"product_tag-custom-candle-jars","9":"product_tag-frosted-candle-jars","10":"desktop-align-left","11":"tablet-align-left","12":"mobile-align-left","14":"first","15":"instock","16":"shipping-taxable","17":"product-type-simple"},"jetpack_sharing_enabled":true,"_links":{"self":[{"href":"https:\/\/mostebglass.com\/hu\/wp-json\/wp\/v2\/product\/463","targetHints":{"allow":["GET"]}}],"collection":[{"href":"https:\/\/mostebglass.com\/hu\/wp-json\/wp\/v2\/product"}],"about":[{"href":"https:\/\/mostebglass.com\/hu\/wp-json\/wp\/v2\/types\/product"}],"wp:featuredmedia":[{"embeddable":true,"href":"https:\/\/mostebglass.com\/hu\/wp-json\/wp\/v2\/media\/4897"}],"wp:attachment":[{"href":"https:\/\/mostebglass.com\/hu\/wp-json\/wp\/v2\/media?parent=463"}],"wp:term":[{"taxonomy":"product_brand","embeddable":true,"href":"https:\/\/mostebglass.com\/hu\/wp-json\/wp\/v2\/product_brand?post=463"},{"taxonomy":"product_cat","embeddable":true,"href":"https:\/\/mostebglass.com\/hu\/wp-json\/wp\/v2\/product_cat?post=463"},{"taxonomy":"product_tag","embeddable":true,"href":"https:\/\/mostebglass.com\/hu\/wp-json\/wp\/v2\/product_tag?post=463"}],"curies":[{"name":"wp","href":"https:\/\/api.w.org\/{rel}","templated":true}]}}