{"id":490,"date":"2025-08-18T18:13:52","date_gmt":"2025-08-18T10:13:52","guid":{"rendered":"https:\/\/mostebglass.com\/?post_type=product&#038;p=490"},"modified":"2026-02-26T16:38:51","modified_gmt":"2026-02-26T08:38:51","slug":"185ml-ribbed-glass-jar-candle-holders-with-base","status":"publish","type":"product","link":"https:\/\/mostebglass.com\/hu\/185ml-ribbed-glass-jar-candle-holders-with-base\/","title":{"rendered":"185 ml-es bord\u00e1zott \u00fcveg gyertyatart\u00f3k talppal"},"content":{"rendered":"<p>This 185ml glass jar candle holders feature a clear, thick-walled construction with elegant vertical ribbed detailing around the body. The cylindrical shape is slightly elevated by a solid round base, giving it a balanced and stable silhouette. The transparent glass allows candlelight to shine through beautifully, while the fluted texture adds depth and subtle visual interest. Its compact size makes it suitable for both tabletop display and decorative arrangements.<\/p>\n<h2>F\u0151bb specifik\u00e1ci\u00f3k<\/h2>\n<table style=\"border-collapse: collapse; width: 80%; margin-left: auto; margin-right: auto;\" border=\"0\" width=\"80%\" cellspacing=\"0\" cellpadding=\"0\">\n<tbody>\n<tr style=\"height: 13.50pt;\">\n<td style=\"height: 13.50pt;\" height=\"18\">M\u00e9ret<\/td>\n<td>185 ml (70 * 60 * 80 mm)<\/td>\n<\/tr>\n<tr style=\"height: 13.50pt;\">\n<td style=\"height: 13.50pt;\" height=\"18\">Anyag<\/td>\n<td>\u00d3lommentes sz\u00f3da\u00fcveg<\/td>\n<\/tr>\n<tr style=\"height: 13.50pt;\">\n<td style=\"height: 13.50pt;\" height=\"18\">Testreszab\u00e1si lehet\u0151s\u00e9gek<\/td>\n<td>Sz\u00edn, c\u00edmke, fel\u00fcletkezel\u00e9s, fed\u00e9l, tartoz\u00e9kok, csomagol\u00e1s<\/td>\n<\/tr>\n<\/tbody>\n<\/table>\n<h2>Alkalmaz\u00e1s<\/h2>\n<p>Sokoldal\u00fara tervezve, ez az \u00fcveg gyertyatart\u00f3 ide\u00e1lis t\u00e9gelyes gyerty\u00e1khoz, illatos gyerty\u00e1khoz \u00e9s bark\u00e1cs gyertyak\u00e9sz\u00edt\u00e9si projektekhez. Haszn\u00e1lhat\u00f3 otthoni dekor\u00e1ci\u00f3ban, p\u00e9ld\u00e1ul nappaliban, h\u00e1l\u00f3szob\u00e1ban, f\u00fcrd\u0151szob\u00e1ban \u00e9s \u00e9tkez\u0151asztaln\u00e1l, valamint esk\u00fcv\u0151k\u00f6n, partikon \u00e9s rendezv\u00e9nyek asztald\u00edszein. A tart\u00f3s \u00fcveg ellen\u00e1ll a gyertyaviasz h\u0151j\u00e9nek, \u00edgy praktikus \u00e9s dekorat\u00edv is egyben.<\/p>\n<h2>Speci\u00e1lis testreszab\u00e1si tippek<\/h2>\n<ul>\n<li><strong>K\u00f6rnyezetbar\u00e1t c\u00edmke nagykereskedelmi gyertyam\u00e1rk\u00e1khoz:\u00a0<\/strong>Egy \u00fcvegtet\u0151n tal\u00e1lhat\u00f3 levehet\u0151 \u201e\u00f6ko\u201d felirat felfedheti a c\u00edmk\u00e9n szerepl\u0151 gyertya \u00fajrahasznos\u00edt\u00e1si lehet\u0151s\u00e9g\u00e9t, vagy biol\u00f3giailag leboml\u00f3 Vik opci\u00f3kat k\u00edn\u00e1lhat. Ez nemcsak n\u00f6veli a m\u00e1rka megb\u00edzhat\u00f3s\u00e1g\u00e1t, mint pr\u00e9mium, k\u00f6rnyezettudatos gyertya, hanem a m\u00e1rka pr\u00e9mium \u00e9rt\u00e9k\u00e9t is versenyk\u00e9pesebb\u00e9 teszi.<\/li>\n<li><strong>Vegyes text\u00far\u00e1k sz\u00e9les gyertyatart\u00f3 v\u00e1laszt\u00e9kot hoznak l\u00e9tre:\u00a0<\/strong>A vegyes text\u00far\u00e1k, p\u00e9ld\u00e1ul a f\u00fcgg\u0151leges cs\u00edkok k\u00edn\u00e1lata v\u00e1ltozatos gyertyadiz\u00e1jnokat eredm\u00e9nyez. Ez a nagykereskedelmi \u00fcveg seg\u00edthet a gyerty\u00e1knak helyt\u00e1llni a versenyk\u00e9pes piacon.<\/li>\n<\/ul>\n<p>&nbsp;<\/p>","protected":false},"excerpt":{"rendered":"<p>Bulk 185ml ribbed glass jar candle holders for manufacturers and wholesalers. Durable thick base, ideal for private label, OEM, and custom candle production.<\/p>","protected":false},"featured_media":493,"template":"","meta":{"site-sidebar-layout":"default","site-content-layout":"","ast-site-content-layout":"default","site-content-style":"default","site-sidebar-style":"default","ast-global-header-display":"","ast-banner-title-visibility":"","ast-main-header-display":"","ast-hfb-above-header-display":"","ast-hfb-below-header-display":"","ast-hfb-mobile-header-display":"","site-post-title":"","ast-breadcrumbs-content":"","ast-featured-img":"","footer-sml-layout":"","theme-transparent-header-meta":"default","adv-header-id-meta":"","stick-header-meta":"","header-above-stick-meta":"","header-main-stick-meta":"","header-below-stick-meta":"","astra-migrate-meta-layouts":"set","ast-page-background-enabled":"default","ast-page-background-meta":{"desktop":{"background-color":"var(--ast-global-color-5)","background-image":"","background-repeat":"repeat","background-position":"center center","background-size":"auto","background-attachment":"scroll","background-type":"","background-media":"","overlay-type":"","overlay-color":"","overlay-opacity":"","overlay-gradient":""},"tablet":{"background-color":"","background-image":"","background-repeat":"repeat","background-position":"center center","background-size":"auto","background-attachment":"scroll","background-type":"","background-media":"","overlay-type":"","overlay-color":"","overlay-opacity":"","overlay-gradient":""},"mobile":{"background-color":"","background-image":"","background-repeat":"repeat","background-position":"center center","background-size":"auto","background-attachment":"scroll","background-type":"","background-media":"","overlay-type":"","overlay-color":"","overlay-opacity":"","overlay-gradient":""}},"ast-content-background-meta":{"desktop":{"background-color":"var(--ast-global-color-4)","background-image":"","background-repeat":"repeat","background-position":"center center","background-size":"auto","background-attachment":"scroll","background-type":"","background-media":"","overlay-type":"","overlay-color":"","overlay-opacity":"","overlay-gradient":""},"tablet":{"background-color":"var(--ast-global-color-4)","background-image":"","background-repeat":"repeat","background-position":"center center","background-size":"auto","background-attachment":"scroll","background-type":"","background-media":"","overlay-type":"","overlay-color":"","overlay-opacity":"","overlay-gradient":""},"mobile":{"background-color":"var(--ast-global-color-4)","background-image":"","background-repeat":"repeat","background-position":"center center","background-size":"auto","background-attachment":"scroll","background-type":"","background-media":"","overlay-type":"","overlay-color":"","overlay-opacity":"","overlay-gradient":""}}},"product_brand":[],"product_cat":[28,21],"product_tag":[],"class_list":{"0":"post-490","1":"product","2":"type-product","3":"status-publish","4":"has-post-thumbnail","6":"product_cat-glass-candle-jars","7":"product_cat-product","8":"desktop-align-left","9":"tablet-align-left","10":"mobile-align-left","12":"first","13":"instock","14":"shipping-taxable","15":"product-type-simple"},"jetpack_sharing_enabled":true,"_links":{"self":[{"href":"https:\/\/mostebglass.com\/hu\/wp-json\/wp\/v2\/product\/490","targetHints":{"allow":["GET"]}}],"collection":[{"href":"https:\/\/mostebglass.com\/hu\/wp-json\/wp\/v2\/product"}],"about":[{"href":"https:\/\/mostebglass.com\/hu\/wp-json\/wp\/v2\/types\/product"}],"wp:featuredmedia":[{"embeddable":true,"href":"https:\/\/mostebglass.com\/hu\/wp-json\/wp\/v2\/media\/493"}],"wp:attachment":[{"href":"https:\/\/mostebglass.com\/hu\/wp-json\/wp\/v2\/media?parent=490"}],"wp:term":[{"taxonomy":"product_brand","embeddable":true,"href":"https:\/\/mostebglass.com\/hu\/wp-json\/wp\/v2\/product_brand?post=490"},{"taxonomy":"product_cat","embeddable":true,"href":"https:\/\/mostebglass.com\/hu\/wp-json\/wp\/v2\/product_cat?post=490"},{"taxonomy":"product_tag","embeddable":true,"href":"https:\/\/mostebglass.com\/hu\/wp-json\/wp\/v2\/product_tag?post=490"}],"curies":[{"name":"wp","href":"https:\/\/api.w.org\/{rel}","templated":true}]}}