{"id":500,"date":"2025-08-18T17:56:50","date_gmt":"2025-08-18T09:56:50","guid":{"rendered":"https:\/\/mostebglass.com\/?post_type=product&#038;p=500"},"modified":"2026-02-09T16:42:30","modified_gmt":"2026-02-09T08:42:30","slug":"tulip-flower-candle-glass-jars-glass-candle-holders-wholesale","status":"publish","type":"product","link":"https:\/\/mostebglass.com\/hu\/tulip-flower-candle-glass-jars-glass-candle-holders-wholesale\/","title":{"rendered":"110 ml-es tulip\u00e1n vir\u00e1ggyertya \u00fcvegek | \u00dcveg gyertyatart\u00f3k nagykereskedelem"},"content":{"rendered":"<p>Ezek az \u00fcveg gyertyatart\u00f3k k\u00edv\u00fclr\u0151l faragott tulip\u00e1nvir\u00e1g t\u00e9m\u00e1val d\u00edsz\u00edtettek, k\u00fcls\u0151 falukat t\u00f6bb r\u00e9tegben elhelyezett szirmok form\u00e1i alkotj\u00e1k. Az \u00fcveg vastag \u00e9s sz\u00e9pen csiszolt, a l\u00e1gy \u00edvek \u00e9s a szimmetrikus, lekerek\u00edtett form\u00e1k j\u00f3l l\u00e1that\u00f3ak. Az \u00e1ttetsz\u0151 \u00e9s f\u00e9lig \u00e1tl\u00e1tsz\u00f3 \u00fcvegben meggy\u00fajtott gyertya egyenletesen visszaveri \u00e9s sz\u00e9tter\u00edti a f\u00e9nyt, a meleg \u00e9s l\u00e1gy f\u00e9ny simogatja a kiemelked\u0151 r\u00e9szeket. Az \u00fcvegek t\u00f6bbf\u00e9le fel\u00fcletkezel\u00e9ssel k\u00e9sz\u00fclnek, \u00e1tl\u00e1tsz\u00f3, borosty\u00e1nsz\u00edn\u0171 \u00e9s matt, mindegyik m\u00e1s vizu\u00e1lis hat\u00e1st kelt, de a vir\u00e1gos szerkezet mindegyikn\u00e9l ugyanaz.<\/p>\n<p><img fetchpriority=\"high\" decoding=\"async\" class=\"wp-image-4400 aligncenter\" src=\"https:\/\/mostebglass.com\/wp-content\/uploads\/2025\/08\/clear-Tulip-Flower-Candle-Glass-Jars.webp\" alt=\"tiszta tulip\u00e1n vir\u00e1ggyertya \u00fcveged\u00e9nyek\" width=\"500\" height=\"500\" srcset=\"https:\/\/mostebglass.com\/wp-content\/uploads\/2025\/08\/clear-Tulip-Flower-Candle-Glass-Jars.webp 1024w, https:\/\/mostebglass.com\/wp-content\/uploads\/2025\/08\/clear-Tulip-Flower-Candle-Glass-Jars-768x768.webp 768w, https:\/\/mostebglass.com\/wp-content\/uploads\/2025\/08\/clear-Tulip-Flower-Candle-Glass-Jars-12x12.webp 12w, https:\/\/mostebglass.com\/wp-content\/uploads\/2025\/08\/clear-Tulip-Flower-Candle-Glass-Jars-300x300.webp 300w, https:\/\/mostebglass.com\/wp-content\/uploads\/2025\/08\/clear-Tulip-Flower-Candle-Glass-Jars-600x600.webp 600w, https:\/\/mostebglass.com\/wp-content\/uploads\/2025\/08\/clear-Tulip-Flower-Candle-Glass-Jars-100x100.webp 100w\" sizes=\"(max-width: 500px) 100vw, 500px\" \/><\/p>\n<h2>Term\u00e9kjellemz\u0151k<\/h2>\n<p><strong>Petrol alak\u00fa perem m\u0171v\u00e9szi diz\u00e1jnhoz:\u00a0<\/strong>A gyertyaszer\u0171 gyertyatart\u00f3 egy vir\u00e1gz\u00f3 vir\u00e1got ut\u00e1noz, \u00edgy a luxusgyerty\u00e1d b\u00e1rhol k\u00f6z\u00e9ppontnak t\u0171nik.<\/p>\n<p><strong>F\u00fcgg\u0151leges cs\u00edkok a f\u00e9nyt\u00f6r\u00e9shez:\u00a0<\/strong>A textur\u00e1lt fel\u00fclet krist\u00e1lytiszta, csiszolt \u00fcveg gyertyatart\u00f3t eredm\u00e9nyez, amely visszaveri a f\u00e9nyt, m\u00e9lys\u00e9get adva a nagykereskedelmi gyertyaki\u00e1ll\u00edt\u00e1snak.<\/p>\n<h2>F\u0151bb specifik\u00e1ci\u00f3k<\/h2>\n<table style=\"border-collapse: collapse; width: 80%; margin-left: auto; margin-right: auto;\" border=\"0\" width=\"144\" cellspacing=\"0\" cellpadding=\"0\">\n<tbody>\n<tr style=\"height: 13.50pt;\">\n<td style=\"height: 13.50pt; width: 54.00pt;\" width=\"72\" height=\"18\">Jellemz\u0151<\/td>\n<td style=\"width: 54.00pt;\" width=\"72\">R\u00e9szletek<\/td>\n<\/tr>\n<tr style=\"height: 13.50pt;\">\n<td style=\"height: 13.50pt;\" height=\"18\">Kapacit\u00e1s<\/td>\n<td>110 ml<\/td>\n<\/tr>\n<tr style=\"height: 13.50pt;\">\n<td style=\"height: 13.50pt;\" height=\"18\">M\u00e9retek<\/td>\n<td>75*75 mm<\/td>\n<\/tr>\n<tr style=\"height: 13.50pt;\">\n<td style=\"height: 13.50pt;\" height=\"18\">Mint\u00e1k<\/td>\n<td>Szirommint\u00e1s perem, f\u00fcgg\u0151leges bord\u00e1k<\/td>\n<\/tr>\n<tr style=\"height: 13.50pt;\">\n<td style=\"height: 13.50pt;\" height=\"18\">Sz\u00edn<\/td>\n<td>Borosty\u00e1n, feh\u00e9r, \u00e1tmenetes r\u00f3zsasz\u00edn, \u00e1tl\u00e1tsz\u00f3, vagy az \u00d6n egyedi sz\u00edne.<\/td>\n<\/tr>\n<\/tbody>\n<\/table>\n<h2>Testreszab\u00e1si tippek<\/h2>\n<p><strong>Szezon\u00e1lis text\u00fara kombin\u00e1ci\u00f3 nagykereskedelmi gyertyakollekci\u00f3hoz: <\/strong>Az \u00fcnnepek alatt korl\u00e1tozott szanszkrit text\u00far\u00e1j\u00fa, p\u00e9ld\u00e1ul \u201ematt szirmok\u201d vagy \u201earanyos vonalak\u201d gyerty\u00e1kat dobnak piacra. Ezeket az \u00fcvegb\u0151l k\u00e9sz\u00fclt gyerty\u00e1kat a Jar nagykereskedelmi gyertyam\u00e1rk\u00e1k gy\u0171jtik, amelyek c\u00e9lja, hogy kihaszn\u00e1lj\u00e1k a szezon\u00e1lis trendeket.<\/p>","protected":false},"excerpt":{"rendered":"<p>Pr\u00e9mium tulip\u00e1nvir\u00e1g gyertya \u00fcveged\u00e9nyek szoborszer\u0171 vir\u00e1gd\u00edsz\u00edt\u00e9ssel. Ide\u00e1lis illatos gyerty\u00e1khoz, lakberendez\u00e9shez \u00e9s nagy t\u00e9telben t\u00f6rt\u00e9n\u0151 megrendel\u00e9sekhez. K\u00f6zvetlen gy\u00e1ri sz\u00e1ll\u00edt\u00e1s \u00e9s egyedi ig\u00e9nyek kiel\u00e9g\u00edt\u00e9se is lehets\u00e9ges.<\/p>","protected":false},"featured_media":4404,"template":"","meta":{"site-sidebar-layout":"default","site-content-layout":"","ast-site-content-layout":"default","site-content-style":"default","site-sidebar-style":"default","ast-global-header-display":"","ast-banner-title-visibility":"","ast-main-header-display":"","ast-hfb-above-header-display":"","ast-hfb-below-header-display":"","ast-hfb-mobile-header-display":"","site-post-title":"","ast-breadcrumbs-content":"","ast-featured-img":"","footer-sml-layout":"","theme-transparent-header-meta":"default","adv-header-id-meta":"","stick-header-meta":"","header-above-stick-meta":"","header-main-stick-meta":"","header-below-stick-meta":"","astra-migrate-meta-layouts":"set","ast-page-background-enabled":"default","ast-page-background-meta":{"desktop":{"background-color":"var(--ast-global-color-5)","background-image":"","background-repeat":"repeat","background-position":"center center","background-size":"auto","background-attachment":"scroll","background-type":"","background-media":"","overlay-type":"","overlay-color":"","overlay-opacity":"","overlay-gradient":""},"tablet":{"background-color":"","background-image":"","background-repeat":"repeat","background-position":"center center","background-size":"auto","background-attachment":"scroll","background-type":"","background-media":"","overlay-type":"","overlay-color":"","overlay-opacity":"","overlay-gradient":""},"mobile":{"background-color":"","background-image":"","background-repeat":"repeat","background-position":"center center","background-size":"auto","background-attachment":"scroll","background-type":"","background-media":"","overlay-type":"","overlay-color":"","overlay-opacity":"","overlay-gradient":""}},"ast-content-background-meta":{"desktop":{"background-color":"var(--ast-global-color-4)","background-image":"","background-repeat":"repeat","background-position":"center center","background-size":"auto","background-attachment":"scroll","background-type":"","background-media":"","overlay-type":"","overlay-color":"","overlay-opacity":"","overlay-gradient":""},"tablet":{"background-color":"var(--ast-global-color-4)","background-image":"","background-repeat":"repeat","background-position":"center center","background-size":"auto","background-attachment":"scroll","background-type":"","background-media":"","overlay-type":"","overlay-color":"","overlay-opacity":"","overlay-gradient":""},"mobile":{"background-color":"var(--ast-global-color-4)","background-image":"","background-repeat":"repeat","background-position":"center center","background-size":"auto","background-attachment":"scroll","background-type":"","background-media":"","overlay-type":"","overlay-color":"","overlay-opacity":"","overlay-gradient":""}}},"product_brand":[],"product_cat":[28,21],"product_tag":[],"class_list":{"0":"post-500","1":"product","2":"type-product","3":"status-publish","4":"has-post-thumbnail","6":"product_cat-glass-candle-jars","7":"product_cat-product","8":"desktop-align-left","9":"tablet-align-left","10":"mobile-align-left","12":"first","13":"instock","14":"shipping-taxable","15":"product-type-simple"},"jetpack_sharing_enabled":true,"_links":{"self":[{"href":"https:\/\/mostebglass.com\/hu\/wp-json\/wp\/v2\/product\/500","targetHints":{"allow":["GET"]}}],"collection":[{"href":"https:\/\/mostebglass.com\/hu\/wp-json\/wp\/v2\/product"}],"about":[{"href":"https:\/\/mostebglass.com\/hu\/wp-json\/wp\/v2\/types\/product"}],"wp:featuredmedia":[{"embeddable":true,"href":"https:\/\/mostebglass.com\/hu\/wp-json\/wp\/v2\/media\/4404"}],"wp:attachment":[{"href":"https:\/\/mostebglass.com\/hu\/wp-json\/wp\/v2\/media?parent=500"}],"wp:term":[{"taxonomy":"product_brand","embeddable":true,"href":"https:\/\/mostebglass.com\/hu\/wp-json\/wp\/v2\/product_brand?post=500"},{"taxonomy":"product_cat","embeddable":true,"href":"https:\/\/mostebglass.com\/hu\/wp-json\/wp\/v2\/product_cat?post=500"},{"taxonomy":"product_tag","embeddable":true,"href":"https:\/\/mostebglass.com\/hu\/wp-json\/wp\/v2\/product_tag?post=500"}],"curies":[{"name":"wp","href":"https:\/\/api.w.org\/{rel}","templated":true}]}}