{"id":516,"date":"2025-08-18T18:02:10","date_gmt":"2025-08-18T10:02:10","guid":{"rendered":"https:\/\/mostebglass.com\/?post_type=product&#038;p=516"},"modified":"2026-03-18T13:56:58","modified_gmt":"2026-03-18T05:56:58","slug":"reed-diffuser-bottles-polygon-bottom-style-wholesale","status":"publish","type":"product","link":"https:\/\/mostebglass.com\/hu\/reed-diffuser-bottles-polygon-bottom-style-wholesale\/","title":{"rendered":"120 ml-es n\u00e1d diff\u00fazor palackok soksz\u00f6g\u0171 alj\u00fa st\u00edlus nagykereskedelem"},"content":{"rendered":"<h2>Term\u00e9kbemutat\u00f3<\/h2>\n<p>Sz\u00fcks\u00e9ged van egy \u00fcveg diff\u00fazorra, ami nem csak ill\u00f3olajokat t\u00e1rol, hanem meg kell testes\u00edtenie a m\u00e1rk\u00e1dat is. Ez a n\u00e1ddiff\u00fazor letisztult, f\u00e9nyt visszaver\u0151 kialak\u00edt\u00e1s\u00fa, eleg\u00e1ns \u00e9s dinamikus \u00e9lm\u00e9nyt ny\u00fajtva. T\u00f6k\u00e9letes megold\u00e1s az ill\u00f3olaj-t\u00e1rol\u00e1si ig\u00e9nyeid kiel\u00e9g\u00edt\u00e9s\u00e9re.<\/p>\n<h2>Term\u00e9kjellemz\u0151k<\/h2>\n<ul>\n<li>Kiv\u00e1l\u00f3 min\u0151s\u00e9g\u0171 \u00fcveg: Kiv\u00e1l\u00f3 min\u0151s\u00e9g\u0171 \u00fcveget haszn\u00e1lunk a tart\u00f3ss\u00e1g \u00e9s a krist\u00e1lytisztas\u00e1g \u00e9rdek\u00e9ben \u2013 az ill\u00f3olajok \u00e9s illatanyagok tiszt\u00e1k maradnak, \u00e9s remek\u00fcl mutatnak b\u00e1rmelyik polcon.<\/li>\n<li>Reed Depute-hoz igaz\u00edtva: A keskeny sz\u00e1j egyenesen tartja a n\u00e1dat, cs\u00f6kkentve a p\u00e1rolg\u00e1st \u00e9s biztos\u00edtva az illat tart\u00f3ss\u00e1g\u00e1t.<\/li>\n<li>Geometriai forma: A palack soksz\u00f6g\u0171 alakja egyedi, st\u00edlusos \u00e9s m\u0171v\u00e9szi, \u00edgy b\u00e1rmilyen helyis\u00e9gbe t\u00f6k\u00e9letes.<\/li>\n<\/ul>\n<h2>Sikeres eset<\/h2>\n<p>Egy hollandiai sz\u00e9khely\u0171 nemzetk\u00f6zi lakberendez\u00e9si c\u00e9g v\u00e1lasztotta 120 ml-es \u00e1tl\u00e1tsz\u00f3 \u00fcveg diff\u00fazor flakonjainkat. A szem\u00e9lyre szab\u00e1s r\u00e9szleteir\u0151l sz\u00f3lva, az \u00fcgyf\u00e9l nem k\u00edv\u00e1nt szabv\u00e1nyos kupakokat haszn\u00e1lni, hanem egyedi szilikon dug\u00f3t haszn\u00e1lt, amelyet okosan elrejtettek a nyakban; ez nemcsak a n\u00e1dsz\u00e1lakat tartja a hely\u00e9n, hanem meg\u0151rzi a flakon minimalista \u00e9s letisztult megjelen\u00e9s\u00e9t is. M\u00e9g magukat a n\u00e1dsz\u00e1lakat is hibrid form\u00e1tumra \u2013 egyenes n\u00e1dsz\u00e1lakb\u00f3l d\u00edszes vir\u00e1gos tetejjel \u2013 alak\u00edtottuk \u00e1t, hogy vizu\u00e1lis gazdags\u00e1got \u00e9s text\u00far\u00e1t adjunk a term\u00e9knek.<\/p>\n<p>A deb\u00fct\u00e1l\u00e1sa ut\u00e1n a sorozat kiskereskedelmi elad\u00e1sai 29%-kal n\u0151ttek az els\u0151 negyed\u00e9vben. A pozit\u00edv piaci reakci\u00f3knak k\u00f6sz\u00f6nhet\u0151en az \u00fcgyf\u00e9l n\u00e9gy egym\u00e1st k\u00f6vet\u0151 megrendel\u00e9st adott le a k\u00f6vetkez\u0151 h\u00e9t h\u00f3napban.<\/p>\n<h2>Szeretn\u00e9d testre szabni ezt a n\u00e1dp\u00e1lc\u00e1s diff\u00fazor palackot?<\/h2>\n<p>Vannak lehet\u0151s\u00e9geid \u2013 val\u00f3di lehet\u0151s\u00e9geid. Matt fekete elox\u00e1lt fel\u00fcletet szeretn\u00e9l aranyozott, melegen sajtolt log\u00f3val? Semmi gond. Egyedi rendsz\u00e1mt\u00e1bl\u00e1kkal \u00e9s sz\u00ednes c\u00edmk\u00e9kkel ell\u00e1tott puha piperecikket szeretn\u00e9l? K\u00f6nny\u0171. Egyedi sz\u00edn\u0171 \u00fcveg? Semmi gond! Ez egy m\u00f3dja annak, hogy szem\u00e9lyre szabd a n\u00e1dp\u00e1lc\u00e1s illatos\u00edt\u00f3 palackgy\u0171jtem\u00e9nyedet. M\u00e9g a dug\u00f3 is testreszabhat\u00f3 a v\u00e1lasztott sz\u00ednnel \u2013 fa, f\u00e9m vagy m\u0171anyag.<\/p>\n<p>Ez t\u00f6bb, mint egy \u00fcveg vagy egy \u00e1tlagos t\u00e1rol\u00f3ed\u00e9ny; ez a m\u00e1rk\u00e1d jellegzetes \u00fcvegpalackja. K\u00e9szen \u00e1llsz kipr\u00f3b\u00e1lni, vagy nagy t\u00e9telben rendelni? Hadd tegy\u00fck felejthetetlenn\u00e9 a k\u00f6vetkez\u0151 term\u00e9kbemutat\u00f3dat.<\/p>","protected":false},"excerpt":{"rendered":"<p>Kiv\u00e1l\u00f3 min\u0151s\u00e9g\u0171, nagykereskedelmi aromater\u00e1pi\u00e1s n\u00e1dpalackok, diff\u00fazorpalackok \u00e9s lakberendez\u00e9si m\u00e1rk\u00e1k. Testreszabhat\u00f3 \u00fcvegpalackok kaphat\u00f3k nagy t\u00e9telben. Ingyenes mint\u00e1k kaphat\u00f3k.<\/p>","protected":false},"featured_media":4803,"template":"","meta":{"site-sidebar-layout":"default","site-content-layout":"","ast-site-content-layout":"default","site-content-style":"default","site-sidebar-style":"default","ast-global-header-display":"","ast-banner-title-visibility":"","ast-main-header-display":"","ast-hfb-above-header-display":"","ast-hfb-below-header-display":"","ast-hfb-mobile-header-display":"","site-post-title":"","ast-breadcrumbs-content":"","ast-featured-img":"","footer-sml-layout":"","theme-transparent-header-meta":"default","adv-header-id-meta":"","stick-header-meta":"","header-above-stick-meta":"","header-main-stick-meta":"","header-below-stick-meta":"","astra-migrate-meta-layouts":"set","ast-page-background-enabled":"default","ast-page-background-meta":{"desktop":{"background-color":"var(--ast-global-color-5)","background-image":"","background-repeat":"repeat","background-position":"center center","background-size":"auto","background-attachment":"scroll","background-type":"","background-media":"","overlay-type":"","overlay-color":"","overlay-opacity":"","overlay-gradient":""},"tablet":{"background-color":"","background-image":"","background-repeat":"repeat","background-position":"center center","background-size":"auto","background-attachment":"scroll","background-type":"","background-media":"","overlay-type":"","overlay-color":"","overlay-opacity":"","overlay-gradient":""},"mobile":{"background-color":"","background-image":"","background-repeat":"repeat","background-position":"center center","background-size":"auto","background-attachment":"scroll","background-type":"","background-media":"","overlay-type":"","overlay-color":"","overlay-opacity":"","overlay-gradient":""}},"ast-content-background-meta":{"desktop":{"background-color":"var(--ast-global-color-4)","background-image":"","background-repeat":"repeat","background-position":"center center","background-size":"auto","background-attachment":"scroll","background-type":"","background-media":"","overlay-type":"","overlay-color":"","overlay-opacity":"","overlay-gradient":""},"tablet":{"background-color":"var(--ast-global-color-4)","background-image":"","background-repeat":"repeat","background-position":"center center","background-size":"auto","background-attachment":"scroll","background-type":"","background-media":"","overlay-type":"","overlay-color":"","overlay-opacity":"","overlay-gradient":""},"mobile":{"background-color":"var(--ast-global-color-4)","background-image":"","background-repeat":"repeat","background-position":"center center","background-size":"auto","background-attachment":"scroll","background-type":"","background-media":"","overlay-type":"","overlay-color":"","overlay-opacity":"","overlay-gradient":""}}},"product_brand":[],"product_cat":[54],"product_tag":[],"class_list":{"0":"post-516","1":"product","2":"type-product","3":"status-publish","4":"has-post-thumbnail","6":"product_cat-reed-diffuser-bottles","7":"desktop-align-left","8":"tablet-align-left","9":"mobile-align-left","11":"first","12":"instock","13":"shipping-taxable","14":"product-type-simple"},"jetpack_sharing_enabled":true,"_links":{"self":[{"href":"https:\/\/mostebglass.com\/hu\/wp-json\/wp\/v2\/product\/516","targetHints":{"allow":["GET"]}}],"collection":[{"href":"https:\/\/mostebglass.com\/hu\/wp-json\/wp\/v2\/product"}],"about":[{"href":"https:\/\/mostebglass.com\/hu\/wp-json\/wp\/v2\/types\/product"}],"wp:featuredmedia":[{"embeddable":true,"href":"https:\/\/mostebglass.com\/hu\/wp-json\/wp\/v2\/media\/4803"}],"wp:attachment":[{"href":"https:\/\/mostebglass.com\/hu\/wp-json\/wp\/v2\/media?parent=516"}],"wp:term":[{"taxonomy":"product_brand","embeddable":true,"href":"https:\/\/mostebglass.com\/hu\/wp-json\/wp\/v2\/product_brand?post=516"},{"taxonomy":"product_cat","embeddable":true,"href":"https:\/\/mostebglass.com\/hu\/wp-json\/wp\/v2\/product_cat?post=516"},{"taxonomy":"product_tag","embeddable":true,"href":"https:\/\/mostebglass.com\/hu\/wp-json\/wp\/v2\/product_tag?post=516"}],"curies":[{"name":"wp","href":"https:\/\/api.w.org\/{rel}","templated":true}]}}