{"id":531,"date":"2025-08-18T18:02:22","date_gmt":"2025-08-18T10:02:22","guid":{"rendered":"https:\/\/mostebglass.com\/?post_type=product&#038;p=531"},"modified":"2026-03-16T15:30:23","modified_gmt":"2026-03-16T07:30:23","slug":"reed-diffuser-bottles-with-patterned-glass-bulk","status":"publish","type":"product","link":"https:\/\/mostebglass.com\/hu\/reed-diffuser-bottles-with-patterned-glass-bulk\/","title":{"rendered":"120 ml-es \u00e1tl\u00e1tsz\u00f3 n\u00e1dp\u00e1lc\u00e1s diff\u00fazor palackok mint\u00e1s \u00fcveggel, \u00f6mlesztett kiszerel\u00e9sben"},"content":{"rendered":"<p>Nem csak egy \u00fcvegp\u00e1rologtat\u00f3t v\u00e1s\u00e1rolsz, hanem egy m\u00e1rk\u00e1t is \u00e9p\u00edtesz. Minden r\u00e9szlet sz\u00e1m\u00edt, az \u00fcveg vastags\u00e1g\u00e1t\u00f3l kezdve eg\u00e9szen od\u00e1ig, ahogyan az illat terjed a n\u00e1dsz\u00e1lon kereszt\u00fcl. Ez\u00e9rt van ennek a n\u00e1dp\u00e1rologtat\u00f3 \u00fcvegnek l\u00e1gy, kerek form\u00e1ja, enyh\u00e9n kisz\u00e9lesed\u0151 teste \u00e9s v\u00e9kony nyaka. Az \u00e1tl\u00e1tsz\u00f3 \u00fcveg kifinomult fel\u00fcleti mint\u00e1zattal rendelkezik, amely praktikus, m\u00e9gis felt\u0171n\u0151 hat\u00e1st kelt. Kiemelkedik a hagyom\u00e1nyos diff\u00fazorok t\u00f6meg\u00e9b\u0151l.<\/p>\n<h2>Term\u00e9kjellemz\u0151k<\/h2>\n<ul>\n<li><strong>\u00c1tl\u00e1tsz\u00f3 anyag:<\/strong> \u00c1tl\u00e1tsz\u00f3 \u00fcvegb\u0151l k\u00e9sz\u00fclt, a diff\u00fazor folyad\u00e9ka j\u00f3l l\u00e1that\u00f3, tiszta \u00e9s vil\u00e1gos vizu\u00e1lis \u00e9lm\u00e9nyt ny\u00fajtva.<\/li>\n<li><strong>Eleg\u00e1ns textur\u00e1lt fel\u00fclet:<\/strong> Az \u00fcveg d\u00edsz\u00edt\u0151 mint\u00e1ja m\u00e9lys\u00e9get \u00e9s luxust k\u00f6lcs\u00f6n\u00f6z \u2013 a p\u00e1lc\u00e1s ill\u00f3olaj a legmagasabb szintet \u00e9ri el an\u00e9lk\u00fcl, hogy t\u00fals\u00e1gosan dr\u00e1mainak t\u0171nne.<\/li>\n<li><strong>Stabil \u00e9s praktikus kialak\u00edt\u00e1s:<\/strong> A sz\u00e9les talp megakad\u00e1lyozza a felborul\u00e1st. A keskeny nyak r\u00f6gz\u00edti a p\u00e1rologtat\u00f3 r\u00fadj\u00e1t \u00e9s cs\u00f6kkenti a p\u00e1rolg\u00e1st, fokozva az aroma sz\u00e9tterjed\u00e9s\u00e9t \u00e9s minimaliz\u00e1lva a ki\u00f6ml\u00e9st.<\/li>\n<\/ul>\n<h2>Hogyan tal\u00e1lta \u00fajra egy m\u00e1rka a term\u00e9kcsal\u00e1dj\u00e1t<\/h2>\n<p>120 ml-es dombornyomott \u00fcveg diff\u00fazorpalackjainkat egy olasz lakberendez\u00e9si m\u00e1rka k\u00edn\u00e1lat\u00e1b\u00f3l v\u00e1lasztottuk. Megjegyezt\u00e9k, hogy nagy tisztas\u00e1g\u00fa \u00fcveget kell haszn\u00e1lni, m\u00e9lydimenzi\u00f3s vir\u00e1gmint\u00e1s dombornyom\u00e1ssal. A diz\u00e1jn mag\u00e1ban foglalja az \u00fcveg v\u00e1ll\u00e1n tal\u00e1lhat\u00f3 aranyf\u00f3li\u00e1val pr\u00e9selt m\u00e1rkalog\u00f3t, valamint nat\u00far rattan diff\u00fazor n\u00e1dsz\u00e1lakat \u00e9s matt arany alum\u00ednium gy\u0171r\u0171t.<br \/>\nAz \u00faj diff\u00fazor sorozat bevezet\u00e9s\u00e9vel a szezon\u00e1lis elad\u00e1sok leny\u0171g\u00f6z\u0151, 32 sz\u00e1zal\u00e9kos n\u00f6veked\u00e9st mutattak az els\u0151 n\u00e9gy h\u00f3nap \u00e9rt\u00e9kes\u00edt\u00e9si ciklus\u00e1ban. Csak a term\u00e9k megjelen\u00e9s\u00e9nek els\u0151 \u00e9v\u00e9ben az \u00fcgyf\u00e9l n\u00e9gy egym\u00e1st k\u00f6vet\u0151 nagy volumen\u0171 \u00fajrarendel\u00e9st adott le.<\/p>\n<h2>Testreszab\u00e1si lehet\u0151s\u00e9geket keres? Itt mutatkozhat meg a legjobban.<\/h2>\n<p>Ez a palack testreszabhat\u00f3. A textur\u00e1lt fel\u00fclet val\u00f3j\u00e1ban kiemelhet bizonyos fel\u00fcleteket. Pr\u00f3b\u00e1ld ki ezeket:<\/p>\n<p>A testreszabhat\u00f3 opci\u00f3k k\u00f6z\u00e9 tartozik a melegnyom\u00e1s (remek eleg\u00e1ns log\u00f3hoz), a d\u00edsz\u00edt\u0151elemek\/c\u00edmk\u00e9k (ide\u00e1lisak a limit\u00e1lt kiad\u00e1s\u00fa v\u00e1ltozatokhoz) \u00e9s a fejlett dug\u00f3k (fa, bambusz vagy f\u00e9m). A kialak\u00edt\u00e1s lass\u00fa, stabil illatkibocs\u00e1t\u00e1st biztos\u00edt a fokozott illat\u00e9lm\u00e9ny \u00e9rdek\u00e9ben. T\u00f6k\u00e9letes \u00faj term\u00e9kekhez vagy a megl\u00e9v\u0151 diff\u00fazor palackcsomagol\u00e1sainak friss\u00edt\u00e9s\u00e9hez.<\/p>","protected":false},"excerpt":{"rendered":"<p>Nagykereskedelmi egyedi n\u00e1dp\u00e1rologtat\u00f3 palackok \u2013 Kiv\u00e1l\u00f3 min\u0151s\u00e9g\u0171 \u00e9s tart\u00f3s diz\u00e1jnok aromaterm\u00e9kek \u00e9s lakberendez\u00e9si ipar\u00e1gak sz\u00e1m\u00e1ra. Ingyenes mint\u00e1k.<\/p>","protected":false},"featured_media":4784,"template":"","meta":{"site-sidebar-layout":"default","site-content-layout":"","ast-site-content-layout":"default","site-content-style":"default","site-sidebar-style":"default","ast-global-header-display":"","ast-banner-title-visibility":"","ast-main-header-display":"","ast-hfb-above-header-display":"","ast-hfb-below-header-display":"","ast-hfb-mobile-header-display":"","site-post-title":"","ast-breadcrumbs-content":"","ast-featured-img":"","footer-sml-layout":"","theme-transparent-header-meta":"default","adv-header-id-meta":"","stick-header-meta":"","header-above-stick-meta":"","header-main-stick-meta":"","header-below-stick-meta":"","astra-migrate-meta-layouts":"set","ast-page-background-enabled":"default","ast-page-background-meta":{"desktop":{"background-color":"var(--ast-global-color-5)","background-image":"","background-repeat":"repeat","background-position":"center center","background-size":"auto","background-attachment":"scroll","background-type":"","background-media":"","overlay-type":"","overlay-color":"","overlay-opacity":"","overlay-gradient":""},"tablet":{"background-color":"","background-image":"","background-repeat":"repeat","background-position":"center center","background-size":"auto","background-attachment":"scroll","background-type":"","background-media":"","overlay-type":"","overlay-color":"","overlay-opacity":"","overlay-gradient":""},"mobile":{"background-color":"","background-image":"","background-repeat":"repeat","background-position":"center center","background-size":"auto","background-attachment":"scroll","background-type":"","background-media":"","overlay-type":"","overlay-color":"","overlay-opacity":"","overlay-gradient":""}},"ast-content-background-meta":{"desktop":{"background-color":"var(--ast-global-color-4)","background-image":"","background-repeat":"repeat","background-position":"center center","background-size":"auto","background-attachment":"scroll","background-type":"","background-media":"","overlay-type":"","overlay-color":"","overlay-opacity":"","overlay-gradient":""},"tablet":{"background-color":"var(--ast-global-color-4)","background-image":"","background-repeat":"repeat","background-position":"center center","background-size":"auto","background-attachment":"scroll","background-type":"","background-media":"","overlay-type":"","overlay-color":"","overlay-opacity":"","overlay-gradient":""},"mobile":{"background-color":"var(--ast-global-color-4)","background-image":"","background-repeat":"repeat","background-position":"center center","background-size":"auto","background-attachment":"scroll","background-type":"","background-media":"","overlay-type":"","overlay-color":"","overlay-opacity":"","overlay-gradient":""}}},"product_brand":[],"product_cat":[54],"product_tag":[],"class_list":{"0":"post-531","1":"product","2":"type-product","3":"status-publish","4":"has-post-thumbnail","6":"product_cat-reed-diffuser-bottles","7":"desktop-align-left","8":"tablet-align-left","9":"mobile-align-left","11":"first","12":"instock","13":"shipping-taxable","14":"product-type-simple"},"jetpack_sharing_enabled":true,"_links":{"self":[{"href":"https:\/\/mostebglass.com\/hu\/wp-json\/wp\/v2\/product\/531","targetHints":{"allow":["GET"]}}],"collection":[{"href":"https:\/\/mostebglass.com\/hu\/wp-json\/wp\/v2\/product"}],"about":[{"href":"https:\/\/mostebglass.com\/hu\/wp-json\/wp\/v2\/types\/product"}],"wp:featuredmedia":[{"embeddable":true,"href":"https:\/\/mostebglass.com\/hu\/wp-json\/wp\/v2\/media\/4784"}],"wp:attachment":[{"href":"https:\/\/mostebglass.com\/hu\/wp-json\/wp\/v2\/media?parent=531"}],"wp:term":[{"taxonomy":"product_brand","embeddable":true,"href":"https:\/\/mostebglass.com\/hu\/wp-json\/wp\/v2\/product_brand?post=531"},{"taxonomy":"product_cat","embeddable":true,"href":"https:\/\/mostebglass.com\/hu\/wp-json\/wp\/v2\/product_cat?post=531"},{"taxonomy":"product_tag","embeddable":true,"href":"https:\/\/mostebglass.com\/hu\/wp-json\/wp\/v2\/product_tag?post=531"}],"curies":[{"name":"wp","href":"https:\/\/api.w.org\/{rel}","templated":true}]}}