{"id":535,"date":"2025-08-18T18:02:55","date_gmt":"2025-08-18T10:02:55","guid":{"rendered":"https:\/\/mostebglass.com\/?post_type=product&#038;p=535"},"modified":"2026-04-24T10:54:19","modified_gmt":"2026-04-24T02:54:19","slug":"diffuser-bottles-empty-christmas-tree-shape-wholesale","status":"publish","type":"product","link":"https:\/\/mostebglass.com\/hu\/diffuser-bottles-empty-christmas-tree-shape-wholesale\/","title":{"rendered":"100ml 200ml diff\u00fazor palackok \u00fcres kar\u00e1csonyfa alak\u00fa nagykereskedelem"},"content":{"rendered":"<h2>Term\u00e9kbemutat\u00f3<\/h2>\n<p>Nem csak nagykereskedelmi \u00e1ron v\u00e1s\u00e1rolsz n\u00e1dp\u00e1lc\u00e1s illatos\u00edt\u00f3 palackokat; \u00fcnnepi hangulatot teremtesz. Amikor a v\u00e1s\u00e1rl\u00f3d megl\u00e1tja a polcon az azonnal felismerhet\u0151 kar\u00e1csonyfa alak\u00fa illatos\u00edt\u00f3t \u2013 kis tap\u00e9t\u00e1val, l\u00e1gy vonalakkal, amelyek a fa \u00e1gait ut\u00e1nozz\u00e1k \u2013, t\u00f6bbet fog tapasztalni, mint puszt\u00e1n illatot; meg\u00e9rzik az id\u0151j\u00e1r\u00e1s \u00e9rz\u00e9s\u00e9t is.<\/p>\n<h2>Term\u00e9kjellemz\u0151k<\/h2>\n<ul>\n<li><strong>\u00c1tl\u00e1tsz\u00f3:<\/strong> \u00c1tl\u00e1tsz\u00f3 \u00fcvegb\u0151l k\u00e9sz\u00fclt, \u00edgy tiszt\u00e1n l\u00e1thatja a benne l\u00e9v\u0151 aromafolyad\u00e9kot, ami tiszta, friss vizu\u00e1lis \u00e9lm\u00e9nyt ny\u00fajt.<\/li>\n<li><strong>Kompakt \u00e9s jogosult:<\/strong> Kompakt kialak\u00edt\u00e1s\u00e1nak k\u00f6sz\u00f6nhet\u0151en nem foglal sok helyet, \u00edgy kifinomult asztali dekor\u00e1ci\u00f3nak is kiv\u00e1l\u00f3.<\/li>\n<li><strong>\u00c9vr\u0151l \u00e9vre kar\u00e1csonyfa alakja:<\/strong> Szembet\u0171n\u0151 szezon\u00e1lis darab, \u00e9s ill\u00f3olajok haszn\u00e1lata ut\u00e1n dekor\u00e1ci\u00f3k\u00e9nt is \u00fajra felhaszn\u00e1lhat\u00f3. A v\u00e1s\u00e1rl\u00f3k \u00e1radoznak r\u00f3la.<\/li>\n<\/ul>\n<h2>Hogyan teljes\u00edtette be az \u00fcnnepi szezont egy m\u00e1rka<\/h2>\n<p>Az egyik kanadai szezon\u00e1lis aj\u00e1nd\u00e9km\u00e1rka kar\u00e1csonyi t\u00e9m\u00e1j\u00fa n\u00e1dp\u00e1lc\u00e1s illatos\u00edt\u00f3kat dobott piacra, fa alak\u00fa \u00fcvegpalackjainkat haszn\u00e1lva, hogy egyedi \u00e9s \u00fcnnepi m\u00e1rkaim\u00e1zst alkosson. Az \u00fcgyf\u00e9l 100 ml-es \u0171rtartalmat v\u00e1lasztott, \u00e9s k\u00e9rte, hogy az anyag nagy tisztas\u00e1g\u00fa \u00fcveg legyen, vastag\u00edtott sz\u00e9lekkel, hogy jobban kiemelje a f\u00e1k sziluettj\u00e9t. Az \u00fcvegekhez magasf\u00e9ny\u0171 fekete csavaros kupakok tartoztak, amelyek bels\u0151 sz\u0171k\u00edt\u0151dug\u00f3val voltak felszerelve; ezeket a dug\u00f3kat \u00fagy helyezt\u00e9k el, hogy a n\u00e1dp\u00e1lc\u00e1k a hely\u00fck\u00f6n maradjanak, ugyanakkor hat\u00e9konyan szab\u00e1lyozz\u00e1k az illatolaj p\u00e1rolg\u00e1si sebess\u00e9g\u00e9t. A pr\u00e9mium \u00e9s dekorat\u00edvabb \u00fcnnepi megjelen\u00e9s el\u00e9r\u00e9se \u00e9rdek\u00e9ben az \u00fcgyf\u00e9l nem szerette volna, ha az \u00fcvegek fel\u00fclet\u00e9re k\u00f6zvetlen\u00fcl nyomtatnak, ez\u00e9rt egyedi, kiv\u00e1gott, aranyf\u00f3li\u00e1val nyomtatott c\u00edmk\u00e9ket rendelt az \u00fcvegek nyak\u00e1ra.<\/p>\n<p>Az \u00faj szezon\u00e1lis term\u00e9kek bevezet\u00e9s\u00e9vel az \u00fcnnepi szezonban az elad\u00e1sok 46 sz\u00e1zal\u00e9kkal ugrottak meg az el\u0151z\u0151 \u00e9vhez k\u00e9pest, amikor a m\u00e1rka m\u00e9g a r\u00e9gi csomagol\u00e1sdiz\u00e1jnt haszn\u00e1lta. Az \u00fcgyf\u00e9l a k\u00f6vetkez\u0151 hat h\u00f3napban t\u00f6bb egym\u00e1st k\u00f6vet\u0151 rendel\u00e9st is leadott.<\/p>\n<h2>Szeretn\u00e9d testre szabni? Tedd a saj\u00e1todd\u00e1<\/h2>\n<p>Ez az \u00fcnnepi \u00fcveg egy v\u00e1szon. A sima fel\u00fcletek \u00e9s a letisztult vonalak szinte b\u00e1rmilyen fel\u00fclettel illenek. Pr\u00f3b\u00e1ld ki ezeket:<\/p>\n<ul>\n<li><strong>Meleg sajtol\u00e1s:<\/strong> Ragyogtasd az elej\u00e9t arany vagy ez\u00fcst h\u00f3pelyhekkel, csillagokkal vagy a log\u00f3ddal.<\/li>\n<li><strong>Szitanyom\u00e1s:<\/strong> Adj hozz\u00e1 finom mint\u00e1kat \u2013 p\u00e9ld\u00e1ul havas t\u00e1jakat vagy feny\u0151\u00e1gakat \u2013, amelyek k\u00f6rbetekerik a f\u00e1t.<\/li>\n<li><strong>C\u00edmk\u00e9k \u00e9s matric\u00e1k:<\/strong> Haszn\u00e1lj form\u00e1zott c\u00edmk\u00e9ket (csillag, d\u00edsz) j\u00e1t\u00e9kos hat\u00e1s\u00e9rt.<\/li>\n<li><strong>Stopper fejleszt\u00e9sek:<\/strong> Piros, z\u00f6ld, arany vagy fa \u2013 illeszkedjen m\u00e1rk\u00e1ja \u00fcnnepi hangulat\u00e1hoz.<\/li>\n<\/ul>","protected":false},"excerpt":{"rendered":"<p>Pr\u00e9mium min\u0151s\u00e9g\u0171, \u00fcres illatos\u00edt\u00f3 palackok \u00e9s n\u00e1dsz\u00e1las illatos\u00edt\u00f3 palackok nagykereskedelemben. Nagykereskedelmi \u00fcvegmegold\u00e1sok aroma-, spa- \u00e9s otthoni illatos\u00edt\u00f3 m\u00e1rk\u00e1khoz.<\/p>","protected":false},"featured_media":5307,"template":"","meta":{"site-sidebar-layout":"default","site-content-layout":"","ast-site-content-layout":"default","site-content-style":"default","site-sidebar-style":"default","ast-global-header-display":"","ast-banner-title-visibility":"","ast-main-header-display":"","ast-hfb-above-header-display":"","ast-hfb-below-header-display":"","ast-hfb-mobile-header-display":"","site-post-title":"","ast-breadcrumbs-content":"","ast-featured-img":"","footer-sml-layout":"","theme-transparent-header-meta":"default","adv-header-id-meta":"","stick-header-meta":"","header-above-stick-meta":"","header-main-stick-meta":"","header-below-stick-meta":"","astra-migrate-meta-layouts":"set","ast-page-background-enabled":"default","ast-page-background-meta":{"desktop":{"background-color":"var(--ast-global-color-5)","background-image":"","background-repeat":"repeat","background-position":"center center","background-size":"auto","background-attachment":"scroll","background-type":"","background-media":"","overlay-type":"","overlay-color":"","overlay-opacity":"","overlay-gradient":""},"tablet":{"background-color":"","background-image":"","background-repeat":"repeat","background-position":"center center","background-size":"auto","background-attachment":"scroll","background-type":"","background-media":"","overlay-type":"","overlay-color":"","overlay-opacity":"","overlay-gradient":""},"mobile":{"background-color":"","background-image":"","background-repeat":"repeat","background-position":"center center","background-size":"auto","background-attachment":"scroll","background-type":"","background-media":"","overlay-type":"","overlay-color":"","overlay-opacity":"","overlay-gradient":""}},"ast-content-background-meta":{"desktop":{"background-color":"var(--ast-global-color-4)","background-image":"","background-repeat":"repeat","background-position":"center center","background-size":"auto","background-attachment":"scroll","background-type":"","background-media":"","overlay-type":"","overlay-color":"","overlay-opacity":"","overlay-gradient":""},"tablet":{"background-color":"var(--ast-global-color-4)","background-image":"","background-repeat":"repeat","background-position":"center center","background-size":"auto","background-attachment":"scroll","background-type":"","background-media":"","overlay-type":"","overlay-color":"","overlay-opacity":"","overlay-gradient":""},"mobile":{"background-color":"var(--ast-global-color-4)","background-image":"","background-repeat":"repeat","background-position":"center center","background-size":"auto","background-attachment":"scroll","background-type":"","background-media":"","overlay-type":"","overlay-color":"","overlay-opacity":"","overlay-gradient":""}}},"product_brand":[],"product_cat":[54,21],"product_tag":[],"class_list":{"0":"post-535","1":"product","2":"type-product","3":"status-publish","4":"has-post-thumbnail","6":"product_cat-reed-diffuser-bottles","7":"product_cat-product","8":"desktop-align-left","9":"tablet-align-left","10":"mobile-align-left","12":"first","13":"instock","14":"shipping-taxable","15":"product-type-simple"},"jetpack_sharing_enabled":true,"_links":{"self":[{"href":"https:\/\/mostebglass.com\/hu\/wp-json\/wp\/v2\/product\/535","targetHints":{"allow":["GET"]}}],"collection":[{"href":"https:\/\/mostebglass.com\/hu\/wp-json\/wp\/v2\/product"}],"about":[{"href":"https:\/\/mostebglass.com\/hu\/wp-json\/wp\/v2\/types\/product"}],"wp:featuredmedia":[{"embeddable":true,"href":"https:\/\/mostebglass.com\/hu\/wp-json\/wp\/v2\/media\/5307"}],"wp:attachment":[{"href":"https:\/\/mostebglass.com\/hu\/wp-json\/wp\/v2\/media?parent=535"}],"wp:term":[{"taxonomy":"product_brand","embeddable":true,"href":"https:\/\/mostebglass.com\/hu\/wp-json\/wp\/v2\/product_brand?post=535"},{"taxonomy":"product_cat","embeddable":true,"href":"https:\/\/mostebglass.com\/hu\/wp-json\/wp\/v2\/product_cat?post=535"},{"taxonomy":"product_tag","embeddable":true,"href":"https:\/\/mostebglass.com\/hu\/wp-json\/wp\/v2\/product_tag?post=535"}],"curies":[{"name":"wp","href":"https:\/\/api.w.org\/{rel}","templated":true}]}}