{"id":539,"date":"2025-08-18T18:02:43","date_gmt":"2025-08-18T10:02:43","guid":{"rendered":"https:\/\/mostebglass.com\/?post_type=product&#038;p=539"},"modified":"2026-03-13T14:04:46","modified_gmt":"2026-03-13T06:04:46","slug":"clear-glass-diffuser-bottle-with-ribbed-texture-wholesale","status":"publish","type":"product","link":"https:\/\/mostebglass.com\/hu\/clear-glass-diffuser-bottle-with-ribbed-texture-wholesale\/","title":{"rendered":"120 ml-es \u00e1tl\u00e1tsz\u00f3 \u00fcveg diff\u00fazor palack bord\u00e1zott text\u00far\u00e1val, nagykereskedelem"},"content":{"rendered":"<p>Ak\u00e1r \u00faj term\u00e9kcsal\u00e1dot vezet be, ak\u00e1r a diff\u00fazor flakonjainak csomagol\u00e1s\u00e1t friss\u00edti, ez a diff\u00fazor puha, lapos, kerek form\u00e1j\u00fa, amely fel\u00fclr\u0151l lefel\u00e9 fut, k\u00fcl\u00f6n\u00e1ll\u00f3 f\u00fcgg\u0151leges bar\u00e1zd\u00e1kkal. A textur\u00e1lt fel\u00fclet \u00fagy tartja a f\u00e9nyt, mint a reggeli d\u00e9r az ablakon, ami kiemeli.<\/p>\n<h2>Term\u00e9kjellemz\u0151k<\/h2>\n<ul>\n<li><span aria-haspopup=\"dialog\" aria-expanded=\"false\" aria-controls=\"radix-_r_3k_\" data-state=\"closed\" data-slot=\"popover-trigger\"><strong>\u00dcveg sz\u00edn\u00e9nek testreszab\u00e1sa:<\/strong> A palackok teste k\u00fcl\u00f6nb\u00f6z\u0151 sz\u00ednekben k\u00e9sz\u00fclhet, bele\u00e9rtve a borosty\u00e1nt, f\u00fcstsz\u00fcrk\u00e9t, \u00e1tl\u00e1tsz\u00f3t, ol\u00edvaz\u00f6ldet vagy matt feket\u00e9t.<\/span> <span aria-haspopup=\"dialog\" aria-expanded=\"false\" aria-controls=\"radix-_r_3l_\" data-state=\"closed\" data-slot=\"popover-trigger\">Lehet\u0151s\u00e9g van egyedi sz\u00ednek k\u00e9sz\u00edt\u00e9s\u00e9re is, amelyek illeszkednek a m\u00e1rkaim\u00e1zshoz vagy az \u00e9vszakhoz ill\u0151 illatkollekci\u00f3khoz.<\/span><\/li>\n<li><span aria-haspopup=\"dialog\" aria-expanded=\"false\" aria-controls=\"radix-_r_3m_\" data-state=\"closed\" data-slot=\"popover-trigger\"><strong>Fed\u00e9l fel\u00fclete:<\/strong> A nyakgy\u0171r\u0171 vagy kupak arany, roz\u00e9arany, matt fekete, sz\u00e1lcsiszolt ez\u00fcst vagy fahat\u00e1s\u00fa alum\u00ednium sz\u00ednben rendelhet\u0151, hogy jobban illeszkedjen az illat t\u00e9m\u00e1j\u00e1hoz.<\/span><\/li>\n<li><span aria-haspopup=\"dialog\" aria-expanded=\"false\" aria-controls=\"radix-_r_3n_\" data-state=\"closed\" data-slot=\"popover-trigger\"><strong>Nyomtat\u00e1s:<\/strong> A m\u00e1rka log\u00f3ja vagy az illat neve szitanyom\u00e1ssal, meleg sajtol\u00e1ssal, UV nyomtat\u00e1ssal vagy dombornyomott \u00fcvegforma-diz\u00e1jnnal is be\u00e9p\u00edthet\u0151, hogy a m\u00e1rka m\u00e9g egyedibb megjelen\u00e9st kapjon.<\/span><\/li>\n<\/ul>\n<h2>Hogyan fejlesztette tov\u00e1bb egy m\u00e1rka az illatcsal\u00e1dj\u00e1t<\/h2>\n<p>Egy k\u00f6z\u00e9pkateg\u00f3ri\u00e1s, n\u00e1dp\u00e1lc\u00e1s illatos\u00edt\u00f3kat gy\u00e1rt\u00f3 c\u00e9g polcokat vesz\u00edtett a kifinomultabb versenyt\u00e1rsaival szemben. R\u00e9gi illatos\u00edt\u00f3juk laposnak t\u0171nt \u2013 mint az \u00fajrahasznos\u00edtott gy\u00fcm\u00f6lcsl\u00e9palackok, amelyekbe n\u00e1dp\u00e1lc\u00e1k voltak beragadva. \u00c1t\u00e1lltak bord\u00e1zott \u00fcveg illatos\u00edt\u00f3palackokra. Puha fekete szitanyom\u00e1sos log\u00f3t \u00e9s matt fekete dug\u00f3t adtak hozz\u00e1. Az \u00fcveget \u00fcresen hagyt\u00e1k, hogy bemutass\u00e1k az arany \u00fcvegben kaphat\u00f3 n\u00e1dp\u00e1lc\u00e1s illatos\u00edt\u00f3 olajukat. Az eredm\u00e9ny? A keresked\u0151k azt mondt\u00e1k, hogy az \u00fcveg \u201edr\u00e1g\u00e1nak t\u0171nik\u201d. A v\u00e1s\u00e1rl\u00f3k meg\u00e1lltak, hogy meg\u00e9rints\u00e9k. Ez a r\u00f6vid kapcsol\u00f3d\u00e1si pillanat k\u00f6zel 30%-kal n\u00f6velte a konverzi\u00f3s ar\u00e1nyokat.<\/p>\n<h2>Testreszabni szeretn\u00e9d? Itt van, hol kezdheted<\/h2>\n<ol>\n<li><strong>Szitanyom\u00e1s:<\/strong> Letisztult, tart\u00f3s m\u00e1rkajelz\u00e9s. Haszn\u00e1ld minimalista sz\u00f6vegekhez vagy bonyolult mint\u00e1khoz.<\/li>\n<li><strong>Matt vagy bevonatos fel\u00fcletek:<\/strong> Matt spray \u00e1tl\u00e1tsz\u00f3 \u00fcvegen? F\u00fcst\u00f6s elegancia. Vagy fesse le az eg\u00e9sz \u00fcveget kedvenc sz\u00edn\u00e9re, p\u00e9ld\u00e1ul sz\u00fcrke, arany vagy \u00e1tl\u00e1tsz\u00f3 sz\u00ednre, hogy passzoljon az illatkollekci\u00f3j\u00e1hoz.<\/li>\n<li><span aria-haspopup=\"dialog\" aria-expanded=\"false\" aria-controls=\"radix-_r_3o_\" data-state=\"closed\" data-slot=\"popover-trigger\"><strong>N\u00e1dp\u00e1lca t\u00edpus\u00e1nak kiv\u00e1laszt\u00e1sa:<\/strong> Itt k\u00edn\u00e1lj\u00e1k a k\u00fcl\u00f6nf\u00e9le illatos\u00edt\u00f3 n\u00e1dsz\u00e1lakat, azaz a term\u00e9szetes rattan n\u00e1dsz\u00e1lakat, a fekete rost n\u00e1dsz\u00e1lakat, a spir\u00e1lis f\u00e9m n\u00e1dsz\u00e1lakat vagy a vir\u00e1g alak\u00fa n\u00e1dsz\u00e1lakat, hogy illeszkedjenek a k\u00fcl\u00f6nf\u00e9le illattervekhez.<\/span><\/li>\n<\/ol>","protected":false},"excerpt":{"rendered":"<p>Pr\u00e9mium min\u0151s\u00e9g\u0171 diff\u00fazor palackok \u00e9s n\u00e1dsz\u00e1lak, testreszabhat\u00f3 n\u00e1dsz\u00e1las diff\u00fazor csomagol\u00e1s palackokban aroma-, spa- \u00e9s n\u00e1dsz\u00e1las diff\u00fazor palack nagykeresked\u0151k sz\u00e1m\u00e1ra. Ingyenes mint\u00e1k.<\/p>","protected":false},"featured_media":4749,"template":"","meta":{"site-sidebar-layout":"default","site-content-layout":"","ast-site-content-layout":"default","site-content-style":"default","site-sidebar-style":"default","ast-global-header-display":"","ast-banner-title-visibility":"","ast-main-header-display":"","ast-hfb-above-header-display":"","ast-hfb-below-header-display":"","ast-hfb-mobile-header-display":"","site-post-title":"","ast-breadcrumbs-content":"","ast-featured-img":"","footer-sml-layout":"","theme-transparent-header-meta":"default","adv-header-id-meta":"","stick-header-meta":"","header-above-stick-meta":"","header-main-stick-meta":"","header-below-stick-meta":"","astra-migrate-meta-layouts":"set","ast-page-background-enabled":"default","ast-page-background-meta":{"desktop":{"background-color":"var(--ast-global-color-5)","background-image":"","background-repeat":"repeat","background-position":"center center","background-size":"auto","background-attachment":"scroll","background-type":"","background-media":"","overlay-type":"","overlay-color":"","overlay-opacity":"","overlay-gradient":""},"tablet":{"background-color":"","background-image":"","background-repeat":"repeat","background-position":"center center","background-size":"auto","background-attachment":"scroll","background-type":"","background-media":"","overlay-type":"","overlay-color":"","overlay-opacity":"","overlay-gradient":""},"mobile":{"background-color":"","background-image":"","background-repeat":"repeat","background-position":"center center","background-size":"auto","background-attachment":"scroll","background-type":"","background-media":"","overlay-type":"","overlay-color":"","overlay-opacity":"","overlay-gradient":""}},"ast-content-background-meta":{"desktop":{"background-color":"var(--ast-global-color-4)","background-image":"","background-repeat":"repeat","background-position":"center center","background-size":"auto","background-attachment":"scroll","background-type":"","background-media":"","overlay-type":"","overlay-color":"","overlay-opacity":"","overlay-gradient":""},"tablet":{"background-color":"var(--ast-global-color-4)","background-image":"","background-repeat":"repeat","background-position":"center center","background-size":"auto","background-attachment":"scroll","background-type":"","background-media":"","overlay-type":"","overlay-color":"","overlay-opacity":"","overlay-gradient":""},"mobile":{"background-color":"var(--ast-global-color-4)","background-image":"","background-repeat":"repeat","background-position":"center center","background-size":"auto","background-attachment":"scroll","background-type":"","background-media":"","overlay-type":"","overlay-color":"","overlay-opacity":"","overlay-gradient":""}}},"product_brand":[],"product_cat":[54],"product_tag":[],"class_list":{"0":"post-539","1":"product","2":"type-product","3":"status-publish","4":"has-post-thumbnail","6":"product_cat-reed-diffuser-bottles","7":"desktop-align-left","8":"tablet-align-left","9":"mobile-align-left","11":"first","12":"instock","13":"shipping-taxable","14":"product-type-simple"},"jetpack_sharing_enabled":true,"_links":{"self":[{"href":"https:\/\/mostebglass.com\/hu\/wp-json\/wp\/v2\/product\/539","targetHints":{"allow":["GET"]}}],"collection":[{"href":"https:\/\/mostebglass.com\/hu\/wp-json\/wp\/v2\/product"}],"about":[{"href":"https:\/\/mostebglass.com\/hu\/wp-json\/wp\/v2\/types\/product"}],"wp:featuredmedia":[{"embeddable":true,"href":"https:\/\/mostebglass.com\/hu\/wp-json\/wp\/v2\/media\/4749"}],"wp:attachment":[{"href":"https:\/\/mostebglass.com\/hu\/wp-json\/wp\/v2\/media?parent=539"}],"wp:term":[{"taxonomy":"product_brand","embeddable":true,"href":"https:\/\/mostebglass.com\/hu\/wp-json\/wp\/v2\/product_brand?post=539"},{"taxonomy":"product_cat","embeddable":true,"href":"https:\/\/mostebglass.com\/hu\/wp-json\/wp\/v2\/product_cat?post=539"},{"taxonomy":"product_tag","embeddable":true,"href":"https:\/\/mostebglass.com\/hu\/wp-json\/wp\/v2\/product_tag?post=539"}],"curies":[{"name":"wp","href":"https:\/\/api.w.org\/{rel}","templated":true}]}}