{"id":543,"date":"2025-08-18T17:55:37","date_gmt":"2025-08-18T09:55:37","guid":{"rendered":"https:\/\/mostebglass.com\/?post_type=product&#038;p=543"},"modified":"2025-08-19T09:12:37","modified_gmt":"2025-08-19T01:12:37","slug":"tiszta-kis-gyertyatarto-edenyek-tartalyok-godros-textura-nagykereskedelmi","status":"publish","type":"product","link":"https:\/\/mostebglass.com\/hu\/clear-small-candle-jars-containers-with-dimpled-texture-wholesale\/","title":{"rendered":"\u00c1tl\u00e1tsz\u00f3 kis gyertya\u00fcvegek \u2013 80 ml-es kiszerel\u00e9sek g\u00f6dr\u00f6s text\u00far\u00e1val, nagykereskedelem"},"content":{"rendered":"<p>Modern \u00e9s id\u0151tlen hat\u00e1s\u00fa \u00fcveges gyertyacsomagol\u00e1st keres? Kis gyertyatart\u00f3ink g\u00f6dr\u00f6s text\u00far\u00e1val \u00e9s stabil talppal rendelkeznek \u2013 t\u00f6k\u00e9letesek nagykereskedelmi gyertyam\u00e1rk\u00e1knak vagy kiv\u00e1l\u00f3 min\u0151s\u00e9g\u0171 gyertyatart\u00f3 kollekci\u00f3knak.<\/p>\n<h2>Term\u00e9kjellemz\u0151k<\/h2>\n<p><strong>G\u00f6mb\u00f6lt text\u00fara a vonz\u00f3 tapint\u00e1s\u00e9rt<\/strong><\/p>\n<p>A gyertyatart\u00f3n l\u00e9v\u0151 k\u00f6r alak\u00fa mint\u00e1k egyedi 3D-s hat\u00e1st keltenek, \u00edgy az \u00fcveges gyertya olyan, mintha egy mozg\u00e1skorl\u00e1tozott lenn\u00e9l.<\/p>\n<p><strong>Stabil alap a gyerty\u00e1k nagykereskedelmi biztons\u00e1g\u00e1\u00e9rt<\/strong><\/p>\n<p>A 120 grammos, vastag, lapos alj biztos\u00edtja, hogy ezek a kis gyertya\u00fcvegek ne boruljanak fel a nagy t\u00e9telben t\u00f6rt\u00e9n\u0151 gyertyasz\u00e1ll\u00edt\u00e1s vagy a kiskereskedelmi egym\u00e1sra rak\u00e1s sor\u00e1n.<\/p>\n<h2>F\u0151bb specifik\u00e1ci\u00f3k<\/h2>\n<table style=\"border-collapse: collapse; width: 80%; margin-left: auto; margin-right: auto;\" border=\"0\" width=\"144\" cellspacing=\"0\" cellpadding=\"0\">\n<tbody>\n<tr style=\"height: 13.50pt;\">\n<td style=\"height: 13.50pt; width: 54.00pt;\" width=\"72\" height=\"18\">Jellemz\u0151<\/td>\n<td style=\"width: 54.00pt;\" width=\"72\">R\u00e9szletek<\/td>\n<\/tr>\n<tr style=\"height: 13.50pt;\">\n<td style=\"height: 13.50pt;\" height=\"18\">Kapacit\u00e1s<\/td>\n<td>80 ml<\/td>\n<\/tr>\n<tr style=\"height: 13.50pt;\">\n<td style=\"height: 13.50pt;\" height=\"18\">S\u00faly<\/td>\n<td>120 g<\/td>\n<\/tr>\n<tr style=\"height: 13.50pt;\">\n<td style=\"height: 13.50pt;\" height=\"18\">Mint\u00e1k<\/td>\n<td>G\u00f6dr\u00f6s text\u00fara<\/td>\n<\/tr>\n<tr style=\"height: 13.50pt;\">\n<td style=\"height: 13.50pt;\" height=\"18\">M\u00e9retek<\/td>\n<td>55 * 45 * 64 mm<\/td>\n<\/tr>\n<\/tbody>\n<\/table>\n<h2>Testreszab\u00e1si tippek<\/h2>\n<ol>\n<li><strong>Text\u00fara lej\u00e1tsz\u00e1sa:<\/strong> Haszn\u00e1lj g\u00f6dr\u00f6csk\u00e9s mint\u00e1t rusztikus \u00fcveges gyertyavonalakhoz, vagy sima text\u00far\u00e1t \u00f6mlesztett \u00fcveges gyerty\u00e1khoz.<\/li>\n<li><strong>Gyakran ism\u00e9telt k\u00e9rd\u00e9sek:<\/strong> Seg\u00edts\u00e9gre van sz\u00fcks\u00e9ge a v\u00e1laszt\u00e1sban? K\u00e9rdezzen minket a gyertyav\u00e1laszt\u00e1si \u00fatmutat\u00f3inkr\u00f3l vagy a nagykereskedelmi gyertyatart\u00f3 csomagjainkr\u00f3l.<\/li>\n<\/ol>","protected":false},"excerpt":{"rendered":"<p>Dobd fel a kis gyertyatart\u00f3id sor\u00e1t textur\u00e1lt ed\u00e9nydiz\u00e1jnnal. Kiv\u00e1l\u00f3 min\u0151s\u00e9g\u0171 gyertyatart\u00f3k versenyk\u00e9pes \u00e1ron nagykereskedelmi \u00e9s t\u00f6meges megrendel\u00e9sekre.<\/p>","protected":false},"featured_media":544,"template":"","meta":{"site-sidebar-layout":"default","site-content-layout":"","ast-site-content-layout":"default","site-content-style":"default","site-sidebar-style":"default","ast-global-header-display":"","ast-banner-title-visibility":"","ast-main-header-display":"","ast-hfb-above-header-display":"","ast-hfb-below-header-display":"","ast-hfb-mobile-header-display":"","site-post-title":"","ast-breadcrumbs-content":"","ast-featured-img":"","footer-sml-layout":"","theme-transparent-header-meta":"default","adv-header-id-meta":"","stick-header-meta":"","header-above-stick-meta":"","header-main-stick-meta":"","header-below-stick-meta":"","astra-migrate-meta-layouts":"set","ast-page-background-enabled":"default","ast-page-background-meta":{"desktop":{"background-color":"var(--ast-global-color-5)","background-image":"","background-repeat":"repeat","background-position":"center center","background-size":"auto","background-attachment":"scroll","background-type":"","background-media":"","overlay-type":"","overlay-color":"","overlay-opacity":"","overlay-gradient":""},"tablet":{"background-color":"","background-image":"","background-repeat":"repeat","background-position":"center center","background-size":"auto","background-attachment":"scroll","background-type":"","background-media":"","overlay-type":"","overlay-color":"","overlay-opacity":"","overlay-gradient":""},"mobile":{"background-color":"","background-image":"","background-repeat":"repeat","background-position":"center center","background-size":"auto","background-attachment":"scroll","background-type":"","background-media":"","overlay-type":"","overlay-color":"","overlay-opacity":"","overlay-gradient":""}},"ast-content-background-meta":{"desktop":{"background-color":"var(--ast-global-color-4)","background-image":"","background-repeat":"repeat","background-position":"center center","background-size":"auto","background-attachment":"scroll","background-type":"","background-media":"","overlay-type":"","overlay-color":"","overlay-opacity":"","overlay-gradient":""},"tablet":{"background-color":"var(--ast-global-color-4)","background-image":"","background-repeat":"repeat","background-position":"center center","background-size":"auto","background-attachment":"scroll","background-type":"","background-media":"","overlay-type":"","overlay-color":"","overlay-opacity":"","overlay-gradient":""},"mobile":{"background-color":"var(--ast-global-color-4)","background-image":"","background-repeat":"repeat","background-position":"center center","background-size":"auto","background-attachment":"scroll","background-type":"","background-media":"","overlay-type":"","overlay-color":"","overlay-opacity":"","overlay-gradient":""}}},"product_brand":[],"product_cat":[28],"product_tag":[],"class_list":{"0":"post-543","1":"product","2":"type-product","3":"status-publish","4":"has-post-thumbnail","6":"product_cat-glass-candle-jars","7":"desktop-align-left","8":"tablet-align-left","9":"mobile-align-left","11":"first","12":"instock","13":"shipping-taxable","14":"product-type-simple"},"jetpack_sharing_enabled":true,"_links":{"self":[{"href":"https:\/\/mostebglass.com\/hu\/wp-json\/wp\/v2\/product\/543","targetHints":{"allow":["GET"]}}],"collection":[{"href":"https:\/\/mostebglass.com\/hu\/wp-json\/wp\/v2\/product"}],"about":[{"href":"https:\/\/mostebglass.com\/hu\/wp-json\/wp\/v2\/types\/product"}],"wp:featuredmedia":[{"embeddable":true,"href":"https:\/\/mostebglass.com\/hu\/wp-json\/wp\/v2\/media\/544"}],"wp:attachment":[{"href":"https:\/\/mostebglass.com\/hu\/wp-json\/wp\/v2\/media?parent=543"}],"wp:term":[{"taxonomy":"product_brand","embeddable":true,"href":"https:\/\/mostebglass.com\/hu\/wp-json\/wp\/v2\/product_brand?post=543"},{"taxonomy":"product_cat","embeddable":true,"href":"https:\/\/mostebglass.com\/hu\/wp-json\/wp\/v2\/product_cat?post=543"},{"taxonomy":"product_tag","embeddable":true,"href":"https:\/\/mostebglass.com\/hu\/wp-json\/wp\/v2\/product_tag?post=543"}],"curies":[{"name":"wp","href":"https:\/\/api.w.org\/{rel}","templated":true}]}}