{"id":558,"date":"2025-08-19T11:29:06","date_gmt":"2025-08-19T03:29:06","guid":{"rendered":"https:\/\/mostebglass.com\/?post_type=product&#038;p=558"},"modified":"2026-02-26T18:08:14","modified_gmt":"2026-02-26T10:08:14","slug":"25ml-48ml-flat-rim-mini-glass-candle-jars-for-wholesale","status":"publish","type":"product","link":"https:\/\/mostebglass.com\/hu\/25ml-48ml-flat-rim-mini-glass-candle-jars-for-wholesale\/","title":{"rendered":"25ml 48ml lapos peremes mini \u00fcveg gyertyatart\u00f3k nagykereskedelemhez"},"content":{"rendered":"<p>A 25 ml-es \u00e9s 48 ml-es mini \u00fcveg gyertyatart\u00f3k letisztult hengeres form\u00e1val, egyenes, sima oldalakkal \u00e9s vastag, s\u00falyozott aljjal rendelkeznek a fokozott stabilit\u00e1s \u00e9rdek\u00e9ben. Nagy tisztas\u00e1g\u00fa \u00e1tl\u00e1tsz\u00f3 \u00fcvegb\u0151l k\u00e9sz\u00fcltek, minimalista \u00e9s modern megjelen\u00e9s\u0171ek, illeszkedve dekorat\u00edv vagy funkcion\u00e1lis felhaszn\u00e1l\u00e1sukhoz.<\/p>\n<p>A 25 ml-es m\u00e9rete 37x45x28 mm, a 48 ml-es\u00e9 pedig 45x39x53 mm. Mindk\u00e9t mini \u00fcveg lapos peremmel \u00e9s sima, menet n\u00e9lk\u00fcli sz\u00e1jjal k\u00e9sz\u00fclt, \u00edgy k\u00fcl\u00f6n\u00f6sen alkalmasak gyertyak\u00e9sz\u00edt\u00e9shez \u00e9s a k\u00f6nny\u0171 fed\u00e9lp\u00e1ros\u00edt\u00e1shoz.<\/p>\n<h2>F\u0151bb specifik\u00e1ci\u00f3k<\/h2>\n<table style=\"border-collapse: collapse; width: 80%; margin-left: auto; margin-right: auto;\" border=\"0\" width=\"80%\" cellspacing=\"0\" cellpadding=\"0\">\n<tbody>\n<tr style=\"height: 13.50pt;\">\n<td style=\"height: 13.50pt;\" height=\"18\">Kapacit\u00e1s<\/td>\n<td>25 ml (37 * 45 * 28 mm) \/ 48 ml (45 * 39 * 53 mm)<\/td>\n<\/tr>\n<tr style=\"height: 13.50pt;\">\n<td style=\"height: 13.50pt;\" height=\"18\">Anyag<\/td>\n<td>\u00d3lommentes sz\u00f3da\u00fcveg<\/td>\n<\/tr>\n<tr style=\"height: 13.50pt;\">\n<td style=\"height: 13.50pt;\" height=\"18\">Testreszab\u00e1si lehet\u0151s\u00e9gek<\/td>\n<td>Sz\u00edn, kapacit\u00e1s, m\u00e9ret, c\u00edmke, log\u00f3, fel\u00fcletkezel\u00e9s, tartoz\u00e9kok.<\/td>\n<\/tr>\n<\/tbody>\n<\/table>\n<h2>Alkalmaz\u00e1s<\/h2>\n<p>A gyertyak\u00e9sz\u00edt\u00e9sen t\u00fal ezek a lapos perem\u0171 \u00fcvegek mini felespoharakk\u00e9nt, k\u00f3stol\u00f3poh\u00e1rk\u00e9nt, mintak\u00e9nt vagy kis desszertes t\u00e1lal\u00f3poh\u00e1rk\u00e9nt is szolg\u00e1lhatnak, \u00edgy sokoldal\u00faan felhaszn\u00e1lhat\u00f3k a vend\u00e9gl\u00e1t\u00e1s, a kiskereskedelem, az aj\u00e1nd\u00e9kk\u00e9szletek \u00e9s a prom\u00f3ci\u00f3s csomagol\u00e1s ter\u00fclet\u00e9n.<\/p>\n<h2>Szab\u00e1si tan\u00e1csad\u00e1s<\/h2>\n<ol>\n<li><strong>Nagykereskedelmi k\u00f6rnyezetbar\u00e1t gyertyatart\u00f3 fed\u00e9lbet\u00e9tek:<\/strong>Biol\u00f3giailag leboml\u00f3 szilikon z\u00e1r\u00f3fed\u00e9l. Nagykereskedelmi \u00e9s nagykereskedelmi v\u00e1s\u00e1rl\u00f3k sz\u00e1m\u00e1ra vonz\u00f3, akik fontosnak tartj\u00e1k a stabilit\u00e1st an\u00e9lk\u00fcl, hogy lemondan\u00e1nak a kiv\u00e1l\u00f3 min\u0151s\u00e9gr\u0151l \u00e9s a tart\u00f3ss\u00e1gr\u00f3l.<\/li>\n<li><strong>Integr\u00e1lt QR-k\u00f3d a gyakran ism\u00e9telt k\u00e9rd\u00e9sek megv\u00e1laszol\u00e1s\u00e1hoz:<\/strong>Elvesz\u00edtheti az \u00fcveg tetej\u00e9n tal\u00e1lhat\u00f3 QR-k\u00f3dot, amely a v\u00e1llalata v\u00e1llalati kult\u00far\u00e1j\u00e1hoz kapcsol\u00f3dik. Ez lehet\u0151v\u00e9 teszi a v\u00e1s\u00e1rl\u00f3k sz\u00e1m\u00e1ra, hogy megismerj\u00e9k a gyertyagy\u00e1rt\u00e1st \u00e9s a v\u00e1llalat t\u00f6rt\u00e9net\u00e9t, ami n\u00f6veli a v\u00e1s\u00e1rl\u00e1si kedvet.<\/li>\n<\/ol>","protected":false},"excerpt":{"rendered":"<p>25 ml-es \u00e9s 48 ml-es lapos perem\u0171 mini \u00fcveg gyertyatart\u00f3k, bambusz vagy f\u00e9m fed\u00e9llel kompatibilisek. Ide\u00e1lisak mini gyerty\u00e1khoz, aj\u00e1nd\u00e9kk\u00e9szletekhez, kiskereskedelmi \u00e9s nagykereskedelmi gy\u00e1rt\u00e1shoz.<\/p>","protected":false},"featured_media":4498,"template":"","meta":{"site-sidebar-layout":"default","site-content-layout":"","ast-site-content-layout":"default","site-content-style":"default","site-sidebar-style":"default","ast-global-header-display":"","ast-banner-title-visibility":"","ast-main-header-display":"","ast-hfb-above-header-display":"","ast-hfb-below-header-display":"","ast-hfb-mobile-header-display":"","site-post-title":"","ast-breadcrumbs-content":"","ast-featured-img":"","footer-sml-layout":"","theme-transparent-header-meta":"default","adv-header-id-meta":"","stick-header-meta":"","header-above-stick-meta":"","header-main-stick-meta":"","header-below-stick-meta":"","astra-migrate-meta-layouts":"set","ast-page-background-enabled":"default","ast-page-background-meta":{"desktop":{"background-color":"var(--ast-global-color-5)","background-image":"","background-repeat":"repeat","background-position":"center center","background-size":"auto","background-attachment":"scroll","background-type":"","background-media":"","overlay-type":"","overlay-color":"","overlay-opacity":"","overlay-gradient":""},"tablet":{"background-color":"","background-image":"","background-repeat":"repeat","background-position":"center center","background-size":"auto","background-attachment":"scroll","background-type":"","background-media":"","overlay-type":"","overlay-color":"","overlay-opacity":"","overlay-gradient":""},"mobile":{"background-color":"","background-image":"","background-repeat":"repeat","background-position":"center center","background-size":"auto","background-attachment":"scroll","background-type":"","background-media":"","overlay-type":"","overlay-color":"","overlay-opacity":"","overlay-gradient":""}},"ast-content-background-meta":{"desktop":{"background-color":"var(--ast-global-color-4)","background-image":"","background-repeat":"repeat","background-position":"center center","background-size":"auto","background-attachment":"scroll","background-type":"","background-media":"","overlay-type":"","overlay-color":"","overlay-opacity":"","overlay-gradient":""},"tablet":{"background-color":"var(--ast-global-color-4)","background-image":"","background-repeat":"repeat","background-position":"center center","background-size":"auto","background-attachment":"scroll","background-type":"","background-media":"","overlay-type":"","overlay-color":"","overlay-opacity":"","overlay-gradient":""},"mobile":{"background-color":"var(--ast-global-color-4)","background-image":"","background-repeat":"repeat","background-position":"center center","background-size":"auto","background-attachment":"scroll","background-type":"","background-media":"","overlay-type":"","overlay-color":"","overlay-opacity":"","overlay-gradient":""}}},"product_brand":[],"product_cat":[28,21],"product_tag":[],"class_list":{"0":"post-558","1":"product","2":"type-product","3":"status-publish","4":"has-post-thumbnail","6":"product_cat-glass-candle-jars","7":"product_cat-product","8":"desktop-align-left","9":"tablet-align-left","10":"mobile-align-left","12":"first","13":"instock","14":"shipping-taxable","15":"product-type-simple"},"jetpack_sharing_enabled":true,"_links":{"self":[{"href":"https:\/\/mostebglass.com\/hu\/wp-json\/wp\/v2\/product\/558","targetHints":{"allow":["GET"]}}],"collection":[{"href":"https:\/\/mostebglass.com\/hu\/wp-json\/wp\/v2\/product"}],"about":[{"href":"https:\/\/mostebglass.com\/hu\/wp-json\/wp\/v2\/types\/product"}],"wp:featuredmedia":[{"embeddable":true,"href":"https:\/\/mostebglass.com\/hu\/wp-json\/wp\/v2\/media\/4498"}],"wp:attachment":[{"href":"https:\/\/mostebglass.com\/hu\/wp-json\/wp\/v2\/media?parent=558"}],"wp:term":[{"taxonomy":"product_brand","embeddable":true,"href":"https:\/\/mostebglass.com\/hu\/wp-json\/wp\/v2\/product_brand?post=558"},{"taxonomy":"product_cat","embeddable":true,"href":"https:\/\/mostebglass.com\/hu\/wp-json\/wp\/v2\/product_cat?post=558"},{"taxonomy":"product_tag","embeddable":true,"href":"https:\/\/mostebglass.com\/hu\/wp-json\/wp\/v2\/product_tag?post=558"}],"curies":[{"name":"wp","href":"https:\/\/api.w.org\/{rel}","templated":true}]}}