{"id":565,"date":"2025-08-19T13:48:58","date_gmt":"2025-08-19T05:48:58","guid":{"rendered":"https:\/\/mostebglass.com\/?post_type=product&#038;p=565"},"modified":"2026-01-29T13:37:43","modified_gmt":"2026-01-29T05:37:43","slug":"135ml-empty-candle-jars-with-lids-custom-glass-candle-jar-manufacturer","status":"publish","type":"product","link":"https:\/\/mostebglass.com\/hu\/135ml-empty-candle-jars-with-lids-custom-glass-candle-jar-manufacturer\/","title":{"rendered":"135 ml-es \u00fcres gyertyatart\u00f3k fed\u00e9llel | Egyedi \u00fcveg gyertyatart\u00f3 gy\u00e1rt\u00f3"},"content":{"rendered":"<p>Letisztult, modern formavil\u00e1gukkal, 135 ml-es \u00fcres gyertyatart\u00f3ink fed\u00e9llel kiv\u00e1l\u00f3 min\u0151s\u00e9g\u0171 gyertyam\u00e1rka\/lak\u00e1sillatos\u00edt\u00f3 haszn\u00e1lat\u00e1t k\u00edn\u00e1lj\u00e1k. Az \u00fcveg egyenes henger alak\u00fa, sima peremmel \u00e9s t\u00f6m\u00f6r, vastag\u00edtott talppal. Az \u00fcvegtest \u00e1tl\u00e1tsz\u00f3, kiemelve a gyertya sz\u00edn\u00e9t \u00e9s l\u00e1ngj\u00e1t, \u00edgy minimalista \u00e9s dekorat\u00edv kollekci\u00f3kban egyar\u00e1nt elhelyezhet\u0151.<\/p>\n<div style=\"text-align: center;\"><img fetchpriority=\"high\" decoding=\"async\" class=\"\" src=\"https:\/\/mostebglass.com\/wp-content\/uploads\/2025\/08\/colored-empty-candle-jars-with-lids.webp\" alt=\"sz\u00ednes \u00fcres gyertyatart\u00f3k fed\u00e9llel\" width=\"434\" height=\"434\" \/><\/div>\n<h2>Tov\u00e1bbi felhaszn\u00e1l\u00e1si m\u00f3dok<\/h2>\n<p>A gyerty\u00e1kon k\u00edv\u00fcl ez a tart\u00e1ly a k\u00f6vetkez\u0151kre is haszn\u00e1lhat\u00f3:<\/p>\n<ul>\n<li>Egy kis d\u00edszes t\u00e1rol\u00f3ed\u00e9ny<\/li>\n<li>Egy mini vir\u00e1gv\u00e1za<\/li>\n<li>Lakberendez\u00e9si kieg\u00e9sz\u00edt\u0151 tart\u00e1ly<\/li>\n<\/ul>\n<p>Ez a sokoldal\u00fas\u00e1g extra \u00e9rt\u00e9ket k\u00e9pvisel az \u00e9letm\u00f3d- vagy aj\u00e1nd\u00e9kpiacokat megc\u00e9lz\u00f3 m\u00e1rk\u00e1k sz\u00e1m\u00e1ra.<\/p>\n<h2>F\u0151bb specifik\u00e1ci\u00f3k<\/h2>\n<table style=\"border-collapse: collapse; width: 80%; margin-left: auto; margin-right: auto;\" border=\"0\" width=\"80%\" cellspacing=\"0\" cellpadding=\"0\">\n<tbody>\n<tr style=\"height: 13.50pt;\">\n<td style=\"height: 13.50pt; width: 183.00pt;\" width=\"244\" height=\"18\"><strong>Jellemz\u0151<\/strong><\/td>\n<td style=\"width: 414.00pt;\" width=\"552\"><strong>R\u00e9szletek<\/strong><\/td>\n<\/tr>\n<tr style=\"height: 13.50pt;\">\n<td style=\"height: 13.50pt;\" height=\"18\">Kapacit\u00e1s<\/td>\n<td>135 ml<\/td>\n<\/tr>\n<tr style=\"height: 13.50pt;\">\n<td style=\"height: 13.50pt;\" height=\"18\">Sz\u00e1j \u00e1tm\u00e9r\u0151je<\/td>\n<td>60 mm<\/td>\n<\/tr>\n<tr style=\"height: 13.50pt;\">\n<td style=\"height: 13.50pt;\" height=\"18\">Magass\u00e1g<\/td>\n<td>85 mm<\/td>\n<\/tr>\n<tr style=\"height: 13.50pt;\">\n<td style=\"height: 13.50pt;\" height=\"18\">Als\u00f3 \u00e1tm\u00e9r\u0151<\/td>\n<td>46 mm<\/td>\n<\/tr>\n<tr style=\"height: 12.00pt;\">\n<td style=\"height: 12.00pt;\" height=\"16\">sz\u00e1ll\u00edt\u00f3doboz<\/td>\n<td>120 darabos csomag<\/td>\n<\/tr>\n<tr style=\"height: 12.00pt;\">\n<td style=\"height: 12.00pt;\" height=\"16\">Fed\u00e9l kompatibilit\u00e1s<\/td>\n<td>F\u00e9m fedelek (arany, ez\u00fcst, fekete, r\u00e9z stb.)<br \/>\nTerm\u00e9szetes parafa dug\u00f3k<br \/>\nBambusz fed\u0151k<\/td>\n<\/tr>\n<tr style=\"height: 13.50pt;\">\n<td style=\"height: 13.50pt;\" height=\"18\">\u00dcveg testreszab\u00e1si lehet\u0151s\u00e9gek<\/td>\n<td>K\u00fcls\u0151 sz\u00f3r\u00f3bevonat (egyenletes vagy sz\u00edn\u00e1tmenetes sz\u00ednek)<br \/>\nMatt vagy matt fel\u00fcletek<br \/>\nszitanyom\u00e1s<br \/>\nBels\u0151 sz\u00f3r\u00f3bevonat<br \/>\nC\u00edmkealkalmaz\u00e1s<br \/>\nHigany\u00fcveg-effektus<br \/>\nSzezon\u00e1lis \u00e9s \u00fcnnepi t\u00e9m\u00e1j\u00fa diz\u00e1jnok<\/td>\n<\/tr>\n<\/tbody>\n<\/table>\n<div style=\"text-align: center;\"><img decoding=\"async\" class=\"\" src=\"https:\/\/mostebglass.com\/wp-content\/uploads\/2025\/08\/empty-candle-jars-with-lids-for-christmas.webp\" alt=\"\u00fcres gyertyatart\u00f3k fed\u00e9llel kar\u00e1csonyra\" width=\"447\" height=\"447\" \/><\/div>\n<h2>M\u00e1rkaidentit\u00e1s-javaslatok<\/h2>\n<ol>\n<li><strong>Sz\u00ednblokkol\u00e1s:<\/strong> Szezon\u00e1lis kollekci\u00f3khoz haszn\u00e1ld a minim\u00e1lis nagykereskedelmi gyertyak\u00e9szletet, vagy a vil\u00e1gos\u00edtott sz\u00ednhez haszn\u00e1ld az \u00e1tl\u00e1tsz\u00f3, nagym\u00e9ret\u0171 gyertyatart\u00f3t.<\/li>\n<li><strong>Gyakran ism\u00e9telt k\u00e9rd\u00e9sek:<\/strong> Seg\u00edts\u00e9gre van sz\u00fcks\u00e9ge a v\u00e1laszt\u00e1sban? K\u00e9rdezzen gyertya-\u00fatmutat\u00f3inkr\u00f3l vagy nagykereskedelmi gyertya\u00fcveg-csomagjainkr\u00f3l.<\/li>\n<\/ol>\n<p>Teljes k\u00f6r\u0171 OEM \u00e9s ODM szolg\u00e1ltat\u00e1sokat k\u00edn\u00e1lunk, bele\u00e9rtve, de nem kiz\u00e1r\u00f3lagosan, a formatervez\u00e9st \u00e9s -fejleszt\u00e9st, a dekor\u00e1ci\u00f3t \u00e9s a csomagol\u00e1st; \u00fcvegtart\u00e1ly-gy\u00e1rt\u00f3k\u00e9nt nagykeresked\u0151ket, m\u00e1rkatulajdonosokat \u00e9s ak\u00e1r saj\u00e1t m\u00e1rk\u00e1s v\u00e1llalkoz\u00e1sokat is kiszolg\u00e1lunk.<\/p>","protected":false},"excerpt":{"rendered":"<p>135 ml-es \u00fcres gyertya\u00fcvegek f\u00e9m, bambusz vagy parafa tet\u0151vel. Egyedi log\u00f3, \u00fcvegfel\u00fcletek \u00e9s OEM\/ODM megold\u00e1sok gyertyam\u00e1rk\u00e1k \u00e9s nagykeresked\u0151k sz\u00e1m\u00e1ra.<\/p>","protected":false},"featured_media":4237,"template":"","meta":{"site-sidebar-layout":"default","site-content-layout":"","ast-site-content-layout":"default","site-content-style":"default","site-sidebar-style":"default","ast-global-header-display":"","ast-banner-title-visibility":"","ast-main-header-display":"","ast-hfb-above-header-display":"","ast-hfb-below-header-display":"","ast-hfb-mobile-header-display":"","site-post-title":"","ast-breadcrumbs-content":"","ast-featured-img":"","footer-sml-layout":"","theme-transparent-header-meta":"default","adv-header-id-meta":"","stick-header-meta":"","header-above-stick-meta":"","header-main-stick-meta":"","header-below-stick-meta":"","astra-migrate-meta-layouts":"set","ast-page-background-enabled":"default","ast-page-background-meta":{"desktop":{"background-color":"var(--ast-global-color-5)","background-image":"","background-repeat":"repeat","background-position":"center center","background-size":"auto","background-attachment":"scroll","background-type":"","background-media":"","overlay-type":"","overlay-color":"","overlay-opacity":"","overlay-gradient":""},"tablet":{"background-color":"","background-image":"","background-repeat":"repeat","background-position":"center center","background-size":"auto","background-attachment":"scroll","background-type":"","background-media":"","overlay-type":"","overlay-color":"","overlay-opacity":"","overlay-gradient":""},"mobile":{"background-color":"","background-image":"","background-repeat":"repeat","background-position":"center center","background-size":"auto","background-attachment":"scroll","background-type":"","background-media":"","overlay-type":"","overlay-color":"","overlay-opacity":"","overlay-gradient":""}},"ast-content-background-meta":{"desktop":{"background-color":"var(--ast-global-color-4)","background-image":"","background-repeat":"repeat","background-position":"center center","background-size":"auto","background-attachment":"scroll","background-type":"","background-media":"","overlay-type":"","overlay-color":"","overlay-opacity":"","overlay-gradient":""},"tablet":{"background-color":"var(--ast-global-color-4)","background-image":"","background-repeat":"repeat","background-position":"center center","background-size":"auto","background-attachment":"scroll","background-type":"","background-media":"","overlay-type":"","overlay-color":"","overlay-opacity":"","overlay-gradient":""},"mobile":{"background-color":"var(--ast-global-color-4)","background-image":"","background-repeat":"repeat","background-position":"center center","background-size":"auto","background-attachment":"scroll","background-type":"","background-media":"","overlay-type":"","overlay-color":"","overlay-opacity":"","overlay-gradient":""}}},"product_brand":[],"product_cat":[28],"product_tag":[],"class_list":{"0":"post-565","1":"product","2":"type-product","3":"status-publish","4":"has-post-thumbnail","6":"product_cat-glass-candle-jars","7":"desktop-align-left","8":"tablet-align-left","9":"mobile-align-left","11":"first","12":"instock","13":"shipping-taxable","14":"product-type-simple"},"jetpack_sharing_enabled":true,"_links":{"self":[{"href":"https:\/\/mostebglass.com\/hu\/wp-json\/wp\/v2\/product\/565","targetHints":{"allow":["GET"]}}],"collection":[{"href":"https:\/\/mostebglass.com\/hu\/wp-json\/wp\/v2\/product"}],"about":[{"href":"https:\/\/mostebglass.com\/hu\/wp-json\/wp\/v2\/types\/product"}],"wp:featuredmedia":[{"embeddable":true,"href":"https:\/\/mostebglass.com\/hu\/wp-json\/wp\/v2\/media\/4237"}],"wp:attachment":[{"href":"https:\/\/mostebglass.com\/hu\/wp-json\/wp\/v2\/media?parent=565"}],"wp:term":[{"taxonomy":"product_brand","embeddable":true,"href":"https:\/\/mostebglass.com\/hu\/wp-json\/wp\/v2\/product_brand?post=565"},{"taxonomy":"product_cat","embeddable":true,"href":"https:\/\/mostebglass.com\/hu\/wp-json\/wp\/v2\/product_cat?post=565"},{"taxonomy":"product_tag","embeddable":true,"href":"https:\/\/mostebglass.com\/hu\/wp-json\/wp\/v2\/product_tag?post=565"}],"curies":[{"name":"wp","href":"https:\/\/api.w.org\/{rel}","templated":true}]}}